{"id":975,"date":"2022-09-21T07:11:31","date_gmt":"2022-09-21T07:11:31","guid":{"rendered":"https:\/\/smf-inc.com\/montaje-de-piezas\/"},"modified":"2022-09-23T20:04:38","modified_gmt":"2022-09-23T20:04:38","slug":"montaje-de-piezas","status":"publish","type":"page","link":"https:\/\/smf-inc.com\/es\/montaje-de-piezas\/","title":{"rendered":"Montaje de piezas"},"content":{"rendered":"<h3>Completar el proceso de fabricaci\u00f3n con el montaje de las piezas<\/h3>\n<p>Para muchos fabricantes de metal, el dise\u00f1o y la fabricaci\u00f3n de componentes met\u00e1licos individuales es lo m\u00e1s lejos que llevan los productos de los clientes. Sin embargo, para crear una m\u00e1quina, un sistema o un componente se necesita m\u00e1s de una pieza para que funcione correctamente. As\u00ed, el montaje de las piezas se convierte en un aspecto crucial del proceso de <a href=\"https:\/\/smf-inc.com\/metal-fabrication\/\">fabricaci\u00f3n de metales<\/a>. Y como fabricantes de metal de servicio completo, SMF Inc. puede proporcionar a nuestros clientes los servicios necesarios para un montaje de piezas r\u00e1pido y eficiente.<\/p>\n<h3>Diferentes tipos de montaje<\/h3>\n<p>En funci\u00f3n de las necesidades de su empresa, SMF puede suministrar varios tipos de montaje de piezas que se adapten mejor al resultado de su producto. Tanto si fijamos las piezas mediante componentes adicionales como si fusionamos metal con metal, nuestros montajes de piezas incluyen:<\/p>\n<ul>\n<li><strong>Ensamblaje<\/strong> parcial: el ensamblaje parcial puede ser el mejor para productos que s\u00f3lo requieren unos pocos componentes met\u00e1licos. SMF fabricar\u00e1 los componentes que necesite para su producto final. Sin embargo, dejaremos las piezas listas para armar, permitiendo que el montaje final del producto se realice \u00aben casa\u00bb del cliente.<\/li>\n<li><strong>Ensamblaje de remaches<\/strong> &#8211; Los remaches son elementos de fijaci\u00f3n similares a los tornillos que se utilizan para fijar las piezas met\u00e1licas en su posici\u00f3n. Los remaches se utilizan a menudo para ensamblar permanentemente un producto, permitiendo que las piezas encajen en cualquier posici\u00f3n deseada. Los clientes eligen el montaje de remaches por su rapidez y asequibilidad. De lo contrario, si tiene tiempo y presupuesto, existen otros m\u00e9todos de montaje de piezas m\u00e1s eficaces.<\/li>\n<li><strong>Soldadura<\/strong> &#8211; Cualquier componente met\u00e1lico puede fundirse con otro mediante el proceso de soldadura. SMF utiliza la soldadura robotizada para proyectos que requieren plazos r\u00e1pidos y conexiones consistentes. Sin embargo, nuestros expertos fabricantes de metal soldar\u00e1n individualmente las piezas para proyectos de aplicaci\u00f3n de piezas m\u00e1s singulares.<\/li>\n<li><strong>Soldadura<\/strong> &#8211; Aunque es similar a la soldadura, la soldadura es para piezas precisas y conexiones el\u00e9ctricas. Podemos implementar con \u00e9xito componentes electr\u00f3nicos utilizando la soldadura para conectar cables, componentes delicados y metales m\u00e1s blandos.<\/li>\n<li><strong>Ensamblaje mec\u00e1nico<\/strong> &#8211; Si sus piezas necesitan moverse libremente mientras mantienen las conexiones con otras piezas y componentes, SMF implementa el ensamblaje mec\u00e1nico. El ensamblaje mec\u00e1nico utiliza herrajes como tuercas, pernos y tornillos para fijar los componentes entre s\u00ed. Este proceso de ensamblaje es el mejor para combinar piezas con la intenci\u00f3n de que esas piezas puedan necesitar ser reemplazadas o ajustadas en el futuro.<\/li>\n<\/ul>\n<h3>Otras capacidades de fabricaci\u00f3n<\/h3>\n<p>El montaje de las piezas es s\u00f3lo una parte del proceso de <a href=\"https:\/\/smf-inc.com\/custom-metal-fabrication\/\">fabricaci\u00f3n de metales<\/a>. SMF Inc. trabaja con diligencia para proporcionar todos los servicios esenciales para la formaci\u00f3n de <a href=\"https:\/\/smf-inc.com\/steel-fabrication\/\">acero<\/a>, hierro, aluminio, cobre y otros metales en bruto en el producto final deseado por los clientes. As\u00ed, implementamos numerosas capacidades de fabricaci\u00f3n, como:<\/p>\n<ul class=\"col-3\">\n<li><a href=\"https:\/\/smf-inc.com\/capabilities\/welding\/\">Soldadura<\/a><\/li>\n<li><a href=\"https:\/\/smf-inc.com\/capabilities\/machining\/\">Mecanizado<\/a><\/li>\n<li><a href=\"https:\/\/smf-inc.com\/capabilities\/laser-cutting\/\">Corte por l\u00e1ser<\/a><\/li>\n<li><a href=\"https:\/\/smf-inc.com\/capabilities\/forming\/\">Formando<\/a><\/li>\n<li><a href=\"https:\/\/smf-inc.com\/capabilities\/powder-coating\/\">Recubrimiento en polvo<\/a><\/li>\n<li><a href=\"https:\/\/smf-inc.com\/capabilities\/assembly\/\">Montaje<\/a><\/li>\n<li><a href=\"https:\/\/smf-inc.com\/capabilities\/plasma-cutting\/\">Corte por plasma<\/a><\/li>\n<li><a href=\"https:\/\/smf-inc.com\/capabilities\/saw-cutting\/\">Corte de sierra<\/a><\/li>\n<li><a href=\"https:\/\/smf-inc.com\/capabilities\/blasting\/\">Voladura<\/a><\/li>\n<\/ul>\n<h3>Llame hoy mismo<\/h3>\n<p>Con el montaje de piezas r\u00e1pido y fiable de SMF Inc., puede garantizar la finalizaci\u00f3n total del proyecto dentro del plazo y el presupuesto deseados. Para ver c\u00f3mo SMF puede ayudar con sus necesidades de fabricaci\u00f3n de metal, p\u00f3ngase en contacto con nosotros hoy en <a href=\"tel:3094322586\">309-432-2586<\/a>. SMF tiene su sede en Illinois y atiende a clientes de todo Estados Unidos.<\/p>\n","protected":false},"excerpt":{"rendered":"<p>Completar el proceso de fabricaci\u00f3n con el montaje de las piezas Para muchos fabricantes de metal, el dise\u00f1o y la fabricaci\u00f3n de componentes met\u00e1licos individuales es lo m\u00e1s lejos que llevan los productos de los clientes. Sin embargo, para crear una m\u00e1quina, un sistema o un componente se necesita m\u00e1s de una pieza para que &hellip; <a href=\"https:\/\/smf-inc.com\/es\/montaje-de-piezas\/\" class=\"more-link\">Continue reading <span class=\"screen-reader-text\">Montaje de piezas<\/span><\/a><\/p>\n","protected":false},"author":1,"featured_media":973,"parent":0,"menu_order":0,"comment_status":"closed","ping_status":"closed","template":"","meta":{"_acf_changed":false,"inline_featured_image":false,"footnotes":""},"class_list":["post-975","page","type-page","status-publish","has-post-thumbnail","hentry"],"acf":[],"_links":{"self":[{"href":"https:\/\/smf-inc.com\/es\/wp-json\/wp\/v2\/pages\/975","targetHints":{"allow":["GET"]}}],"collection":[{"href":"https:\/\/smf-inc.com\/es\/wp-json\/wp\/v2\/pages"}],"about":[{"href":"https:\/\/smf-inc.com\/es\/wp-json\/wp\/v2\/types\/page"}],"author":[{"embeddable":true,"href":"https:\/\/smf-inc.com\/es\/wp-json\/wp\/v2\/users\/1"}],"replies":[{"embeddable":true,"href":"https:\/\/smf-inc.com\/es\/wp-json\/wp\/v2\/comments?post=975"}],"version-history":[{"count":2,"href":"https:\/\/smf-inc.com\/es\/wp-json\/wp\/v2\/pages\/975\/revisions"}],"predecessor-version":[{"id":1000,"href":"https:\/\/smf-inc.com\/es\/wp-json\/wp\/v2\/pages\/975\/revisions\/1000"}],"wp:featuredmedia":[{"embeddable":true,"href":"https:\/\/smf-inc.com\/es\/wp-json\/wp\/v2\/media\/973"}],"wp:attachment":[{"href":"https:\/\/smf-inc.com\/es\/wp-json\/wp\/v2\/media?parent=975"}],"curies":[{"name":"wp","href":"https:\/\/api.w.org\/{rel}","templated":true}]}}