{"id":968,"date":"2022-09-21T07:08:34","date_gmt":"2022-09-21T07:08:34","guid":{"rendered":"https:\/\/smf-inc.com\/fabricacion-de-acero\/"},"modified":"2022-09-23T19:58:31","modified_gmt":"2022-09-23T19:58:31","slug":"fabricacion-de-acero","status":"publish","type":"page","link":"https:\/\/smf-inc.com\/es\/fabricacion-de-acero\/","title":{"rendered":"Fabricaci\u00f3n de acero"},"content":{"rendered":"<h3>El dise\u00f1o y la producci\u00f3n de productos son posibles gracias a la fabricaci\u00f3n de acero<\/h3>\n<p>Dar vida a sus dise\u00f1os de productos o estructuras requiere la ayuda de expertos en dise\u00f1o y fabricaci\u00f3n. Lo m\u00e1s probable es que tambi\u00e9n necesite servicios de fabricaci\u00f3n de acero para garantizar que su producto utiliza piezas y componentes duraderos. Por ello, encontrar un <a href=\"https:\/\/smf-inc.com\/our_careers\/metal-fabricator\/\">fabricante de metal<\/a> experto es esencial para dise\u00f1ar y producir con \u00e9xito el producto propuesto. Para los dise\u00f1os detallados y la fabricaci\u00f3n de alta calidad, SMF Inc. tiene la experiencia y las capacidades necesarias para satisfacer las necesidades de los clientes.<\/p>\n<h3>\u00bfQu\u00e9 podemos crear?<\/h3>\n<p>No hay l\u00edmite para los productos met\u00e1licos que SMF puede producir para su negocio. Hemos trabajado con docenas de industrias en todo Estados Unidos para proporcionar productos de diferentes tama\u00f1os y dise\u00f1os, cada uno de ellos elaborado para aplicaciones \u00fanicas. Por ello, hemos desarrollado piezas y componentes de m\u00e1quinas para:<\/p>\n<ul>\n<li><strong>Construcci\u00f3n<\/strong> &#8211; Desde las manchas que mantienen unidas las piezas hasta las vigas en I que sostienen una estructura, producimos las herramientas y piezas necesarias para la construcci\u00f3n residencial y comercial. Debido a la necesidad de la industria de la construcci\u00f3n de productos altamente duraderos, los contratistas a menudo conf\u00edan en la experiencia de los fabricantes de metal como SMF.<\/li>\n<li><strong>Fabricaci\u00f3n<\/strong>: las m\u00e1quinas, los sistemas y las herramientas que se utilizan en las f\u00e1bricas, los almacenes o las instalaciones de fabricaci\u00f3n son dise\u00f1ados y suministrados por fabricantes de metal. La fabricaci\u00f3n de acero, en particular, favorece la eficacia y la longevidad de la mayor\u00eda de los productos met\u00e1licos industriales. SMF tiene experiencia en la producci\u00f3n de plataformas met\u00e1licas, componentes de maquinaria, pasarelas industriales y mucho m\u00e1s.<\/li>\n<li><strong>Energ\u00eda\/servicios p\u00fablicos<\/strong> &#8211; El mantenimiento de las infraestructuras es crucial para los municipios. Por eso, cuando se trata de fabricar componentes de alta calidad para los sistemas de energ\u00eda, alcantarillado y otros servicios p\u00fablicos de una ciudad, los gestores municipales conf\u00edan en los fabricantes de metal. El SMF ha ayudado a producir componentes tan precisos como cables o tornillos hasta tan importantes como tuber\u00edas o turbinas.<\/li>\n<li><strong>Otras industrias<\/strong>: independientemente de su industria, es probable que haya alguna pieza, producto o componente que se utilice gracias a la fabricaci\u00f3n de metales. Por ello, hemos desarrollado productos met\u00e1licos para diversas industrias como la m\u00e9dica, el transporte, la miner\u00eda, la comercial, la automoci\u00f3n y la aeroespacial, entre otras.<\/li>\n<\/ul>\n<h3>Nuestros procesos de fabricaci\u00f3n de metales<\/h3>\n<p>La <a href=\"https:\/\/smf-inc.com\/metal-fabrication\/\">fabricaci\u00f3n de metales<\/a> abarca muchos procesos y capacidades para transformar las materias primas en productos utilizables. Nuestro equipo de expertos fabricantes puede doblar, cortar, soldar y mucho m\u00e1s para la mayor\u00eda de los tipos de metal utilizando nuestra amplia gama de herramientas y experiencia. Las principales capacidades de fabricaci\u00f3n de SMF incluyen:<\/p>\n<ul class=\"col-3\">\n<li><a href=\"https:\/\/smf-inc.com\/capabilities\/welding\/\">Soldadura<\/a><\/li>\n<li><a href=\"https:\/\/smf-inc.com\/capabilities\/machining\/\">Mecanizado<\/a><\/li>\n<li><a href=\"https:\/\/smf-inc.com\/capabilities\/laser-cutting\/\">Corte por l\u00e1ser<\/a><\/li>\n<li><a href=\"https:\/\/smf-inc.com\/capabilities\/forming\/\">Formando<\/a><\/li>\n<li><a href=\"https:\/\/smf-inc.com\/capabilities\/powder-coating\/\">Recubrimiento en polvo<\/a><\/li>\n<li><a href=\"https:\/\/smf-inc.com\/capabilities\/assembly\/\">Montaje<\/a><\/li>\n<li><a href=\"https:\/\/smf-inc.com\/capabilities\/plasma-cutting\/\">Corte por plasma<\/a><\/li>\n<li><a href=\"https:\/\/smf-inc.com\/capabilities\/saw-cutting\/\">Corte de sierra<\/a><\/li>\n<li><a href=\"https:\/\/smf-inc.com\/capabilities\/blasting\/\">Voladura<\/a><\/li>\n<\/ul>\n<div class=\"left-img\"><img loading=\"lazy\" decoding=\"async\" class=\"alignnone\" src=\"https:\/\/smf-inc.com\/wp-content\/uploads\/2022\/09\/laser-metal-cutting-manufacturing-tool-in-operation-picture-id154925535.jpg\" alt=\"El corte por l\u00e1ser, una parte importante de la fabricaci\u00f3n de acero\" width=\"500\" height=\"350\" title=\"\"><\/div>\n<h3>Hable con nuestro equipo<\/h3>\n<p>La fabricaci\u00f3n de acero es esencial para el funcionamiento y el \u00e9xito de cientos de empresas en todo el pa\u00eds. Si su empresa requiere los servicios de un experto fabricante de metal, no busque m\u00e1s que los profesionales de SMF Inc. Para saber m\u00e1s sobre nuestros servicios y capacidades, p\u00f3ngase en contacto con nosotros hoy mismo en el <a href=\"tel:3094322586\">309-432-2586<\/a>. SMF tiene su sede en Illinois y atiende a clientes de todo Estados Unidos.<\/p>\n","protected":false},"excerpt":{"rendered":"<p>El dise\u00f1o y la producci\u00f3n de productos son posibles gracias a la fabricaci\u00f3n de acero Dar vida a sus dise\u00f1os de productos o estructuras requiere la ayuda de expertos en dise\u00f1o y fabricaci\u00f3n. Lo m\u00e1s probable es que tambi\u00e9n necesite servicios de fabricaci\u00f3n de acero para garantizar que su producto utiliza piezas y componentes duraderos. &hellip; <a href=\"https:\/\/smf-inc.com\/es\/fabricacion-de-acero\/\" class=\"more-link\">Continue reading <span class=\"screen-reader-text\">Fabricaci\u00f3n de acero<\/span><\/a><\/p>\n","protected":false},"author":1,"featured_media":966,"parent":0,"menu_order":0,"comment_status":"closed","ping_status":"closed","template":"","meta":{"_acf_changed":false,"inline_featured_image":false,"footnotes":""},"class_list":["post-968","page","type-page","status-publish","has-post-thumbnail","hentry"],"acf":[],"_links":{"self":[{"href":"https:\/\/smf-inc.com\/es\/wp-json\/wp\/v2\/pages\/968","targetHints":{"allow":["GET"]}}],"collection":[{"href":"https:\/\/smf-inc.com\/es\/wp-json\/wp\/v2\/pages"}],"about":[{"href":"https:\/\/smf-inc.com\/es\/wp-json\/wp\/v2\/types\/page"}],"author":[{"embeddable":true,"href":"https:\/\/smf-inc.com\/es\/wp-json\/wp\/v2\/users\/1"}],"replies":[{"embeddable":true,"href":"https:\/\/smf-inc.com\/es\/wp-json\/wp\/v2\/comments?post=968"}],"version-history":[{"count":2,"href":"https:\/\/smf-inc.com\/es\/wp-json\/wp\/v2\/pages\/968\/revisions"}],"predecessor-version":[{"id":997,"href":"https:\/\/smf-inc.com\/es\/wp-json\/wp\/v2\/pages\/968\/revisions\/997"}],"wp:featuredmedia":[{"embeddable":true,"href":"https:\/\/smf-inc.com\/es\/wp-json\/wp\/v2\/media\/966"}],"wp:attachment":[{"href":"https:\/\/smf-inc.com\/es\/wp-json\/wp\/v2\/media?parent=968"}],"curies":[{"name":"wp","href":"https:\/\/api.w.org\/{rel}","templated":true}]}}