{"id":961,"date":"2022-09-21T07:05:25","date_gmt":"2022-09-21T07:05:25","guid":{"rendered":"https:\/\/smf-inc.com\/fabricacion-de-metales-a-medida\/"},"modified":"2025-03-07T10:45:13","modified_gmt":"2025-03-07T10:45:13","slug":"fabricacion-de-metales-a-medida","status":"publish","type":"page","link":"https:\/\/smf-inc.com\/es\/fabricacion-de-metales-a-medida\/","title":{"rendered":"Fabricaci\u00f3n de metales a medida"},"content":{"rendered":"<h3>Desarrollar piezas y componentes precisos mediante la fabricaci\u00f3n de metales a medida<\/h3>\n<p>La fabricaci\u00f3n de metales es un servicio esencial para decenas de empresas e industrias de todo Estados Unidos. Sin embargo, a veces las empresas necesitan una fabricaci\u00f3n m\u00e1s precisa y exclusiva cuando elaboran productos para aplicaciones espec\u00edficas. Mediante la fabricaci\u00f3n de metales a medida, SMF Inc. puede satisfacer las necesidades exactas de fabricaci\u00f3n de nuestros clientes. Hable con el equipo de SMF hoy mismo para discutir sus ideas de fabricaci\u00f3n a medida.<\/p>\n<h3>\u00bfPor qu\u00e9 elegir la fabricaci\u00f3n a medida?<\/h3>\n<p> <a href=\"https:\/\/smf-inc.com\/es\/fabricacion-de-metal\/\">La fabricaci\u00f3n de metales<\/a> a medida tiene algunas ventajas adicionales sobre el proceso de fabricaci\u00f3n est\u00e1ndar. Gracias a la fabricaci\u00f3n a medida, puede crear una pieza, producto o componente que haga exactamente lo que necesita, con la m\u00e1xima eficacia y la mayor flexibilidad. He aqu\u00ed algunas razones por las que puede elegir la fabricaci\u00f3n a medida en lugar de la est\u00e1ndar:<\/p>\n<ul>\n<li><strong>R\u00e1pido cambio de rumbo<\/strong>\n<ul>\n<li>Durante los procedimientos de fabricaci\u00f3n est\u00e1ndar, los fabricantes producen las piezas de la manera m\u00e1s conveniente. Sin embargo, la terminaci\u00f3n de sus componentes puede acelerarse mediante el uso de m\u00faltiples procesos de fabricaci\u00f3n. Afortunadamente, la fabricaci\u00f3n a medida tiene esto en cuenta. SMF dar\u00e1 prioridad a los m\u00e9todos de fabricaci\u00f3n m\u00e1s adecuados para producir sus productos de la manera m\u00e1s r\u00e1pida y eficaz.<\/li>\n<\/ul>\n<\/li>\n<li><strong>Dise\u00f1os precisos<\/strong>\n<ul>\n<li>La fabricaci\u00f3n est\u00e1ndar de metales es la mejor para producir componentes met\u00e1licos uniformes que no requieren dise\u00f1os precisos. Por el contrario, la fabricaci\u00f3n de metales a medida hace que el dise\u00f1o de las piezas sea una parte esencial del proceso. Al trabajar con el equipo de SMF, nuestra experiencia en fabricaci\u00f3n permite a los clientes un nivel de dise\u00f1o superior al que se puede conseguir con la fabricaci\u00f3n est\u00e1ndar. No hay nada de \u00abstock\u00bb en los productos met\u00e1licos fabricados por SMF.<\/li>\n<\/ul>\n<\/li>\n<li><strong>Altos niveles de compatibilidad<\/strong>\n<ul>\n<li>El est\u00e1ndar de dise\u00f1o de la fabricaci\u00f3n de metales a medida contribuye a la precisi\u00f3n y eficacia de los productos met\u00e1licos que usted recibe. La fabricaci\u00f3n est\u00e1ndar aprovecha las plantillas y los dise\u00f1os \u00abde molde\u00bb que mejor encajan con otras piezas y componentes. Sin embargo, \u00abcerca\u00bb no siempre es lo suficientemente cerca. La fabricaci\u00f3n a medida garantiza que sus piezas se miden para encajar perfectamente con otras piezas o sistemas.<\/li>\n<\/ul>\n<\/li>\n<\/ul>\n<h3>C\u00f3mo ayudamos<\/h3>\n<p>SMF Inc. se especializa en la fabricaci\u00f3n de metales a medida, suministrando a las industrias de todo el pa\u00eds piezas, herramientas y estructuras met\u00e1licas de alta calidad y elaboradas por expertos. Para satisfacer las necesidades de nuestros clientes, gestionamos la fabricaci\u00f3n de <a href=\"https:\/\/smf-inc.com\/es\/fabricacion-de-acero\/\">acero<\/a>, aluminio, cobre y m\u00e1s con las capacidades de fabricaci\u00f3n m\u00e1s relevantes. Estas capacidades incluyen:<\/p>\n<ul class=\"col-3\">\n<li><a href=\"https:\/\/smf-inc.com\/es\/capabilities\/soldadura\/\">Soldadura<\/a><\/li>\n<li><a href=\"https:\/\/smf-inc.com\/es\/capabilities\/mecanizado\/\">Mecanizado<\/a><\/li>\n<li><a href=\"https:\/\/smf-inc.com\/es\/capabilities\/corte-por-laser\/\">Corte por l\u00e1ser<\/a><\/li>\n<li><a href=\"https:\/\/smf-inc.com\/es\/capabilities\/formando\/\">Formando<\/a><\/li>\n<li><a href=\"https:\/\/smf-inc.com\/es\/capabilities\/recubrimiento-en-polvo\/\">Recubrimiento en polvo<\/a><\/li>\n<li><a href=\"https:\/\/smf-inc.com\/es\/capabilities\/montaje\/\">Montaje<\/a><\/li>\n<li><a href=\"https:\/\/smf-inc.com\/es\/capabilities\/corte-por-plasma\/\">Corte por plasma<\/a><\/li>\n<li><a href=\"https:\/\/smf-inc.com\/es\/capabilities\/corte-de-sierra\/\">Corte de sierra<\/a><\/li>\n<li><a href=\"https:\/\/smf-inc.com\/es\/capabilities\/voladura\/\">Voladura<\/a><\/li>\n<\/ul>\n<div class=\"left-img\"><img loading=\"lazy\" decoding=\"async\" class=\"alignnone\" src=\"https:\/\/smf-inc.com\/wp-content\/uploads\/2022\/09\/welder-engineer-workshop-picture-id519690994.jpg\" alt=\"Un fabricante soldando un tubo durante la fabricaci\u00f3n de metales a medida\" width=\"500\" height=\"350\" title=\"\"><\/div>\n<h3>Ll\u00e1menos<\/h3>\n<p>Cuando su empresa necesite los componentes met\u00e1licos mejor dise\u00f1ados y m\u00e1s precisos, conf\u00ede en la fabricaci\u00f3n de metales a medida de los expertos de SMF Inc. Para saber m\u00e1s sobre nuestros servicios y capacidades, p\u00f3ngase en contacto con nosotros hoy mismo en el <a href=\"tel:3094322586\">309-432-2586<\/a>. SMF tiene su sede en Illinois y atiende a clientes de todo Estados Unidos.<\/p>\n","protected":false},"excerpt":{"rendered":"<p>Desarrollar piezas y componentes precisos mediante la fabricaci\u00f3n de metales a medida La fabricaci\u00f3n de metales es un servicio esencial para decenas de empresas e industrias de todo Estados Unidos. Sin embargo, a veces las empresas necesitan una fabricaci\u00f3n m\u00e1s precisa y exclusiva cuando elaboran productos para aplicaciones espec\u00edficas. Mediante la fabricaci\u00f3n de metales a &hellip; <a href=\"https:\/\/smf-inc.com\/es\/fabricacion-de-metales-a-medida\/\" class=\"more-link\">Continue reading <span class=\"screen-reader-text\">Fabricaci\u00f3n de metales a medida<\/span><\/a><\/p>\n","protected":false},"author":1,"featured_media":958,"parent":0,"menu_order":0,"comment_status":"closed","ping_status":"closed","template":"","meta":{"_acf_changed":false,"inline_featured_image":false,"footnotes":""},"class_list":["post-961","page","type-page","status-publish","has-post-thumbnail","hentry"],"acf":[],"_links":{"self":[{"href":"https:\/\/smf-inc.com\/es\/wp-json\/wp\/v2\/pages\/961","targetHints":{"allow":["GET"]}}],"collection":[{"href":"https:\/\/smf-inc.com\/es\/wp-json\/wp\/v2\/pages"}],"about":[{"href":"https:\/\/smf-inc.com\/es\/wp-json\/wp\/v2\/types\/page"}],"author":[{"embeddable":true,"href":"https:\/\/smf-inc.com\/es\/wp-json\/wp\/v2\/users\/1"}],"replies":[{"embeddable":true,"href":"https:\/\/smf-inc.com\/es\/wp-json\/wp\/v2\/comments?post=961"}],"version-history":[{"count":1,"href":"https:\/\/smf-inc.com\/es\/wp-json\/wp\/v2\/pages\/961\/revisions"}],"predecessor-version":[{"id":994,"href":"https:\/\/smf-inc.com\/es\/wp-json\/wp\/v2\/pages\/961\/revisions\/994"}],"wp:featuredmedia":[{"embeddable":true,"href":"https:\/\/smf-inc.com\/es\/wp-json\/wp\/v2\/media\/958"}],"wp:attachment":[{"href":"https:\/\/smf-inc.com\/es\/wp-json\/wp\/v2\/media?parent=961"}],"curies":[{"name":"wp","href":"https:\/\/api.w.org\/{rel}","templated":true}]}}