{"id":952,"date":"2022-09-21T07:00:46","date_gmt":"2022-09-21T07:00:46","guid":{"rendered":"https:\/\/smf-inc.com\/fabricacion-de-chapas-metalicas\/"},"modified":"2022-09-23T19:49:28","modified_gmt":"2022-09-23T19:49:28","slug":"fabricacion-de-chapas-metalicas","status":"publish","type":"page","link":"https:\/\/smf-inc.com\/es\/fabricacion-de-chapas-metalicas\/","title":{"rendered":"Fabricaci\u00f3n de chapas met\u00e1licas"},"content":{"rendered":"<h3>La mejor fabricaci\u00f3n de chapa met\u00e1lica para cualquier industria<\/h3>\n<p>Muchos de los productos con los que se relaciona a diario s\u00f3lo son posibles gracias a la fabricaci\u00f3n de chapas. Desde el coche que conduce para ir al trabajo hasta el sill\u00f3n que utiliza para relajarse, los componentes met\u00e1licos forman parte de muchos art\u00edculos que utiliza habitualmente. Y como empresa o industria que utiliza piezas, productos y herramientas met\u00e1licas para la producci\u00f3n y el funcionamiento, necesita los servicios de un fabricante de metales experto. Afortunadamente, SMF Inc. puede echar una mano.<\/p>\n<h3>Los mejores usos de la fabricaci\u00f3n de metales<\/h3>\n<p>La <a href=\"https:\/\/smf-inc.com\/metal-fabrication\/\">fabricaci\u00f3n de metales<\/a> de todo tipo es \u00fatil en m\u00faltiples sectores. Sin embargo, varias industrias de Estados Unidos dependen de la fabricaci\u00f3n de chapas met\u00e1licas m\u00e1s que ninguna otra. De esas industrias, SMF Inc. tiene una amplia experiencia en el suministro de piezas y productos met\u00e1licos necesarios para el funcionamiento de las empresas. Algunos ejemplos de las industrias a las que servimos son:<\/p>\n<ul>\n<li><strong>Construcci\u00f3n<\/strong> &#8211; Como parte de la fabricaci\u00f3n estructural, SMF produce muchas piezas y componentes que forman parte del dise\u00f1o y la construcci\u00f3n de un edificio. Vigas en I, marcos de acero, plataformas met\u00e1licas y puertas comerciales son s\u00f3lo algunos de los productos met\u00e1licos fabricados que hemos suministrado a la industria de la construcci\u00f3n.<\/li>\n<li><strong>Fabricaci\u00f3n<\/strong> &#8211; Desde las m\u00e1quinas que funcionan en una instalaci\u00f3n de fabricaci\u00f3n hasta los productos que se producen, la fabricaci\u00f3n de metales puede desempe\u00f1ar un papel importante. Hemos ayudado a dise\u00f1ar las plataformas, los sistemas de transporte y las herramientas que sustentan la mayor\u00eda de las empresas industriales mediante la fabricaci\u00f3n industrial.<\/li>\n<li><strong>Automoci\u00f3n\/Aeroespacial<\/strong> &#8211; Aunque los aviones y los autom\u00f3viles tienen funciones opuestas, ambos utilizan piezas y componentes met\u00e1licos en su dise\u00f1o y funcionamiento. Cualquier gran industria que produzca grandes productos met\u00e1licos para uso comercial o privado puede beneficiarse de los servicios de los fabricantes de metal.<\/li>\n<li><strong>Municipios<\/strong> &#8211; Las infraestructuras de nuestras ciudades son esenciales para la seguridad, el funcionamiento y la comodidad de las empresas y los residentes. As\u00ed, las infraestructuras locales, como la energ\u00eda o la fontaner\u00eda, utilizan piezas y componentes espec\u00edficos. SMF puede suministrar los componentes met\u00e1licos necesarios para el mantenimiento de tuber\u00edas, pozos de gas, turbinas y transformadores el\u00e9ctricos, entre otros.<\/li>\n<li><strong>Comercial<\/strong> &#8211; Como se ha mencionado anteriormente, los componentes met\u00e1licos forman parte de muchos productos que los consumidores utilizan a diario. Al prestar apoyo a tiendas, restaurantes e instalaciones comerciales de todo el pa\u00eds, suministramos las piezas met\u00e1licas necesarias para el funcionamiento del negocio y la producci\u00f3n de productos.<\/li>\n<li><strong>Y m\u00e1s<\/strong> &#8211; Fuera de estas industrias primarias, SMF ha apoyado las necesidades de m\u00faltiples negocios y empresas que requieren servicios de fabricaci\u00f3n de metal r\u00e1pidos y eficientes. Las diferentes industrias a las que hemos ayudado a servir incluyen la m\u00e9dica, la minera, la de jardiner\u00eda, la de ingenier\u00eda, la de transporte, la de electrodom\u00e9sticos, etc.<\/li>\n<\/ul>\n<h3>Nuestras capacidades de fabricaci\u00f3n<\/h3>\n<p>SMF Inc. se esfuerza por satisfacer las necesidades de cada cliente. Por ello, empleamos a profesionales formados en todas las ramas de la fabricaci\u00f3n de chapa. Podemos transformar <a href=\"https:\/\/smf-inc.com\/steel-fabrication\/\">el acero<\/a>, el cobre, el aluminio y otros metales en cualquier forma, pieza o dise\u00f1o que necesite. Algunas de nuestras capacidades de fabricaci\u00f3n son:<\/p>\n<ul class=\"col-3\">\n<li><a href=\"https:\/\/smf-inc.com\/capabilities\/welding\/\">Soldadura<\/a><\/li>\n<li><a href=\"https:\/\/smf-inc.com\/capabilities\/machining\/\">Mecanizado<\/a><\/li>\n<li><a href=\"https:\/\/smf-inc.com\/capabilities\/laser-cutting\/\">Corte por l\u00e1ser<\/a><\/li>\n<li><a href=\"https:\/\/smf-inc.com\/capabilities\/forming\/\">Formando<\/a><\/li>\n<li><a href=\"https:\/\/smf-inc.com\/capabilities\/powder-coating\/\">Recubrimiento en polvo<\/a><\/li>\n<li><a href=\"https:\/\/smf-inc.com\/capabilities\/assembly\/\">Montaje<\/a><\/li>\n<li><a href=\"https:\/\/smf-inc.com\/capabilities\/plasma-cutting\/\">Corte por plasma<\/a><\/li>\n<li><a href=\"https:\/\/smf-inc.com\/capabilities\/saw-cutting\/\">Corte de sierra<\/a><\/li>\n<li><a href=\"https:\/\/smf-inc.com\/capabilities\/blasting\/\">Voladura<\/a><\/li>\n<\/ul>\n<div class=\"left-img\"><img loading=\"lazy\" decoding=\"async\" class=\"alignnone\" src=\"https:\/\/smf-inc.com\/wp-content\/uploads\/2022\/09\/scrap-metal-recycling-facility-picture-id1213464862.jpg\" alt=\"Corte con sierra durante la fabricaci\u00f3n de chapas met\u00e1licas\" width=\"500\" height=\"350\" title=\"\"><\/div>\n<h3>Contacto<\/h3>\n<p>Cuando su empresa requiera servicios de fabricaci\u00f3n de chapa met\u00e1lica r\u00e1pidos, fiables y de alta calidad, no busque m\u00e1s que los profesionales de SMF Inc. Para saber m\u00e1s sobre nuestras capacidades y c\u00f3mo servimos a los clientes, p\u00f3ngase en contacto con nosotros hoy mismo en el <a href=\"tel:3094322586\">309-432-2586<\/a>. SMF tiene su sede en Illinois y atiende a clientes de todo Estados Unidos.<\/p>\n","protected":false},"excerpt":{"rendered":"<p>La mejor fabricaci\u00f3n de chapa met\u00e1lica para cualquier industria Muchos de los productos con los que se relaciona a diario s\u00f3lo son posibles gracias a la fabricaci\u00f3n de chapas. Desde el coche que conduce para ir al trabajo hasta el sill\u00f3n que utiliza para relajarse, los componentes met\u00e1licos forman parte de muchos art\u00edculos que utiliza &hellip; <a href=\"https:\/\/smf-inc.com\/es\/fabricacion-de-chapas-metalicas\/\" class=\"more-link\">Continue reading <span class=\"screen-reader-text\">Fabricaci\u00f3n de chapas met\u00e1licas<\/span><\/a><\/p>\n","protected":false},"author":1,"featured_media":950,"parent":0,"menu_order":0,"comment_status":"closed","ping_status":"closed","template":"","meta":{"_acf_changed":false,"inline_featured_image":false,"footnotes":""},"class_list":["post-952","page","type-page","status-publish","has-post-thumbnail","hentry"],"acf":[],"_links":{"self":[{"href":"https:\/\/smf-inc.com\/es\/wp-json\/wp\/v2\/pages\/952","targetHints":{"allow":["GET"]}}],"collection":[{"href":"https:\/\/smf-inc.com\/es\/wp-json\/wp\/v2\/pages"}],"about":[{"href":"https:\/\/smf-inc.com\/es\/wp-json\/wp\/v2\/types\/page"}],"author":[{"embeddable":true,"href":"https:\/\/smf-inc.com\/es\/wp-json\/wp\/v2\/users\/1"}],"replies":[{"embeddable":true,"href":"https:\/\/smf-inc.com\/es\/wp-json\/wp\/v2\/comments?post=952"}],"version-history":[{"count":2,"href":"https:\/\/smf-inc.com\/es\/wp-json\/wp\/v2\/pages\/952\/revisions"}],"predecessor-version":[{"id":991,"href":"https:\/\/smf-inc.com\/es\/wp-json\/wp\/v2\/pages\/952\/revisions\/991"}],"wp:featuredmedia":[{"embeddable":true,"href":"https:\/\/smf-inc.com\/es\/wp-json\/wp\/v2\/media\/950"}],"wp:attachment":[{"href":"https:\/\/smf-inc.com\/es\/wp-json\/wp\/v2\/media?parent=952"}],"curies":[{"name":"wp","href":"https:\/\/api.w.org\/{rel}","templated":true}]}}