{"id":944,"date":"2022-09-21T06:57:18","date_gmt":"2022-09-21T06:57:18","guid":{"rendered":"https:\/\/smf-inc.com\/fabricacion-de-metal\/"},"modified":"2022-09-23T19:46:08","modified_gmt":"2022-09-23T19:46:08","slug":"fabricacion-de-metal","status":"publish","type":"page","link":"https:\/\/smf-inc.com\/es\/fabricacion-de-metal\/","title":{"rendered":"Fabricaci\u00f3n de metal"},"content":{"rendered":"<h3>Utilice los servicios de fabricaci\u00f3n de metales de los expertos<\/h3>\n<p>Las industrias de todo Estados Unidos conf\u00edan en el trabajo realizado por los expertos en fabricaci\u00f3n de metales. Ya sea para crear grandes plataformas o peque\u00f1as piezas, los fabricantes de metal poseen una incre\u00edble versatilidad. Adem\u00e1s, contar con fabricantes de metal que sean r\u00e1pidos, fiables y experimentados en su campo puede resultar ventajoso para la producci\u00f3n de su empresa. Por esta raz\u00f3n, muchas empresas e industrias cuentan con el trabajo de SMF Inc.<\/p>\n<h3>Tipos de fabricaci\u00f3n de metales<\/h3>\n<p>La fabricaci\u00f3n de metales suele estar comprendida en una de estas tres categor\u00edas: industrial, estructural o comercial. Dado que la fabricaci\u00f3n de metales abarca piezas, productos y proyectos de todos los sectores, estas categor\u00edas facilitan la comprensi\u00f3n del tipo de fabricaci\u00f3n que mejor se adapta a su negocio.<\/p>\n<ul>\n<li><strong>Fabricaci\u00f3n industrial<\/strong>\n<ul>\n<li>Como su nombre indica, la fabricaci\u00f3n industrial se centra en la fabricaci\u00f3n de metales m\u00e1s com\u00fanmente reservada a las f\u00e1bricas, instalaciones de fabricaci\u00f3n y otras empresas industriales. Mediante la fabricaci\u00f3n industrial, SMF integra diversas piezas o conjuntos en productos industriales. Dichas piezas y estructuras industriales incluyen piezas de maquinaria pesada, silos, dep\u00f3sitos, herramientas, etc. Como parte de la fabricaci\u00f3n industrial, solemos prestar servicio a industrias como la aeroespacial, la automovil\u00edstica, la energ\u00e9tica, la de ingenier\u00eda, etc.<\/li>\n<\/ul>\n<\/li>\n<li><strong>Fabricaci\u00f3n de estructuras<\/strong>\n<ul>\n<li>Las piezas y productos met\u00e1licos desempe\u00f1an un papel importante en todo el sector de la construcci\u00f3n. As\u00ed, SMF produce diversas piezas y componentes para la construcci\u00f3n. Conocida como fabricaci\u00f3n estructural, fabricamos productos como vigas en I o marcos, que forman parte de la integridad de las estructuras. Dichos productos apoyan la realizaci\u00f3n de proyectos de construcci\u00f3n residencial, comercial e industrial en todo Estados Unidos.<\/li>\n<\/ul>\n<\/li>\n<li><strong>Fabricaci\u00f3n comercial<\/strong>\n<ul>\n<li>Todos los productos no incluidos en la fabricaci\u00f3n industrial o estructural entran en la categor\u00eda de fabricaci\u00f3n comercial. A trav\u00e9s de la fabricaci\u00f3n comercial, SMF crea piezas para su uso en lugares como tiendas, espacios p\u00fablicos, edificios municipales, etc. Estas piezas suelen ser m\u00e1s peque\u00f1as y precisas que otros componentes fabricados. Sin embargo, la fabricaci\u00f3n comercial tambi\u00e9n puede ser decorativa, ayudando a producir letreros, toldos, accesorios de iluminaci\u00f3n, vallas y mucho m\u00e1s.<\/li>\n<\/ul>\n<\/li>\n<\/ul>\n<h3>Nuestras aplicaciones de fabricaci\u00f3n<\/h3>\n<p>Como servicio completo de fabricaci\u00f3n de metales y montaje de piezas, SMF Inc. emplea todo tipo de procesos de fabricaci\u00f3n. Podemos dar forma, cortar, doblar y elaborar acero, cobre, aluminio y otros metales en cualquier forma que desee. Nuestras capacidades incluyen:<\/p>\n<ul class=\"col-3\">\n<li><a href=\"https:\/\/smf-inc.com\/capabilities\/welding\/\">Soldadura<\/a><\/li>\n<li><a href=\"https:\/\/smf-inc.com\/capabilities\/machining\/\">Mecanizado<\/a><\/li>\n<li><a href=\"https:\/\/smf-inc.com\/capabilities\/laser-cutting\/\">Corte por l\u00e1ser<\/a><\/li>\n<li><a href=\"https:\/\/smf-inc.com\/capabilities\/forming\/\">Formando<\/a><\/li>\n<li><a href=\"https:\/\/smf-inc.com\/capabilities\/powder-coating\/\">Recubrimiento en polvo<\/a><\/li>\n<li><a href=\"https:\/\/smf-inc.com\/capabilities\/assembly\/\">Montaje<\/a><\/li>\n<li><a href=\"https:\/\/smf-inc.com\/capabilities\/plasma-cutting\/\">Corte por plasma<\/a><\/li>\n<li><a href=\"https:\/\/smf-inc.com\/capabilities\/saw-cutting\/\">Corte de sierra<\/a><\/li>\n<li><a href=\"https:\/\/smf-inc.com\/capabilities\/blasting\/\">Voladura<\/a><\/li>\n<\/ul>\n<div class=\"left-img\"><img loading=\"lazy\" decoding=\"async\" class=\"alignnone\" src=\"https:\/\/smf-inc.com\/wp-content\/uploads\/2022\/09\/worker-in-a-factory-working-on-a-traditional-milling-machine-picture-id1291968449.jpg\" alt=\"Trabajadores del metal que utilizan equipos industriales durante la fabricaci\u00f3n de metales\" width=\"500\" height=\"350\" title=\"\"><\/div>\n<h3>Llame hoy mismo<\/h3>\n<p>Cuando busque expertos en fabricaci\u00f3n de metales con una amplia gama de capacidades de fabricaci\u00f3n, no busque m\u00e1s all\u00e1 de SMF Inc. Para saber m\u00e1s sobre lo que podemos ofrecer a su empresa, p\u00f3ngase en contacto con nosotros hoy mismo en el <a href=\"tel:3094322586\">309-432-2586<\/a>. SMF tiene su sede en Illinois y atiende a clientes de todo Estados Unidos.<\/p>\n","protected":false},"excerpt":{"rendered":"<p>Utilice los servicios de fabricaci\u00f3n de metales de los expertos Las industrias de todo Estados Unidos conf\u00edan en el trabajo realizado por los expertos en fabricaci\u00f3n de metales. Ya sea para crear grandes plataformas o peque\u00f1as piezas, los fabricantes de metal poseen una incre\u00edble versatilidad. Adem\u00e1s, contar con fabricantes de metal que sean r\u00e1pidos, fiables &hellip; <a href=\"https:\/\/smf-inc.com\/es\/fabricacion-de-metal\/\" class=\"more-link\">Continue reading <span class=\"screen-reader-text\">Fabricaci\u00f3n de metal<\/span><\/a><\/p>\n","protected":false},"author":1,"featured_media":942,"parent":0,"menu_order":0,"comment_status":"closed","ping_status":"closed","template":"","meta":{"_acf_changed":false,"inline_featured_image":false,"footnotes":""},"class_list":["post-944","page","type-page","status-publish","has-post-thumbnail","hentry"],"acf":[],"_links":{"self":[{"href":"https:\/\/smf-inc.com\/es\/wp-json\/wp\/v2\/pages\/944","targetHints":{"allow":["GET"]}}],"collection":[{"href":"https:\/\/smf-inc.com\/es\/wp-json\/wp\/v2\/pages"}],"about":[{"href":"https:\/\/smf-inc.com\/es\/wp-json\/wp\/v2\/types\/page"}],"author":[{"embeddable":true,"href":"https:\/\/smf-inc.com\/es\/wp-json\/wp\/v2\/users\/1"}],"replies":[{"embeddable":true,"href":"https:\/\/smf-inc.com\/es\/wp-json\/wp\/v2\/comments?post=944"}],"version-history":[{"count":2,"href":"https:\/\/smf-inc.com\/es\/wp-json\/wp\/v2\/pages\/944\/revisions"}],"predecessor-version":[{"id":988,"href":"https:\/\/smf-inc.com\/es\/wp-json\/wp\/v2\/pages\/944\/revisions\/988"}],"wp:featuredmedia":[{"embeddable":true,"href":"https:\/\/smf-inc.com\/es\/wp-json\/wp\/v2\/media\/942"}],"wp:attachment":[{"href":"https:\/\/smf-inc.com\/es\/wp-json\/wp\/v2\/media?parent=944"}],"curies":[{"name":"wp","href":"https:\/\/api.w.org\/{rel}","templated":true}]}}