{"id":615,"date":"2021-10-18T07:41:54","date_gmt":"2021-10-18T07:41:54","guid":{"rendered":"https:\/\/smf-inc.com\/nuestro-equipo\/"},"modified":"2021-10-22T11:12:27","modified_gmt":"2021-10-22T11:12:27","slug":"nuestro-equipo","status":"publish","type":"page","link":"https:\/\/smf-inc.com\/es\/nuestro-equipo\/","title":{"rendered":"Nuestro equipo"},"content":{"rendered":"<h3>Lorem Ipsum<\/h3>\n<h4>Lorem Ipsum<\/h4>\n<h5>Lorem Ipsum<\/h5>\n<h6>Lorem Ipsum<\/h6>\n<p>Lorem Ipsum es simplemente texto de relleno de la industria de la impresi\u00f3n y la composici\u00f3n tipogr\u00e1fica. Lorem Ipsum ha sido el texto de relleno est\u00e1ndar de la industria desde el siglo XVI, cuando un impresor desconocido tom\u00f3 una galera de tipos y la mezcl\u00f3 para hacer un libro de muestras tipogr\u00e1ficas. Ha sobrevivido no solo a cinco siglos, sino tambi\u00e9n al salto a la composici\u00f3n tipogr\u00e1fica electr\u00f3nica, permaneciendo esencialmente sin cambios. Se populariz\u00f3 en la d\u00e9cada de 1960 con el lanzamiento de hojas de Letraset que conten\u00edan pasajes de Lorem Ipsum y, m\u00e1s recientemente, con software de autoedici\u00f3n como Aldus PageMaker que inclu\u00eda versiones de Lorem Ipsum.<\/p>\n<ul class=\"col-3\">\n<li>Lorem Ipsum<\/li>\n<li>Lorem Ipsum<\/li>\n<li>Lorem Ipsum<\/li>\n<li>Lorem Ipsum<\/li>\n<li>Lorem Ipsum<\/li>\n<li>Lorem Ipsum<\/li>\n<li>Lorem Ipsum<\/li>\n<\/ul>\n<p>Lorem Ipsum es simplemente texto de relleno de la industria de la impresi\u00f3n y la composici\u00f3n tipogr\u00e1fica. Lorem Ipsum ha sido el texto de relleno est\u00e1ndar de la industria desde el siglo XVI, cuando un impresor desconocido tom\u00f3 una galera de tipos y la mezcl\u00f3 para hacer un libro de muestras tipogr\u00e1ficas. Ha sobrevivido no solo a cinco siglos, sino tambi\u00e9n al salto a la composici\u00f3n tipogr\u00e1fica electr\u00f3nica, permaneciendo esencialmente sin cambios. Se populariz\u00f3 en la d\u00e9cada de 1960 con el lanzamiento de hojas de Letraset que conten\u00edan pasajes de Lorem Ipsum y, m\u00e1s recientemente, con software de autoedici\u00f3n como Aldus PageMaker que inclu\u00eda versiones de Lorem Ipsum.<\/p>\n","protected":false},"excerpt":{"rendered":"<p>Lorem Ipsum Lorem Ipsum Lorem Ipsum Lorem Ipsum Lorem Ipsum es simplemente texto de relleno de la industria de la impresi\u00f3n y la composici\u00f3n tipogr\u00e1fica. Lorem Ipsum ha sido el texto de relleno est\u00e1ndar de la industria desde el siglo XVI, cuando un impresor desconocido tom\u00f3 una galera de tipos y la mezcl\u00f3 para hacer &hellip; <a href=\"https:\/\/smf-inc.com\/es\/nuestro-equipo\/\" class=\"more-link\">Continue reading <span class=\"screen-reader-text\">Nuestro equipo<\/span><\/a><\/p>\n","protected":false},"author":1,"featured_media":0,"parent":0,"menu_order":0,"comment_status":"closed","ping_status":"closed","template":"","meta":{"_acf_changed":false,"inline_featured_image":false,"footnotes":""},"class_list":["post-615","page","type-page","status-publish","hentry"],"acf":[],"_links":{"self":[{"href":"https:\/\/smf-inc.com\/es\/wp-json\/wp\/v2\/pages\/615","targetHints":{"allow":["GET"]}}],"collection":[{"href":"https:\/\/smf-inc.com\/es\/wp-json\/wp\/v2\/pages"}],"about":[{"href":"https:\/\/smf-inc.com\/es\/wp-json\/wp\/v2\/types\/page"}],"author":[{"embeddable":true,"href":"https:\/\/smf-inc.com\/es\/wp-json\/wp\/v2\/users\/1"}],"replies":[{"embeddable":true,"href":"https:\/\/smf-inc.com\/es\/wp-json\/wp\/v2\/comments?post=615"}],"version-history":[{"count":2,"href":"https:\/\/smf-inc.com\/es\/wp-json\/wp\/v2\/pages\/615\/revisions"}],"predecessor-version":[{"id":638,"href":"https:\/\/smf-inc.com\/es\/wp-json\/wp\/v2\/pages\/615\/revisions\/638"}],"wp:attachment":[{"href":"https:\/\/smf-inc.com\/es\/wp-json\/wp\/v2\/media?parent=615"}],"curies":[{"name":"wp","href":"https:\/\/api.w.org\/{rel}","templated":true}]}}