{"id":605,"date":"2021-10-18T07:41:35","date_gmt":"2021-10-18T07:41:35","guid":{"rendered":"https:\/\/smf-inc.com\/sobre-nosotros\/"},"modified":"2024-11-20T04:25:53","modified_gmt":"2024-11-20T04:25:53","slug":"sobre-nosotros","status":"publish","type":"page","link":"https:\/\/smf-inc.com\/es\/sobre-nosotros\/","title":{"rendered":"Sobre nosotros"},"content":{"rendered":"<h2>Sobre SMF<\/h2>\n<p>SMF, Inc. fue fundada en Minonk, Illinois en 1972 como una planta de fabricaci\u00f3n de metales. Desde entonces, hemos abierto una ubicaci\u00f3n adicional en Anderson, Carolina del Sur para expandir nuestro alcance y atender a clientes en todo el pa\u00eds. SMF ha evolucionado posteriormente a una fabricaci\u00f3n de servicio completo y<a href=\"https:\/\/smf-inc.com\/capabilities\/machining\/\"> empresa de mecanizado<\/a> con un total combinado de 240,000 pies cuadrados de espacio para instalaciones.<\/p>\n<p>Como proveedor de primer nivel para los fabricantes de equipos originales, nuestros numerosos clientes de Fortune 500 nos exigen est\u00e1ndares de alta calidad. Aunque hemos crecido para superar las demandas en constante crecimiento de la industria, hemos mantenido nuestra actitud de servicio durante m\u00e1s de cuatro d\u00e9cadas. Hoy, seguimos tan enfocados en la atenci\u00f3n al cliente y en la construcci\u00f3n de relaciones de calidad como lo est\u00e1bamos en 1972.<\/p>\n","protected":false},"excerpt":{"rendered":"<p>Sobre SMF SMF, Inc. fue fundada en Minonk, Illinois en 1972 como una planta de fabricaci\u00f3n de metales. Desde entonces, hemos abierto una ubicaci\u00f3n adicional en Anderson, Carolina del Sur para expandir nuestro alcance y atender a clientes en todo el pa\u00eds. SMF ha evolucionado posteriormente a una fabricaci\u00f3n de servicio completo y empresa de &hellip; <a href=\"https:\/\/smf-inc.com\/es\/sobre-nosotros\/\" class=\"more-link\">Continue reading <span class=\"screen-reader-text\">Sobre nosotros<\/span><\/a><\/p>\n","protected":false},"author":1,"featured_media":690,"parent":0,"menu_order":0,"comment_status":"closed","ping_status":"closed","template":"template\/about-us.php","meta":{"_acf_changed":false,"inline_featured_image":false,"footnotes":""},"class_list":["post-605","page","type-page","status-publish","has-post-thumbnail","hentry"],"acf":[],"_links":{"self":[{"href":"https:\/\/smf-inc.com\/es\/wp-json\/wp\/v2\/pages\/605","targetHints":{"allow":["GET"]}}],"collection":[{"href":"https:\/\/smf-inc.com\/es\/wp-json\/wp\/v2\/pages"}],"about":[{"href":"https:\/\/smf-inc.com\/es\/wp-json\/wp\/v2\/types\/page"}],"author":[{"embeddable":true,"href":"https:\/\/smf-inc.com\/es\/wp-json\/wp\/v2\/users\/1"}],"replies":[{"embeddable":true,"href":"https:\/\/smf-inc.com\/es\/wp-json\/wp\/v2\/comments?post=605"}],"version-history":[{"count":2,"href":"https:\/\/smf-inc.com\/es\/wp-json\/wp\/v2\/pages\/605\/revisions"}],"predecessor-version":[{"id":703,"href":"https:\/\/smf-inc.com\/es\/wp-json\/wp\/v2\/pages\/605\/revisions\/703"}],"wp:featuredmedia":[{"embeddable":true,"href":"https:\/\/smf-inc.com\/es\/wp-json\/wp\/v2\/media\/690"}],"wp:attachment":[{"href":"https:\/\/smf-inc.com\/es\/wp-json\/wp\/v2\/media?parent=605"}],"curies":[{"name":"wp","href":"https:\/\/api.w.org\/{rel}","templated":true}]}}