{"id":2913,"date":"2025-04-28T07:23:53","date_gmt":"2025-04-28T07:23:53","guid":{"rendered":"https:\/\/smf-inc.com\/fabricacion-metalica-para-la-construccion\/"},"modified":"2025-05-01T01:42:55","modified_gmt":"2025-05-01T01:42:55","slug":"fabricacion-metalica-para-la-construccion","status":"publish","type":"page","link":"https:\/\/smf-inc.com\/es\/fabricacion-metalica-para-la-construccion\/","title":{"rendered":"Fabricaci\u00f3n met\u00e1lica para la construcci\u00f3n"},"content":{"rendered":"<h3>Nuestras capacidades de fabricaci\u00f3n de metal sirven al sector de la construcci\u00f3n<\/h3>\n<p>En SMF somos l\u00edderes en fabricaci\u00f3n met\u00e1lica para la construcci\u00f3n, y ofrecemos servicios fiables y de alta calidad para proyectos de todos los tama\u00f1os. Tanto si est\u00e1s levantando un edificio comercial de varios pisos, reforzando instalaciones industriales o construyendo estructuras residenciales a medida, nuestro equipo te ofrece la precisi\u00f3n y durabilidad que necesitas. <\/p>\n<h4>Servicios integrales de fabricaci\u00f3n de metales<\/h4>\n<p>SMF es un taller metal\u00fargico de servicio completo con d\u00e9cadas de experiencia al servicio del sector de la construcci\u00f3n. Trabajamos con una amplia gama de materiales, como acero, aluminio y acero inoxidable, y ofrecemos soluciones completas de fabricaci\u00f3n, desde el dise\u00f1o y la ingenier\u00eda hasta el corte, la soldadura, el montaje y mucho m\u00e1s.  Nuestros servicios incluyen:<\/p>\n<ul class=\"col-2\">\n<li>Fabricaci\u00f3n de acero estructural para vigas, pilares y cerchas<\/li>\n<li>Componentes met\u00e1licos personalizados adaptados a las especificaciones arquitect\u00f3nicas<\/li>\n<li>Fabricaci\u00f3n de chapas met\u00e1licas para tejados, revestimientos y conductos<\/li>\n<li>Metales diversos, incluidas escaleras, barandillas y marcos<\/li>\n<\/ul>\n<h4>Por qu\u00e9 es importante la fabricaci\u00f3n profesional de metales en la construcci\u00f3n<\/h4>\n<p>Sea cual sea la complejidad del proyecto, SMF ofrece un trabajo artesanal meticuloso y garantiza que cada pieza cumpla las estrictas normas industriales de seguridad, resistencia y calidad. El metal desempe\u00f1a un papel crucial en la construcci\u00f3n moderna, ya que ofrece una durabilidad, flexibilidad y sostenibilidad inigualables. La fabricaci\u00f3n profesional de metal garantiza que todos los componentes est\u00e9n dise\u00f1ados para un ajuste exacto y un rendimiento \u00f3ptimo. Cuando te asocias con SMF, reduces el riesgo de costosos errores, retrasos y otros problemas. Comprendemos la importancia de cumplir los plazos y ajustarse al presupuesto. Nuestros procesos racionalizados, capacidades internas y equipo de expertos se traducen en plazos de entrega m\u00e1s r\u00e1pidos y menos interrupciones de la cadena de suministro para tu proyecto.     <\/p>\n<h4>Ofrecemos soluciones personalizadas para cada proyecto<\/h4>\n<p>En SMF, no hay dos proyectos iguales, ni demasiado grandes ni demasiado peque\u00f1os. Nuestros experimentados ingenieros pueden ayudarte con el dise\u00f1o CAD y la ingenier\u00eda de valor para optimizar la fabricaci\u00f3n y conseguir eficiencia y ahorro de costes sin comprometer la calidad. <\/p>\n<h4>SMF: Calidad en la que puedes confiar<\/h4>\n<p>Los proyectos de construcci\u00f3n exigen un alto nivel, y nosotros tambi\u00e9n. SMF se compromete a prestar servicios de fabricaci\u00f3n met\u00e1lica de la m\u00e1xima calidad. Nos abastecemos de materiales de primera calidad y utilizamos equipos avanzados para lograr resultados excepcionales. Cada soldadura, corte y ensamblaje se somete a rigurosos controles de calidad para garantizar el cumplimiento de los c\u00f3digos y reglamentos de construcci\u00f3n aplicables.   <\/p>\n<p>Nuestra dedicaci\u00f3n a la excelencia nos ha convertido en un socio de confianza para los profesionales de la construcci\u00f3n de todo el pa\u00eds.<\/p>\n<div class=\"left-img\"><img loading=\"lazy\" decoding=\"async\" class=\"alignnone\" src=\"https:\/\/smf-inc.com\/wp-content\/uploads\/2025\/04\/industrial-worker-grinding-metal-surface-with-angle-grinder.webp\" alt=\"Se ve a un trabajador del metal en un trabajo. SMF fabrica metales para la construcci\u00f3n.\" width=\"500\" height=\"350\" title=\"\"><\/div>\n<h4>Contacta con SMF para tus necesidades de fabricaci\u00f3n de metales para la construcci\u00f3n<\/h4>\n<p>\u00bfListo para empezar? Conf\u00eda en SMF para una fabricaci\u00f3n met\u00e1lica fiable y profesional para la construcci\u00f3n. Nuestro equipo est\u00e1 aqu\u00ed para ayudarte a hacer realidad tu visi\u00f3n con precisi\u00f3n, eficacia e integridad. Ponte en contacto con nosotros hoy mismo para solicitar un presupuesto u obtener m\u00e1s informaci\u00f3n sobre nuestra completa gama de servicios de fabricaci\u00f3n met\u00e1lica. Llama hoy mismo a SMF al <a href=\"tel:3094322586\">309-432-2586<\/a> en Illinois o <a href=\"tel:8642260470\">al 864-226-0470<\/a> en Carolina del Sur.     Prestamos servicios a clientes de todo Estados Unidos.<\/p>\n","protected":false},"excerpt":{"rendered":"<p>Nuestras capacidades de fabricaci\u00f3n de metal sirven al sector de la construcci\u00f3n En SMF somos l\u00edderes en fabricaci\u00f3n met\u00e1lica para la construcci\u00f3n, y ofrecemos servicios fiables y de alta calidad para proyectos de todos los tama\u00f1os. Tanto si est\u00e1s levantando un edificio comercial de varios pisos, reforzando instalaciones industriales o construyendo estructuras residenciales a medida, &hellip; <a href=\"https:\/\/smf-inc.com\/es\/fabricacion-metalica-para-la-construccion\/\" class=\"more-link\">Continue reading <span class=\"screen-reader-text\">Fabricaci\u00f3n met\u00e1lica para la construcci\u00f3n<\/span><\/a><\/p>\n","protected":false},"author":2,"featured_media":2616,"parent":0,"menu_order":0,"comment_status":"closed","ping_status":"closed","template":"","meta":{"_acf_changed":false,"inline_featured_image":false,"footnotes":""},"class_list":["post-2913","page","type-page","status-publish","has-post-thumbnail","hentry"],"acf":[],"_links":{"self":[{"href":"https:\/\/smf-inc.com\/es\/wp-json\/wp\/v2\/pages\/2913","targetHints":{"allow":["GET"]}}],"collection":[{"href":"https:\/\/smf-inc.com\/es\/wp-json\/wp\/v2\/pages"}],"about":[{"href":"https:\/\/smf-inc.com\/es\/wp-json\/wp\/v2\/types\/page"}],"author":[{"embeddable":true,"href":"https:\/\/smf-inc.com\/es\/wp-json\/wp\/v2\/users\/2"}],"replies":[{"embeddable":true,"href":"https:\/\/smf-inc.com\/es\/wp-json\/wp\/v2\/comments?post=2913"}],"version-history":[{"count":3,"href":"https:\/\/smf-inc.com\/es\/wp-json\/wp\/v2\/pages\/2913\/revisions"}],"predecessor-version":[{"id":2927,"href":"https:\/\/smf-inc.com\/es\/wp-json\/wp\/v2\/pages\/2913\/revisions\/2927"}],"wp:featuredmedia":[{"embeddable":true,"href":"https:\/\/smf-inc.com\/es\/wp-json\/wp\/v2\/media\/2616"}],"wp:attachment":[{"href":"https:\/\/smf-inc.com\/es\/wp-json\/wp\/v2\/media?parent=2913"}],"curies":[{"name":"wp","href":"https:\/\/api.w.org\/{rel}","templated":true}]}}