{"id":2822,"date":"2025-01-31T05:21:30","date_gmt":"2025-01-31T05:21:30","guid":{"rendered":"https:\/\/smf-inc.com\/fabricacion-de-metales-para-energias-renovables\/"},"modified":"2025-02-24T19:56:38","modified_gmt":"2025-02-24T19:56:38","slug":"fabricacion-de-metales-para-energias-renovables","status":"publish","type":"page","link":"https:\/\/smf-inc.com\/es\/fabricacion-de-metales-para-energias-renovables\/","title":{"rendered":"Fabricaci\u00f3n de metales para energ\u00edas renovables"},"content":{"rendered":"<h3>Somos los expertos en fabricaci\u00f3n met\u00e1lica al servicio del sector de las energ\u00edas renovables<\/h3>\n<p>A medida que el mundo se orienta hacia soluciones energ\u00e9ticas sostenibles, la fabricaci\u00f3n de metales desempe\u00f1a un papel crucial en el desarrollo y mantenimiento de infraestructuras de energ\u00edas renovables. Ya se trate de turbinas e\u00f3licas, soportes de paneles solares o componentes hidroel\u00e9ctricos, la fabricaci\u00f3n met\u00e1lica para energ\u00edas renovables presenta retos \u00fanicos que deben abordarse para garantizar la eficacia, la durabilidad y la rentabilidad. En SMF, tenemos la experiencia y el equipo necesarios para realizar la fabricaci\u00f3n de metal para proyectos de energ\u00edas renovables. Ll\u00e1manos hoy mismo al <a href=\"tel:3094322586\">309-432-2586<\/a> en Illinois o <a href=\"tel:8642260470\">al 864-226-0470<\/a> en Carolina del Sur.   <\/p>\n<h3>Entendemos las necesidades de durabilidad de la industria<\/h3>\n<p>Al fabricar componentes met\u00e1licos para energ\u00edas renovables, seleccionamos materiales que puedan soportar condiciones ambientales extremas, como acero inoxidable, aluminio y compuestos avanzados que ofrecen una fuerza, resistencia a la corrosi\u00f3n y longevidad superiores.<\/p>\n<h3>Puedes esperar de nosotros una fabricaci\u00f3n de alta precisi\u00f3n<\/h3>\n<p>Los sistemas de energ\u00eda renovable requieren componentes fabricados con precisi\u00f3n para maximizar la eficiencia. Por ejemplo, las palas de los aerogeneradores deben estar optimizadas aerodin\u00e1micamente, y los bastidores de los paneles solares deben estar perfectamente alineados para garantizar la m\u00e1xima absorci\u00f3n de la luz solar. Cualquier desviaci\u00f3n en la fabricaci\u00f3n del metal puede reducir la producci\u00f3n de energ\u00eda, por lo que la fabricaci\u00f3n de precisi\u00f3n es esencial. T\u00e9cnicas avanzadas como el corte por l\u00e1ser, el mecanizado CNC y la soldadura robotizada ayudan a conseguir la precisi\u00f3n necesaria, pero requieren una inversi\u00f3n significativa en tecnolog\u00eda y mano de obra cualificada, un reto que SMF supera e   <\/p>\n<h3>Podemos satisfacer tus complejos requisitos de dise\u00f1o<\/h3>\n<p>Los componentes de las energ\u00edas renovables requieren conocimientos avanzados de ingenier\u00eda y t\u00e9cnicas de fabricaci\u00f3n innovadoras. El personal bien formado de SMF cumple un estricto control de calidad y aplica las estrechas tolerancias que necesita la industria energ\u00e9tica. <\/p>\n<h3>Nuestra mano de obra cualificada puede fabricar los componentes que necesitas<\/h3>\n<p>Nuestra historia se remonta a 1972. Inicialmente \u00e9ramos una planta de fabricaci\u00f3n de metales, pero ahora somos una empresa de servicios completos de fabricaci\u00f3n y mecanizado con un total combinado de 240.000 pies cuadrados de instalaciones en dos estados. Algunos de los procesos de fabricaci\u00f3n de metal que realizamos son:  <\/p>\n<ul class=\"col-3\">\n<li><a href=\"https:\/\/smf-inc.com\/precision-machining-charleston-sc\/\">Mecanizado<\/a><\/li>\n<li><a href=\"https:\/\/smf-inc.com\/laser-cutting-peoria-il\/\">Corte por l\u00e1ser<\/a><\/li>\n<li><a href=\"https:\/\/smf-inc.com\/capabilities\/forming\/\">Formando<\/a><\/li>\n<li><a href=\"https:\/\/smf-inc.com\/what-is-the-purpose-of-powder-coating\/\">Recubrimiento en polvo<\/a><\/li>\n<li><a href=\"https:\/\/smf-inc.com\/mechanical-assembly-rock-hill-sc\/\">Montaje<\/a><\/li>\n<li><a href=\"https:\/\/smf-inc.com\/capabilities\/saw-cutting\/\">Corte con sierra<\/a><\/li>\n<li><a href=\"https:\/\/smf-inc.com\/capabilities\/blasting\/\">Voladura<\/a><\/li>\n<\/ul>\n<div class=\"left-img\"><img loading=\"lazy\" decoding=\"async\" class=\"alignnone\" src=\"https:\/\/smf-inc.com\/wp-content\/uploads\/2025\/01\/finishing-metal-working-on-high-precision-grinding-machine-in-workshop.webp\" alt=\"Se ve un trabajo de metal en curso. SMF realiza trabajos de fabricaci\u00f3n met\u00e1lica para energ\u00edas renovables.\" width=\"500\" height=\"350\" title=\"\"><\/div>\n<h3>Hablemos de tus proyectos de energ\u00edas renovables<\/h3>\n<p>Si est\u00e1s interesado en la fabricaci\u00f3n de metal para energ\u00edas renovables, o en cualquiera de nuestros otros servicios de fabricaci\u00f3n y mecanizado, llama hoy a SMF al <a href=\"tel:3094322586\">309-432-2586<\/a> en Illinois o al<br \/>\n<a href=\"tel:8642260470\">864-226-0470<\/a> en Carolina del Sur. Prestamos servicios a clientes de todo Estados Unidos.<\/p>\n","protected":false},"excerpt":{"rendered":"<p>Somos los expertos en fabricaci\u00f3n met\u00e1lica al servicio del sector de las energ\u00edas renovables A medida que el mundo se orienta hacia soluciones energ\u00e9ticas sostenibles, la fabricaci\u00f3n de metales desempe\u00f1a un papel crucial en el desarrollo y mantenimiento de infraestructuras de energ\u00edas renovables. Ya se trate de turbinas e\u00f3licas, soportes de paneles solares o componentes &hellip; <a href=\"https:\/\/smf-inc.com\/es\/fabricacion-de-metales-para-energias-renovables\/\" class=\"more-link\">Continue reading <span class=\"screen-reader-text\">Fabricaci\u00f3n de metales para energ\u00edas renovables<\/span><\/a><\/p>\n","protected":false},"author":2,"featured_media":2817,"parent":0,"menu_order":0,"comment_status":"closed","ping_status":"closed","template":"","meta":{"_acf_changed":false,"inline_featured_image":false,"footnotes":""},"class_list":["post-2822","page","type-page","status-publish","has-post-thumbnail","hentry"],"acf":[],"_links":{"self":[{"href":"https:\/\/smf-inc.com\/es\/wp-json\/wp\/v2\/pages\/2822","targetHints":{"allow":["GET"]}}],"collection":[{"href":"https:\/\/smf-inc.com\/es\/wp-json\/wp\/v2\/pages"}],"about":[{"href":"https:\/\/smf-inc.com\/es\/wp-json\/wp\/v2\/types\/page"}],"author":[{"embeddable":true,"href":"https:\/\/smf-inc.com\/es\/wp-json\/wp\/v2\/users\/2"}],"replies":[{"embeddable":true,"href":"https:\/\/smf-inc.com\/es\/wp-json\/wp\/v2\/comments?post=2822"}],"version-history":[{"count":4,"href":"https:\/\/smf-inc.com\/es\/wp-json\/wp\/v2\/pages\/2822\/revisions"}],"predecessor-version":[{"id":2848,"href":"https:\/\/smf-inc.com\/es\/wp-json\/wp\/v2\/pages\/2822\/revisions\/2848"}],"wp:featuredmedia":[{"embeddable":true,"href":"https:\/\/smf-inc.com\/es\/wp-json\/wp\/v2\/media\/2817"}],"wp:attachment":[{"href":"https:\/\/smf-inc.com\/es\/wp-json\/wp\/v2\/media?parent=2822"}],"curies":[{"name":"wp","href":"https:\/\/api.w.org\/{rel}","templated":true}]}}