{"id":2812,"date":"2025-01-31T05:14:38","date_gmt":"2025-01-31T05:14:38","guid":{"rendered":"https:\/\/smf-inc.com\/fabricacion-de-metales-para-la-generacion-de-energia\/"},"modified":"2025-02-01T18:11:38","modified_gmt":"2025-02-01T18:11:38","slug":"fabricacion-de-metales-para-la-generacion-de-energia","status":"publish","type":"page","link":"https:\/\/smf-inc.com\/es\/fabricacion-de-metales-para-la-generacion-de-energia\/","title":{"rendered":"Fabricaci\u00f3n de metales para la generaci\u00f3n de energ\u00eda"},"content":{"rendered":"<h3>\u00bfFabricas equipos de generaci\u00f3n de energ\u00eda?<\/h3>\n<p>\u00bfBuscas una empresa capaz de fabricar metal para la generaci\u00f3n de energ\u00eda? Cuando se trata de generaci\u00f3n de energ\u00eda, la precisi\u00f3n, la durabilidad y la fiabilidad son esenciales. Tanto si te dedicas a la producci\u00f3n de energ\u00eda f\u00f3sil, nuclear, hidroel\u00e9ctrica, e\u00f3lica o solar, disponer de los componentes met\u00e1licos adecuados puede marcar la diferencia. Elegir una empresa de fabricaci\u00f3n met\u00e1lica cualificada para producir las piezas y estructuras necesarias para tu proyecto es una decisi\u00f3n crucial. Llama hoy a SMF al <a href=\"tel:3094322586\">309-432-2586<\/a> en Illinois o <a href=\"tel:8642260470\">al 864-226-0470<\/a> en Carolina del Sur.    <\/p>\n<h3>Por qu\u00e9 es importante la fabricaci\u00f3n de metales en la generaci\u00f3n de energ\u00eda<\/h3>\n<p>Las instalaciones de generaci\u00f3n de energ\u00eda conf\u00edan en la fabricaci\u00f3n de metales para una amplia gama de aplicaciones, entre las que se incluyen:<\/p>\n<ul>\n<li><strong>Componentes de turbinas<\/strong> &#8211; Las turbinas de vapor, gas y viento requieren piezas dise\u00f1adas con precisi\u00f3n para mantener la eficiencia.<\/li>\n<li>Estructuras <strong>estructurales<\/strong> &#8211; Las centrales el\u00e9ctricas necesitan estructuras fuertes de acero y aluminio para soportar equipos pesados.<\/li>\n<li><strong>Sistemas de tuber\u00edas<\/strong> &#8211; Los entornos de alta presi\u00f3n y alta temperatura requieren tuber\u00edas soldadas y fabricadas por expertos.<\/li>\n<li><strong>Intercambiadores de calor<\/strong> &#8211; La carpinter\u00eda met\u00e1lica a medida garantiza una disipaci\u00f3n eficaz del calor en los sistemas de refrigeraci\u00f3n y calefacci\u00f3n.<\/li>\n<li><strong>Bastidores de paneles solares y componentes de torres e<\/strong> \u00f3licas: las fuentes de energ\u00eda renovables dependen de estructuras met\u00e1licas de alta calidad para maximizar su rendimiento.<\/li>\n<\/ul>\n<h3>Tenemos experiencia y conocimientos del sector<\/h3>\n<p>Dada la naturaleza cr\u00edtica de estas aplicaciones, seleccionar una empresa de fabricaci\u00f3n de metal con experiencia en el sector energ\u00e9tico es vital. No todas las empresas de fabricaci\u00f3n met\u00e1lica tienen experiencia en la generaci\u00f3n de energ\u00eda. Pero en SMF entendemos los retos exclusivos del sector, como las temperaturas extremas, la resistencia a la corrosi\u00f3n y la elevada tensi\u00f3n mec\u00e1nica. Somos una empresa con un historial probado de trabajo con centrales el\u00e9ctricas, proyectos de energ\u00edas renovables y empresas de servicios p\u00fablicos.   <\/p>\n<h3>SMF Ofrece Una Gama Completa De Servicios De Fabricaci\u00f3n De Metales<\/h3>\n<p>Somos un verdadero taller de metalister\u00eda integral. Los tipos de servicios de carpinter\u00eda met\u00e1lica que realizamos incluyen: <\/p>\n<ul class=\"col-3\">\n<li><a href=\"https:\/\/smf-inc.com\/precision-machining-greenville-sc\/\">Mecanizado<\/a><\/li>\n<li><a href=\"https:\/\/smf-inc.com\/laser-cutting-greenville-sc\/\">Corte por l\u00e1ser<\/a><\/li>\n<li><a href=\"https:\/\/smf-inc.com\/capabilities\/forming\/\">Formando<\/a><\/li>\n<li><a href=\"https:\/\/smf-inc.com\/what-is-the-purpose-of-powder-coating\/\">Recubrimiento en polvo<\/a><\/li>\n<li><a href=\"https:\/\/smf-inc.com\/mechanical-assembly-springfield-il\/\">Montaje<\/a><\/li>\n<li><a href=\"https:\/\/smf-inc.com\/capabilities\/saw-cutting\/\">Corte con sierra<\/a><\/li>\n<li><a href=\"https:\/\/smf-inc.com\/capabilities\/blasting\/\">Voladura<\/a><\/li>\n<\/ul>\n<div class=\"left-img\"><img loading=\"lazy\" decoding=\"async\" class=\"alignnone\" src=\"https:\/\/smf-inc.com\/wp-content\/uploads\/2025\/01\/close-up-hand-professional-heavy-industry-workers-wearing-safety-suits-using-angle-grinders.webp\" alt=\"Fabricaci\u00f3n de metales para la generaci\u00f3n de energ\u00eda\" width=\"500\" height=\"350\" title=\"\"><\/div>\n<h3>\u00bfPor qu\u00e9 elegir SMF?<\/h3>\n<p>Empezamos en 1972 como una planta de fabricaci\u00f3n de metal, ahora somos una empresa de fabricaci\u00f3n y mecanizado de servicio completo con un total combinado de 240.000 pies cuadrados de espacio de instalaciones. Servimos a muchos clientes de Fortune 500 en todo el pa\u00eds. <\/p>\n<h3>Hablemos de tus proyectos de fabricaci\u00f3n<\/h3>\n<p>Si est\u00e1s interesado en la fabricaci\u00f3n de metal para la generaci\u00f3n de energ\u00eda, o en cualquiera de nuestros otros servicios de fabricaci\u00f3n y mecanizado, llama hoy a SMF al <a href=\"tel:3094322586\">309-432-2586<\/a> en Illinois o al<br \/>\n<a href=\"tel:8642260470\">864-226-0470<\/a> en Carolina del Sur. Prestamos servicios a clientes de todo Estados Unidos.<\/p>\n","protected":false},"excerpt":{"rendered":"<p>\u00bfFabricas equipos de generaci\u00f3n de energ\u00eda? \u00bfBuscas una empresa capaz de fabricar metal para la generaci\u00f3n de energ\u00eda? Cuando se trata de generaci\u00f3n de energ\u00eda, la precisi\u00f3n, la durabilidad y la fiabilidad son esenciales. Tanto si te dedicas a la producci\u00f3n de energ\u00eda f\u00f3sil, nuclear, hidroel\u00e9ctrica, e\u00f3lica o solar, disponer de los componentes met\u00e1licos adecuados &hellip; <a href=\"https:\/\/smf-inc.com\/es\/fabricacion-de-metales-para-la-generacion-de-energia\/\" class=\"more-link\">Continue reading <span class=\"screen-reader-text\">Fabricaci\u00f3n de metales para la generaci\u00f3n de energ\u00eda<\/span><\/a><\/p>\n","protected":false},"author":2,"featured_media":2808,"parent":0,"menu_order":0,"comment_status":"closed","ping_status":"closed","template":"","meta":{"_acf_changed":false,"inline_featured_image":false,"footnotes":""},"class_list":["post-2812","page","type-page","status-publish","has-post-thumbnail","hentry"],"acf":[],"_links":{"self":[{"href":"https:\/\/smf-inc.com\/es\/wp-json\/wp\/v2\/pages\/2812","targetHints":{"allow":["GET"]}}],"collection":[{"href":"https:\/\/smf-inc.com\/es\/wp-json\/wp\/v2\/pages"}],"about":[{"href":"https:\/\/smf-inc.com\/es\/wp-json\/wp\/v2\/types\/page"}],"author":[{"embeddable":true,"href":"https:\/\/smf-inc.com\/es\/wp-json\/wp\/v2\/users\/2"}],"replies":[{"embeddable":true,"href":"https:\/\/smf-inc.com\/es\/wp-json\/wp\/v2\/comments?post=2812"}],"version-history":[{"count":7,"href":"https:\/\/smf-inc.com\/es\/wp-json\/wp\/v2\/pages\/2812\/revisions"}],"predecessor-version":[{"id":2838,"href":"https:\/\/smf-inc.com\/es\/wp-json\/wp\/v2\/pages\/2812\/revisions\/2838"}],"wp:featuredmedia":[{"embeddable":true,"href":"https:\/\/smf-inc.com\/es\/wp-json\/wp\/v2\/media\/2808"}],"wp:attachment":[{"href":"https:\/\/smf-inc.com\/es\/wp-json\/wp\/v2\/media?parent=2812"}],"curies":[{"name":"wp","href":"https:\/\/api.w.org\/{rel}","templated":true}]}}