{"id":2781,"date":"2024-12-31T06:37:32","date_gmt":"2024-12-31T06:37:32","guid":{"rendered":"https:\/\/smf-inc.com\/fabricacion-de-chapa-metalica-columbia-sc\/"},"modified":"2025-01-31T05:07:37","modified_gmt":"2025-01-31T05:07:37","slug":"fabricacion-de-chapa-metalica-columbia-sc","status":"publish","type":"page","link":"https:\/\/smf-inc.com\/es\/fabricacion-de-chapa-metalica-columbia-sc\/","title":{"rendered":"Fabricaci\u00f3n de chapa met\u00e1lica Columbia SC"},"content":{"rendered":"<h3>Avances en la fabricaci\u00f3n de chapas met\u00e1licas<\/h3>\n<p>La fabricaci\u00f3n de chapa met\u00e1lica, piedra angular de la fabricaci\u00f3n moderna, ha experimentado notables avances en los \u00faltimos a\u00f1os. Desde tecnolog\u00edas innovadoras hasta pr\u00e1cticas respetuosas con el medio ambiente, estos avances est\u00e1n transformando la forma en que las industrias enfocan la producci\u00f3n. Ya se trate de la automoci\u00f3n, la industria aeroespacial, la construcci\u00f3n o los bienes de consumo, las \u00faltimas tendencias en fabricaci\u00f3n de chapa met\u00e1lica prometen una mayor eficacia, precisi\u00f3n y sostenibilidad. Si buscas una excelente fabricaci\u00f3n de chapa met\u00e1lica en Columbia SC, llama a SMF al <a href=\"tel:8642260470\">864-226-0470<\/a>.   <\/p>\n<h4>Automatizaci\u00f3n avanzada y fabricaci\u00f3n inteligente<\/h4>\n<p>Uno de los cambios m\u00e1s significativos en la fabricaci\u00f3n de chapa met\u00e1lica es la integraci\u00f3n de la automatizaci\u00f3n y los sistemas de fabricaci\u00f3n inteligentes. La maquinaria automatizada, como las m\u00e1quinas CNC (Control Num\u00e9rico por Ordenador) y los brazos rob\u00f3ticos, nos permiten completar tu pedido de forma m\u00e1s r\u00e1pida y eficaz, y con mayor calidad que nunca. Estas herramientas mejoran la precisi\u00f3n al tiempo que reducen significativamente los tiempos de producci\u00f3n.  <\/p>\n<h4>Nuestros servicios avanzados de fabricaci\u00f3n de chapa met\u00e1lica<\/h4>\n<p>Nuestros avanzados servicios de fabricaci\u00f3n de chapas met\u00e1licas abarcan una serie de procesos especializados, entre los que se incluyen:<\/p>\n<ul class=\"col-3\">\n<li><a href=\"https:\/\/smf-inc.com\/capabilities\/forming\/\">Moldear y dar forma<\/a><\/li>\n<li><a href=\"https:\/\/smf-inc.com\/welding-service-south-carolina\/\">Soldadura<\/a><\/li>\n<li><a href=\"https:\/\/smf-inc.com\/precision-machining-greenville-sc\/\">Mecanizado<\/a><\/li>\n<li><a href=\"https:\/\/smf-inc.com\/mechanical-assembly-greenville-sc\/\">Montaje<\/a><\/li>\n<li><a href=\"https:\/\/smf-inc.com\/sheet-metal-fabrication-south-carolina\/\">Acabado<\/a><\/li>\n<li><a href=\"https:\/\/smf-inc.com\/capabilities\/powder-coating\/\">Recubrimiento en polvo<\/a><\/li>\n<li><a href=\"https:\/\/smf-inc.com\/capabilities\/blasting\/\">Voladura<\/a><\/li>\n<\/ul>\n<h4>Traemos el futuro de la fabricaci\u00f3n de chapa met\u00e1lica<\/h4>\n<p>Los \u00faltimos avances en la fabricaci\u00f3n de chapa met\u00e1lica est\u00e1n allanando el camino hacia un futuro en el que la precisi\u00f3n, la velocidad y la sostenibilidad vayan de la mano. Con los continuos avances en automatizaci\u00f3n, materiales y pr\u00e1cticas ecol\u00f3gicas, estamos bien equipados para satisfacer las demandas de la fabricaci\u00f3n moderna. <\/p>\n<h4>Nos tomamos en serio el control de calidad<\/h4>\n<p>Todo lo que fabricamos se somete a controles de calidad para cumplir tanto las normas del sector como tus especificaciones. Nuestros cualificados t\u00e9cnicos se enorgullecen de nuestra capacidad para <a href=\"\">cumplir tolerancias estrictas<\/a> y tus exigentes especificaciones. Por ello, podemos adaptarnos a dise\u00f1os personalizados y especificaciones \u00fanicas en sectores que exigen altos niveles de personalizaci\u00f3n. Los miembros de nuestro equipo, altamente cualificados, aportan una amplia experiencia a cada proyecto, garantizando que cada pieza cumpla nuestras elevadas normas de calidad.   <\/p>\n<div class=\"left-img\"><img loading=\"lazy\" decoding=\"async\" class=\"alignnone\" src=\"https:\/\/smf-inc.com\/wp-content\/uploads\/2024\/12\/industrial-laser-with-sparks.webp\" alt=\"Se ve una cortadora l\u00e1ser cortando una chapa. SMF ofrece fabricaci\u00f3n de chapas met\u00e1licas en Columbia SC.\" width=\"500\" height=\"350\" title=\"\"><\/div>\n<h4>Hablemos de chapas met\u00e1licas<\/h4>\n<p>Estamos aqu\u00ed para todas tus necesidades de fabricaci\u00f3n de chapa met\u00e1lica. Si est\u00e1s interesado en nuestra fabricaci\u00f3n de chapa met\u00e1lica en Columbia SC, o en cualquiera de nuestros otros servicios de metalurgia y mecanizado, llama a SMF al <a href=\"tel:8642260470\">864-226-0470<\/a>.  Prestamos servicios a clientes de todo Estados Unidos.<\/p>\n","protected":false},"excerpt":{"rendered":"<p>Avances en la fabricaci\u00f3n de chapas met\u00e1licas La fabricaci\u00f3n de chapa met\u00e1lica, piedra angular de la fabricaci\u00f3n moderna, ha experimentado notables avances en los \u00faltimos a\u00f1os. Desde tecnolog\u00edas innovadoras hasta pr\u00e1cticas respetuosas con el medio ambiente, estos avances est\u00e1n transformando la forma en que las industrias enfocan la producci\u00f3n. Ya se trate de la automoci\u00f3n, &hellip; <a href=\"https:\/\/smf-inc.com\/es\/fabricacion-de-chapa-metalica-columbia-sc\/\" class=\"more-link\">Continue reading <span class=\"screen-reader-text\">Fabricaci\u00f3n de chapa met\u00e1lica Columbia SC<\/span><\/a><\/p>\n","protected":false},"author":2,"featured_media":2779,"parent":0,"menu_order":0,"comment_status":"closed","ping_status":"closed","template":"","meta":{"_acf_changed":false,"inline_featured_image":false,"footnotes":""},"class_list":["post-2781","page","type-page","status-publish","has-post-thumbnail","hentry"],"acf":[],"_links":{"self":[{"href":"https:\/\/smf-inc.com\/es\/wp-json\/wp\/v2\/pages\/2781","targetHints":{"allow":["GET"]}}],"collection":[{"href":"https:\/\/smf-inc.com\/es\/wp-json\/wp\/v2\/pages"}],"about":[{"href":"https:\/\/smf-inc.com\/es\/wp-json\/wp\/v2\/types\/page"}],"author":[{"embeddable":true,"href":"https:\/\/smf-inc.com\/es\/wp-json\/wp\/v2\/users\/2"}],"replies":[{"embeddable":true,"href":"https:\/\/smf-inc.com\/es\/wp-json\/wp\/v2\/comments?post=2781"}],"version-history":[{"count":5,"href":"https:\/\/smf-inc.com\/es\/wp-json\/wp\/v2\/pages\/2781\/revisions"}],"predecessor-version":[{"id":2805,"href":"https:\/\/smf-inc.com\/es\/wp-json\/wp\/v2\/pages\/2781\/revisions\/2805"}],"wp:featuredmedia":[{"embeddable":true,"href":"https:\/\/smf-inc.com\/es\/wp-json\/wp\/v2\/media\/2779"}],"wp:attachment":[{"href":"https:\/\/smf-inc.com\/es\/wp-json\/wp\/v2\/media?parent=2781"}],"curies":[{"name":"wp","href":"https:\/\/api.w.org\/{rel}","templated":true}]}}