{"id":2771,"date":"2024-12-31T05:55:36","date_gmt":"2024-12-31T05:55:36","guid":{"rendered":"https:\/\/smf-inc.com\/fabricacion-de-chapa-metalica-greenville-sc\/"},"modified":"2025-01-31T05:06:55","modified_gmt":"2025-01-31T05:06:55","slug":"fabricacion-de-chapa-metalica-greenville-sc","status":"publish","type":"page","link":"https:\/\/smf-inc.com\/es\/fabricacion-de-chapa-metalica-greenville-sc\/","title":{"rendered":"Fabricaci\u00f3n de chapa met\u00e1lica Greenville SC"},"content":{"rendered":"<h3>Innovaciones en la fabricaci\u00f3n de chapas met\u00e1licas<\/h3>\n<p>La fabricaci\u00f3n de chapa met\u00e1lica ha experimentado notables avances en los \u00faltimos a\u00f1os, revolucionando sectores que van desde la construcci\u00f3n a la fabricaci\u00f3n de autom\u00f3viles. Con <a href=\"https:\/\/smf-inc.com\/what-techniques-are-used-for-metal-fabrication\/\">tecnolog\u00edas de vanguardia<\/a> y t\u00e9cnicas modernas, la fabricaci\u00f3n de chapa met\u00e1lica es ahora m\u00e1s r\u00e1pida, eficiente y precisa que nunca. En SMF, estamos a la vanguardia de estas innovaciones, proporcionando soluciones inigualables para todas tus necesidades de fabricaci\u00f3n. Si necesitas fabricaci\u00f3n de chapa en Greenville SC, ll\u00e1manos hoy al <a href=\"tel:8642260470\">864-226-0470<\/a>.   <\/p>\n<h3>Los \u00faltimos avances en la fabricaci\u00f3n de chapas met\u00e1licas<\/h3>\n<p>SMF es l\u00edder en la fabricaci\u00f3n de chapas met\u00e1licas. Seguimos encontrando nuevas formas de servir a nuestros clientes con servicios m\u00e1s r\u00e1pidos y mejores. Algunas de nuestras ofertas incluyen:  <\/p>\n<ul class=\"overflow\">\n<li><strong>Automatizaci\u00f3n y rob\u00f3tica &#8211; <\/strong>La automatizaci\u00f3n ha transformado el proceso de fabricaci\u00f3n de chapa met\u00e1lica, permitiendo una mayor velocidad y precisi\u00f3n. Los <a href=\"https:\/\/smf-inc.com\/industry\/automation-robotics\/\">sistemas rob\u00f3ticos<\/a> se utilizan ahora habitualmente para tareas como la soldadura, el corte y el montaje. Estos sistemas no s\u00f3lo mejoran la precisi\u00f3n, sino que tambi\u00e9n reducen los tiempos de producci\u00f3n y minimizan los residuos, lo que supone un ahorro de costes para las empresas. <\/li>\n<li><strong>Tecnolog\u00eda de corte por l\u00e1ser &#8211; <\/strong><a href=\"https:\/\/smf-inc.com\/laser-cutting-greenville-sc\/\">El corte por l\u00e1ser<\/a> es una de las innovaciones m\u00e1s significativas en la fabricaci\u00f3n de chapa met\u00e1lica. Esta tecnolog\u00eda utiliza l\u00e1seres de alta potencia para cortar metal con extrema precisi\u00f3n, permitiendo dise\u00f1os intrincados y formas complejas. El corte por l\u00e1ser tambi\u00e9n es m\u00e1s r\u00e1pido y eficiente energ\u00e9ticamente que los m\u00e9todos tradicionales, por lo que es la opci\u00f3n preferida de muchas industrias.  <\/li>\n<li><strong>Mecanizado CNC &#8211; <\/strong>El mecanizado por Control Num\u00e9rico Computarizado (CNC) ha revolucionado la forma de fabricar chapa met\u00e1lica. Las m\u00e1quinas CNC utilizan programas inform\u00e1ticos para controlar las herramientas y el equipo, garantizando una calidad y precisi\u00f3n constantes. Desde el punzonado y plegado hasta el conformado y acabado, la tecnolog\u00eda CNC agiliza todo el proceso de fabricaci\u00f3n.  <\/li>\n<\/ul>\n<h3>Nos concentramos en la precisi\u00f3n y la calidad<\/h3>\n<p>Con las herramientas y t\u00e9cnicas avanzadas que utilizamos, la fabricaci\u00f3n actual de chapa met\u00e1lica ofrece una precisi\u00f3n sin igual. Esto garantiza resultados de alta calidad que cumplen las especificaciones exactas, incluso en los proyectos m\u00e1s complejos. <\/p>\n<h3>Las nuevas tecnolog\u00edas mejoran la rentabilidad<\/h3>\n<div class=\"right-img\"><img loading=\"lazy\" decoding=\"async\" class=\"alignnone\" src=\"https:\/\/smf-inc.com\/wp-content\/uploads\/2024\/12\/bending-sheet-metal.webp\" alt=\"Se ve a un trabajador del metal trabajando. SMF realiza fabricaci\u00f3n de chapas met\u00e1licas en Greenville SC.\" width=\"500\" height=\"350\" title=\"\"><\/div>\n<p>Las tecnolog\u00edas innovadoras que utilizamos reducen los costes de mano de obra, minimizan el desperdicio de material y mejoran la eficacia. Estos ahorros repercuten en nuestros clientes, lo que hace que la fabricaci\u00f3n moderna de chapa met\u00e1lica sea una soluci\u00f3n rentable. Ponte en contacto con nosotros hoy mismo para obtener m\u00e1s informaci\u00f3n sobre nuestros innovadores servicios de fabricaci\u00f3n de chapa met\u00e1lica. Deja que te ayudemos a dar vida a tus ideas con precisi\u00f3n, eficacia y calidad. <\/p>\n<h3>Hablemos de tus proyectos<\/h3>\n<p>Si est\u00e1s interesado en nuestra fabricaci\u00f3n de chapas met\u00e1licas en Greenville SC, o en cualquiera de nuestros otros <a href=\"https:\/\/smf-inc.com\/precision-machining-greenville-sc\/\">servicios de<\/a> fabricaci\u00f3n y <a href=\"https:\/\/smf-inc.com\/precision-machining-greenville-sc\/\">mecanizado<\/a>, llama a SMF al <a href=\"tel:8642260470\">864-226-0470<\/a>. Tenemos capacidad para atender a clientes de todo Estados Unidos.<\/p>\n","protected":false},"excerpt":{"rendered":"<p>Innovaciones en la fabricaci\u00f3n de chapas met\u00e1licas La fabricaci\u00f3n de chapa met\u00e1lica ha experimentado notables avances en los \u00faltimos a\u00f1os, revolucionando sectores que van desde la construcci\u00f3n a la fabricaci\u00f3n de autom\u00f3viles. Con tecnolog\u00edas de vanguardia y t\u00e9cnicas modernas, la fabricaci\u00f3n de chapa met\u00e1lica es ahora m\u00e1s r\u00e1pida, eficiente y precisa que nunca. En SMF, &hellip; <a href=\"https:\/\/smf-inc.com\/es\/fabricacion-de-chapa-metalica-greenville-sc\/\" class=\"more-link\">Continue reading <span class=\"screen-reader-text\">Fabricaci\u00f3n de chapa met\u00e1lica Greenville SC<\/span><\/a><\/p>\n","protected":false},"author":2,"featured_media":2769,"parent":0,"menu_order":0,"comment_status":"closed","ping_status":"closed","template":"","meta":{"_acf_changed":false,"inline_featured_image":false,"footnotes":""},"class_list":["post-2771","page","type-page","status-publish","has-post-thumbnail","hentry"],"acf":[],"_links":{"self":[{"href":"https:\/\/smf-inc.com\/es\/wp-json\/wp\/v2\/pages\/2771","targetHints":{"allow":["GET"]}}],"collection":[{"href":"https:\/\/smf-inc.com\/es\/wp-json\/wp\/v2\/pages"}],"about":[{"href":"https:\/\/smf-inc.com\/es\/wp-json\/wp\/v2\/types\/page"}],"author":[{"embeddable":true,"href":"https:\/\/smf-inc.com\/es\/wp-json\/wp\/v2\/users\/2"}],"replies":[{"embeddable":true,"href":"https:\/\/smf-inc.com\/es\/wp-json\/wp\/v2\/comments?post=2771"}],"version-history":[{"count":3,"href":"https:\/\/smf-inc.com\/es\/wp-json\/wp\/v2\/pages\/2771\/revisions"}],"predecessor-version":[{"id":2802,"href":"https:\/\/smf-inc.com\/es\/wp-json\/wp\/v2\/pages\/2771\/revisions\/2802"}],"wp:featuredmedia":[{"embeddable":true,"href":"https:\/\/smf-inc.com\/es\/wp-json\/wp\/v2\/media\/2769"}],"wp:attachment":[{"href":"https:\/\/smf-inc.com\/es\/wp-json\/wp\/v2\/media?parent=2771"}],"curies":[{"name":"wp","href":"https:\/\/api.w.org\/{rel}","templated":true}]}}