{"id":2718,"date":"2024-11-20T04:25:57","date_gmt":"2024-11-20T04:25:57","guid":{"rendered":"https:\/\/smf-inc.com\/fabricacion-de-chapas-metalicas-rock-hill-sc\/"},"modified":"2025-07-16T12:48:04","modified_gmt":"2025-07-16T12:48:04","slug":"fabricacion-de-chapas-metalicas-rock-hill-sc","status":"publish","type":"page","link":"https:\/\/smf-inc.com\/es\/fabricacion-de-chapas-metalicas-rock-hill-sc\/","title":{"rendered":"Fabricaci\u00f3n de chapas met\u00e1licas Rock Hill SC"},"content":{"rendered":"<h3>Estamos Aqu\u00ed Para Tus Necesidades De Fabricaci\u00f3n Avanzada De Chapa Met\u00e1lica<\/h3>\n<p>En SMF estamos especializados en la fabricaci\u00f3n avanzada de chapas met\u00e1licas, proporcionando soluciones personalizadas con tecnolog\u00eda punta y una precisi\u00f3n sin igual. Nuestros servicios avanzados de fabricaci\u00f3n est\u00e1n dirigidos a sectores que requieren componentes de chapa met\u00e1lica de alta calidad, duraderos y fiables. Centr\u00e1ndonos en la eficacia, la personalizaci\u00f3n y la artesan\u00eda superior, damos vida a tus dise\u00f1os. Algunos de los procesos que utilizamos son <a href=\"https:\/\/smf-inc.com\/plasma-cutting-rock-hill-sc\/\">el corte por plasma<\/a>, el <a href=\"https:\/\/smf-inc.com\/laser-cutting-rock-hill-sc\/\">corte por l\u00e1ser<\/a>, el <a href=\"https:\/\/smf-inc.com\/capabilities\/machining\/\">mecanizado CNC<\/a>, la <a href=\"https:\/\/smf-inc.com\/sheet-metal-fabrication-rock-hill-sc\/\">soldadura<\/a>, el plegado y el acabado. Desde prototipos hasta producci\u00f3n de gran volumen, tenemos la experiencia y la tecnolog\u00eda necesarias para satisfacer las necesidades exactas de tu proyecto.     Si est\u00e1s listo para iniciar un proyecto de fabricaci\u00f3n de chapa met\u00e1lica en Rock Hill SC, llama a SMF al 864-226-0470.<\/p>\n<h3>\u00bfQu\u00e9 es la fabricaci\u00f3n avanzada de chapa met\u00e1lica?<\/h3>\n<p><a href=\"https:\/\/smf-inc.com\/what-are-the-types-of-metal-fabrication\/\">La fabricaci\u00f3n<\/a> avanzada de chapa met\u00e1lica va m\u00e1s all\u00e1 de la metalister\u00eda b\u00e1sica al utilizar t\u00e9cnicas modernas y equipos sofisticados para lograr dise\u00f1os precisos y complejos. Utilizando m\u00e9todos de fabricaci\u00f3n avanzados, podemos crear componentes con detalles intrincados, tolerancias espec\u00edficas y acabados de alta calidad, independientemente de la complejidad del proyecto. En SMF, nuestro proceso admite una amplia variedad de materiales, como acero inoxidable, aluminio y acero al carbono, garantizando que cada pieza que producimos cumpla tus requisitos de rendimiento, resistencia y est\u00e9tica.  <\/p>\n<h3>Pregunta por nuestros servicios avanzados de fabricaci\u00f3n de chapa met\u00e1lica<\/h3>\n<p>Nuestros avanzados servicios de fabricaci\u00f3n de chapas met\u00e1licas abarcan una serie de procesos especializados, entre los que se incluyen:<\/p>\n<ul class=\"col-2\">\n<li>Moldear y dar forma<\/li>\n<li>Soldadura<\/li>\n<li>Mecanizado<\/li>\n<li>Montaje .<\/li>\n<li>Acabado<\/li>\n<li>Recubrimiento en polvo<\/li>\n<li>Voladura<\/li>\n<\/ul>\n<div class=\"left-img\"><img loading=\"lazy\" decoding=\"async\" class=\"alignnone\" src=\"https:\/\/smf-inc.com\/wp-content\/uploads\/2024\/11\/rolls-of-steel-sheetjpg.webp\" alt=\"Se ven rollos de chapa en una f\u00e1brica. SMF realiza la fabricaci\u00f3n de chapas met\u00e1licas en Rock Hill SC.  \" width=\"500\" height=\"350\" title=\"\"><\/div>\n<h3>Nuestra calidad es insuperable<\/h3>\n<p>Cada pieza que producimos se somete a rigurosos controles de calidad para cumplir tanto las normas del sector como tus especificaciones, garantizando la fiabilidad y precisi\u00f3n de cada componente. Estamos orgullosos de nuestra capacidad para cumplir tolerancias estrictas. Con nuestros avanzados m\u00e9todos de fabricaci\u00f3n, podemos adaptarnos a dise\u00f1os personalizados y especificaciones \u00fanicas, apoyando a industrias que exigen altos niveles de personalizaci\u00f3n. Nuestros cualificados ingenieros y t\u00e9cnicos aportan a\u00f1os de experiencia a cada proyecto, garantizando que cada pieza cumpla nuestros elevados est\u00e1ndares de calidad.   <\/p>\n<h3 class=\"clr\">\u00a1Estamos listos para dar vida a tu proyecto!<\/h3>\n<p>Si est\u00e1s listo para iniciar un proyecto de fabricaci\u00f3n de chapa met\u00e1lica en Rock Hill SC, llama a SMF al <a href=\"tel:8642260470\">864-226-0470<\/a>. Tenemos capacidad para atender a clientes de todo Estados Unidos.<\/p>\n","protected":false},"excerpt":{"rendered":"<p>Estamos Aqu\u00ed Para Tus Necesidades De Fabricaci\u00f3n Avanzada De Chapa Met\u00e1lica En SMF estamos especializados en la fabricaci\u00f3n avanzada de chapas met\u00e1licas, proporcionando soluciones personalizadas con tecnolog\u00eda punta y una precisi\u00f3n sin igual. Nuestros servicios avanzados de fabricaci\u00f3n est\u00e1n dirigidos a sectores que requieren componentes de chapa met\u00e1lica de alta calidad, duraderos y fiables. Centr\u00e1ndonos &hellip; <a href=\"https:\/\/smf-inc.com\/es\/fabricacion-de-chapas-metalicas-rock-hill-sc\/\" class=\"more-link\">Continue reading <span class=\"screen-reader-text\">Fabricaci\u00f3n de chapas met\u00e1licas Rock Hill SC<\/span><\/a><\/p>\n","protected":false},"author":2,"featured_media":2693,"parent":0,"menu_order":0,"comment_status":"closed","ping_status":"closed","template":"","meta":{"_acf_changed":false,"inline_featured_image":false,"footnotes":""},"class_list":["post-2718","page","type-page","status-publish","has-post-thumbnail","hentry"],"acf":[],"_links":{"self":[{"href":"https:\/\/smf-inc.com\/es\/wp-json\/wp\/v2\/pages\/2718","targetHints":{"allow":["GET"]}}],"collection":[{"href":"https:\/\/smf-inc.com\/es\/wp-json\/wp\/v2\/pages"}],"about":[{"href":"https:\/\/smf-inc.com\/es\/wp-json\/wp\/v2\/types\/page"}],"author":[{"embeddable":true,"href":"https:\/\/smf-inc.com\/es\/wp-json\/wp\/v2\/users\/2"}],"replies":[{"embeddable":true,"href":"https:\/\/smf-inc.com\/es\/wp-json\/wp\/v2\/comments?post=2718"}],"version-history":[{"count":7,"href":"https:\/\/smf-inc.com\/es\/wp-json\/wp\/v2\/pages\/2718\/revisions"}],"predecessor-version":[{"id":2759,"href":"https:\/\/smf-inc.com\/es\/wp-json\/wp\/v2\/pages\/2718\/revisions\/2759"}],"wp:featuredmedia":[{"embeddable":true,"href":"https:\/\/smf-inc.com\/es\/wp-json\/wp\/v2\/media\/2693"}],"wp:attachment":[{"href":"https:\/\/smf-inc.com\/es\/wp-json\/wp\/v2\/media?parent=2718"}],"curies":[{"name":"wp","href":"https:\/\/api.w.org\/{rel}","templated":true}]}}