{"id":2717,"date":"2024-11-20T04:25:56","date_gmt":"2024-11-20T04:25:56","guid":{"rendered":"https:\/\/smf-inc.com\/fabricacion-de-chapas-metalicas-charleston-sc\/"},"modified":"2024-11-30T23:35:26","modified_gmt":"2024-11-30T23:35:26","slug":"fabricacion-de-chapas-metalicas-charleston-sc","status":"publish","type":"page","link":"https:\/\/smf-inc.com\/es\/fabricacion-de-chapas-metalicas-charleston-sc\/","title":{"rendered":"Fabricaci\u00f3n de chapas met\u00e1licas Charleston SC"},"content":{"rendered":"<h3>Fabricaci\u00f3n de chapa met\u00e1lica de primera calidad para tu industria<\/h3>\n<p>Cuando se trata de servicios de fabricaci\u00f3n de chapa met\u00e1lica de precisi\u00f3n, tenemos la experiencia y los conocimientos necesarios para satisfacer las necesidades espec\u00edficas de tu sector. Nos centramos en la calidad, la eficacia y la personalizaci\u00f3n. Nuestras soluciones de fabricaci\u00f3n incluyen corte, plegado, conformado, <a href=\"https:\/\/smf-inc.com\/welding-service-charleston-sc\/\">soldadura<\/a> y acabado de metales. En SMF, nuestros procesos se adaptan a sectores como la automoci\u00f3n, el aeroespacial, la construcci\u00f3n, la electr\u00f3nica y otros. Nuestro experimentado equipo utiliza tecnolog\u00eda punta para suministrar piezas y conjuntos de chapa personalizados que cumplan tus especificaciones exactas. Si est\u00e1s listo para iniciar un proyecto de fabricaci\u00f3n de chapa met\u00e1lica en Charleston, SC, llama a SMF al 864-226-0470.     <\/p>\n<h3>Tenemos soluciones personalizadas de chapa met\u00e1lica para todos los sectores<\/h3>\n<p>La fabricaci\u00f3n de chapas met\u00e1licas desempe\u00f1a un papel esencial en m\u00faltiples industrias, proporcionando componentes duraderos y fiables para una amplia gama de aplicaciones. A continuaci\u00f3n te mostramos c\u00f3mo servimos a algunas de las principales industrias con nuestra <a href=\"\">experiencia en fabricaci\u00f3n<\/a>: <\/p>\n<ul>\n<li>Industria del autom\u00f3vil: Las aplicaciones de automoci\u00f3n exigen resistencia, durabilidad y alta precisi\u00f3n. Fabricamos piezas a medida para veh\u00edculos, como soportes, bancadas de motor, componentes de escape y mucho m\u00e1s. Nuestros servicios de fabricaci\u00f3n de chapa son ideales tanto para la producci\u00f3n como para la creaci\u00f3n de prototipos, garantizando que cada pieza cumpla las estrictas normas de rendimiento, seguridad y durabilidad.  <\/li>\n<li>Industria aeroespacial: En el sector aeroespacial, la precisi\u00f3n y la calidad son primordiales. Nuestros servicios de fabricaci\u00f3n de chapa met\u00e1lica apoyan a la industria aeroespacial con piezas ligeras de alta calidad dise\u00f1adas para un rendimiento y una fiabilidad \u00f3ptimos. Desde componentes de fuselajes hasta intrincados soportes, cumplimos las rigurosas especificaciones exigidas en el sector aeroespacial, adhiri\u00e9ndonos a estrictas normas de resistencia, durabilidad y precisi\u00f3n de los materiales.  <\/li>\n<li>Industria de la construcci\u00f3n: Para la industria de la construcci\u00f3n, la fabricaci\u00f3n de chapa met\u00e1lica es esencial para crear componentes fuertes y resistentes, como paneles arquitect\u00f3nicos, soportes estructurales y m\u00e9nsulas personalizadas. Producimos piezas que pueden soportar las exigencias medioambientales de las obras de construcci\u00f3n, proporcionando materiales de calidad que cumplen tus normas. <\/li>\n<li>Industria electr\u00f3nica: Los fabricantes de electr\u00f3nica conf\u00edan en piezas de chapa precisas y ligeras para carcasas, chasis y cajas. Trabajamos con materiales que ofrecen una excelente conductividad y protecci\u00f3n, proporcionando carcasas y soportes a medida que protegen los componentes electr\u00f3nicos sensibles de factores externos. Nuestro equipo se asegura de que cada pieza se elabore para proteger y soportar sistemas electr\u00f3nicos cr\u00edticos, permitiendo una integraci\u00f3n perfecta en dispositivos complejos.  <\/li>\n<li>Industria manufacturera: Nuestros servicios de fabricaci\u00f3n ayudan a las empresas manufactureras a agilizar sus procesos. Lo hacemos con componentes de chapa a medida dise\u00f1ados para maquinaria, sistemas transportadores y otras aplicaciones industriales. Ofrecemos piezas que encajan perfectamente en las cadenas de montaje, mejorando la productividad, reduciendo el tiempo de inactividad y aumentando la eficacia operativa.  <\/li>\n<\/ul>\n<h3>Puedes confiar en nuestro proceso profesional<\/h3>\n<p>Nuestro proceso de fabricaci\u00f3n de chapas met\u00e1licas comienza con una consulta detallada para comprender los requisitos de tu proyecto. Esto incluye las especificaciones del dise\u00f1o, la selecci\u00f3n de materiales y los plazos del proyecto. A partir de ah\u00ed, utilizamos t\u00e9cnicas avanzadas como <a href=\"https:\/\/smf-inc.com\/laser-cutting-charleston-sc\/\">el corte por l\u00e1ser <\/a>o <a href=\"https:\/\/smf-inc.com\/plasma-cutting-charleston-sc\/\">plasma<\/a>, el plegado de metales y la soldadura para conseguir formas precisas. Trabajamos con diversos metales, como acero inoxidable, aluminio y acero al carbono. Esto nos permite satisfacer las demandas \u00fanicas de cada industria.    <\/p>\n<div class=\"left-img\"><img loading=\"lazy\" decoding=\"async\" class=\"alignnone\" src=\"https:\/\/smf-inc.com\/wp-content\/uploads\/2024\/11\/tiered-rack-with-sheet-metal-rolls-internal.webp\" alt=\"Chapa met\u00e1lica en una f\u00e1brica. SMF realiza la fabricaci\u00f3n de chapas met\u00e1licas en Charleston, SC.\" width=\"500\" height=\"350\" title=\"\"><\/div>\n<h3>Nuestro control de calidad es insuperable<\/h3>\n<p>Tras cortar, conformar y ensamblar, cada pieza se somete a estrictos controles de calidad para garantizar que cumple tus normas. Nuestros servicios de acabado, como el recubrimiento en polvo, mejoran a\u00fan m\u00e1s la durabilidad y la est\u00e9tica, proporcionando un producto final profesional y pulido. <\/p>\n<h3>\u00a1Estamos listos para dar vida a tu proyecto!<\/h3>\n<p>Si est\u00e1s listo para iniciar un proyecto de fabricaci\u00f3n de chapa met\u00e1lica en Charleston SC, llama a SMF al <a href=\"tel:8642260470\">864-226-0470<\/a>. Tenemos capacidad para atender a clientes de todo Estados Unidos.<\/p>\n","protected":false},"excerpt":{"rendered":"<p>Fabricaci\u00f3n de chapa met\u00e1lica de primera calidad para tu industria Cuando se trata de servicios de fabricaci\u00f3n de chapa met\u00e1lica de precisi\u00f3n, tenemos la experiencia y los conocimientos necesarios para satisfacer las necesidades espec\u00edficas de tu sector. Nos centramos en la calidad, la eficacia y la personalizaci\u00f3n. Nuestras soluciones de fabricaci\u00f3n incluyen corte, plegado, conformado, &hellip; <a href=\"https:\/\/smf-inc.com\/es\/fabricacion-de-chapas-metalicas-charleston-sc\/\" class=\"more-link\">Continue reading <span class=\"screen-reader-text\">Fabricaci\u00f3n de chapas met\u00e1licas Charleston SC<\/span><\/a><\/p>\n","protected":false},"author":2,"featured_media":2686,"parent":0,"menu_order":0,"comment_status":"closed","ping_status":"closed","template":"","meta":{"_acf_changed":false,"inline_featured_image":false,"footnotes":""},"class_list":["post-2717","page","type-page","status-publish","has-post-thumbnail","hentry"],"acf":[],"_links":{"self":[{"href":"https:\/\/smf-inc.com\/es\/wp-json\/wp\/v2\/pages\/2717","targetHints":{"allow":["GET"]}}],"collection":[{"href":"https:\/\/smf-inc.com\/es\/wp-json\/wp\/v2\/pages"}],"about":[{"href":"https:\/\/smf-inc.com\/es\/wp-json\/wp\/v2\/types\/page"}],"author":[{"embeddable":true,"href":"https:\/\/smf-inc.com\/es\/wp-json\/wp\/v2\/users\/2"}],"replies":[{"embeddable":true,"href":"https:\/\/smf-inc.com\/es\/wp-json\/wp\/v2\/comments?post=2717"}],"version-history":[{"count":7,"href":"https:\/\/smf-inc.com\/es\/wp-json\/wp\/v2\/pages\/2717\/revisions"}],"predecessor-version":[{"id":2745,"href":"https:\/\/smf-inc.com\/es\/wp-json\/wp\/v2\/pages\/2717\/revisions\/2745"}],"wp:featuredmedia":[{"embeddable":true,"href":"https:\/\/smf-inc.com\/es\/wp-json\/wp\/v2\/media\/2686"}],"wp:attachment":[{"href":"https:\/\/smf-inc.com\/es\/wp-json\/wp\/v2\/media?parent=2717"}],"curies":[{"name":"wp","href":"https:\/\/api.w.org\/{rel}","templated":true}]}}