{"id":2716,"date":"2024-11-20T04:25:55","date_gmt":"2024-11-20T04:25:55","guid":{"rendered":"https:\/\/smf-inc.com\/fabricacion-de-chapas-metalicas-chicago-il\/"},"modified":"2024-11-30T23:25:41","modified_gmt":"2024-11-30T23:25:41","slug":"fabricacion-de-chapas-metalicas-chicago-il","status":"publish","type":"page","link":"https:\/\/smf-inc.com\/es\/fabricacion-de-chapas-metalicas-chicago-il\/","title":{"rendered":"Fabricaci\u00f3n de chapas met\u00e1licas Chicago IL"},"content":{"rendered":"<h3>Ofrecemos corte, plegado y soldadura de metales de precisi\u00f3n<\/h3>\n<p>Nos enorgullecemos de ofrecer <a href=\"https:\/\/smf-inc.com\/welding-service-chicago-il\/\">servicios de<\/a> <a href=\"https:\/\/smf-inc.com\/metal-cutting-chicago-il\/\">corte<\/a>, plegado y <a href=\"https:\/\/smf-inc.com\/welding-service-chicago-il\/\">soldadura de<\/a> <a href=\"https:\/\/smf-inc.com\/metal-cutting-chicago-il\/\">metales<\/a> de precisi\u00f3n de primera categor\u00eda que satisfacen las diversas necesidades de industrias que van desde la fabricaci\u00f3n hasta la aeroespacial. Con a\u00f1os de experiencia y un equipo de profesionales cualificados, proporcionamos soluciones metal\u00fargicas de alta calidad que garantizan que tus proyectos se completen con los m\u00e1s altos est\u00e1ndares. Tanto si trabajas en un prototipo, una pieza a medida o una producci\u00f3n a gran escala, estamos equipados para manejarlo todo con precisi\u00f3n y eficacia. Si buscas fabricaci\u00f3n de chapa met\u00e1lica de calidad en Chicago IL, llama a SMF al 309-432-2586.   <\/p>\n<h3>Puedes confiar en nuestra precisi\u00f3n<\/h3>\n<p>El corte de precisi\u00f3n es la base de la fabricaci\u00f3n de chapa met\u00e1lica de alta calidad. Utilizamos equipos de \u00faltima generaci\u00f3n para producir dise\u00f1os intrincados con tolerancias ajustadas. Nuestras avanzadas capacidades de corte de metal nos permiten trabajar con una amplia variedad de metales, garantizando cortes limpios y bordes lisos en cada pieza. Tanto si necesitas cortes sencillos como patrones complejos, nuestro equipo puede manejar tu proyecto con la m\u00e1xima precisi\u00f3n, garantizando un ajuste perfecto a tus necesidades. Nuestras capacidades de corte incluyen:    <\/p>\n<ul class=\"col-2\">\n<li><a href=\"https:\/\/smf-inc.com\/laser-cutting-chicago-il\/\">Corte por l\u00e1ser<\/a><\/li>\n<li><a href=\"https:\/\/smf-inc.com\/plasma-cutting-chicago-il\/\">Corte por plasma<\/a><\/li>\n<li><a href=\"https:\/\/smf-inc.com\/capabilities\/saw-cutting\/\">Corte con sierra<\/a><\/li>\n<\/ul>\n<h3>Nuestros expertos en plegado de metal consiguen formas complejas con precisi\u00f3n<\/h3>\n<p>El plegado de metal es un paso crucial en la creaci\u00f3n de piezas personalizadas que requieren \u00e1ngulos, curvas y formas geom\u00e9tricas espec\u00edficas. Proporcionamos una precisi\u00f3n sin igual, garantizando que tus componentes met\u00e1licos se doblen seg\u00fan especificaciones exactas. Tanto si trabajas con chapas finas como con calibres m\u00e1s gruesos, tenemos el equipo y la experiencia necesarios para lograr los doblados m\u00e1s dif\u00edciles sin comprometer la integridad del material. Nuestros servicios de plegado nos permiten gestionar una serie de proyectos complejos.   <\/p>\n<h3>Soldadura Met\u00e1lica de Alta Calidad: Uniones fuertes y duraderas<\/h3>\n<p>Cuando se trata de soldar, la calidad es fundamental. Ofrecemos una amplia gama de servicios de soldadura, como <a href=\"https:\/\/smf-inc.com\/is-laser-welding-stronger-than-mig-or-tig-welding\/\">soldadura MIG<\/a>, soldadura TIG y soldadura con electrodo, lo que nos permite manejar una gran variedad de materiales y espesores. Tanto si necesitas soldar metales para crear componentes estructurales, equipos o conjuntos personalizados, te garantizamos una uni\u00f3n fuerte, duradera y precisa. Tambi\u00e9n ofrecemos soldadura robotizada.   <\/p>\n<h3>\u00bfPor qu\u00e9 elegirnos para el corte, plegado y soldadura de precisi\u00f3n de metales?<\/h3>\n<p>En SMF, sabemos que la precisi\u00f3n es fundamental para el \u00e9xito de tus proyectos. He aqu\u00ed por qu\u00e9 deber\u00edas elegirnos para tus necesidades de corte, plegado y soldadura de metales: <\/p>\n<ul>\n<li>Utilizamos la maquinaria m\u00e1s moderna, incluidos sistemas CNC y tecnolog\u00edas de corte avanzadas, para garantizar una gran precisi\u00f3n en cada paso del proceso.<\/li>\n<li>Nuestro equipo est\u00e1 formado por profesionales altamente cualificados que se dedican a producir resultados impecables en cada trabajo.<\/li>\n<li>Trabajamos con una gran variedad de metales, lo que nos permite satisfacer las necesidades espec\u00edficas de tu proyecto, ya requiera solidez, resistencia a la corrosi\u00f3n o una est\u00e9tica particular.<\/li>\n<li>Comprendemos la importancia de los plazos y nos esforzamos por entregar tus piezas y componentes a tiempo, siempre.<\/li>\n<\/ul>\n<div class=\"left-img\"><img loading=\"lazy\" decoding=\"async\" class=\"alignnone\" src=\"https:\/\/smf-inc.com\/wp-content\/uploads\/2024\/11\/coils-of-steel-stripes-in-store-steel-coils.webp\" alt=\"Chapa met\u00e1lica en una f\u00e1brica. SMF realiza la fabricaci\u00f3n de chapas met\u00e1licas en Chicago IL.\" width=\"500\" height=\"350\" title=\"\"><\/div>\n<h3>\u00a1Estamos listos para empezar tu proyecto!<\/h3>\n<p>Si est\u00e1s listo para iniciar un proyecto de fabricaci\u00f3n de chapas met\u00e1licas en Chicago IL, llama a SMF al <a href=\"tel:3094322586\">309-432-2586<\/a>. Tenemos capacidad para atender a clientes de todo Estados Unidos.<\/p>\n","protected":false},"excerpt":{"rendered":"<p>Ofrecemos corte, plegado y soldadura de metales de precisi\u00f3n Nos enorgullecemos de ofrecer servicios de corte, plegado y soldadura de metales de precisi\u00f3n de primera categor\u00eda que satisfacen las diversas necesidades de industrias que van desde la fabricaci\u00f3n hasta la aeroespacial. Con a\u00f1os de experiencia y un equipo de profesionales cualificados, proporcionamos soluciones metal\u00fargicas de &hellip; <a href=\"https:\/\/smf-inc.com\/es\/fabricacion-de-chapas-metalicas-chicago-il\/\" class=\"more-link\">Continue reading <span class=\"screen-reader-text\">Fabricaci\u00f3n de chapas met\u00e1licas Chicago IL<\/span><\/a><\/p>\n","protected":false},"author":2,"featured_media":2680,"parent":0,"menu_order":0,"comment_status":"closed","ping_status":"closed","template":"","meta":{"_acf_changed":false,"inline_featured_image":false,"footnotes":""},"class_list":["post-2716","page","type-page","status-publish","has-post-thumbnail","hentry"],"acf":[],"_links":{"self":[{"href":"https:\/\/smf-inc.com\/es\/wp-json\/wp\/v2\/pages\/2716","targetHints":{"allow":["GET"]}}],"collection":[{"href":"https:\/\/smf-inc.com\/es\/wp-json\/wp\/v2\/pages"}],"about":[{"href":"https:\/\/smf-inc.com\/es\/wp-json\/wp\/v2\/types\/page"}],"author":[{"embeddable":true,"href":"https:\/\/smf-inc.com\/es\/wp-json\/wp\/v2\/users\/2"}],"replies":[{"embeddable":true,"href":"https:\/\/smf-inc.com\/es\/wp-json\/wp\/v2\/comments?post=2716"}],"version-history":[{"count":3,"href":"https:\/\/smf-inc.com\/es\/wp-json\/wp\/v2\/pages\/2716\/revisions"}],"predecessor-version":[{"id":2729,"href":"https:\/\/smf-inc.com\/es\/wp-json\/wp\/v2\/pages\/2716\/revisions\/2729"}],"wp:featuredmedia":[{"embeddable":true,"href":"https:\/\/smf-inc.com\/es\/wp-json\/wp\/v2\/media\/2680"}],"wp:attachment":[{"href":"https:\/\/smf-inc.com\/es\/wp-json\/wp\/v2\/media?parent=2716"}],"curies":[{"name":"wp","href":"https:\/\/api.w.org\/{rel}","templated":true}]}}