{"id":2715,"date":"2024-11-20T04:25:55","date_gmt":"2024-11-20T04:25:55","guid":{"rendered":"https:\/\/smf-inc.com\/fabricacion-de-chapas-metalicas-springfield-il\/"},"modified":"2024-11-30T23:20:49","modified_gmt":"2024-11-30T23:20:49","slug":"fabricacion-de-chapas-metalicas-springfield-il","status":"publish","type":"page","link":"https:\/\/smf-inc.com\/es\/fabricacion-de-chapas-metalicas-springfield-il\/","title":{"rendered":"Fabricaci\u00f3n de chapas met\u00e1licas Springfield IL"},"content":{"rendered":"<h3>Podemos realizar una fabricaci\u00f3n de chapa met\u00e1lica de calidad para tu industria<\/h3>\n<p>Estamos especializados en la fabricaci\u00f3n de chapas met\u00e1licas a medida para satisfacer las diversas necesidades de muchos sectores distintos. Desde la ingenier\u00eda de precisi\u00f3n hasta <a href=\"\">la soldadura robotizada o especializada<\/a>, nuestra experiencia en la fabricaci\u00f3n de chapa met\u00e1lica garantiza que cada pieza que producimos se ajuste a las normas industriales m\u00e1s exigentes. Proporcionamos t\u00e9cnicas avanzadas con materiales de calidad para ofrecer soluciones fiables y duraderas para los sectores de fabricaci\u00f3n, automoci\u00f3n, aeroespacial, electr\u00f3nica, construcci\u00f3n y otros. Si buscas fabricaci\u00f3n de chapa met\u00e1lica de calidad en Springfield IL, llama a SMF al 309-432-2586.   <\/p>\n<h3>\u00bfQu\u00e9 es la fabricaci\u00f3n de chapas met\u00e1licas?<\/h3>\n<p>La fabricaci\u00f3n de chapas met\u00e1licas es el proceso de cortar, doblar y ensamblar chapas met\u00e1licas para crear piezas y componentes \u00fanicos basados en los requisitos espec\u00edficos de un proyecto. Nuestro proceso de fabricaci\u00f3n a medida te permite dar vida a tus dise\u00f1os con precisi\u00f3n y eficacia. Mediante una combinaci\u00f3n de m\u00e1quinas CNC, <a href=\"\">cortadoras<\/a><a href=\"\"> l\u00e1ser<\/a> y <a href=\"\">de plasma<\/a> y procesos manuales, podemos afrontar pr\u00e1cticamente cualquier reto de dise\u00f1o. La fabricaci\u00f3n a medida es ideal para clientes que necesitan piezas con dimensiones especializadas, tolerancias espec\u00edficas o acabados de alta calidad.   <\/p>\n<h3>Tenemos experiencia en muchos sectores<\/h3>\n<p>A lo largo de los a\u00f1os, hemos trabajado con una gran variedad de industrias, produciendo los componentes necesarios con precisi\u00f3n y durabilidad constantes. Proporcionamos piezas de chapa a medida que encajan perfectamente en conjuntos m\u00e1s grandes, ayudando a los fabricantes a racionalizar la producci\u00f3n. Algunos de los trabajos que realizamos son  <\/p>\n<ul>\n<li>Las aplicaciones de automoci\u00f3n requieren piezas que soporten grandes esfuerzos y temperaturas extremas. Nuestra experiencia en la fabricaci\u00f3n de piezas de chapa duraderas y resistentes a la corrosi\u00f3n nos convierte en un socio de confianza para las empresas de automoci\u00f3n que necesitan componentes de alto rendimiento. <\/li>\n<li>La precisi\u00f3n es fundamental en el sector aeroespacial, donde las piezas deben cumplir estrictas tolerancias y normas. Nuestra capacidad de fabricaci\u00f3n a medida nos permite crear componentes que cumplen estos requisitos, garantizando la seguridad, fiabilidad y eficacia de las aplicaciones aeroespaciales. <\/li>\n<li>Las carcasas, los chasis y los soportes electr\u00f3nicos son algunos de los art\u00edculos habituales que fabricamos para la industria electr\u00f3nica. Estamos especializados en crear piezas ligeras y resistentes a la corrosi\u00f3n, ideales para proteger componentes electr\u00f3nicos delicados. <\/li>\n<li>Para la construcci\u00f3n, ofrecemos una gama de servicios, desde chapa met\u00e1lica arquitect\u00f3nica hasta m\u00e9nsulas personalizadas y componentes estructurales. Entendemos las exigencias del sector de la construcci\u00f3n y damos prioridad a la durabilidad y la facilidad de instalaci\u00f3n en cada proyecto. <\/li>\n<\/ul>\n<h3>Estaremos encantados de hablar sobre nuestro proceso de fabricaci\u00f3n de chapas met\u00e1licas<\/h3>\n<p>Nuestro proceso de fabricaci\u00f3n de chapas met\u00e1licas comienza con una consulta para comprender los requisitos espec\u00edficos de tu proyecto. Discutiremos factores como el tipo de material, el grosor, el dise\u00f1o y los niveles de tolerancia. Una vez que tenemos toda la informaci\u00f3n necesaria, nuestros ingenieros desarrollan modelos CAD detallados y prototipos, asegur\u00e1ndose de que el dise\u00f1o satisface tus necesidades antes de la producci\u00f3n.  <\/p>\n<div class=\"left-img\"><img loading=\"lazy\" decoding=\"async\" class=\"alignnone\" src=\"https:\/\/smf-inc.com\/wp-content\/uploads\/2024\/11\/man-standing-by-large-roll-of-aluminium.webp\" alt=\"Se ve a un obrero trabajando con chapa met\u00e1lica en una f\u00e1brica. SMF fabrica chapas met\u00e1licas en Springfield, IL.\" width=\"500\" height=\"350\" title=\"\"><\/div>\n<h3>Garantizamos la calidad<\/h3>\n<p>Cada pieza que fabricamos se somete a rigurosas inspecciones de calidad, que garantizan que cada pieza cumple tus normas antes de la entrega.<\/p>\n<h3>Hablemos de chapas met\u00e1licas<\/h3>\n<p>Si est\u00e1s interesado en nuestra fabricaci\u00f3n de chapas met\u00e1licas en Springfield IL, o en cualquiera de nuestros otros servicios de fabricaci\u00f3n y mecanizado, llama a SMF al <a href=\"tel:3094322586\">309-432-2586<\/a>. Tenemos capacidad para atender a clientes de todo Estados Unidos.<\/p>\n","protected":false},"excerpt":{"rendered":"<p>Podemos realizar una fabricaci\u00f3n de chapa met\u00e1lica de calidad para tu industria Estamos especializados en la fabricaci\u00f3n de chapas met\u00e1licas a medida para satisfacer las diversas necesidades de muchos sectores distintos. Desde la ingenier\u00eda de precisi\u00f3n hasta la soldadura robotizada o especializada, nuestra experiencia en la fabricaci\u00f3n de chapa met\u00e1lica garantiza que cada pieza que &hellip; <a href=\"https:\/\/smf-inc.com\/es\/fabricacion-de-chapas-metalicas-springfield-il\/\" class=\"more-link\">Continue reading <span class=\"screen-reader-text\">Fabricaci\u00f3n de chapas met\u00e1licas Springfield IL<\/span><\/a><\/p>\n","protected":false},"author":2,"featured_media":2673,"parent":0,"menu_order":0,"comment_status":"closed","ping_status":"closed","template":"","meta":{"_acf_changed":false,"inline_featured_image":false,"footnotes":""},"class_list":["post-2715","page","type-page","status-publish","has-post-thumbnail","hentry"],"acf":[],"_links":{"self":[{"href":"https:\/\/smf-inc.com\/es\/wp-json\/wp\/v2\/pages\/2715","targetHints":{"allow":["GET"]}}],"collection":[{"href":"https:\/\/smf-inc.com\/es\/wp-json\/wp\/v2\/pages"}],"about":[{"href":"https:\/\/smf-inc.com\/es\/wp-json\/wp\/v2\/types\/page"}],"author":[{"embeddable":true,"href":"https:\/\/smf-inc.com\/es\/wp-json\/wp\/v2\/users\/2"}],"replies":[{"embeddable":true,"href":"https:\/\/smf-inc.com\/es\/wp-json\/wp\/v2\/comments?post=2715"}],"version-history":[{"count":1,"href":"https:\/\/smf-inc.com\/es\/wp-json\/wp\/v2\/pages\/2715\/revisions"}],"predecessor-version":[{"id":2722,"href":"https:\/\/smf-inc.com\/es\/wp-json\/wp\/v2\/pages\/2715\/revisions\/2722"}],"wp:featuredmedia":[{"embeddable":true,"href":"https:\/\/smf-inc.com\/es\/wp-json\/wp\/v2\/media\/2673"}],"wp:attachment":[{"href":"https:\/\/smf-inc.com\/es\/wp-json\/wp\/v2\/media?parent=2715"}],"curies":[{"name":"wp","href":"https:\/\/api.w.org\/{rel}","templated":true}]}}