{"id":2714,"date":"2024-11-20T04:25:53","date_gmt":"2024-11-20T04:25:53","guid":{"rendered":"https:\/\/smf-inc.com\/soldadores-springfield-il\/"},"modified":"2024-11-20T04:25:53","modified_gmt":"2024-11-20T04:25:53","slug":"soldadores-springfield-il","status":"publish","type":"page","link":"https:\/\/smf-inc.com\/es\/soldadores-springfield-il\/","title":{"rendered":"Soldadores Springfield IL"},"content":{"rendered":"<h3>Nuestros Soldadores: Comprometidos con la artesan\u00eda<\/h3>\n<p>  La soldadura es algo m\u00e1s que un oficio: es una forma de arte que requiere habilidad, precisi\u00f3n y un profundo sentido del orgullo por el propio trabajo.<br \/>\nLos buenos soldadores son artesanos que se sienten inmensamente orgullosos de cada uni\u00f3n, costura y estructura que crean.<br \/>\nSu dedicaci\u00f3n a la calidad, la seguridad y la perfecci\u00f3n queda patente en la meticulosa atenci\u00f3n al detalle que prestan a cada proyecto.<br \/>\nSi buscas soldadores en Springfield IL comprometidos con la excelencia, llama a SMF al <a href=\"tel:3094322586\">309-432-2586<\/a>.     <\/p>\n<div class=\"right-img\"><img loading=\"lazy\" decoding=\"async\" class=\"alignnone\" src=\"https:\/\/smf-inc.com\/wp-content\/uploads\/2024\/09\/skilled-worker-in-protective-mask-welds-metal-part-at-plant.webp\" alt=\"Se ve a un soldador trabajando. SMF tiene los mejores soldadores Springfield IL.\" width=\"500\" height=\"350\" title=\"\"><\/div>\n<h3>El oficio de nuestros soldadores se basa en la habilidad y la experiencia<\/h3>\n<p>  La soldadura es un proceso complejo que exige un alto nivel de destreza t\u00e9cnica y experiencia.<br \/>\nLos buenos soldadores pasan a\u00f1os perfeccionando su oficio, dominando diversas t\u00e9cnicas como la soldadura MIG, TIG y con electrodo, y aprendiendo a trabajar con distintos metales.<br \/>\nEsta profundidad de conocimientos les permite abordar una amplia gama de proyectos, desde reparaciones sencillas hasta intrincadas fabricaciones a medida.<br \/>\nUn soldador que se enorgullece de su trabajo aborda cada proyecto con la mentalidad de un artesano.<br \/>\nComprende que la calidad de sus soldaduras influye directamente en la seguridad, la durabilidad y el atractivo est\u00e9tico del producto acabado.<br \/>\nEste compromiso con la artesan\u00eda es lo que distingue a los buenos soldadores: no se limitan a completar un trabajo, sino que lo perfeccionan.<br \/>\nLa soldadura es s\u00f3lo uno de los servicios de calidad que ofrecemos, como el <a href=\"https:\/\/smf-inc.com\/laser-cutting-springfield-il\/\">corte por l\u00e1ser<\/a>, el <a href=\"https:\/\/smf-inc.com\/plasma-cutting-springfield-il\/\">corte por plasma<\/a>, el <a href=\"https:\/\/smf-inc.com\/capabilities\/saw-cutting\/\">corte con sierra<\/a>, el <a href=\"https:\/\/smf-inc.com\/mechanical-assembly-springfield-il\/\">ensamblaje<\/a> y otros, que nos permiten actuar como un taller de metal de ventanilla \u00fanica.        <\/p>\n<h3>La precisi\u00f3n en la soldadura es importante<\/h3>\n<p>  Un peque\u00f1o error de alineaci\u00f3n, aplicaci\u00f3n de calor o t\u00e9cnica puede comprometer la resistencia e integridad de la soldadura.<br \/>\nLos buenos soldadores se enorgullecen de su capacidad para <a href=\"https:\/\/smf-inc.com\/welders-illinois\/\">realizar soldaduras impecables<\/a> que cumplen o superan las normas del sector.<br \/>\nPlanifican y ejecutan meticulosamente cada paso del proceso de soldadura.<br \/>\nEn SMF, algunas de nuestras ofertas de soldadura m\u00e1s com\u00fanmente elegidas incluyen:     <\/p>\n<ul>\n<li><strong>Soldadura TIG:<\/strong> La soldadura con gas inerte de tungsteno (TIG) se ha ganado una reputaci\u00f3n por su precisi\u00f3n y capacidad para crear soldaduras de alta calidad en materiales finos.<br \/>\nEl TIG se utiliza a menudo para proyectos que requieren detalles finos y es especialmente eficaz en acero inoxidable y metales no ferrosos como el aluminio y el cobre.<br \/>\nNuestros servicios de soldadura TIG ofrecen el m\u00e1ximo nivel de artesan\u00eda.  <\/li>\n<li><strong>Soldadura con electrodo:<\/strong> Tambi\u00e9n conocida como soldadura por arco met\u00e1lico protegido, la soldadura con electrodo es un m\u00e9todo vers\u00e1til y fiable.<br \/>\nNuestro equipo de soldadores tiene experiencia en soldadura con electrodo, lo que garantiza soldaduras fuertes y duraderas. <\/li>\n<li><strong>Soldadura MIG:<\/strong> La soldadura con gas inerte met\u00e1lico (MIG) es uno de los tipos de soldadura m\u00e1s comunes y es ideal para proyectos que requieren soldaduras de alta velocidad.<br \/>\nNuestros soldadores MIG cualificados realizan soldaduras limpias, fuertes y est\u00e9ticamente agradables. <\/li>\n<li><strong>Soldadura robotizada:<\/strong> Es un proceso ideal para proyectos de soldadura con un alto grado de repetici\u00f3n que deben ser precisos. La soldadura rob\u00f3tica utiliza herramientas mecanizadas programables para automatizar el proceso de soldadura. SMF dispone de una l\u00ednea completa de soldadoras robotizadas listas para satisfacer tus necesidades.<\/li>\n<\/ul>\n<h3>Una sensaci\u00f3n de logro en cada proyecto<\/h3>\n<p>  Para los buenos soldadores, existe una profunda sensaci\u00f3n de logro al llevar a cabo un proyecto de principio a fin.<br \/>\nTanto si est\u00e1n fabricando una puerta met\u00e1lica a medida, reparando una pieza de maquinaria o soldando componentes estructurales para un edificio, la satisfacci\u00f3n del trabajo bien hecho es una fuerza motriz en su trabajo.<br \/>\nEste orgullo por su oficio es lo que les motiva a mejorar continuamente sus habilidades, buscar nuevos retos y ofrecer resultados excepcionales en cada proyecto.    <\/p>\n<div class=\"left-img\"><img loading=\"lazy\" decoding=\"async\" class=\"alignnone\" src=\"https:\/\/smf-inc.com\/wp-content\/uploads\/2024\/09\/woman-welding-metal-in-workshop.webp\" alt=\"Se ve a un soldador trabajando. SMF tiene los mejores soldadores Springfield IL.\" width=\"500\" height=\"350\" title=\"\"><\/div>\n<h3>\u00bfEst\u00e1s preparado para unos servicios de soldadura de alta calidad?<\/h3>\n<p>  \u00bfBuscas soldadores de calidad en Springfield IL?<br \/>\nEn SMF, tenemos <a href=\"https:\/\/smf-inc.com\/is-metal-fabrication-the-same-as-welding\/\">opciones completas de soldadura y fabricaci\u00f3n de metales.<\/a> Para ponerte en contacto con nuestro campus de Illinois, llama al <a href=\"tel:3094322586\">309-432-2586<\/a>. <\/p>\n","protected":false},"excerpt":{"rendered":"<p>Nuestros Soldadores: Comprometidos con la artesan\u00eda La soldadura es algo m\u00e1s que un oficio: es una forma de arte que requiere habilidad, precisi\u00f3n y un profundo sentido del orgullo por el propio trabajo. Los buenos soldadores son artesanos que se sienten inmensamente orgullosos de cada uni\u00f3n, costura y estructura que crean. Su dedicaci\u00f3n a la &hellip; <a href=\"https:\/\/smf-inc.com\/es\/soldadores-springfield-il\/\" class=\"more-link\">Continue reading <span class=\"screen-reader-text\">Soldadores Springfield IL<\/span><\/a><\/p>\n","protected":false},"author":2,"featured_media":0,"parent":0,"menu_order":0,"comment_status":"closed","ping_status":"closed","template":"","meta":{"_acf_changed":false,"inline_featured_image":false,"footnotes":""},"class_list":["post-2714","page","type-page","status-publish","hentry"],"acf":[],"_links":{"self":[{"href":"https:\/\/smf-inc.com\/es\/wp-json\/wp\/v2\/pages\/2714","targetHints":{"allow":["GET"]}}],"collection":[{"href":"https:\/\/smf-inc.com\/es\/wp-json\/wp\/v2\/pages"}],"about":[{"href":"https:\/\/smf-inc.com\/es\/wp-json\/wp\/v2\/types\/page"}],"author":[{"embeddable":true,"href":"https:\/\/smf-inc.com\/es\/wp-json\/wp\/v2\/users\/2"}],"replies":[{"embeddable":true,"href":"https:\/\/smf-inc.com\/es\/wp-json\/wp\/v2\/comments?post=2714"}],"version-history":[{"count":0,"href":"https:\/\/smf-inc.com\/es\/wp-json\/wp\/v2\/pages\/2714\/revisions"}],"wp:attachment":[{"href":"https:\/\/smf-inc.com\/es\/wp-json\/wp\/v2\/media?parent=2714"}],"curies":[{"name":"wp","href":"https:\/\/api.w.org\/{rel}","templated":true}]}}