{"id":2713,"date":"2024-11-20T04:25:52","date_gmt":"2024-11-20T04:25:52","guid":{"rendered":"https:\/\/smf-inc.com\/fabricacion-de-chapas-metalicas-peoria-il\/"},"modified":"2024-11-20T04:25:52","modified_gmt":"2024-11-20T04:25:52","slug":"fabricacion-de-chapas-metalicas-peoria-il","status":"publish","type":"page","link":"https:\/\/smf-inc.com\/es\/fabricacion-de-chapas-metalicas-peoria-il\/","title":{"rendered":"Fabricaci\u00f3n de chapas met\u00e1licas Peoria IL"},"content":{"rendered":"<h3>eEncontrar el mejor taller metal\u00fargico para tus necesidades de fabricaci\u00f3n de chapa met\u00e1lica<\/h3>\n<p>Cuando se trata de la fabricaci\u00f3n de chapas met\u00e1licas, asociarse con el taller de chapa adecuado puede marcar la diferencia. Desde la precisi\u00f3n y la calidad hasta los plazos y el servicio, el mejor taller de chapa aportar\u00e1 experiencia, servicio fiable y eficacia a tus proyectos. Si buscas la mejor fabricaci\u00f3n de chapa met\u00e1lica en Peoria IL, recurre a SMF.   Ll\u00e1menos al <a href=\"tel:3094322586\">309-432-2586<\/a>.<\/p>\n<div class=\"right-img\"><img loading=\"lazy\" decoding=\"async\" class=\"alignnone\" src=\"https:\/\/smf-inc.com\/wp-content\/uploads\/2024\/11\/copper-sheets-rolled-metal-products-close-up.webp\" alt=\"Se ven l\u00e1minas de cobre. SMF ofrece fabricaci\u00f3n de chapas met\u00e1licas en Peoria IL.\" width=\"500\" height=\"350\" title=\"\"><\/div>\n<h3>Disponemos de capacidades y tecnolog\u00eda avanzadas<\/h3>\n<p>En SMF, hemos invertido en equipos modernos y de alta calidad que garantizan la precisi\u00f3n y la eficacia. Utilizamos tecnolog\u00edas avanzadas que permiten tolerancias ajustadas, cortes suaves y tiempos de producci\u00f3n m\u00e1s r\u00e1pidos. Como tenemos una amplia gama de servicios bajo un mismo techo, podemos racionalizar la producci\u00f3n. Esto ayuda a reducir los plazos de entrega y los costes. Nuestra maquinaria avanzada no s\u00f3lo significa mejores productos. Tambi\u00e9n se traduce en una producci\u00f3n m\u00e1s r\u00e1pida, una calidad constante y la capacidad de gestionar con precisi\u00f3n proyectos grandes y peque\u00f1os.     <\/p>\n<h3>Ofrecemos una gama completa de servicios<\/h3>\n<p>En SMF, queremos ser tu <a href=\"https:\/\/smf-inc.com\/home_slider\/your-one-stop-shop\/\">proveedor integral de metal<\/a>. Podemos simplificar tu cadena de suministro y mejorar tu control de calidad general.  Algunos de nuestros servicios incluyen:<\/p>\n<ul class=\"col-3\">\n<li><a href=\"https:\/\/smf-inc.com\/precision-machining-charleston-sc\/\">Mecanizado<\/a><\/li>\n<li><a href=\"https:\/\/smf-inc.com\/laser-cutting-peoria-il\/\">Corte por l\u00e1ser<\/a><\/li>\n<li><a href=\"https:\/\/smf-inc.com\/capabilities\/forming\/\">Formando<\/a><\/li>\n<li><a href=\"https:\/\/smf-inc.com\/what-is-the-purpose-of-powder-coating\/\">Recubrimiento en polvo<\/a><\/li>\n<li><a href=\"https:\/\/smf-inc.com\/mechanical-assembly-peoria-il\/\">Montaje<\/a><\/li>\n<li><a href=\"https:\/\/smf-inc.com\/mechanical-assembly-peoria-il\/\">Corte por plasma<\/a><\/li>\n<li><a href=\"https:\/\/smf-inc.com\/capabilities\/saw-cutting\/\">Corte con sierra<\/a><\/li>\n<li><a href=\"https:\/\/smf-inc.com\/capabilities\/blasting\/\">Voladura<\/a><\/li>\n<li><a href=\"https:\/\/smf-inc.com\/welding-service-peoria-il\/\">Soldadura<\/a><\/li>\n<\/ul>\n<h3>Puedes confiar en nuestro equipo experimentado y cualificado<\/h3>\n<p>Nuestros experimentados t\u00e9cnicos, ingenieros y soldadores comprenden los matices de trabajar con distintos tipos de metales, desde el acero al aluminio. Los trabajadores cualificados del metal pueden interpretar tus especificaciones con precisi\u00f3n, asegur\u00e1ndose de que cada corte, doblez y acabado satisfaga las necesidades de tu proyecto. Tenemos amplia experiencia en pr\u00e1cticamente todos los sectores, por lo que es muy probable que conozcamos a fondo el trabajo que necesitas hacer.  <\/p>\n<h3>Nos tomamos en serio el control de calidad<\/h3>\n<p>El control de calidad es fundamental en la fabricaci\u00f3n de chapa met\u00e1lica, ya que incluso los defectos m\u00e1s peque\u00f1os pueden provocar problemas en el producto final. Como empresa con certificaci\u00f3n ISO 9001:2015, puedes estar seguro de que nos tomamos la calidad muy en serio. <\/p>\n<h3>Te encantar\u00e1 asociarte con un taller metal\u00fargico que cumpla tus normas<\/h3>\n<p>Con nuestras avanzadas capacidades, equipo experimentado, riguroso control de calidad y compromiso con tu plena satisfacci\u00f3n, puedes confiar en que nuestro equipo atender\u00e1 tus necesidades, completar\u00e1 tu proyecto a tiempo y cumplir\u00e1 tus elevados est\u00e1ndares.<\/p>\n<div class=\"left-img\"><img loading=\"lazy\" decoding=\"async\" class=\"alignnone\" src=\"https:\/\/smf-inc.com\/wp-content\/uploads\/2024\/11\/metal-factory-workshop-manufacturing-engineering-warehouse.webp\" alt=\"Se ven l\u00e1minas de metal. SMF ofrece fabricaci\u00f3n de chapas met\u00e1licas en Peoria IL.\" width=\"500\" height=\"350\" title=\"\"><\/div>\n<h3>Trabajemos juntos<\/h3>\n<p>Un socio de confianza en la fabricaci\u00f3n de chapas met\u00e1licas puede agilizar tu proceso de producci\u00f3n y contribuir significativamente al \u00e9xito de tu negocio. SMF ofrece fabricaci\u00f3n de chapas met\u00e1licas en Peoria IL, as\u00ed como otros servicios de fabricaci\u00f3n y mecanizado. Ll\u00e1manos al <a href=\"tel:3094322586\">309-432-2586<\/a>.<br \/>\n Tenemos capacidad para atender a clientes de todo Estados Unidos.<\/p>\n","protected":false},"excerpt":{"rendered":"<p>eEncontrar el mejor taller metal\u00fargico para tus necesidades de fabricaci\u00f3n de chapa met\u00e1lica Cuando se trata de la fabricaci\u00f3n de chapas met\u00e1licas, asociarse con el taller de chapa adecuado puede marcar la diferencia. Desde la precisi\u00f3n y la calidad hasta los plazos y el servicio, el mejor taller de chapa aportar\u00e1 experiencia, servicio fiable y &hellip; <a href=\"https:\/\/smf-inc.com\/es\/fabricacion-de-chapas-metalicas-peoria-il\/\" class=\"more-link\">Continue reading <span class=\"screen-reader-text\">Fabricaci\u00f3n de chapas met\u00e1licas Peoria IL<\/span><\/a><\/p>\n","protected":false},"author":2,"featured_media":0,"parent":0,"menu_order":0,"comment_status":"closed","ping_status":"closed","template":"","meta":{"_acf_changed":false,"inline_featured_image":false,"footnotes":""},"class_list":["post-2713","page","type-page","status-publish","hentry"],"acf":[],"_links":{"self":[{"href":"https:\/\/smf-inc.com\/es\/wp-json\/wp\/v2\/pages\/2713","targetHints":{"allow":["GET"]}}],"collection":[{"href":"https:\/\/smf-inc.com\/es\/wp-json\/wp\/v2\/pages"}],"about":[{"href":"https:\/\/smf-inc.com\/es\/wp-json\/wp\/v2\/types\/page"}],"author":[{"embeddable":true,"href":"https:\/\/smf-inc.com\/es\/wp-json\/wp\/v2\/users\/2"}],"replies":[{"embeddable":true,"href":"https:\/\/smf-inc.com\/es\/wp-json\/wp\/v2\/comments?post=2713"}],"version-history":[{"count":0,"href":"https:\/\/smf-inc.com\/es\/wp-json\/wp\/v2\/pages\/2713\/revisions"}],"wp:attachment":[{"href":"https:\/\/smf-inc.com\/es\/wp-json\/wp\/v2\/media?parent=2713"}],"curies":[{"name":"wp","href":"https:\/\/api.w.org\/{rel}","templated":true}]}}