{"id":2712,"date":"2024-11-20T04:25:52","date_gmt":"2024-11-20T04:25:52","guid":{"rendered":"https:\/\/smf-inc.com\/soldadores-carolina-del-sur\/"},"modified":"2024-11-20T04:25:52","modified_gmt":"2024-11-20T04:25:52","slug":"soldadores-carolina-del-sur","status":"publish","type":"page","link":"https:\/\/smf-inc.com\/es\/soldadores-carolina-del-sur\/","title":{"rendered":"Soldadores Carolina del Sur"},"content":{"rendered":"<h3>Consigue la soldadura de calidad en la que puedes confiar<\/h3>\n<p>  Cuando se trata de soldar, la calidad y la precisi\u00f3n son primordiales.<br \/>\nEn SMF, nuestros soldadores profesionales garantizan que nuestro trabajo de calidad perdure.<br \/>\nNuestro experimentado equipo ofrece <a href=\"https:\/\/smf-inc.com\/is-metal-fabrication-the-same-as-welding\/\">soluciones de soldadura de primera categor\u00eda<\/a> adaptadas a las necesidades \u00fanicas de tu proyecto, sin importar su escala o complejidad.<br \/>\nSi necesitas soldadores en Carolina del Sur, llama a SMF al <a href=\"tel:8642260470\">864-226-0470<\/a>.     <\/p>\n<div class=\"right-img\"><img loading=\"lazy\" decoding=\"async\" class=\"alignnone\" src=\"https:\/\/smf-inc.com\/wp-content\/uploads\/2024\/01\/a-welder-welds-metal-into-his-workshop-blue-welding-sparks-gas-combustion-and-blue-smoke.jpg\" alt=\"Se ve a un soldador trabajando. SMF tiene los mejores soldadores de Carolina del Sur.\" width=\"500\" height=\"350\" title=\"\"><\/div>\n<h3>\u00bfQu\u00e9 importancia tienen los soldadores cualificados?<\/h3>\n<p>  La soldadura es un proceso cr\u00edtico en la construcci\u00f3n, fabricaci\u00f3n y reparaci\u00f3n de estructuras met\u00e1licas.<br \/>\nLa resistencia y durabilidad del producto final dependen en gran medida de la calidad de las soldaduras.<br \/>\nNuestros soldadores profesionales tienen las habilidades, certificaciones y equipos necesarios para realizar una amplia gama de tareas de soldadura con precisi\u00f3n y seguridad.    <\/p>\n<h3>Ofrecemos servicios integrales de soldadura<\/h3>\n<p>  Ofrecemos una gama completa de servicios de soldadura dise\u00f1ados para satisfacer las diversas necesidades de nuestros clientes.<br \/>\nNuestro equipo de soldadores certificados est\u00e1 equipado para gestionar proyectos de todos los tama\u00f1os, desde peque\u00f1as reparaciones hasta construcciones a gran escala.  Algunos de nuestros servicios son:  <\/p>\n<ul>\n<li><strong>Soldadura robotizada:<\/strong> Es un proceso ideal para proyectos de soldadura con un alto grado de repetici\u00f3n que deben ser precisos. La soldadura rob\u00f3tica utiliza herramientas mecanizadas programables para automatizar el proceso de soldadura.<\/li>\n<li><strong>Soldadura MIG:<\/strong> La soldadura con gas inerte met\u00e1lico (MIG) es uno de los tipos de soldadura m\u00e1s utilizados en diversas industrias.<br \/>\nEs ideal para proyectos que requieren soldaduras de alta velocidad y puede utilizarse en una gran variedad de metales, como aluminio, acero inoxidable y acero al carbono.<br \/>\nNuestros soldadores MIG cualificados realizan soldaduras limpias y fuertes, perfectas tanto para aplicaciones estructurales como est\u00e9ticas.  <\/li>\n<li><strong>Soldadura TIG:<\/strong> La soldadura con gas inerte de tungsteno (TIG) tiene fama de ser precisa y capaz de crear soldaduras de alta calidad en materiales finos.<br \/>\nEs un m\u00e9todo popular para proyectos que requieren detalles finos, y funciona especialmente bien con acero inoxidable y metales no ferrosos como el aluminio y el cobre.<br \/>\nNuestros servicios de soldadura TIG son ideales para proyectos que exigen el m\u00e1ximo nivel de artesan\u00eda.  <\/li>\n<li><strong>Soldadura con electrodo:<\/strong> Tambi\u00e9n conocida como soldadura por arco met\u00e1lico protegido, la soldadura con electrodo es un m\u00e9todo vers\u00e1til y fiable.<br \/>\nEs eficaz para soldar hierro, acero y otros metales, incluso en condiciones adversas.<br \/>\nNuestro equipo tiene una gran experiencia en soldadura con electrodo, lo que garantiza soldaduras fuertes y duraderas que resisten las inclemencias del tiempo.  <\/li>\n<\/ul>\n<h3>Somos tu taller integral de fabricaci\u00f3n de metal<\/h3>\n<p>  M\u00e1s all\u00e1 de la soldadura est\u00e1ndar, ofrecemos servicios de fabricaci\u00f3n met\u00e1lica a medida para dar vida a tus dise\u00f1os exclusivos.<br \/>\nTanto si necesitas barandillas, puertas, muebles o componentes estructurales personalizados, nuestro equipo puede<a href=\"https:\/\/smf-inc.com\/what-are-the-types-of-metal-fabrication\/\"> fabricar<\/a> y <a href=\"https:\/\/smf-inc.com\/welders-charleston-sc\/\">soldar<\/a> seg\u00fan tus especificaciones exactas.<br \/>\nTrabajamos estrechamente contigo para asegurarnos de que el producto final satisface tu visi\u00f3n y tus necesidades funcionales.    <\/p>\n<div class=\"left-img\"><img loading=\"lazy\" decoding=\"async\" class=\"alignnone\" src=\"https:\/\/smf-inc.com\/wp-content\/uploads\/2024\/09\/cutting-steel-with-gas-gas-welding-and-oxy-fuel-cutting-are-processes-that-use-fuel-gases-and.webp\" alt=\"Se ve a un soldador trabajando. SMF tiene los mejores soldadores de Carolina del Sur.\" width=\"500\" height=\"350\" title=\"\"><\/div>\n<h3>Tenemos un compromiso con la calidad<\/h3>\n<p>  En el centro de nuestros servicios profesionales de soldadura est\u00e1 el compromiso con la calidad, la seguridad y la precisi\u00f3n.<br \/>\nUtilizamos equipos y t\u00e9cnicas de vanguardia para ofrecer resultados que cumplan o superen las expectativas de nuestros clientes.   <\/p>\n<h3>\u00a1Estamos aqu\u00ed para soldar por ti!<\/h3>\n<p>  \u00bfBuscas soldadores de calidad en Carolina del Sur?<br \/>\nEn SMF, tenemos opciones completas de soldadura y fabricaci\u00f3n de metal.  Para localizarnos en Carolina del Sur, llama <a href=\"tel:8642260470\">al 864-226-0470<\/a>.<\/p>\n","protected":false},"excerpt":{"rendered":"<p>Consigue la soldadura de calidad en la que puedes confiar Cuando se trata de soldar, la calidad y la precisi\u00f3n son primordiales. En SMF, nuestros soldadores profesionales garantizan que nuestro trabajo de calidad perdure. Nuestro experimentado equipo ofrece soluciones de soldadura de primera categor\u00eda adaptadas a las necesidades \u00fanicas de tu proyecto, sin importar su &hellip; <a href=\"https:\/\/smf-inc.com\/es\/soldadores-carolina-del-sur\/\" class=\"more-link\">Continue reading <span class=\"screen-reader-text\">Soldadores Carolina del Sur<\/span><\/a><\/p>\n","protected":false},"author":2,"featured_media":0,"parent":0,"menu_order":0,"comment_status":"closed","ping_status":"closed","template":"","meta":{"_acf_changed":false,"inline_featured_image":false,"footnotes":""},"class_list":["post-2712","page","type-page","status-publish","hentry"],"acf":[],"_links":{"self":[{"href":"https:\/\/smf-inc.com\/es\/wp-json\/wp\/v2\/pages\/2712","targetHints":{"allow":["GET"]}}],"collection":[{"href":"https:\/\/smf-inc.com\/es\/wp-json\/wp\/v2\/pages"}],"about":[{"href":"https:\/\/smf-inc.com\/es\/wp-json\/wp\/v2\/types\/page"}],"author":[{"embeddable":true,"href":"https:\/\/smf-inc.com\/es\/wp-json\/wp\/v2\/users\/2"}],"replies":[{"embeddable":true,"href":"https:\/\/smf-inc.com\/es\/wp-json\/wp\/v2\/comments?post=2712"}],"version-history":[{"count":0,"href":"https:\/\/smf-inc.com\/es\/wp-json\/wp\/v2\/pages\/2712\/revisions"}],"wp:attachment":[{"href":"https:\/\/smf-inc.com\/es\/wp-json\/wp\/v2\/media?parent=2712"}],"curies":[{"name":"wp","href":"https:\/\/api.w.org\/{rel}","templated":true}]}}