{"id":2711,"date":"2024-11-20T04:25:51","date_gmt":"2024-11-20T04:25:51","guid":{"rendered":"https:\/\/smf-inc.com\/soldadores-rockford-il\/"},"modified":"2024-11-20T04:25:51","modified_gmt":"2024-11-20T04:25:51","slug":"soldadores-rockford-il","status":"publish","type":"page","link":"https:\/\/smf-inc.com\/es\/soldadores-rockford-il\/","title":{"rendered":"Soldadores Rockford IL"},"content":{"rendered":"<h3>El papel de la soldadura en los servicios de fabricaci\u00f3n de metales<\/h3>\n<p><a href=\"https:\/\/smf-inc.com\/is-metal-fabrication-the-same-as-welding\/\">La soldadura es una piedra angular de los servicios de fabricaci\u00f3n de metales<\/a>, ya que desempe\u00f1a un papel vital en la transformaci\u00f3n de materias primas en productos acabados fuertes, duraderos y funcionales.<br \/>\nSi est\u00e1s explorando los servicios de fabricaci\u00f3n de metal, comprender c\u00f3mo encaja la soldadura en el proceso puede ayudarte a tomar decisiones informadas para tu pr\u00f3ximo proyecto.<br \/>\nPara conseguir los mejores soldadores de Rockford IL, llama a SMF al <a href=\"tel:3094322586\">309-432-2586<\/a>.    <\/p>\n<div class=\"right-img\"><img loading=\"lazy\" decoding=\"async\" class=\"alignnone\" src=\"https:\/\/smf-inc.com\/wp-content\/uploads\/2024\/09\/workers-welding-metal-material.webp\" alt=\"Se ven dos soldadores trabajando juntos. SMF tiene los mejores soldadores de Rockford IL.\" width=\"500\" height=\"350\" title=\"\"><\/div>\n<h3>\u00bfQu\u00e9 es la fabricaci\u00f3n de metales?<\/h3>\n<p>  La fabricaci\u00f3n de metales es el proceso de cortar, dar forma y ensamblar materiales met\u00e1licos en productos acabados.<br \/>\nEn este proceso intervienen varias t\u00e9cnicas, como el <a href=\"https:\/\/smf-inc.com\/metal-cutting-rockford-il\/\">corte<\/a>, el doblado, el <a href=\"https:\/\/smf-inc.com\/capabilities\/forming\/\">conformado<\/a> y la soldadura.   <\/p>\n<h3>La importancia de la soldadura en la fabricaci\u00f3n de metales<\/h3>\n<p>  La soldadura es el m\u00e9todo de unir dos o m\u00e1s piezas de metal aplicando calor, presi\u00f3n o ambos.<br \/>\nEs un paso crucial en la fabricaci\u00f3n de metales, porque proporciona la resistencia y estabilidad necesarias para garantizar que los componentes fabricados puedan soportar las exigencias del uso previsto.<br \/>\nSin soldadura, las piezas met\u00e1licas individuales permanecer\u00edan separadas, limitando la funcionalidad e integridad del producto final.<br \/>\nHe aqu\u00ed c\u00f3mo encaja la soldadura en el proceso de fabricaci\u00f3n de metales:     <\/p>\n<ul>\n<li>El objetivo principal de la soldadura en la fabricaci\u00f3n de metales es crear uniones fuertes y permanentes entre las piezas met\u00e1licas.<br \/>\nEstas uniones son esenciales para la integridad estructural del producto final.<br \/>\nYa sea el armaz\u00f3n de un edificio, una pieza de maquinaria o una pieza met\u00e1lica a medida, la soldadura garantiza que los componentes permanezcan firmemente unidos, incluso bajo tensi\u00f3n o carga.  <\/li>\n<li>La soldadura permite una mayor flexibilidad en el dise\u00f1o durante el proceso de fabricaci\u00f3n del metal.<br \/>\nSe pueden utilizar distintas t\u00e9cnicas de soldadura, como MIG, TIG o electrodo, para unir diversos metales.<br \/>\nEsta versatilidad significa que los fabricantes pueden crear formas y estructuras complejas que ser\u00edan dif\u00edciles o imposibles de conseguir con otros m\u00e9todos de uni\u00f3n.<br \/>\nLa soldadura permite la producci\u00f3n de dise\u00f1os personalizados y ensamblajes intrincados, lo que permite una mayor creatividad e innovaci\u00f3n en los proyectos de fabricaci\u00f3n de metales.   <\/li>\n<li>En la fabricaci\u00f3n de metales, la precisi\u00f3n es clave.<br \/>\nLa soldadura permite a los fabricantes unir piezas met\u00e1licas con un alto grado de precisi\u00f3n, garantizando que el producto final cumpla las especificaciones exactas.<br \/>\nEsta precisi\u00f3n es especialmente importante en sectores en los que las tolerancias son estrechas, como la fabricaci\u00f3n aeroespacial o de autom\u00f3viles.<br \/>\nLos soldadores experimentados pueden controlar el calor y la t\u00e9cnica utilizados durante la soldadura para crear uniones precisas y limpias que mejoren la calidad general del producto fabricado.   <\/li>\n<\/ul>\n<h3>La soldadura combina eficacia y rentabilidad<\/h3>\n<p>  La soldadura es un proceso muy eficaz que contribuye a la velocidad y rentabilidad generales de los servicios de fabricaci\u00f3n de metal.<br \/>\nUtilizando t\u00e9cnicas avanzadas de soldadura, los fabricantes pueden unir r\u00e1pidamente varios componentes, reduciendo el tiempo necesario para completar un proyecto.   <\/p>\n<h3>En SMF, integramos la soldadura con otros procesos de fabricaci\u00f3n<\/h3>\n<div class=\"right-img\"><img loading=\"lazy\" decoding=\"async\" class=\"alignnone\" src=\"https:\/\/smf-inc.com\/wp-content\/uploads\/2024\/09\/young-male-engineers-are-manipulating-a-welding-robot-hand-by-combining-welding-manipulation.webp\" alt=\"Se ve a un soldador trabajando con un robot. SMF tiene los mejores soldadores de Rockford IL.\" width=\"500\" height=\"350\" title=\"\"><\/div>\n<p>  La soldadura suele integrarse con otros procesos de fabricaci\u00f3n de metales, como el corte, el plegado y el acabado, para crear un flujo de trabajo de producci\u00f3n sin fisuras.<br \/>\nDespu\u00e9s de cortar y dar forma a las piezas met\u00e1licas, se utiliza la soldadura para ensamblarlas en el producto final.<br \/>\nTras la soldadura, el art\u00edculo fabricado puede someterse a procesos adicionales, como esmerilado, pulido o revestimiento, para conseguir el acabado deseado.    <\/p>\n<h3>H\u00e1blanos de los servicios de soldadura y fabricaci\u00f3n completa de metales<\/h3>\n<p>  \u00bfBuscas soldadores de calidad en Rockford IL?<br \/>\nEn SMF, tenemos opciones completas de soldadura y fabricaci\u00f3n de metales.<br \/>\nPara ponerte en contacto con nuestro campus de Illinois, llama al <a href=\"\">309-432-2586<\/a>.  <\/p>\n","protected":false},"excerpt":{"rendered":"<p>El papel de la soldadura en los servicios de fabricaci\u00f3n de metales La soldadura es una piedra angular de los servicios de fabricaci\u00f3n de metales, ya que desempe\u00f1a un papel vital en la transformaci\u00f3n de materias primas en productos acabados fuertes, duraderos y funcionales. Si est\u00e1s explorando los servicios de fabricaci\u00f3n de metal, comprender c\u00f3mo &hellip; <a href=\"https:\/\/smf-inc.com\/es\/soldadores-rockford-il\/\" class=\"more-link\">Continue reading <span class=\"screen-reader-text\">Soldadores Rockford IL<\/span><\/a><\/p>\n","protected":false},"author":2,"featured_media":0,"parent":0,"menu_order":0,"comment_status":"closed","ping_status":"closed","template":"","meta":{"_acf_changed":false,"inline_featured_image":false,"footnotes":""},"class_list":["post-2711","page","type-page","status-publish","hentry"],"acf":[],"_links":{"self":[{"href":"https:\/\/smf-inc.com\/es\/wp-json\/wp\/v2\/pages\/2711","targetHints":{"allow":["GET"]}}],"collection":[{"href":"https:\/\/smf-inc.com\/es\/wp-json\/wp\/v2\/pages"}],"about":[{"href":"https:\/\/smf-inc.com\/es\/wp-json\/wp\/v2\/types\/page"}],"author":[{"embeddable":true,"href":"https:\/\/smf-inc.com\/es\/wp-json\/wp\/v2\/users\/2"}],"replies":[{"embeddable":true,"href":"https:\/\/smf-inc.com\/es\/wp-json\/wp\/v2\/comments?post=2711"}],"version-history":[{"count":0,"href":"https:\/\/smf-inc.com\/es\/wp-json\/wp\/v2\/pages\/2711\/revisions"}],"wp:attachment":[{"href":"https:\/\/smf-inc.com\/es\/wp-json\/wp\/v2\/media?parent=2711"}],"curies":[{"name":"wp","href":"https:\/\/api.w.org\/{rel}","templated":true}]}}