{"id":2710,"date":"2024-11-20T04:25:51","date_gmt":"2024-11-20T04:25:51","guid":{"rendered":"https:\/\/smf-inc.com\/fabricacion-de-chapas-metalicas-illinois\/"},"modified":"2024-11-20T04:25:51","modified_gmt":"2024-11-20T04:25:51","slug":"fabricacion-de-chapas-metalicas-illinois","status":"publish","type":"page","link":"https:\/\/smf-inc.com\/es\/fabricacion-de-chapas-metalicas-illinois\/","title":{"rendered":"Fabricaci\u00f3n de chapas met\u00e1licas Illinois"},"content":{"rendered":"<h3>\u00bfBuscas una fabricaci\u00f3n de chapa met\u00e1lica de calidad?<\/h3>\n<p>Seleccionar un proveedor de fabricaci\u00f3n de chapa met\u00e1lica de calidad es fundamental para garantizar soluciones duraderas, precisas y rentables para tu empresa. Con el proveedor adecuado, puedes esperar materiales de primera calidad, una producci\u00f3n puntual y un socio que cumpla tus especificaciones exactas. Si buscas fabricaci\u00f3n de chapa met\u00e1lica de primera clase en Illinois, llama a SMF al <a href=\"tel:3094322586\">309-432-2586<\/a>.  <\/p>\n<div class=\"right-img\"><img loading=\"lazy\" decoding=\"async\" class=\"alignnone\" src=\"https:\/\/smf-inc.com\/wp-content\/uploads\/2024\/11\/sheets-of-metal-at-a-factory.webp\" alt=\"Se ven productos de chapa met\u00e1lica. SMF realiza fabricaci\u00f3n de chapas met\u00e1licas en Illinois.\" width=\"500\" height=\"350\" title=\"\"><\/div>\n<h3>Tenemos experiencia en el sector<\/h3>\n<p>Nuestra larga trayectoria en la fabricaci\u00f3n de metales significa que hemos desarrollado m\u00e9todos de producci\u00f3n eficaces, pr\u00e1cticas de control de calidad y un profundo conocimiento de las propiedades de los materiales. Hemos trabajado con innumerables industrias diferentes. Nuestros socios van desde la automoci\u00f3n a la industria aeroespacial y m\u00e1s all\u00e1. Esto significa que podemos suministrar productos que cumplen las normas y reglamentos espec\u00edficos del sector.   <\/p>\n<h3>Utilizamos materiales de alta calidad<\/h3>\n<p>En SMF, mantenemos s\u00f3lidas relaciones con proveedores de metal de renombre, lo que garantiza <a href=\"https:\/\/smf-inc.com\/capabilities\/retail-steel-sales\/\">materiales de alta calidad<\/a> que resisten el desgaste, los factores medioambientales y el uso intensivo. He aqu\u00ed algunas razones adicionales para trabajar con nosotros: <\/p>\n<ul>\n<li>Creemos que la precisi\u00f3n es la piedra angular de la fabricaci\u00f3n de chapa met\u00e1lica de alta calidad. Por eso utilizamos maquinaria avanzada y tecnolog\u00eda de vanguardia para permitir una fabricaci\u00f3n precisa y uniforme que se ajuste a las especificaciones de tu dise\u00f1o, garantizando que cada pieza cumpla tus normas de calidad. <\/li>\n<li>Las capacidades y servicios integrales nos importan. Por eso ofrecemos una amplia gama de servicios, desde el dise\u00f1o inicial y la creaci\u00f3n de prototipos hasta el acabado y el montaje. Como proveedor con capacidades integrales, podemos gestionar todos los aspectos de la producci\u00f3n bajo un mismo techo, reduciendo los plazos de entrega, minimizando los errores de manipulaci\u00f3n y garantizando un mejor control de calidad en todo el proceso.  <\/li>\n<li>Ofrecemos servicios adicionales como <a href=\"https:\/\/smf-inc.com\/what-is-the-purpose-of-powder-coating\/\">el recubrimiento de polvo<\/a> y el <a href=\"https:\/\/smf-inc.com\/mechanical-assembly-illinois\/\">montaje<\/a>. Estos servicios de valor a\u00f1adido pueden simplificar tu cadena de suministro y garantizar que tus productos lleguen listos para usar. Esto nos permite gestionar proyectos complejos con facilidad, ahorr\u00e1ndote tiempo y recursos.  <\/li>\n<\/ul>\n<h3>Estamos comprometidos con la garant\u00eda de calidad y las pruebas<\/h3>\n<p>Entendemos que el control de calidad es clave para fabricar productos consistentes y fiables. Nuestras pr\u00e1cticas de control de calidad, como inspecciones, pruebas y cumplimiento de tolerancias estrictas, ayudan a evitar defectos y garantizan que cada pieza cumpla tus especificaciones exactas. <\/p>\n<div class=\"left-img\"><img loading=\"lazy\" decoding=\"async\" class=\"alignnone\" src=\"https:\/\/smf-inc.com\/wp-content\/uploads\/2024\/11\/welder-welding-sheet-metal.webp\" alt=\"Se ve a un soldador trabajando. SMF se dedica a la fabricaci\u00f3n de chapas met\u00e1licas en Illinois.\" width=\"500\" height=\"350\" title=\"\"><\/div>\n<h3>Nuestro servicio de atenci\u00f3n al cliente es insuperable<\/h3>\n<p>La comunicaci\u00f3n eficaz es esencial para el \u00e9xito de una asociaci\u00f3n. Por eso valoramos la transparencia y te mantenemos informado sobre los plazos del proyecto, los costes y cualquier posible dificultad. <\/p>\n<h3>\u00bfEst\u00e1 preparado para trabajar con nosotros?<\/h3>\n<p>Si est\u00e1s interesado en nuestra fabricaci\u00f3n de chapas met\u00e1licas en Illinois, as\u00ed como en nuestros otros servicios de fabricaci\u00f3n y mecanizado, llama a SMF al <a href=\"tel:3094322586\">309-432-2586<\/a>. Tenemos capacidad para atender a clientes de todo Estados Unidos.<\/p>\n","protected":false},"excerpt":{"rendered":"<p>\u00bfBuscas una fabricaci\u00f3n de chapa met\u00e1lica de calidad? Seleccionar un proveedor de fabricaci\u00f3n de chapa met\u00e1lica de calidad es fundamental para garantizar soluciones duraderas, precisas y rentables para tu empresa. Con el proveedor adecuado, puedes esperar materiales de primera calidad, una producci\u00f3n puntual y un socio que cumpla tus especificaciones exactas. Si buscas fabricaci\u00f3n de &hellip; <a href=\"https:\/\/smf-inc.com\/es\/fabricacion-de-chapas-metalicas-illinois\/\" class=\"more-link\">Continue reading <span class=\"screen-reader-text\">Fabricaci\u00f3n de chapas met\u00e1licas Illinois<\/span><\/a><\/p>\n","protected":false},"author":2,"featured_media":0,"parent":0,"menu_order":0,"comment_status":"closed","ping_status":"closed","template":"","meta":{"_acf_changed":false,"inline_featured_image":false,"footnotes":""},"class_list":["post-2710","page","type-page","status-publish","hentry"],"acf":[],"_links":{"self":[{"href":"https:\/\/smf-inc.com\/es\/wp-json\/wp\/v2\/pages\/2710","targetHints":{"allow":["GET"]}}],"collection":[{"href":"https:\/\/smf-inc.com\/es\/wp-json\/wp\/v2\/pages"}],"about":[{"href":"https:\/\/smf-inc.com\/es\/wp-json\/wp\/v2\/types\/page"}],"author":[{"embeddable":true,"href":"https:\/\/smf-inc.com\/es\/wp-json\/wp\/v2\/users\/2"}],"replies":[{"embeddable":true,"href":"https:\/\/smf-inc.com\/es\/wp-json\/wp\/v2\/comments?post=2710"}],"version-history":[{"count":0,"href":"https:\/\/smf-inc.com\/es\/wp-json\/wp\/v2\/pages\/2710\/revisions"}],"wp:attachment":[{"href":"https:\/\/smf-inc.com\/es\/wp-json\/wp\/v2\/media?parent=2710"}],"curies":[{"name":"wp","href":"https:\/\/api.w.org\/{rel}","templated":true}]}}