{"id":2709,"date":"2024-11-20T04:25:51","date_gmt":"2024-11-20T04:25:51","guid":{"rendered":"https:\/\/smf-inc.com\/soldadores-peoria-il\/"},"modified":"2024-11-20T04:25:51","modified_gmt":"2024-11-20T04:25:51","slug":"soldadores-peoria-il","status":"publish","type":"page","link":"https:\/\/smf-inc.com\/es\/soldadores-peoria-il\/","title":{"rendered":"Soldadores Peoria IL"},"content":{"rendered":"<h3>El papel de la soldadura en los servicios de fabricaci\u00f3n de metales<\/h3>\n<p>  \u00bfBuscas una empresa de fabricaci\u00f3n de metal que ofrezca soldadura de primera categor\u00eda?<br \/>\nSi est\u00e1s explorando los servicios de fabricaci\u00f3n de metal, comprender c\u00f3mo encaja la soldadura en el proceso puede ayudarte a tomar decisiones informadas para tu pr\u00f3ximo proyecto.<br \/>\nPara trabajar con algunos de los mejores soldadores de Peoria IL, llama a SMF al <a href=\"tel:3094322586\">309-432-2586<\/a>.    <\/p>\n<div class=\"right-img\"><img loading=\"lazy\" decoding=\"async\" class=\"alignnone\" src=\"https:\/\/smf-inc.com\/wp-content\/uploads\/2024\/09\/dedicated-craftsmen-clad-in-safety-gear-have-unveiled-a-groundbreaking-technique-for-welding.webp\" alt=\"Se ve a un soldador trabajando. SMF tiene los mejores soldadores de Peoria IL.\" width=\"500\" height=\"350\" title=\"\"><\/div>\n<h3>La soldadura desempe\u00f1a un papel importante en la fabricaci\u00f3n de metales<\/h3>\n<p>  La soldadura es un m\u00e9todo de unir dos o m\u00e1s piezas de metal.<br \/>\nEs un paso crucial en la <a href=\"https:\/\/smf-inc.com\/is-metal-fabrication-the-same-as-welding\/\">fabricaci\u00f3n de metales<\/a>, porque proporciona la resistencia y estabilidad necesarias para garantizar que los componentes fabricados puedan soportar las exigencias del uso previsto.<br \/>\nEstos son algunos de los tipos de soldadura disponibles en SMF:    <\/p>\n<ul class=\"overflow\">\n<li><strong>Soldadura TIG:<\/strong> La soldadura con gas inerte de tungsteno (TIG) se ha ganado una reputaci\u00f3n por su precisi\u00f3n y capacidad para crear soldaduras de alta calidad en materiales finos.<br \/>\nEl TIG se utiliza a menudo para proyectos que requieren detalles finos y es especialmente eficaz en acero inoxidable y metales no ferrosos como el aluminio y el cobre.<br \/>\nNuestros servicios de soldadura TIG ofrecen el m\u00e1ximo nivel de artesan\u00eda.  <\/li>\n<li><strong>Soldadura con electrodo: <\/strong>Tambi\u00e9n conocida como soldadura por arco met\u00e1lico protegido, la soldadura con electrodo es un m\u00e9todo vers\u00e1til y fiable.<br \/>\nNuestro equipo de soldadores tiene experiencia en soldadura con electrodo, lo que garantiza soldaduras fuertes y duraderas. <\/li>\n<li><strong>Soldadura robotizada:<\/strong> Es un proceso ideal para proyectos de soldadura con un alto grado de repetici\u00f3n que deben ser precisos. La soldadura rob\u00f3tica utiliza herramientas mecanizadas programables para automatizar el proceso de soldadura. SMF dispone de una l\u00ednea completa de soldadoras robotizadas listas para satisfacer tus necesidades.<\/li>\n<li><strong>Soldadura MIG:<\/strong> La soldadura con gas inerte met\u00e1lico (MIG) es uno de los tipos de soldadura m\u00e1s comunes y es ideal para proyectos que requieren soldaduras de alta velocidad.<br \/>\nNuestros soldadores MIG cualificados realizan soldaduras limpias, fuertes y est\u00e9ticamente agradables. <\/li>\n<\/ul>\n<div class=\"left-img\"><img loading=\"lazy\" decoding=\"async\" class=\"alignnone\" src=\"https:\/\/smf-inc.com\/wp-content\/uploads\/2024\/09\/closeup-robot-arm-metal-argon-welding-machine-working-robotic-technology-in-precious.webp\" alt=\"Se ve a un soldador trabajando. SMF tiene los mejores soldadores de Peoria IL.\" width=\"500\" height=\"350\" title=\"\"><\/div>\n<h3>Nuestros servicios de soldadura son muy vers\u00e1tiles<\/h3>\n<p>  La soldadura se adapta bien a una amplia gama de materiales y aplicaciones.<br \/>\nEmpleamos distintas t\u00e9cnicas de soldadura seg\u00fan el material y los requisitos espec\u00edficos del proyecto.<br \/>\nNuestra soldadura, combinada con otros servicios como el<a href=\"https:\/\/smf-inc.com\/laser-cutting-peoria-il\/\"> corte por l\u00e1ser<\/a>, el<a href=\"https:\/\/smf-inc.com\/plasma-cutting-peoria-il\/\"> corte por plasma<\/a>, el <a href=\"https:\/\/smf-inc.com\/capabilities\/saw-cutting\/\">corte con sierra<\/a>, el <a href=\"https:\/\/smf-inc.com\/mechanical-assembly-peoria-il\/\">ensamblaje<\/a> y otros, nos convierten en un taller metal\u00fargico integral.    <\/p>\n<h3>Nos encantar\u00eda hablar contigo sobre nuestros servicios de soldadura<\/h3>\n<p>  \u00bfEst\u00e1s buscando soldadores de calidad en Peoria IL?<br \/>\nEn SMF, tenemos opciones completas de soldadura y fabricaci\u00f3n de metales.<br \/>\nPara ponerte en contacto con nuestro campus de Illinois, llama al <a href=\"\">309-432-2586<\/a>.  <\/p>\n","protected":false},"excerpt":{"rendered":"<p>El papel de la soldadura en los servicios de fabricaci\u00f3n de metales \u00bfBuscas una empresa de fabricaci\u00f3n de metal que ofrezca soldadura de primera categor\u00eda? Si est\u00e1s explorando los servicios de fabricaci\u00f3n de metal, comprender c\u00f3mo encaja la soldadura en el proceso puede ayudarte a tomar decisiones informadas para tu pr\u00f3ximo proyecto. Para trabajar con &hellip; <a href=\"https:\/\/smf-inc.com\/es\/soldadores-peoria-il\/\" class=\"more-link\">Continue reading <span class=\"screen-reader-text\">Soldadores Peoria IL<\/span><\/a><\/p>\n","protected":false},"author":2,"featured_media":0,"parent":0,"menu_order":0,"comment_status":"closed","ping_status":"closed","template":"","meta":{"_acf_changed":false,"inline_featured_image":false,"footnotes":""},"class_list":["post-2709","page","type-page","status-publish","hentry"],"acf":[],"_links":{"self":[{"href":"https:\/\/smf-inc.com\/es\/wp-json\/wp\/v2\/pages\/2709","targetHints":{"allow":["GET"]}}],"collection":[{"href":"https:\/\/smf-inc.com\/es\/wp-json\/wp\/v2\/pages"}],"about":[{"href":"https:\/\/smf-inc.com\/es\/wp-json\/wp\/v2\/types\/page"}],"author":[{"embeddable":true,"href":"https:\/\/smf-inc.com\/es\/wp-json\/wp\/v2\/users\/2"}],"replies":[{"embeddable":true,"href":"https:\/\/smf-inc.com\/es\/wp-json\/wp\/v2\/comments?post=2709"}],"version-history":[{"count":0,"href":"https:\/\/smf-inc.com\/es\/wp-json\/wp\/v2\/pages\/2709\/revisions"}],"wp:attachment":[{"href":"https:\/\/smf-inc.com\/es\/wp-json\/wp\/v2\/media?parent=2709"}],"curies":[{"name":"wp","href":"https:\/\/api.w.org\/{rel}","templated":true}]}}