{"id":2708,"date":"2024-11-20T04:25:51","date_gmt":"2024-11-20T04:25:51","guid":{"rendered":"https:\/\/smf-inc.com\/fabricacion-de-chapas-metalicas-rockford-il\/"},"modified":"2024-11-20T04:25:51","modified_gmt":"2024-11-20T04:25:51","slug":"fabricacion-de-chapas-metalicas-rockford-il","status":"publish","type":"page","link":"https:\/\/smf-inc.com\/es\/fabricacion-de-chapas-metalicas-rockford-il\/","title":{"rendered":"Fabricaci\u00f3n de chapas met\u00e1licas Rockford IL"},"content":{"rendered":"<h3>\u00bfQu\u00e9 es la fabricaci\u00f3n de chapas met\u00e1licas?<\/h3>\n<p>La fabricaci\u00f3n de chapas met\u00e1licas es un proceso de fabricaci\u00f3n utilizado para crear piezas y estructuras a partir de piezas met\u00e1licas delgadas y planas. Industrias como la automoci\u00f3n, la aeroespacial, la construcci\u00f3n, la electr\u00f3nica y la climatizaci\u00f3n, en las que son esenciales componentes met\u00e1licos duraderos, precisos y funcionales, utilizan ampliamente esta vers\u00e1til t\u00e9cnica. La fabricaci\u00f3n de chapas met\u00e1licas permite dise\u00f1ar piezas a medida que cumplen especificaciones exactas y es esencial para fabricar una amplia gama de productos, desde electrodom\u00e9sticos hasta maquinaria compleja. Si buscas un <a href=\"https:\/\/smf-inc.com\/what-are-the-types-of-metal-fabrication\/\">taller metal\u00fargico integral<\/a> capaz de fabricar chapas met\u00e1licas de alta calidad en Rockford IL, llama a SMF al <a href=\"tel:3094322586\">309-432-2586<\/a>.   <\/p>\n<div class=\"right-img\"><img loading=\"lazy\" decoding=\"async\" class=\"alignnone\" src=\"https:\/\/smf-inc.com\/wp-content\/uploads\/2024\/11\/depicts-a-worker-handling-a-flat-sheet-of-metal-as-it-is-fed-into-a-rolling-machine.webp\" alt=\"La chapa met\u00e1lica se ve en una f\u00e1brica. SMF realiza la fabricaci\u00f3n de chapas met\u00e1licas en Rockford IL.\" width=\"500\" height=\"350\" title=\"\"><\/div>\n<h3>Conoce los fundamentos de la fabricaci\u00f3n de chapas met\u00e1licas<\/h3>\n<p>La fabricaci\u00f3n de chapas met\u00e1licas suele implicar cortar, doblar y ensamblar chapas met\u00e1licas para darles formas y estructuras espec\u00edficas. Los metales utilizados en este proceso son el acero, el aluminio, el cobre y el lat\u00f3n, elegidos por su durabilidad, resistencia a la corrosi\u00f3n y solidez. El grosor de las chapas suele oscilar entre 0,5 mm y 6 mm, seg\u00fan los requisitos del proyecto, utiliz\u00e1ndose metales m\u00e1s gruesos para aplicaciones m\u00e1s pesadas. El proceso de fabricaci\u00f3n transforma estas chapas met\u00e1licas en piezas y estructuras que cumplen requisitos funcionales, est\u00e9ticos y estructurales. Con la maquinaria y las t\u00e9cnicas adecuadas, la chapa met\u00e1lica fabricada puede conseguir formas muy detalladas y precisas, lo que la hace adecuada para una serie de aplicaciones complejas.    <\/p>\n<h3>Realizamos procesos clave de fabricaci\u00f3n de chapa met\u00e1lica<\/h3>\n<p>Varios procesos b\u00e1sicos definen la fabricaci\u00f3n de chapa met\u00e1lica, cada uno de ellos crucial para crear productos met\u00e1licos personalizados:<\/p>\n<ul>\n<li><strong>Corte<\/strong> &#8211; El primer paso suele consistir en cortar las chapas a las dimensiones requeridas. <a href=\"https:\/\/smf-inc.com\/laser-cutting-rockford-il\/\">Las cortadoras l\u00e1ser<\/a>, las<a href=\"https:\/\/smf-inc.com\/plasma-cutting-rockford-il\/\"> cortadoras de plasma<\/a> y las <a href=\"https:\/\/smf-inc.com\/capabilities\/saw-cutting\/\">cortadoras de sierra<\/a> permiten realizar cortes limpios y precisos y reducir los residuos.<\/li>\n<li><strong>Doblado y conformado<\/strong> &#8211; Tras el corte, se da forma a las chapas met\u00e1licas mediante plegadoras o rodillos, lo que permite a los fabricantes crear \u00e1ngulos, curvas y otras formas personalizadas. El plegado es esencial para productos con geometr\u00edas complejas, como soportes, armarios y componentes estructurales. <\/li>\n<li><strong>Soldadura y ensamblaje<\/strong> &#8211; Para crear un producto \u00fanico y cohesionado, las piezas met\u00e1licas fabricadas suelen soldarse o unirse de otro modo. La soldadura une los metales mediante calor intenso, garantizando una uni\u00f3n fuerte. Pueden utilizarse otros m\u00e9todos de ensamblaje, como el remachado o la fijaci\u00f3n, dependiendo de la aplicaci\u00f3n y el material.  <\/li>\n<li><strong>Acabado<\/strong> &#8211; El acabado es un paso opcional pero importante, que mejora la durabilidad y el aspecto del producto.<a href=\"https:\/\/smf-inc.com\/what-is-the-purpose-of-powder-coating\/\"> El recubrimiento en polvo<\/a> es una t\u00e9cnica habitual que ofrecemos.<\/li>\n<\/ul>\n<h3>La fabricaci\u00f3n de chapas met\u00e1licas es esencial en numerosas industrias<\/h3>\n<p>En los sectores automovil\u00edstico y aeroespacial, la chapa met\u00e1lica encuentra su lugar en componentes que deben soportar altas tensiones y temperaturas. En electr\u00f3nica, la chapa met\u00e1lica fabricada hace carcasas, paneles y soportes que protegen circuitos delicados. El sector de la calefacci\u00f3n, ventilaci\u00f3n y aire acondicionado recurre a la chapa met\u00e1lica para crear conductos, accesorios y carcasas para sistemas de calefacci\u00f3n y refrigeraci\u00f3n. La fabricaci\u00f3n de chapas met\u00e1licas desempe\u00f1a un papel crucial en la construcci\u00f3n, sobre todo para elementos estructurales, detalles arquitect\u00f3nicos, tejados y revestimientos. Su versatilidad la hace ideal para aplicaciones que requieren formas personalizadas, especificaciones precisas y materiales duraderos.    <\/p>\n<div class=\"left-img\"><img loading=\"lazy\" decoding=\"async\" class=\"alignnone\" src=\"https:\/\/smf-inc.com\/wp-content\/uploads\/2024\/11\/production-hall.webp\" alt=\"Los productos de chapa met\u00e1lica se ven en una f\u00e1brica. SMF realiza fabricaci\u00f3n de chapas met\u00e1licas en Rockford IL.\" width=\"500\" height=\"350\" title=\"\"><\/div>\n<h3>\u00a1Creemos juntos!<\/h3>\n<p>SMF ofrece fabricaci\u00f3n de chapa met\u00e1lica en Rockford IL, as\u00ed como nuestros otros servicios de fabricaci\u00f3n y mecanizado. Ll\u00e1menos al <a href=\"tel:3094322586\">309-432-2586<\/a>. Tenemos capacidad para atender a clientes de todo Estados Unidos.<\/p>\n","protected":false},"excerpt":{"rendered":"<p>\u00bfQu\u00e9 es la fabricaci\u00f3n de chapas met\u00e1licas? La fabricaci\u00f3n de chapas met\u00e1licas es un proceso de fabricaci\u00f3n utilizado para crear piezas y estructuras a partir de piezas met\u00e1licas delgadas y planas. Industrias como la automoci\u00f3n, la aeroespacial, la construcci\u00f3n, la electr\u00f3nica y la climatizaci\u00f3n, en las que son esenciales componentes met\u00e1licos duraderos, precisos y funcionales, &hellip; <a href=\"https:\/\/smf-inc.com\/es\/fabricacion-de-chapas-metalicas-rockford-il\/\" class=\"more-link\">Continue reading <span class=\"screen-reader-text\">Fabricaci\u00f3n de chapas met\u00e1licas Rockford IL<\/span><\/a><\/p>\n","protected":false},"author":2,"featured_media":0,"parent":0,"menu_order":0,"comment_status":"closed","ping_status":"closed","template":"","meta":{"_acf_changed":false,"inline_featured_image":false,"footnotes":""},"class_list":["post-2708","page","type-page","status-publish","hentry"],"acf":[],"_links":{"self":[{"href":"https:\/\/smf-inc.com\/es\/wp-json\/wp\/v2\/pages\/2708","targetHints":{"allow":["GET"]}}],"collection":[{"href":"https:\/\/smf-inc.com\/es\/wp-json\/wp\/v2\/pages"}],"about":[{"href":"https:\/\/smf-inc.com\/es\/wp-json\/wp\/v2\/types\/page"}],"author":[{"embeddable":true,"href":"https:\/\/smf-inc.com\/es\/wp-json\/wp\/v2\/users\/2"}],"replies":[{"embeddable":true,"href":"https:\/\/smf-inc.com\/es\/wp-json\/wp\/v2\/comments?post=2708"}],"version-history":[{"count":0,"href":"https:\/\/smf-inc.com\/es\/wp-json\/wp\/v2\/pages\/2708\/revisions"}],"wp:attachment":[{"href":"https:\/\/smf-inc.com\/es\/wp-json\/wp\/v2\/media?parent=2708"}],"curies":[{"name":"wp","href":"https:\/\/api.w.org\/{rel}","templated":true}]}}