{"id":2707,"date":"2024-11-20T04:25:50","date_gmt":"2024-11-20T04:25:50","guid":{"rendered":"https:\/\/smf-inc.com\/soldadores-columbia-sc\/"},"modified":"2024-11-20T04:25:50","modified_gmt":"2024-11-20T04:25:50","slug":"soldadores-columbia-sc","status":"publish","type":"page","link":"https:\/\/smf-inc.com\/es\/soldadores-columbia-sc\/","title":{"rendered":"Soldadores Columbia SC"},"content":{"rendered":"<h3>\u00a1Ll\u00e1manos para Servicios Integrales de Soldadura y Fabricaci\u00f3n de Metales!<\/h3>\n<p>  La soldadura es un proceso incre\u00edblemente vers\u00e1til que puede aplicarse a una amplia gama de proyectos y materiales.<br \/>\nComo taller metal\u00fargico integral que ofrece servicios de soldadura, SMF puede atender diversas necesidades de los clientes, ya se trate de acero, aluminio, acero inoxidable, cobre u otras aleaciones.<br \/>\nSi buscas soldadores cualificados en Columbia SC, llama a SMF al <a href=\"tel:8642260470\">tel\u00e9fono 864-226-0470<\/a>.    <\/p>\n<div class=\"right-img\"><img loading=\"lazy\" decoding=\"async\" class=\"alignnone\" src=\"https:\/\/smf-inc.com\/wp-content\/uploads\/2024\/09\/3d-isometric-flat-vector-conceptual-illustration-of-types-of-welding.webp\" alt=\"En un gr\u00e1fico se explican las t\u00e9cnicas de soldadura m\u00e1s comunes. SMF tiene soldadores en Columbia SC.\" width=\"500\" height=\"350\" title=\"\"><\/div>\n<h3>La soldadura y la fabricaci\u00f3n de metales van de la mano<\/h3>\n<p>  La soldadura, el proceso de unir dos o m\u00e1s piezas met\u00e1licas aplicando calor, presi\u00f3n o ambos para formar una uni\u00f3n fuerte, es una t\u00e9cnica fundamental utilizada en la fabricaci\u00f3n de metales.<br \/>\nNuestro equipo profesional fusiona distintos tipos de metales o aleaciones para crear desde peque\u00f1as piezas hasta grandes armazones estructurales.<br \/>\nLa soldadura permite el <a href=\"https:\/\/smf-inc.com\/is-metal-fabrication-the-same-as-welding\/\">ensamblaje preciso y duradero de estructuras met\u00e1licas complejas<\/a>.<br \/>\nOfrecemos todos los tipos de soldadura habituales y tambi\u00e9n disponemos de soldadura robotizada.<br \/>\nAlgunos de los tipos de soldadura que ofrecemos son:      <\/p>\n<ul class=\"overflow\">\n<li><strong>Soldadura MIG (gas inerte met\u00e1lico): <\/strong>Ideal para la soldadura r\u00e1pida y eficaz de una amplia gama de metales, incluidos el acero y el aluminio.<\/li>\n<li><strong>Soldadura TIG (gas inerte de tungsteno): <\/strong>Conocida por producir soldaduras precisas y limpias.<\/li>\n<li><strong>Soldadura con electrodo (soldadura por arco met\u00e1lico protegido): <\/strong>Uno de los m\u00e9todos de soldadura m\u00e1s antiguos, la soldadura con electrodo es vers\u00e1til.<\/li>\n<li><strong>Soldadura por arco con n\u00facleo de fundente (FCAW): <\/strong>Una variaci\u00f3n de la soldadura MIG que funciona bien en aplicaciones pesadas.<\/li>\n<li><strong>Soldadura robotizada: <\/strong>Nuestra l\u00ednea de soldadura robotizada es la mejor y m\u00e1s rentable opci\u00f3n para algunas funciones rutinarias de soldadura.<\/li>\n<\/ul>\n<h3>La soldadura es s\u00f3lo una opci\u00f3n de fabricaci\u00f3n de metales que ofrecemos<\/h3>\n<p>  Adem\u00e1s de la soldadura, ofrecemos una amplia gama de servicios para satisfacer tus necesidades.<br \/>\nAlgunos de nuestros servicios relacionados con la metalurgia son   <\/p>\n<ul class=\"col-3\">\n<li><a href=\"https:\/\/smf-inc.com\/precision-machining-columbia-sc\/\">Mecanizado<\/a><\/li>\n<li><a href=\"https:\/\/smf-inc.com\/laser-cutting-columbia-sc\/\">Corte por l\u00e1ser<\/a><\/li>\n<li><a href=\"https:\/\/smf-inc.com\/plasma-cutting-columbia-sc\/\">Corte por plasma<\/a><\/li>\n<li><a href=\"https:\/\/smf-inc.com\/capabilities\/forming\/\">Formando<\/a><\/li>\n<li><a href=\"https:\/\/smf-inc.com\/what-is-the-purpose-of-powder-coating\/\">Recubrimiento en polvo<\/a><\/li>\n<li><a href=\"https:\/\/smf-inc.com\/mechanical-assembly-columbia-sc\/\">Montaje<\/a><\/li>\n<li><a href=\"https:\/\/smf-inc.com\/capabilities\/saw-cutting\/\">Corte con sierra<\/a><\/li>\n<li><a href=\"https:\/\/smf-inc.com\/capabilities\/blasting\/\">Voladura<\/a><\/li>\n<\/ul>\n<h3>Atendemos a una clientela diversa<\/h3>\n<p>  Trabajamos con un gran n\u00famero de industrias con distintas exigencias, como:  <\/p>\n<ul class=\"col-3\">\n<li>Generaci\u00f3n de energ\u00eda<\/li>\n<li>Energ\u00edas renovables<\/li>\n<li>Construcci\u00f3n<\/li>\n<li>Carril<\/li>\n<li>Miner\u00eda<\/li>\n<li>Bomba y compresor<\/li>\n<li>Automatizaci\u00f3n y rob\u00f3tica<\/li>\n<li>Petr\u00f3leo y gas<\/li>\n<li>Agricultura<\/li>\n<\/ul>\n<div class=\"left-img\"><img loading=\"lazy\" decoding=\"async\" class=\"alignnone\" src=\"https:\/\/smf-inc.com\/wp-content\/uploads\/2024\/09\/welder-uses-torch-on-car-he-is-welding.webp\" alt=\"Se ve a un soldador trabajando. SMF tiene soldadores en Columbia SC.\" width=\"500\" height=\"350\" title=\"\"><\/div>\n<h3>Preg\u00fantanos por nuestros servicios de soldadura y afines<\/h3>\n<p>  \u00bfBuscas soldadores de calidad en Columbia SC que tambi\u00e9n puedan ocuparse de todas tus necesidades de metal?<br \/>\nEn SMF, tenemos opciones completas de soldadura y fabricaci\u00f3n de metal.  Para localizarnos en Carolina del Sur, llama <a href=\"tel:8642260470\">al 864-226-0470<\/a>.<\/p>\n","protected":false},"excerpt":{"rendered":"<p>\u00a1Ll\u00e1manos para Servicios Integrales de Soldadura y Fabricaci\u00f3n de Metales! La soldadura es un proceso incre\u00edblemente vers\u00e1til que puede aplicarse a una amplia gama de proyectos y materiales. Como taller metal\u00fargico integral que ofrece servicios de soldadura, SMF puede atender diversas necesidades de los clientes, ya se trate de acero, aluminio, acero inoxidable, cobre u &hellip; <a href=\"https:\/\/smf-inc.com\/es\/soldadores-columbia-sc\/\" class=\"more-link\">Continue reading <span class=\"screen-reader-text\">Soldadores Columbia SC<\/span><\/a><\/p>\n","protected":false},"author":2,"featured_media":0,"parent":0,"menu_order":0,"comment_status":"closed","ping_status":"closed","template":"","meta":{"_acf_changed":false,"inline_featured_image":false,"footnotes":""},"class_list":["post-2707","page","type-page","status-publish","hentry"],"acf":[],"_links":{"self":[{"href":"https:\/\/smf-inc.com\/es\/wp-json\/wp\/v2\/pages\/2707","targetHints":{"allow":["GET"]}}],"collection":[{"href":"https:\/\/smf-inc.com\/es\/wp-json\/wp\/v2\/pages"}],"about":[{"href":"https:\/\/smf-inc.com\/es\/wp-json\/wp\/v2\/types\/page"}],"author":[{"embeddable":true,"href":"https:\/\/smf-inc.com\/es\/wp-json\/wp\/v2\/users\/2"}],"replies":[{"embeddable":true,"href":"https:\/\/smf-inc.com\/es\/wp-json\/wp\/v2\/comments?post=2707"}],"version-history":[{"count":0,"href":"https:\/\/smf-inc.com\/es\/wp-json\/wp\/v2\/pages\/2707\/revisions"}],"wp:attachment":[{"href":"https:\/\/smf-inc.com\/es\/wp-json\/wp\/v2\/media?parent=2707"}],"curies":[{"name":"wp","href":"https:\/\/api.w.org\/{rel}","templated":true}]}}