{"id":2706,"date":"2024-11-20T04:25:50","date_gmt":"2024-11-20T04:25:50","guid":{"rendered":"https:\/\/smf-inc.com\/fabricacion-de-chapas-metalicas-carolina-del-sur\/"},"modified":"2024-11-20T04:25:50","modified_gmt":"2024-11-20T04:25:50","slug":"fabricacion-de-chapas-metalicas-carolina-del-sur","status":"publish","type":"page","link":"https:\/\/smf-inc.com\/es\/fabricacion-de-chapas-metalicas-carolina-del-sur\/","title":{"rendered":"Fabricaci\u00f3n de chapas met\u00e1licas Carolina del Sur"},"content":{"rendered":"<h3>\u00bfQu\u00e9 nos convierte en el socio ideal para la fabricaci\u00f3n de chapas met\u00e1licas?<\/h3>\n<p>Elegir la empresa de fabricaci\u00f3n de chapa adecuada con la que trabajar es esencial para garantizar la calidad, la eficacia y el rendimiento duradero de tus proyectos. Una empresa ideal de fabricaci\u00f3n de chapas met\u00e1licas combina tecnolog\u00eda avanzada, personal experimentado, materiales de alta calidad y un servicio centrado en el cliente para satisfacer los requisitos precisos de los proyectos. Si buscas una empresa de fabricaci\u00f3n de chapa met\u00e1lica de primera categor\u00eda en Carolina del Sur, llama a SMF al <a href=\"tel:8642260470\">864-226-0470<\/a>.  <\/p>\n<div class=\"right-img\"><img loading=\"lazy\" decoding=\"async\" class=\"alignnone\" src=\"https:\/\/smf-inc.com\/wp-content\/uploads\/2024\/11\/worker-working-in-metal-cutting.webp\" alt=\"Se ve a un trabajador manipulando una pieza de chapa met\u00e1lica. SMF ofrece fabricaci\u00f3n de chapas met\u00e1licas en Carolina del Sur.\" width=\"500\" height=\"350\" title=\"\"><\/div>\n<h3>Ofrecemos tecnolog\u00eda y equipos avanzados<\/h3>\n<p>En SMF, hemos invertido en maquinaria y equipos de \u00faltima generaci\u00f3n para ofrecer resultados precisos, eficientes y consistentes. Nuestras herramientas de precisi\u00f3n, como cortadoras l\u00e1ser, plegadoras de<a href=\"https:\/\/smf-inc.com\/laser-cutting-south-carolina\/\">corte por l\u00e1ser en Carolina del Sur<\/a>, cortadoras de plasma, soldadoras robotizadas y otras, garantizan que cada pieza se elabore seg\u00fan las especificaciones exactas con el m\u00ednimo error. La automatizaci\u00f3n y la tecnolog\u00eda avanzada nos ayudan a mantener tolerancias estrictas y uniformidad en grandes series de producci\u00f3n, lo que permite plazos de entrega m\u00e1s r\u00e1pidos y una calidad mejorada.  <\/p>\n<h3>Empleamos mano de obra cualificada y con experiencia<\/h3>\n<p>Incluso con la mejor maquinaria, una empresa ideal de fabricaci\u00f3n de chapa met\u00e1lica depende de una mano de obra cualificada para garantizar la calidad y la eficacia. Nuestros experimentados fabricantes y <a href=\"https:\/\/smf-inc.com\/welders-south-carolina\/\">soldadores de<\/a> chapa comprenden los matices de los distintos materiales y t\u00e9cnicas, lo que nos permite ofrecer resultados impecables. Desde el dise\u00f1o inicial hasta el montaje final, nuestros t\u00e9cnicos e ingenieros cualificados colaboran para garantizar que cada proyecto cumpla unas normas precisas. Una empresa de fabricaci\u00f3n de primera categor\u00eda suele invertir en formaci\u00f3n continua para mantener a su equipo al d\u00eda de las \u00faltimas t\u00e9cnicas, certificaciones y pr\u00e1cticas de seguridad del sector. Esta experiencia se traduce en una resoluci\u00f3n de problemas m\u00e1s r\u00e1pida, una producci\u00f3n m\u00e1s precisa y productos acabados de mayor calidad.  <\/p>\n<h3>Ofrecemos un servicio integral<\/h3>\n<p>Nuestra gama completa de servicios incluye desde <a href=\"https:\/\/smf-inc.com\/what-are-the-basics-of-metal-fabrication\/\">la asistencia en el dise\u00f1o y la creaci\u00f3n de prototipos<\/a> hasta el montaje y el acabado. Al ofrecer un servicio integral, eliminamos la necesidad de coordinarnos con m\u00faltiples proveedores, simplificando tu cadena de suministro y mejorando el control de calidad general.  Algunos de nuestros servicios incluyen:<\/p>\n<ul class=\"col-3\">\n<li><a href=\"https:\/\/smf-inc.com\/precision-machining-south-carolina\/\">Mecanizado<\/a><\/li>\n<li><a href=\"https:\/\/smf-inc.com\/laser-cutting-south-carolina\/\">Corte por l\u00e1ser<\/a><\/li>\n<li><a href=\"https:\/\/smf-inc.com\/capabilities\/forming\/\">Formando<\/a><\/li>\n<li><a href=\"https:\/\/smf-inc.com\/what-is-the-purpose-of-powder-coating\/\">Recubrimiento en polvo<\/a><\/li>\n<li><a href=\"https:\/\/smf-inc.com\/mechanical-assembly-south-carolina\/\">Montaje<\/a><\/li>\n<li><a href=\"https:\/\/smf-inc.com\/plasma-cutting-south-carolina\/\">Corte por plasma<\/a><\/li>\n<li><a href=\"https:\/\/smf-inc.com\/capabilities\/saw-cutting\/\">Corte con sierra<\/a><\/li>\n<li><a href=\"https:\/\/smf-inc.com\/capabilities\/blasting\/\">Voladura<\/a><\/li>\n<li><a href=\"https:\/\/smf-inc.com\/welding-service-south-carolina\/\">Soldadura<\/a><\/li>\n<\/ul>\n<h3>Nos dedicamos al control de calidad<\/h3>\n<p>El control de calidad es primordial en la fabricaci\u00f3n de chapa met\u00e1lica, ya que incluso las peque\u00f1as imperfecciones pueden afectar al rendimiento y la durabilidad. Nuestros rigurosos procesos de control de calidad incluyen inspecciones peri\u00f3dicas, comprobaciones dimensionales y pruebas exhaustivas de materiales. Tenemos la certificaci\u00f3n ISO 9001:2015.  <\/p>\n<div class=\"left-img\"><img loading=\"lazy\" decoding=\"async\" class=\"alignnone\" src=\"https:\/\/smf-inc.com\/wp-content\/uploads\/2024\/11\/large-aluminium-metal-steel-rolls-in-the-factory.webp\" alt=\"Se ve un rollo de chapa met\u00e1lica. SMF ofrece fabricaci\u00f3n de chapa met\u00e1lica en Carolina del Sur.\" width=\"500\" height=\"350\" title=\"\"><\/div>\n<h3>\u00bfEst\u00e1s Preparado Para Una Fabricaci\u00f3n Met\u00e1lica De Primera Calidad?<\/h3>\n<p>SMF ofrece fabricaci\u00f3n de chapa met\u00e1lica en Carolina del Sur, as\u00ed como otros servicios de fabricaci\u00f3n y mecanizado. Ll\u00e1menos al <a href=\"tel:3094322586\">309-432-2586<\/a>. Tenemos capacidad para atender a clientes de todo Estados Unidos.<\/p>\n","protected":false},"excerpt":{"rendered":"<p>\u00bfQu\u00e9 nos convierte en el socio ideal para la fabricaci\u00f3n de chapas met\u00e1licas? Elegir la empresa de fabricaci\u00f3n de chapa adecuada con la que trabajar es esencial para garantizar la calidad, la eficacia y el rendimiento duradero de tus proyectos. Una empresa ideal de fabricaci\u00f3n de chapas met\u00e1licas combina tecnolog\u00eda avanzada, personal experimentado, materiales de &hellip; <a href=\"https:\/\/smf-inc.com\/es\/fabricacion-de-chapas-metalicas-carolina-del-sur\/\" class=\"more-link\">Continue reading <span class=\"screen-reader-text\">Fabricaci\u00f3n de chapas met\u00e1licas Carolina del Sur<\/span><\/a><\/p>\n","protected":false},"author":2,"featured_media":0,"parent":0,"menu_order":0,"comment_status":"closed","ping_status":"closed","template":"","meta":{"_acf_changed":false,"inline_featured_image":false,"footnotes":""},"class_list":["post-2706","page","type-page","status-publish","hentry"],"acf":[],"_links":{"self":[{"href":"https:\/\/smf-inc.com\/es\/wp-json\/wp\/v2\/pages\/2706","targetHints":{"allow":["GET"]}}],"collection":[{"href":"https:\/\/smf-inc.com\/es\/wp-json\/wp\/v2\/pages"}],"about":[{"href":"https:\/\/smf-inc.com\/es\/wp-json\/wp\/v2\/types\/page"}],"author":[{"embeddable":true,"href":"https:\/\/smf-inc.com\/es\/wp-json\/wp\/v2\/users\/2"}],"replies":[{"embeddable":true,"href":"https:\/\/smf-inc.com\/es\/wp-json\/wp\/v2\/comments?post=2706"}],"version-history":[{"count":0,"href":"https:\/\/smf-inc.com\/es\/wp-json\/wp\/v2\/pages\/2706\/revisions"}],"wp:attachment":[{"href":"https:\/\/smf-inc.com\/es\/wp-json\/wp\/v2\/media?parent=2706"}],"curies":[{"name":"wp","href":"https:\/\/api.w.org\/{rel}","templated":true}]}}