{"id":2703,"date":"2024-11-20T04:25:16","date_gmt":"2024-11-20T04:25:16","guid":{"rendered":"https:\/\/smf-inc.com\/soldadores-illinois\/"},"modified":"2024-11-20T04:25:16","modified_gmt":"2024-11-20T04:25:16","slug":"soldadores-illinois","status":"publish","type":"page","link":"https:\/\/smf-inc.com\/es\/soldadores-illinois\/","title":{"rendered":"Soldadores Illinois"},"content":{"rendered":"<h3>La importancia de elegir soldadores experimentados para tu proyecto<\/h3>\n<p>  La pericia del soldador desempe\u00f1a un papel fundamental en la calidad, seguridad y durabilidad del producto final.<br \/>\nSoldar no es s\u00f3lo unir piezas met\u00e1licas; requiere un profundo conocimiento de los materiales, las t\u00e9cnicas y las normas de seguridad.<br \/>\nEn SMF, s\u00f3lo contratamos a los soldadores m\u00e1s experimentados y altamente cualificados de Illinois.<br \/>\nPara ponerte en contacto con nuestro campus de Illinois, llama al <a href=\"tel:3094322586\">309-432-2586<\/a>.     <\/p>\n<div class=\"right-img\"><img loading=\"lazy\" decoding=\"async\" class=\"alignnone\" style=\"width: 500 height:350;\" src=\"https:\/\/smf-inc.com\/wp-content\/uploads\/2021\/08\/New-Project-99.png\" alt=\"Se ve a un soldador trabajando. SMF tiene los mejores soldadores de Illinois.\" width=\"500\" height=\"350\" title=\"\"><\/div>\n<h3>La calidad y la precisi\u00f3n son importantes<\/h3>\n<p>  La soldadura es un oficio altamente cualificado que exige precisi\u00f3n y atenci\u00f3n al detalle.<br \/>\nLos soldadores experimentados aportan a\u00f1os de pr\u00e1ctica y conocimientos, lo que garantiza que puedan ejecutar cada soldadura con precisi\u00f3n.<br \/>\nLa <a href=\"https:\/\/smf-inc.com\/is-metal-fabrication-the-same-as-welding\/\">calidad de las soldaduras<\/a> afecta directamente a la integridad estructural del proyecto.<br \/>\nLas soldaduras mal hechas pueden provocar juntas d\u00e9biles, grietas e incluso fallos estructurales completos, que pueden ser costosos y peligrosos.<br \/>\nLos soldadores experimentados tienen la pericia necesaria para elegir la t\u00e9cnica de soldadura adecuada -ya sea MIG, TIG o soldadura con electrodo- en funci\u00f3n de los materiales y los requisitos del proyecto, lo que da lugar a <a href=\"https:\/\/smf-inc.com\/welders-peoria-il\/\">soldaduras duraderas y de alta calidad<\/a> que resisten el paso del tiempo.      <\/p>\n<h3>Nuestros soldadores se toman en serio la seguridad y el cumplimiento de la normativa<\/h3>\n<p>  La soldadura es un proceso que implica altas temperaturas, luz intensa y humos potencialmente peligrosos.<br \/>\nLa seguridad es primordial en la soldadura, y los soldadores experimentados conocen los protocolos de seguridad necesarios para protegerse a s\u00ed mismos, a sus compa\u00f1eros y al medio ambiente.<br \/>\nSaben c\u00f3mo manejar el equipo adecuadamente, c\u00f3mo trabajar en espacios confinados y c\u00f3mo mitigar los riesgos asociados a las actividades de soldadura.<br \/>\nHe aqu\u00ed algunas razones por las que SMF valora a sus soldadores profesionales:     <\/p>\n<div class=\"right-img\"><img loading=\"lazy\" decoding=\"async\" class=\"alignnone\" src=\"https:\/\/smf-inc.com\/wp-content\/uploads\/2024\/09\/industrial-welder-with-torch.webp\" alt=\"Se ve a un soldador trabajando. SMF tiene los mejores soldadores de Illinois.\" width=\"500\" height=\"350\" title=\"\"><\/div>\n<ul class=\"overflow\">\n<li>Un trabajador altamente cualificado act\u00faa con eficiencia y eficacia, haciendo bien el trabajo a la primera.<br \/>\nSu experiencia les permite prever posibles problemas y abordarlos de forma proactiva, ahorrando tiempo y dinero.<br \/>\nAl invertir en soldadores experimentados, nos aseguramos de que tu proyecto se termine en el plazo previsto y dentro del presupuesto, con menos problemas por el camino.  <\/li>\n<li>Los soldadores experimentados se han enfrentado a una gran variedad de situaciones a lo largo de su carrera.<br \/>\nEsta exposici\u00f3n les hace muy adaptables y capaces de abordar proyectos complejos que pueden requerir soluciones innovadoras.<br \/>\nLos soldadores experimentados aportan una capacidad de resoluci\u00f3n de problemas que resulta inestimable en el trabajo.<br \/>\nSu capacidad para resolver problemas y adaptarse a distintas situaciones garantiza que tu proyecto avance sin problemas.   <\/li>\n<li>Los soldadores experimentados saben c\u00f3mo crear soldaduras fuertes y fiables que resistan la tensi\u00f3n, los factores ambientales y la prueba del tiempo.<br \/>\nEsto es especialmente importante en proyectos en los que la seguridad y la longevidad son cr\u00edticas, como en la soldadura estructural, la reparaci\u00f3n de equipos pesados y el desarrollo de infraestructuras. <\/li>\n<\/ul>\n<h3>\u00a1Estamos aqu\u00ed para soldar por ti!<\/h3>\n<p>  \u00bfBuscas soldadores de calidad en Illinois?<br \/>\nEn SMF, tenemos opciones<a href=\"\"> completas de soldadura y fabricaci\u00f3n de metales<\/a>.<br \/>\nPara ponerte en contacto con nuestro campus de Illinois, llama al <a href=\"\">309-432-2586<\/a>.  <\/p>\n","protected":false},"excerpt":{"rendered":"<p>La importancia de elegir soldadores experimentados para tu proyecto La pericia del soldador desempe\u00f1a un papel fundamental en la calidad, seguridad y durabilidad del producto final. Soldar no es s\u00f3lo unir piezas met\u00e1licas; requiere un profundo conocimiento de los materiales, las t\u00e9cnicas y las normas de seguridad. En SMF, s\u00f3lo contratamos a los soldadores m\u00e1s &hellip; <a href=\"https:\/\/smf-inc.com\/es\/soldadores-illinois\/\" class=\"more-link\">Continue reading <span class=\"screen-reader-text\">Soldadores Illinois<\/span><\/a><\/p>\n","protected":false},"author":2,"featured_media":0,"parent":0,"menu_order":0,"comment_status":"closed","ping_status":"closed","template":"","meta":{"_acf_changed":false,"inline_featured_image":false,"footnotes":""},"class_list":["post-2703","page","type-page","status-publish","hentry"],"acf":[],"_links":{"self":[{"href":"https:\/\/smf-inc.com\/es\/wp-json\/wp\/v2\/pages\/2703","targetHints":{"allow":["GET"]}}],"collection":[{"href":"https:\/\/smf-inc.com\/es\/wp-json\/wp\/v2\/pages"}],"about":[{"href":"https:\/\/smf-inc.com\/es\/wp-json\/wp\/v2\/types\/page"}],"author":[{"embeddable":true,"href":"https:\/\/smf-inc.com\/es\/wp-json\/wp\/v2\/users\/2"}],"replies":[{"embeddable":true,"href":"https:\/\/smf-inc.com\/es\/wp-json\/wp\/v2\/comments?post=2703"}],"version-history":[{"count":0,"href":"https:\/\/smf-inc.com\/es\/wp-json\/wp\/v2\/pages\/2703\/revisions"}],"wp:attachment":[{"href":"https:\/\/smf-inc.com\/es\/wp-json\/wp\/v2\/media?parent=2703"}],"curies":[{"name":"wp","href":"https:\/\/api.w.org\/{rel}","templated":true}]}}