{"id":2701,"date":"2024-11-20T04:25:16","date_gmt":"2024-11-20T04:25:16","guid":{"rendered":"https:\/\/smf-inc.com\/soldadores-greenville-sc\/"},"modified":"2024-11-20T04:25:16","modified_gmt":"2024-11-20T04:25:16","slug":"soldadores-greenville-sc","status":"publish","type":"page","link":"https:\/\/smf-inc.com\/es\/soldadores-greenville-sc\/","title":{"rendered":"Soldadores Greenville SC"},"content":{"rendered":"<h3>La soldadura de calidad es la piedra angular de lo que hacemos<\/h3>\n<p>  La soldadura es una de las piedras angulares del \u00e9xito de cualquier taller metal\u00fargico integral, y SMF no es una excepci\u00f3n.<br \/>\nEn una industria que requiere la creaci\u00f3n, el montaje y la reparaci\u00f3n sin fisuras de productos met\u00e1licos, <a href=\"https:\/\/smf-inc.com\/is-metal-fabrication-the-same-as-welding\/\">la soldadura proporciona el proceso esencial de uni\u00f3n de piezas met\u00e1licas<\/a> para formar estructuras completas y duraderas.<br \/>\nPara un taller metal\u00fargico que ofrece una amplia gama de servicios, la soldadura es un componente cr\u00edtico que garantiza la versatilidad, resistencia y precisi\u00f3n en la fabricaci\u00f3n de metales.<br \/>\nSi buscas soldadores en Greenville SC, as\u00ed como una empresa que pueda ofrecerte servicios completos de fabricaci\u00f3n, llama a SMF al <a href=\"tel:8642260470\">864-226-0470<\/a>.     <\/p>\n<div class=\"right-img\"><img loading=\"lazy\" decoding=\"async\" class=\"alignnone\" src=\"https:\/\/smf-inc.com\/wp-content\/uploads\/2024\/09\/welder-is-welding-metal-part-in-car-factory.webp\" alt=\"Se ve a un soldador trabajando. SMF tiene los mejores soldadores de Greenville SC.\" width=\"500\" height=\"350\" title=\"\"><\/div>\n<h3>La soldadura es una parte esencial de la fabricaci\u00f3n<\/h3>\n<p>  Prestamos una serie de servicios, como cortar, doblar, dar forma y ensamblar componentes met\u00e1licos.<br \/>\nEsto nos ayuda a satisfacer las necesidades de diversos sectores, como la construcci\u00f3n, la automoci\u00f3n, el aeroespacial y la fabricaci\u00f3n.<br \/>\nLa soldadura es el proceso que une todas estas piezas met\u00e1licas, transformando las piezas individuales en un producto totalmente ensamblado.<br \/>\nAlgunos de nuestros servicios relacionados con la metalurgia son     <\/p>\n<ul class=\"col-3\">\n<li><a href=\"https:\/\/smf-inc.com\/what-is-machining\/\">Mecanizado<\/a><\/li>\n<li><a href=\"https:\/\/smf-inc.com\/laser-cutting-greenville-sc\/\">Corte por l\u00e1ser<\/a><\/li>\n<li><a href=\"https:\/\/smf-inc.com\/plasma-cutting-greenville-sc\/\">Corte por plasma<\/a><\/li>\n<li>Formando<\/li>\n<li><a href=\"https:\/\/smf-inc.com\/capabilities\/powder-coating\/\">Recubrimiento en polvo<\/a><\/li>\n<li><a href=\"https:\/\/smf-inc.com\/mechanical-assembly-greenville-sc\/\">Montaje<\/a><\/li>\n<li><a href=\"https:\/\/smf-inc.com\/capabilities\/saw-cutting\/\">Corte con sierra<\/a><\/li>\n<li><a href=\"https:\/\/smf-inc.com\/capabilities\/blasting\/\">Voladura<\/a><\/li>\n<\/ul>\n<h3>Ofrecemos eficacia y comodidad<\/h3>\n<p>  Como taller metal\u00fargico integral que ofrece diversas t\u00e9cnicas de soldadura -como MIG, TIG, electrodo y soldadura con n\u00facleo de fundente-, podemos proporcionar una gama completa de servicios para adaptarnos a diferentes proyectos y materiales.<br \/>\nNos aseguramos de que se cumplan las especificaciones \u00fanicas de cada cliente.<br \/>\nUna de las mayores ventajas de un taller metal\u00fargico integral es la posibilidad de gestionar todas las fases de la fabricaci\u00f3n de metales bajo un mismo techo.<br \/>\nLa soldadura es un paso fundamental en el proceso de fabricaci\u00f3n, y cuando se realiza internamente, aumenta la eficacia y la comodidad para los clientes.<br \/>\nEn lugar de subcontratar la soldadura a otra empresa, los clientes pueden satisfacer todas sus necesidades de fabricaci\u00f3n met\u00e1lica en un solo lugar.      <\/p>\n<div class=\"left-img\"><img loading=\"lazy\" decoding=\"async\" class=\"alignnone\" src=\"https:\/\/smf-inc.com\/wp-content\/uploads\/2024\/09\/closeup-workers-wearing-industrial-uniforms-and-using-electric-arc-welding-machine-to-weld.webp\" alt=\"Se ve a un soldador trabajando. SMF tiene los mejores soldadores de Greenville SC.\" width=\"500\" height=\"350\" title=\"\"><\/div>\n<h3>Preg\u00fantanos por nuestros servicios de soldadura y afines<\/h3>\n<p>  \u00bfBuscas soldadores de calidad en Rock Hill SC que tambi\u00e9n puedan ocuparse de todas tus necesidades de metal?<br \/>\nEn SMF, tenemos opciones completas de soldadura y fabricaci\u00f3n de metal.  Para localizarnos en Carolina del Sur, llama <a href=\"tel:8642260470\">al 864-226-0470<\/a>.<\/p>\n","protected":false},"excerpt":{"rendered":"<p>La soldadura de calidad es la piedra angular de lo que hacemos La soldadura es una de las piedras angulares del \u00e9xito de cualquier taller metal\u00fargico integral, y SMF no es una excepci\u00f3n. En una industria que requiere la creaci\u00f3n, el montaje y la reparaci\u00f3n sin fisuras de productos met\u00e1licos, la soldadura proporciona el proceso &hellip; <a href=\"https:\/\/smf-inc.com\/es\/soldadores-greenville-sc\/\" class=\"more-link\">Continue reading <span class=\"screen-reader-text\">Soldadores Greenville SC<\/span><\/a><\/p>\n","protected":false},"author":2,"featured_media":0,"parent":0,"menu_order":0,"comment_status":"closed","ping_status":"closed","template":"","meta":{"_acf_changed":false,"inline_featured_image":false,"footnotes":""},"class_list":["post-2701","page","type-page","status-publish","hentry"],"acf":[],"_links":{"self":[{"href":"https:\/\/smf-inc.com\/es\/wp-json\/wp\/v2\/pages\/2701","targetHints":{"allow":["GET"]}}],"collection":[{"href":"https:\/\/smf-inc.com\/es\/wp-json\/wp\/v2\/pages"}],"about":[{"href":"https:\/\/smf-inc.com\/es\/wp-json\/wp\/v2\/types\/page"}],"author":[{"embeddable":true,"href":"https:\/\/smf-inc.com\/es\/wp-json\/wp\/v2\/users\/2"}],"replies":[{"embeddable":true,"href":"https:\/\/smf-inc.com\/es\/wp-json\/wp\/v2\/comments?post=2701"}],"version-history":[{"count":0,"href":"https:\/\/smf-inc.com\/es\/wp-json\/wp\/v2\/pages\/2701\/revisions"}],"wp:attachment":[{"href":"https:\/\/smf-inc.com\/es\/wp-json\/wp\/v2\/media?parent=2701"}],"curies":[{"name":"wp","href":"https:\/\/api.w.org\/{rel}","templated":true}]}}