{"id":2697,"date":"2024-11-20T04:25:14","date_gmt":"2024-11-20T04:25:14","guid":{"rendered":"https:\/\/smf-inc.com\/soldadores-rock-hill-sc\/"},"modified":"2024-11-20T04:25:14","modified_gmt":"2024-11-20T04:25:14","slug":"soldadores-rock-hill-sc","status":"publish","type":"page","link":"https:\/\/smf-inc.com\/es\/soldadores-rock-hill-sc\/","title":{"rendered":"Soldadores Rock Hill SC"},"content":{"rendered":"<h3>C\u00f3mo encaja la soldadura en nuestros servicios de fabricaci\u00f3n de metales<\/h3>\n<p>  La soldadura es un <a href=\"https:\/\/smf-inc.com\/what-are-the-basics-of-metal-fabrication\/\">componente cr\u00edtico de la fabricaci\u00f3n de metales<\/a>, ya que desempe\u00f1a un papel fundamental en la uni\u00f3n de piezas met\u00e1licas para crear estructuras duraderas y funcionales.<br \/>\nComo parte de un servicio completo de fabricaci\u00f3n met\u00e1lica, la soldadura se integra con otros procesos como el corte, el doblado, el conformado y el acabado para convertir el metal en bruto en productos acabados.<br \/>\nYa sea para acero estructural, piezas met\u00e1licas a medida o componentes de maquinaria, la soldadura garantiza que las piezas de un proyecto met\u00e1lico se unan de forma segura y fiable.<br \/>\nSi buscas soldadores en Rock Hill SC y servicios completos de fabricaci\u00f3n, llama a SMF al <a href=\"tel:8642260470\">864-226-0470<\/a>.     <\/p>\n<div class=\"right-img\"><img loading=\"lazy\" decoding=\"async\" class=\"alignnone\" src=\"https:\/\/smf-inc.com\/wp-content\/uploads\/2024\/09\/male-welder-wearing-helmet-working-with-welding-torch-in-factory.webp\" alt=\"Se ve a un soldador trabajando. SMF tiene Soldadores en Rock Hill SC.\" width=\"500\" height=\"350\" title=\"\"><\/div>\n<h3>El papel de la soldadura en la fabricaci\u00f3n de metales<\/h3>\n<p>  La fabricaci\u00f3n de metales es el proceso de crear estructuras met\u00e1licas cortando, dando forma y ensamblando diferentes piezas met\u00e1licas.<br \/>\nLa soldadura es el m\u00e9todo que fusiona esas piezas, asegurando que formen una estructura \u00fanica y cohesionada.<br \/>\nEn el contexto m\u00e1s amplio de la fabricaci\u00f3n de metales, la soldadura suele ser el \u00faltimo paso en el ensamblaje de las piezas met\u00e1licas despu\u00e9s de cortarlas y darles forma.<br \/>\nUna vez colocadas las piezas, la soldadura las une permanentemente, garantizando que el producto pueda soportar la tensi\u00f3n, el peso y las condiciones ambientales.<br \/>\nLa soldadura se utiliza en una amplia variedad de industrias, desde la construcci\u00f3n y la fabricaci\u00f3n de autom\u00f3viles hasta la aeroespacial y la metalurgia a medida.<br \/>\nEntre los tipos de soldadura m\u00e1s utilizados est\u00e1n:       <\/p>\n<ul>\n<li><strong>Soldadura MIG (Gas Inerte Met\u00e1lico): <\/strong>Ideal para la soldadura r\u00e1pida y eficaz de una amplia gama de metales, incluidos el acero y el aluminio.<\/li>\n<li><strong>Soldadura TIG (gas inerte de tungsteno): <\/strong>Conocida por producir soldaduras precisas y limpias.<\/li>\n<li><strong>Soldadura con electrodo (soldadura por arco met\u00e1lico protegido): <\/strong>Uno de los m\u00e9todos de soldadura m\u00e1s antiguos, la soldadura con electrodo es vers\u00e1til.<\/li>\n<li><strong>Soldadura por arco tubular (FCAW): <\/strong>Una variaci\u00f3n de la soldadura MIG que funciona bien en aplicaciones pesadas.<\/li>\n<\/ul>\n<div class=\"left-img\"><img loading=\"lazy\" decoding=\"async\" class=\"alignnone\" src=\"https:\/\/smf-inc.com\/wp-content\/uploads\/2024\/09\/welder-welding-sparks-fly.webp\" alt=\"Se ve a un soldador trabajando. SMF tiene Soldadores en Rock Hill SC.\" width=\"500\" height=\"350\" title=\"\"><\/div>\n<h3>La soldadura forma parte de nuestros servicios de fabricaci\u00f3n de metales<\/h3>\n<p>  La soldadura es s\u00f3lo una parte del proceso de fabricaci\u00f3n de metales.<br \/>\nPodemos encargarnos de casi cualquier otro tipo de fabricaci\u00f3n met\u00e1lica que puedas necesitar.<br \/>\nAlgunos de nuestros servicios relacionados con la metalurgia son:    <\/p>\n<ul class=\"col-3\">\n<li><a href=\"https:\/\/smf-inc.com\/precision-machining-rock-hill-sc\/\">Mecanizado<\/a><\/li>\n<li><a href=\"https:\/\/smf-inc.com\/laser-cutting-rock-hill-sc\/\">Corte por l\u00e1ser<\/a><\/li>\n<li>Corte por plasma<\/li>\n<li><a href=\"https:\/\/smf-inc.com\/capabilities\/forming\/\">Formando<\/a><\/li>\n<li><a href=\"https:\/\/smf-inc.com\/what-is-the-purpose-of-powder-coating\/\">Recubrimiento en polvo<\/a><\/li>\n<li><a href=\"https:\/\/smf-inc.com\/mechanical-assembly-rock-hill-sc\/\">Montaje<\/a><\/li>\n<li><a href=\"https:\/\/smf-inc.com\/capabilities\/saw-cutting\/\">Corte con sierra<\/a><\/li>\n<li><a href=\"https:\/\/smf-inc.com\/capabilities\/blasting\/\">Voladura<\/a><\/li>\n<\/ul>\n<h3>\u00bfBuscas Servicios Integrales de Soldadura y Metal?<\/h3>\n<p>  \u00bfBuscas soldadores de calidad en Rock Hill SC?<br \/>\nEn SMF, tenemos opciones completas de soldadura y fabricaci\u00f3n de metal.  Para localizarnos en Carolina del Sur, llama <a href=\"tel:8642260470\">al 864-226-0470<\/a>.<\/p>\n","protected":false},"excerpt":{"rendered":"<p>C\u00f3mo encaja la soldadura en nuestros servicios de fabricaci\u00f3n de metales La soldadura es un componente cr\u00edtico de la fabricaci\u00f3n de metales, ya que desempe\u00f1a un papel fundamental en la uni\u00f3n de piezas met\u00e1licas para crear estructuras duraderas y funcionales. Como parte de un servicio completo de fabricaci\u00f3n met\u00e1lica, la soldadura se integra con otros &hellip; <a href=\"https:\/\/smf-inc.com\/es\/soldadores-rock-hill-sc\/\" class=\"more-link\">Continue reading <span class=\"screen-reader-text\">Soldadores Rock Hill SC<\/span><\/a><\/p>\n","protected":false},"author":2,"featured_media":0,"parent":0,"menu_order":0,"comment_status":"closed","ping_status":"closed","template":"","meta":{"_acf_changed":false,"inline_featured_image":false,"footnotes":""},"class_list":["post-2697","page","type-page","status-publish","hentry"],"acf":[],"_links":{"self":[{"href":"https:\/\/smf-inc.com\/es\/wp-json\/wp\/v2\/pages\/2697","targetHints":{"allow":["GET"]}}],"collection":[{"href":"https:\/\/smf-inc.com\/es\/wp-json\/wp\/v2\/pages"}],"about":[{"href":"https:\/\/smf-inc.com\/es\/wp-json\/wp\/v2\/types\/page"}],"author":[{"embeddable":true,"href":"https:\/\/smf-inc.com\/es\/wp-json\/wp\/v2\/users\/2"}],"replies":[{"embeddable":true,"href":"https:\/\/smf-inc.com\/es\/wp-json\/wp\/v2\/comments?post=2697"}],"version-history":[{"count":0,"href":"https:\/\/smf-inc.com\/es\/wp-json\/wp\/v2\/pages\/2697\/revisions"}],"wp:attachment":[{"href":"https:\/\/smf-inc.com\/es\/wp-json\/wp\/v2\/media?parent=2697"}],"curies":[{"name":"wp","href":"https:\/\/api.w.org\/{rel}","templated":true}]}}