{"id":2530,"date":"2024-09-30T09:03:37","date_gmt":"2024-09-30T09:03:37","guid":{"rendered":"https:\/\/smf-inc.com\/soldadores-charleston-sc\/"},"modified":"2024-11-20T04:25:15","modified_gmt":"2024-11-20T04:25:15","slug":"soldadores-charleston-sc","status":"publish","type":"page","link":"https:\/\/smf-inc.com\/es\/soldadores-charleston-sc\/","title":{"rendered":"Soldadores Charleston SC"},"content":{"rendered":"<h3>Nuestros soldadores lo hacen todo<\/h3>\n<p>  La soldadura es una de las t\u00e9cnicas m\u00e1s cruciales en la fabricaci\u00f3n de metales, y hay varios procesos de soldadura utilizados para unir metales en funci\u00f3n de los materiales, las especificaciones del proyecto y los resultados deseados.<br \/>\nTanto si trabajas con acero, aluminio u otros metales, elegir el m\u00e9todo de soldadura adecuado es esencial para garantizar unas uniones fuertes y fiables.<br \/>\nSi buscas soldadores en Charleston SC, SMF dispone de completas opciones de soldadura y fabricaci\u00f3n de metales.   Llama <a href=\"tel:8642260470\">al 864-226-0470<\/a>.  <\/p>\n<div class=\"right-img\"><img loading=\"lazy\" decoding=\"async\" class=\"alignnone\" src=\"https:\/\/smf-inc.com\/wp-content\/uploads\/2024\/09\/young-male-engineers-are-manipulating-a-welding-robot-hand-by-combining-welding-manipulation.webp\" alt=\"Se ve a un soldador trabajando con un robot. SMF tiene Soldadores en Charleston SC.\" width=\"500\" height=\"350\" title=\"\"><\/div>\n<h3>\u00bfQu\u00e9 soldadura ofrece SMF?<\/h3>\n<p>  Nos esforzamos por ofrecer los <a href=\"https:\/\/smf-inc.com\/welding-service-charleston-sc\/\">servicios de soldadura<\/a> m\u00e1s <a href=\"https:\/\/smf-inc.com\/welding-service-charleston-sc\/\">completos<\/a>, incluyendo casi cualquier soldadura convencional y soldadura robotizada.<br \/>\nAlgunos de los servicios de soldadura que ofrecemos son:   <\/p>\n<ul class=\"overflow\">\n<li>La soldadura MIG, tambi\u00e9n conocida como soldadura por arco met\u00e1lico con gas (GMAW), es uno de los procesos de soldadura m\u00e1s utilizados en la fabricaci\u00f3n de metales debido a su rapidez, facilidad de uso y versatilidad.<br \/>\nEn la soldadura MIG, se introduce un electrodo de alambre consumible a trav\u00e9s de una pistola de soldadura, que crea un arco el\u00e9ctrico para fundir y fusionar las piezas met\u00e1licas.<br \/>\nUn gas protector (normalmente arg\u00f3n o una mezcla de arg\u00f3n y CO2) protege la soldadura de la contaminaci\u00f3n por aire.  <\/li>\n<li>La soldadura TIG, o soldadura por arco de gas tungsteno (GTAW), es conocida por su precisi\u00f3n y capacidad para crear soldaduras de alta calidad.<br \/>\nEn la soldadura TIG, se utiliza un electrodo de tungsteno no consumible para generar la soldadura, y puede emplearse un metal de aportaci\u00f3n independiente cuando sea necesario.<br \/>\nAl igual que en la soldadura MIG, un gas de protecci\u00f3n (normalmente arg\u00f3n) ayuda a proteger el ba\u00f1o de soldadura de la contaminaci\u00f3n.  <\/li>\n<li>La soldadura por electrodo, o soldadura por arco met\u00e1lico protegido (SMAW), es uno de los procesos de soldadura m\u00e1s antiguos y m\u00e1s utilizados en la fabricaci\u00f3n de metales, especialmente para aplicaciones en exteriores y proyectos en los que la portabilidad es esencial.<br \/>\nEste proceso implica el uso de un electrodo consumible recubierto de fundente.<br \/>\nEl arco el\u00e9ctrico funde tanto el electrodo como el metal base, formando una soldadura.<br \/>\nEl recubrimiento de fundente genera un escudo protector de gas y escoria para cubrir la soldadura, evitando la oxidaci\u00f3n.   <\/li>\n<li>La soldadura l\u00e1ser es un proceso de soldadura de precisi\u00f3n que utiliza un rayo l\u00e1ser enfocado para unir piezas met\u00e1licas.<br \/>\nA menudo se utiliza en entornos de fabricaci\u00f3n automatizada que requieren gran precisi\u00f3n y una distorsi\u00f3n t\u00e9rmica m\u00ednima.<br \/>\nLa soldadura l\u00e1ser es especialmente eficaz para componentes peque\u00f1os y materiales delicados.  <\/li>\n<\/ul>\n<div class=\"left-img\"><img loading=\"lazy\" decoding=\"async\" class=\"alignnone\" src=\"https:\/\/smf-inc.com\/wp-content\/uploads\/2024\/09\/close-up-of-a-welder-wielding-sparks.webp\" alt=\"Se ve a un soldador trabajando. SMF tiene Soldadores en Charleston SC.\" width=\"500\" height=\"350\" title=\"\"><\/div>\n<h3>Somos tu tienda integral de metal<\/h3>\n<p>  Adem\u00e1s de la soldadura, ofrecemos casi cualquier otro tipo de fabricaci\u00f3n met\u00e1lica que puedas necesitar.<br \/>\nAlgunos de nuestros servicios relacionados con la metalurgia son:   <\/p>\n<ul class=\"col-3\">\n<li><a href=\"https:\/\/smf-inc.com\/precision-machining-charleston-sc\/\">Mecanizado<\/a><\/li>\n<li><a href=\"https:\/\/smf-inc.com\/laser-cutting-charleston-sc\/\">Corte por l\u00e1ser<\/a><\/li>\n<li><a href=\"https:\/\/smf-inc.com\/plasma-cutting-charleston-sc\/\">Corte por plasma<\/a><\/li>\n<li><a href=\"https:\/\/smf-inc.com\/capabilities\/forming\/\">Formando<\/a><\/li>\n<li><a href=\"https:\/\/smf-inc.com\/capabilities\/powder-coating\/\">Recubrimiento en polvo<\/a><\/li>\n<li><a href=\"https:\/\/smf-inc.com\/mechanical-assembly-charleston-sc\/\">Montaje<\/a><\/li>\n<li><a href=\"https:\/\/smf-inc.com\/capabilities\/saw-cutting\/\">Corte con sierra<\/a><\/li>\n<li><a href=\"https:\/\/smf-inc.com\/capabilities\/blasting\/\">Voladura<\/a><\/li>\n<\/ul>\n<h3 class=\"clr\">\u00a1Ll\u00e1manos para todas tus necesidades de soldadura!<\/h3>\n<p>  \u00bfBuscas soldadores de calidad en Charleston SC?<br \/>\nEn SMF, tenemos opciones completas de soldadura y fabricaci\u00f3n de metal.  Para localizarnos en Carolina del Sur, llama <a href=\"tel:8642260470\">al 864-226-0470<\/a>.<\/p>\n","protected":false},"excerpt":{"rendered":"<p>Nuestros soldadores lo hacen todo La soldadura es una de las t\u00e9cnicas m\u00e1s cruciales en la fabricaci\u00f3n de metales, y hay varios procesos de soldadura utilizados para unir metales en funci\u00f3n de los materiales, las especificaciones del proyecto y los resultados deseados. Tanto si trabajas con acero, aluminio u otros metales, elegir el m\u00e9todo de &hellip; <a href=\"https:\/\/smf-inc.com\/es\/soldadores-charleston-sc\/\" class=\"more-link\">Continue reading <span class=\"screen-reader-text\">Soldadores Charleston SC<\/span><\/a><\/p>\n","protected":false},"author":2,"featured_media":0,"parent":0,"menu_order":0,"comment_status":"closed","ping_status":"closed","template":"","meta":{"_acf_changed":false,"inline_featured_image":false,"footnotes":""},"class_list":["post-2530","page","type-page","status-publish","hentry"],"acf":[],"_links":{"self":[{"href":"https:\/\/smf-inc.com\/es\/wp-json\/wp\/v2\/pages\/2530","targetHints":{"allow":["GET"]}}],"collection":[{"href":"https:\/\/smf-inc.com\/es\/wp-json\/wp\/v2\/pages"}],"about":[{"href":"https:\/\/smf-inc.com\/es\/wp-json\/wp\/v2\/types\/page"}],"author":[{"embeddable":true,"href":"https:\/\/smf-inc.com\/es\/wp-json\/wp\/v2\/users\/2"}],"replies":[{"embeddable":true,"href":"https:\/\/smf-inc.com\/es\/wp-json\/wp\/v2\/comments?post=2530"}],"version-history":[{"count":3,"href":"https:\/\/smf-inc.com\/es\/wp-json\/wp\/v2\/pages\/2530\/revisions"}],"predecessor-version":[{"id":2699,"href":"https:\/\/smf-inc.com\/es\/wp-json\/wp\/v2\/pages\/2530\/revisions\/2699"}],"wp:attachment":[{"href":"https:\/\/smf-inc.com\/es\/wp-json\/wp\/v2\/media?parent=2530"}],"curies":[{"name":"wp","href":"https:\/\/api.w.org\/{rel}","templated":true}]}}