{"id":2521,"date":"2024-09-30T08:54:19","date_gmt":"2024-09-30T08:54:19","guid":{"rendered":"https:\/\/smf-inc.com\/soldadores-chicago-il\/"},"modified":"2024-10-01T16:01:50","modified_gmt":"2024-10-01T16:01:50","slug":"soldadores-chicago-il","status":"publish","type":"page","link":"https:\/\/smf-inc.com\/es\/soldadores-chicago-il\/","title":{"rendered":"Soldadores Chicago IL"},"content":{"rendered":"<h3>La soldadura es s\u00f3lo el principio de nuestros servicios<\/h3>\n<p>  La soldadura desempe\u00f1a un<a href=\"https:\/\/smf-inc.com\/what-are-the-types-of-metal-fabrication\/\"> papel crucial en la fabricaci\u00f3n de<\/a> metales, ya que es uno de los procesos m\u00e1s esenciales para unir metales.<br \/>\nJunto con muchos otros servicios met\u00e1licos que ofrecemos, la soldadura es esencial para fabricar productos met\u00e1licos fuertes, duraderos y precisos.<br \/>\nSi buscas soldadores en Chicago IL, llama a SMF al <a href=\"tel:3094322586\">309-432-2586<\/a>.    <\/p>\n<div class=\"right-img\"><img loading=\"lazy\" decoding=\"async\" class=\"alignnone\" src=\"https:\/\/smf-inc.com\/wp-content\/uploads\/2024\/09\/workers-welding-metal-material.webp\" alt=\"Se ve a dos soldadores trabajando. SMF tiene soldadores en Chicago IL.\" width=\"500\" height=\"350\" title=\"\"><\/div>\n<h3>La soldadura es una t\u00e9cnica fundamental para la fabricaci\u00f3n de metales<\/h3>\n<p>  La soldadura es el proceso de unir dos o m\u00e1s piezas met\u00e1licas aplicando calor, presi\u00f3n o ambos para formar una uni\u00f3n fuerte.<br \/>\nEs una t\u00e9cnica fundamental utilizada en la fabricaci\u00f3n de metales, donde los componentes met\u00e1licos se cortan, moldean y ensamblan en productos finales.<br \/>\nLa capacidad de fusionar distintos tipos de metales o aleaciones hace que la soldadura sea indispensable para crear desde peque\u00f1as piezas hasta grandes armazones estructurales.<br \/>\nSin la soldadura, muchas industrias que dependen de la fabricaci\u00f3n de metales no funcionar\u00edan con la misma eficiencia o eficacia.<br \/>\nYa sea en la construcci\u00f3n, la fabricaci\u00f3n de autom\u00f3viles, la industria aeroespacial o la maquinaria industrial, la soldadura permite el ensamblaje preciso y duradero de estructuras met\u00e1licas complejas.<br \/>\nHe aqu\u00ed algunas de las cosas que puede hacer la soldadura:       <\/p>\n<ul>\n<li>Una de las principales razones por las que la soldadura es tan importante en la fabricaci\u00f3n de metales es su capacidad para crear uniones fuertes y permanentes entre piezas met\u00e1licas.<br \/>\nA diferencia de las fijaciones mec\u00e1nicas como pernos y remaches, que pueden aflojarse con el tiempo, las uniones soldadas se fusionan a nivel molecular, proporcionando una resistencia y longevidad superiores.<br \/>\nPara los proyectos de fabricaci\u00f3n met\u00e1lica que requieren un rendimiento duradero, la soldadura garantiza que las uniones permanezcan seguras bajo cargas pesadas, presi\u00f3n y condiciones ambientales.<br \/>\nAdem\u00e1s, la resistencia de las uniones soldadas permite dise\u00f1os m\u00e1s ligeros sin comprometer la durabilidad, lo cual es una ventaja significativa en industrias como la aeroespacial y la de fabricaci\u00f3n de autom\u00f3viles.   <\/li>\n<li>La soldadura es muy vers\u00e1til, capaz de trabajar con una amplia gama de metales y aleaciones, como acero, aluminio, acero inoxidable, cobre y titanio.<br \/>\nEsta versatilidad la convierte en un proceso clave en diversas industrias, desde la construcci\u00f3n hasta la fabricaci\u00f3n de bienes de consumo, pasando por la construcci\u00f3n naval. <\/li>\n<li>En la fabricaci\u00f3n de metales, la precisi\u00f3n es fundamental para crear componentes a medida que cumplan especificaciones exactas.<br \/>\nLa soldadura permite un control preciso del proceso de fabricaci\u00f3n, posibilitando la creaci\u00f3n de formas, \u00e1ngulos y conexiones complejas que ser\u00edan dif\u00edciles o imposibles de conseguir con otros m\u00e9todos. <\/li>\n<\/ul>\n<div class=\"left-img\"><img loading=\"lazy\" decoding=\"async\" class=\"alignnone\" src=\"https:\/\/smf-inc.com\/wp-content\/uploads\/2024\/09\/metal-worker-using-a-grinder.webp\" alt=\"Se ve a un soldador trabajando. SMF tiene Soldadores en Chicago IL.\" width=\"500\" height=\"350\" title=\"\"><\/div>\n<h3>Ofrecemos muchos servicios relacionados<\/h3>\n<p>  Ofrecemos una gama completa de capacidades de fabricaci\u00f3n y mecanizado, lo que nos convierte en un aut\u00e9ntico taller integral de metal. Algunos de nuestros otros tipos de servicios de carpinter\u00eda met\u00e1lica incluyen:  <\/p>\n<ul class=\"col-3\">\n<li><a href=\"https:\/\/smf-inc.com\/precision-machining-chicago-il\/\">Mecanizado<\/a><\/li>\n<li><a href=\"https:\/\/smf-inc.com\/laser-cutting-chicago-il\/\">Corte por l\u00e1ser<\/a><\/li>\n<li><a href=\"https:\/\/smf-inc.com\/plasma-cutting-chicago-il\/\">Corte por plasma<\/a><\/li>\n<li><a href=\"https:\/\/smf-inc.com\/capabilities\/forming\/\">Formando<\/a><\/li>\n<li><a href=\"https:\/\/smf-inc.com\/capabilities\/powder-coating\/\">Recubrimiento en polvo<\/a><\/li>\n<li><a href=\"https:\/\/smf-inc.com\/mechanical-assembly-chicago-il\/\">Montaje<\/a><\/li>\n<li><a href=\"https:\/\/smf-inc.com\/capabilities\/saw-cutting\/\">Corte con sierra<\/a><\/li>\n<li><a href=\"https:\/\/smf-inc.com\/capabilities\/blasting\/\">Voladura<\/a><\/li>\n<\/ul>\n<h3 class=\"clr\">Somos los profesionales de la soldadura<\/h3>\n<p>  \u00bfBuscas soldadores de calidad en Chicago IL?<br \/>\nEn SMF, tenemos opciones completas de soldadura y fabricaci\u00f3n de metal.<br \/>\nPara localizarnos en Illinois, llama al <a href=\"\">309-432-2586<\/a>  <\/p>\n","protected":false},"excerpt":{"rendered":"<p>La soldadura es s\u00f3lo el principio de nuestros servicios La soldadura desempe\u00f1a un papel crucial en la fabricaci\u00f3n de metales, ya que es uno de los procesos m\u00e1s esenciales para unir metales. Junto con muchos otros servicios met\u00e1licos que ofrecemos, la soldadura es esencial para fabricar productos met\u00e1licos fuertes, duraderos y precisos. Si buscas soldadores &hellip; <a href=\"https:\/\/smf-inc.com\/es\/soldadores-chicago-il\/\" class=\"more-link\">Continue reading <span class=\"screen-reader-text\">Soldadores Chicago IL<\/span><\/a><\/p>\n","protected":false},"author":2,"featured_media":0,"parent":0,"menu_order":0,"comment_status":"closed","ping_status":"closed","template":"","meta":{"_acf_changed":false,"inline_featured_image":false,"footnotes":""},"class_list":["post-2521","page","type-page","status-publish","hentry"],"acf":[],"_links":{"self":[{"href":"https:\/\/smf-inc.com\/es\/wp-json\/wp\/v2\/pages\/2521","targetHints":{"allow":["GET"]}}],"collection":[{"href":"https:\/\/smf-inc.com\/es\/wp-json\/wp\/v2\/pages"}],"about":[{"href":"https:\/\/smf-inc.com\/es\/wp-json\/wp\/v2\/types\/page"}],"author":[{"embeddable":true,"href":"https:\/\/smf-inc.com\/es\/wp-json\/wp\/v2\/users\/2"}],"replies":[{"embeddable":true,"href":"https:\/\/smf-inc.com\/es\/wp-json\/wp\/v2\/comments?post=2521"}],"version-history":[{"count":4,"href":"https:\/\/smf-inc.com\/es\/wp-json\/wp\/v2\/pages\/2521\/revisions"}],"predecessor-version":[{"id":2560,"href":"https:\/\/smf-inc.com\/es\/wp-json\/wp\/v2\/pages\/2521\/revisions\/2560"}],"wp:attachment":[{"href":"https:\/\/smf-inc.com\/es\/wp-json\/wp\/v2\/media?parent=2521"}],"curies":[{"name":"wp","href":"https:\/\/api.w.org\/{rel}","templated":true}]}}