{"id":2455,"date":"2024-07-31T08:48:06","date_gmt":"2024-07-31T08:48:06","guid":{"rendered":"https:\/\/smf-inc.com\/corte-de-metal-rockford-il\/"},"modified":"2025-02-25T10:02:33","modified_gmt":"2025-02-25T10:02:33","slug":"corte-de-metal-rockford-il","status":"publish","type":"page","link":"https:\/\/smf-inc.com\/es\/corte-de-metal-rockford-il\/","title":{"rendered":"Corte de metal Rockford IL"},"content":{"rendered":"<h3>Hablemos de las opciones de corte de metal<\/h3>\n<p>La capacidad de <a href=\"https:\/\/smf-inc.com\/metal-cutting-illinois\/\">cortar metal con precisi\u00f3n y limpieza<\/a> es un proceso cr\u00edtico en la fabricaci\u00f3n moderna. Elegir el tipo correcto de corte de metal para tu proyecto es fundamental y podemos ayudarte a decidir qu\u00e9 proceso es el adecuado para ti. Sea cual sea tu elecci\u00f3n, SMF tiene el equipo necesario para darte los resultados que buscas. Si tu empresa necesita corte de metal en Rockford IL, llama a SMF al <a href=\"tel:3094322586\">309-432-2586<\/a>.   <\/p>\n<div class=\"right-img\"><img loading=\"lazy\" decoding=\"async\" class=\"alignnone\" src=\"https:\/\/smf-inc.com\/wp-content\/uploads\/2024\/07\/laser-power.webp\" alt=\"Se ve cortar metal. SMF ofrece Corte de Metal.\" width=\"500\" height=\"350\" title=\"\"><\/div>\n<h3>Corte por l\u00e1ser, plasma o sierra: cada opci\u00f3n tiene sus ventajas<\/h3>\n<p>El corte de metales implica varias t\u00e9cnicas, como el corte por l\u00e1ser, el corte por sierra y el corte por plasma. Cada t\u00e9cnica tiene sus pros y sus contras. Hemos invertido en equipos de primera que pueden hacer frente incluso a los proyectos m\u00e1s grandes.   Nuestro l\u00e1ser m\u00e1s grande tiene una capacidad de corte de 54&#8242; de largo y 12&#8242; de pie. Esto nos permite cortar piezas m\u00e1s grandes y cantidades mayores con menos preparaciones. Nuestra cortadora de plasma tiene una mesa de 13&#8242; por 23&#8242;. Nuestras sierras tienen hasta 20&#8243; de di\u00e1metro. He aqu\u00ed algunas consideraciones:<\/p>\n<ul class=\"overflow\">\n<li><a href=\"https:\/\/smf-inc.com\/laser-cutting-rockford-il\/\">Las cortadoras l\u00e1ser<\/a> pueden cortar r\u00e1pidamente formas y dise\u00f1os intrincados con la mayor precisi\u00f3n disponible en cualquier tecnolog\u00eda existente hoy en d\u00eda. El calor concentrado funde y vaporiza el material a lo largo de la l\u00ednea de corte, lo que da como resultado bordes limpios y lisos con una necesidad m\u00ednima de procesos de acabado secundarios. Es ideal para la producci\u00f3n a gran escala.  <\/li>\n<li><a href=\"https:\/\/smf-inc.com\/plasma-cutting-rockford-il\/\">El corte por plasma<\/a> es casi tan preciso como el corte por l\u00e1ser, y m\u00e1s r\u00e1pido. Puede trabajar con piezas de metal gruesas y finas. <\/li>\n<li><a href=\"https:\/\/smf-inc.com\/metal-cutting-rockford-il\/\">El corte con sierra<\/a>, la forma m\u00e1s antigua de corte, sigue siendo una gran opci\u00f3n en muchos casos. Es vers\u00e1til, preciso y eficaz, y suele costar menos. <\/li>\n<\/ul>\n<h3>\u00bfQu\u00e9 otros servicios hay disponibles?<\/h3>\n<p>Adem\u00e1s del corte, SMF ofrece todos los procesos de fabricaci\u00f3n que cabr\u00eda esperar de un taller metal\u00fargico integral, incluidos:<\/p>\n<ul class=\"col-3\">\n<li>Moldear y dar forma<\/li>\n<li>Soldadura<\/li>\n<li>Mecanizado<\/li>\n<li>Montaje .<\/li>\n<li>Acabado<\/li>\n<li>Recubrimiento en polvo<\/li>\n<li>Voladura<\/li>\n<\/ul>\n<div class=\"left-img\"><img loading=\"lazy\" decoding=\"async\" class=\"alignnone\" src=\"https:\/\/smf-inc.com\/wp-content\/uploads\/2024\/07\/vertical-shot-of-a-laser-cut-machine-cutting-steel-in-a-workshop.webp\" alt=\"Se ve metal siendo cortado. SMF ofrece Corte de Metal en Rockford IL.\" width=\"500\" height=\"350\" title=\"\"><\/div>\n<h3>\u00a1Vamos a cortar metal!<\/h3>\n<p>Somos un <a href=\"https:\/\/smf-inc.com\/home_slider\/your-one-stop-shop\/\">taller integral de<\/a> metal y estamos preparados para ser tu punto de referencia, capaces de ofrecer resultados de calidad en cada proyecto de metal. Estamos aqu\u00ed para ayudarte. Si necesitas corte de metal en Rockford IL, ll\u00e1manos al <a href=\"tel:3094322586\">309-432-2586<\/a>.  <\/p>\n","protected":false},"excerpt":{"rendered":"<p>Hablemos de las opciones de corte de metal La capacidad de cortar metal con precisi\u00f3n y limpieza es un proceso cr\u00edtico en la fabricaci\u00f3n moderna. Elegir el tipo correcto de corte de metal para tu proyecto es fundamental y podemos ayudarte a decidir qu\u00e9 proceso es el adecuado para ti. Sea cual sea tu elecci\u00f3n, &hellip; <a href=\"https:\/\/smf-inc.com\/es\/corte-de-metal-rockford-il\/\" class=\"more-link\">Continue reading <span class=\"screen-reader-text\">Corte de metal Rockford IL<\/span><\/a><\/p>\n","protected":false},"author":2,"featured_media":0,"parent":0,"menu_order":0,"comment_status":"closed","ping_status":"closed","template":"","meta":{"_acf_changed":false,"inline_featured_image":false,"footnotes":""},"class_list":["post-2455","page","type-page","status-publish","hentry"],"acf":[],"_links":{"self":[{"href":"https:\/\/smf-inc.com\/es\/wp-json\/wp\/v2\/pages\/2455","targetHints":{"allow":["GET"]}}],"collection":[{"href":"https:\/\/smf-inc.com\/es\/wp-json\/wp\/v2\/pages"}],"about":[{"href":"https:\/\/smf-inc.com\/es\/wp-json\/wp\/v2\/types\/page"}],"author":[{"embeddable":true,"href":"https:\/\/smf-inc.com\/es\/wp-json\/wp\/v2\/users\/2"}],"replies":[{"embeddable":true,"href":"https:\/\/smf-inc.com\/es\/wp-json\/wp\/v2\/comments?post=2455"}],"version-history":[{"count":2,"href":"https:\/\/smf-inc.com\/es\/wp-json\/wp\/v2\/pages\/2455\/revisions"}],"predecessor-version":[{"id":2860,"href":"https:\/\/smf-inc.com\/es\/wp-json\/wp\/v2\/pages\/2455\/revisions\/2860"}],"wp:attachment":[{"href":"https:\/\/smf-inc.com\/es\/wp-json\/wp\/v2\/media?parent=2455"}],"curies":[{"name":"wp","href":"https:\/\/api.w.org\/{rel}","templated":true}]}}