{"id":2454,"date":"2024-07-31T08:48:06","date_gmt":"2024-07-31T08:48:06","guid":{"rendered":"https:\/\/smf-inc.com\/corte-de-metal-rock-hill-sc\/"},"modified":"2024-11-20T04:25:16","modified_gmt":"2024-11-20T04:25:16","slug":"corte-de-metal-rock-hill-sc","status":"publish","type":"page","link":"https:\/\/smf-inc.com\/es\/corte-de-metal-rock-hill-sc\/","title":{"rendered":"Corte de Metal Rock Hill SC"},"content":{"rendered":"<h3>C\u00f3mo elegir la opci\u00f3n de corte de metal adecuada<\/h3>\n<p>  \u00bfBuscas un <a href=\"https:\/\/smf-inc.com\/custom-metal-fabrication-rock-hill-sc\/\">taller integral<\/a> capaz de satisfacer todas tus necesidades de <a href=\"https:\/\/smf-inc.com\/metal-cutting-south-carolina\/\">corte de metal<\/a>? SMF tiene el equipo y la experiencia para ofrecerte las opciones que necesitas. Si necesitas corte de metal en Rock Hill SC, llama a SMF al <a href=\"tel:8642260470\">864-226-0470<\/a>.  <\/p>\n<div class=\"right-img\"><img loading=\"lazy\" decoding=\"async\" class=\"alignnone\" src=\"https:\/\/smf-inc.com\/wp-content\/uploads\/2024\/07\/the-fiber-laser-cutting-machine-cut-the-metal-plate-with-the-sparkling-light.webp\" alt=\"El corte de metal se ve. SMF ofrece Corte de Metal en Rock Hill SC\" width=\"500\" height=\"350\" title=\"\"><\/div>\n<h3>Ventajas e inconvenientes del corte de metales con l\u00e1ser, plasma y sierra<\/h3>\n<p>  El corte de metales es un proceso fundamental en la fabricaci\u00f3n, y el corte por l\u00e1ser, plasma y sierra se encuentran entre los m\u00e9todos m\u00e1s utilizados.<br \/>\nCada t\u00e9cnica ofrece ventajas e inconvenientes \u00fanicos que las hacen adecuadas para distintas aplicaciones.   <\/p>\n<h3>Profesionales del corte por l\u00e1ser<\/h3>\n<p><a href=\"https:\/\/smf-inc.com\/laser-cutting-columbia-sc\/\">Las ventajas del corte por l\u00e1ser<\/a> son  <\/p>\n<ul>\n<li>Precisi\u00f3n excepcional, capaz de producir cortes intrincados y detallados con tolerancias estrechas.<\/li>\n<li>Produce bordes limpios y lisos, reduciendo la necesidad de un acabado secundario.<\/li>\n<\/ul>\n<h3>Contras del \u00faltimo corte<\/h3>\n<p>  Las m\u00e1quinas de corte por l\u00e1ser son caras, y los costes operativos pueden ser elevados debido al consumo de energ\u00eda.<br \/>\nEs menos eficaz en materiales m\u00e1s gruesos, ya que la eficacia del l\u00e1ser disminuye con el grosor.<br \/>\nAunque preciso, el corte por l\u00e1ser puede ser m\u00e1s lento que el corte por plasma para materiales m\u00e1s gruesos.    <\/p>\n<h3>Profesionales del corte por plasma<\/h3>\n<p><a href=\"https:\/\/smf-inc.com\/plasma-cutting-rock-hill-sc\/\">Las ventajas del corte por plasma<\/a> son  <\/p>\n<ul>\n<li>Cortes significativamente m\u00e1s r\u00e1pidos, especialmente en metales m\u00e1s gruesos, mejorando la productividad.<br \/>\nPuede cortar eficazmente metales finos y gruesos, como acero inoxidable, aluminio y cobre. <\/li>\n<li>Suele ser rentable y menos caro que las cortadoras l\u00e1ser.<\/li>\n<li>Los costes operativos son menores.<\/li>\n<\/ul>\n<h3>Contras del corte por plasma<\/h3>\n<p>  Aunque exacto, el corte por plasma es menos preciso que el corte por l\u00e1ser, por lo que es menos adecuado para trabajos muy detallados.<br \/>\nAdem\u00e1s, los cortes pueden requerir un acabado adicional debido a los bordes m\u00e1s rugosos y a la formaci\u00f3n de escoria.   <\/p>\n<h3>Profesionales del corte con sierra<\/h3>\n<p><a href=\"https:\/\/smf-inc.com\/metal-cutting-rock-hill-sc\/\">Las ventajas del corte con sierra<\/a> son  <\/p>\n<ul>\n<li>Capacidad para manipular diversos materiales y formas, desde chapas hasta barras y tubos.<\/li>\n<li>A menudo es un proceso m\u00e1s asequible.<\/li>\n<li>La deformaci\u00f3n del metal es menos probable porque el m\u00e9todo produce menos calor.<\/li>\n<\/ul>\n<h3>Contras del corte con sierra<\/h3>\n<p>  El corte con sierra es m\u00e1s lento que el corte por l\u00e1ser y plasma, sobre todo en materiales m\u00e1s gruesos.<br \/>\nEs menos preciso, lo que puede no ser adecuado para cortes muy detallados o complejos.   <\/p>\n<div class=\"left-img\"><img loading=\"lazy\" decoding=\"async\" class=\"alignnone\" src=\"https:\/\/smf-inc.com\/wp-content\/uploads\/2024\/07\/close-up-scene-the-fiber-laser-cutting-machine-cutting-machine-cut-the-stainless-steel-tube.webp\" alt=\"Corte de Metal Rock Hill SC\" width=\"500\" height=\"350\" title=\"\"><\/div>\n<h3>Estamos aqu\u00ed para ayudarte<\/h3>\n<p>  Elegir el m\u00e9todo de corte de metal adecuado depende de los requisitos espec\u00edficos del proyecto, como la precisi\u00f3n, el tipo de material, el grosor y el presupuesto. Comprender los pros y los contras del corte por l\u00e1ser, plasma y sierra ayuda a seleccionar la mejor t\u00e9cnica para obtener resultados \u00f3ptimos. Si no est\u00e1s seguro de qu\u00e9 opciones de fabricaci\u00f3n son las adecuadas para tu proyecto, estamos aqu\u00ed para ayudarte a decidir. Si necesitas corte de metal en Rock Hill SC, ll\u00e1manos. Para localizarnos en Carolina del Sur, llama <a href=\"tel:8642260470\">al 864-226-0470<\/a>.<\/p>\n","protected":false},"excerpt":{"rendered":"<p>C\u00f3mo elegir la opci\u00f3n de corte de metal adecuada \u00bfBuscas un taller integral capaz de satisfacer todas tus necesidades de corte de metal? SMF tiene el equipo y la experiencia para ofrecerte las opciones que necesitas. Si necesitas corte de metal en Rock Hill SC, llama a SMF al 864-226-0470. Ventajas e inconvenientes del corte &hellip; <a href=\"https:\/\/smf-inc.com\/es\/corte-de-metal-rock-hill-sc\/\" class=\"more-link\">Continue reading <span class=\"screen-reader-text\">Corte de Metal Rock Hill SC<\/span><\/a><\/p>\n","protected":false},"author":2,"featured_media":0,"parent":0,"menu_order":0,"comment_status":"closed","ping_status":"closed","template":"","meta":{"_acf_changed":false,"inline_featured_image":false,"footnotes":""},"class_list":["post-2454","page","type-page","status-publish","hentry"],"acf":[],"_links":{"self":[{"href":"https:\/\/smf-inc.com\/es\/wp-json\/wp\/v2\/pages\/2454","targetHints":{"allow":["GET"]}}],"collection":[{"href":"https:\/\/smf-inc.com\/es\/wp-json\/wp\/v2\/pages"}],"about":[{"href":"https:\/\/smf-inc.com\/es\/wp-json\/wp\/v2\/types\/page"}],"author":[{"embeddable":true,"href":"https:\/\/smf-inc.com\/es\/wp-json\/wp\/v2\/users\/2"}],"replies":[{"embeddable":true,"href":"https:\/\/smf-inc.com\/es\/wp-json\/wp\/v2\/comments?post=2454"}],"version-history":[{"count":3,"href":"https:\/\/smf-inc.com\/es\/wp-json\/wp\/v2\/pages\/2454\/revisions"}],"predecessor-version":[{"id":2704,"href":"https:\/\/smf-inc.com\/es\/wp-json\/wp\/v2\/pages\/2454\/revisions\/2704"}],"wp:attachment":[{"href":"https:\/\/smf-inc.com\/es\/wp-json\/wp\/v2\/media?parent=2454"}],"curies":[{"name":"wp","href":"https:\/\/api.w.org\/{rel}","templated":true}]}}