{"id":2453,"date":"2024-07-31T08:48:05","date_gmt":"2024-07-31T08:48:05","guid":{"rendered":"https:\/\/smf-inc.com\/corte-de-metal-charleston-sc\/"},"modified":"2024-11-20T04:25:17","modified_gmt":"2024-11-20T04:25:17","slug":"corte-de-metal-charleston-sc","status":"publish","type":"page","link":"https:\/\/smf-inc.com\/es\/corte-de-metal-charleston-sc\/","title":{"rendered":"Corte de metal Charleston SC"},"content":{"rendered":"<h3>Conf\u00eda en los profesionales del corte de metal<\/h3>\n<p>  El corte de metales es un proceso cr\u00edtico en la fabricaci\u00f3n moderna, que permite crear componentes precisos y duraderos para diversas industrias.<br \/>\nDesde la industria aeroespacial a la automovil\u00edstica, pasando por los dispositivos m\u00e9dicos y la electr\u00f3nica de consumo, la demanda de piezas met\u00e1licas de alta calidad requiere t\u00e9cnicas de corte avanzadas.<br \/>\nComprender los entresijos del corte de metales y sus aplicaciones puede ayudar a las empresas a mejorar su capacidad de producci\u00f3n y mantener una ventaja competitiva.<br \/>\nSi tu empresa necesita corte de metal en Charleston SC, llama a SMF al <a href=\"tel:8642260470\">864-226-0470<\/a>.     <\/p>\n<div class=\"right-img\"><img loading=\"lazy\" decoding=\"async\" class=\"alignnone\" src=\"https:\/\/smf-inc.com\/wp-content\/uploads\/2024\/07\/water-cooled-laser-cutter.webp\" alt=\"El corte de metales se ve. SMF ofrece corte de metales.\" width=\"500\" height=\"350\" title=\"\"><\/div>\n<h3>Comprender las opciones de corte de metales<\/h3>\n<p>  El corte de metales es un proceso de fabricaci\u00f3n sustractivo en el que se retira material de una pieza para conseguir la forma y las dimensiones deseadas.<br \/>\nEn este proceso intervienen varias t\u00e9cnicas, como el corte por l\u00e1ser, el corte por sierra y el corte por plasma.<br \/>\nCada t\u00e9cnica tiene sus pros y sus contras.    <\/p>\n<h3>Corte por l\u00e1ser: Lo mejor cuando importa la precisi\u00f3n<\/h3>\n<p>  Nuestra configuraci\u00f3n asistida por ordenador garantiza los cortes m\u00e1s precisos y exactos disponibles con cualquier tecnolog\u00eda existente hoy en d\u00eda.<br \/>\nAdem\u00e1s de su excepcional precisi\u00f3n, \u00e9stas son algunas de las ventajas del <a href=\"https:\/\/smf-inc.com\/laser-cutting-south-carolina\/\">corte por l\u00e1ser<\/a>:   <\/p>\n<ul>\n<li>El rayo l\u00e1ser enfocado puede cortar formas y dise\u00f1os intrincados con tolerancias ajustadas, lo que lo hace ideal para aplicaciones que requieren altos niveles de detalle y complejidad.<br \/>\nEsta precisi\u00f3n minimiza el desperdicio de material y garantiza que los componentes encajen a la perfecci\u00f3n. <\/li>\n<li>El calor concentrado del l\u00e1ser funde y vaporiza el material a lo largo de la l\u00ednea de corte, con lo que se obtienen bordes limpios y lisos, con rebabas o distorsiones m\u00ednimas.<br \/>\nEsto reduce la necesidad de procesos de acabado secundarios, ahorrando tiempo y costes en la producci\u00f3n. <\/li>\n<li>El corte por l\u00e1ser es un proceso r\u00e1pido y eficaz.<br \/>\nLos movimientos de alta velocidad del cabezal l\u00e1ser, junto con su capacidad para cortar materiales r\u00e1pidamente, reducen significativamente los tiempos de producci\u00f3n.<br \/>\nEsta eficacia es especialmente beneficiosa para las operaciones de fabricaci\u00f3n a gran escala, donde la velocidad y la productividad son fundamentales.  <\/li>\n<li>Al ser un proceso sin contacto, no se aplica fuerza f\u00edsica al material, lo que reduce el riesgo de deformaci\u00f3n o da\u00f1os mec\u00e1nicos.<br \/>\nEsto es especialmente ventajoso cuando se trabaja con materiales delicados o finos que pueden deformarse f\u00e1cilmente con los m\u00e9todos de corte tradicionales. <\/li>\n<li>El corte por l\u00e1ser es rentable tanto para peque\u00f1as como para grandes series de producci\u00f3n.<br \/>\nPara lotes peque\u00f1os o prototipos, elimina la necesidad de costosas herramientas y costes de preparaci\u00f3n asociados a otros m\u00e9todos de corte.<br \/>\nPara la producci\u00f3n a gran escala, su velocidad y eficacia suponen un importante ahorro de costes.  <\/li>\n<\/ul>\n<h3>Corte por plasma: \u00a1Es R\u00e1pido!<\/h3>\n<p>  Cuando quieres una opci\u00f3n r\u00e1pida, el <a href=\"https:\/\/smf-inc.com\/plasma-cutting-charleston-sc\/\">corte por plasma<\/a> te la ofrece.<br \/>\nEntre sus ventajas se incluyen:   <\/p>\n<ul>\n<li>Puede cortar el metal mucho m\u00e1s r\u00e1pido que los m\u00e9todos tradicionales, como el oxicorte o el aserrado mec\u00e1nico.<br \/>\nEsta alta velocidad de corte aumenta significativamente la productividad, por lo que es ideal para operaciones de fabricaci\u00f3n de gran volumen. <\/li>\n<li>Los sistemas de corte por plasma ofrecen una gran precisi\u00f3n y exactitud, capaces de producir formas intrincadas y cortes detallados con errores m\u00ednimos.<\/li>\n<li>Puede cortar eficazmente tanto chapas finas como gruesas, lo que la hace adecuada para una amplia gama de aplicaciones, desde la reparaci\u00f3n de autom\u00f3viles hasta la fabricaci\u00f3n industrial pesada.<\/li>\n<\/ul>\n<h3>Cortar con sierra: Sigue siendo una gran opci\u00f3n<\/h3>\n<p><a href=\"https:\/\/smf-inc.com\/metal-cutting-charleston-sc\/\">El corte con sierra<\/a> es anterior al corte por l\u00e1ser y plasma, pero sigue siendo una tecnolog\u00eda \u00fatil y a menudo la mejor opci\u00f3n.<br \/>\nHe aqu\u00ed algunas de sus ventajas:   <\/p>\n<ul>\n<li>El corte con sierra es vers\u00e1til y puede manipular una amplia gama de materiales, incluidos varios tipos de metales como acero, aluminio, cobre y lat\u00f3n.<br \/>\nPuede cortar piezas de diferentes formas y tama\u00f1os, desde grandes chapas y planchas hasta barras, varillas y tubos. <\/li>\n<li>Las modernas m\u00e1quinas de corte de sierra est\u00e1n dise\u00f1adas para realizar cortes precisos y exactos, garantizando que los componentes cumplan unos requisitos dimensionales espec\u00edficos.<br \/>\nEsta precisi\u00f3n es fundamental en aplicaciones en las que se necesitan medidas exactas para garantizar el ajuste y funcionamiento adecuados del producto final. <\/li>\n<li>El corte con sierra es un proceso eficaz, capaz de cortar metal con rapidez.<br \/>\nLas sierras de alta velocidad y las tecnolog\u00edas avanzadas, como la alimentaci\u00f3n autom\u00e1tica y los controles programables, aumentan la productividad y reducen los tiempos de corte. <\/li>\n<li>El corte con sierra es un m\u00e9todo rentable para cortar metal, especialmente para cortes sencillos y grandes series de producci\u00f3n.<br \/>\nLos costes de equipamiento y utillaje suelen ser inferiores a los de otros m\u00e9todos de corte. <\/li>\n<\/ul>\n<div class=\"left-img\"><img loading=\"lazy\" decoding=\"async\" class=\"alignnone\" src=\"https:\/\/smf-inc.com\/wp-content\/uploads\/2024\/07\/close-up-scene-the-fiber-laser-cutting-machine-cut-the-metal-plate-with-the-sparkling-light.webp\" alt=\"El corte de metal se ve. SMF ofrece Corte de Metal en Charleston SC\" width=\"500\" height=\"350\" title=\"\"><\/div>\n<h3>Trabajemos juntos<\/h3>\n<p>  \u00bfNecesitas corte de metal en Charleston SC?<br \/>\nEstamos aqu\u00ed con <a href=\"https:\/\/smf-inc.com\/metal-cutting-south-carolina\/\">amplias opciones de corte<\/a>.<br \/>\nLl\u00e1manos y hablemos de c\u00f3mo podemos satisfacer tus necesidades con nuestra amplia oferta de t\u00e9cnicas de fabricaci\u00f3n de metal.   No importa lo grande o peque\u00f1o que sea tu trabajo, ni en qu\u00e9 parte del territorio continental de EE.UU. te encuentres, estamos aqu\u00ed para atender todas tus necesidades de fabricaci\u00f3n met\u00e1lica. Para localizarnos en Illinois, llama al <a href=\"tel:3094322586\">309-432-2586<\/a>. Para localizarnos en Carolina del Sur, llama <a href=\"tel:8642260470\">al 864-226-0470<\/a>.<\/p>\n","protected":false},"excerpt":{"rendered":"<p>Conf\u00eda en los profesionales del corte de metal El corte de metales es un proceso cr\u00edtico en la fabricaci\u00f3n moderna, que permite crear componentes precisos y duraderos para diversas industrias. Desde la industria aeroespacial a la automovil\u00edstica, pasando por los dispositivos m\u00e9dicos y la electr\u00f3nica de consumo, la demanda de piezas met\u00e1licas de alta calidad &hellip; <a href=\"https:\/\/smf-inc.com\/es\/corte-de-metal-charleston-sc\/\" class=\"more-link\">Continue reading <span class=\"screen-reader-text\">Corte de metal Charleston SC<\/span><\/a><\/p>\n","protected":false},"author":2,"featured_media":0,"parent":0,"menu_order":0,"comment_status":"closed","ping_status":"closed","template":"","meta":{"_acf_changed":false,"inline_featured_image":false,"footnotes":""},"class_list":["post-2453","page","type-page","status-publish","hentry"],"acf":[],"_links":{"self":[{"href":"https:\/\/smf-inc.com\/es\/wp-json\/wp\/v2\/pages\/2453","targetHints":{"allow":["GET"]}}],"collection":[{"href":"https:\/\/smf-inc.com\/es\/wp-json\/wp\/v2\/pages"}],"about":[{"href":"https:\/\/smf-inc.com\/es\/wp-json\/wp\/v2\/types\/page"}],"author":[{"embeddable":true,"href":"https:\/\/smf-inc.com\/es\/wp-json\/wp\/v2\/users\/2"}],"replies":[{"embeddable":true,"href":"https:\/\/smf-inc.com\/es\/wp-json\/wp\/v2\/comments?post=2453"}],"version-history":[{"count":2,"href":"https:\/\/smf-inc.com\/es\/wp-json\/wp\/v2\/pages\/2453\/revisions"}],"predecessor-version":[{"id":2705,"href":"https:\/\/smf-inc.com\/es\/wp-json\/wp\/v2\/pages\/2453\/revisions\/2705"}],"wp:attachment":[{"href":"https:\/\/smf-inc.com\/es\/wp-json\/wp\/v2\/media?parent=2453"}],"curies":[{"name":"wp","href":"https:\/\/api.w.org\/{rel}","templated":true}]}}