{"id":2452,"date":"2024-07-31T08:48:05","date_gmt":"2024-07-31T08:48:05","guid":{"rendered":"https:\/\/smf-inc.com\/corte-de-metal-greenville-sc\/"},"modified":"2024-11-20T04:25:16","modified_gmt":"2024-11-20T04:25:16","slug":"corte-de-metal-greenville-sc","status":"publish","type":"page","link":"https:\/\/smf-inc.com\/es\/corte-de-metal-greenville-sc\/","title":{"rendered":"Corte de metal Greenville SC"},"content":{"rendered":"<h3>Somos tus socios en el corte de metales<\/h3>\n<p>  \u00bfBuscas un taller metal\u00fargico con el que asociarte, una empresa cuyo servicio al cliente sea tan eficaz como su corte de metal?<br \/>\nEn SMF tenemos el equipo y la experiencia necesarios para realizar cualquier tarea de corte de metal que nos propongas.<br \/>\nNo s\u00f3lo eso, sino que estamos aqu\u00ed para consultarte y responder a tus preguntas si no est\u00e1s seguro de qu\u00e9 opciones de fabricaci\u00f3n de metal se ajustan mejor a tus necesidades, o si necesitas corte de metal en Greenville, SC, ll\u00e1manos al <a href=\"tel:8642260470\">864-226-0470<\/a>.    <\/p>\n<div class=\"right-img\"><img loading=\"lazy\" decoding=\"async\" class=\"alignnone\" src=\"https:\/\/smf-inc.com\/wp-content\/uploads\/2024\/07\/laser-cutter.webp\" alt=\"El corte de metales se ve. SMF proporciona corte de metales.\" width=\"500\" height=\"350\" title=\"\"><\/div>\n<h3>As\u00f3ciate con nosotros<\/h3>\n<p>  Cuando te embarcas en un proyecto industrial de corte de metal, <a href=\"https:\/\/smf-inc.com\/home_slider\/your-one-stop-shop\/\">asociarte con un taller experto en metal<\/a> puede marcar la diferencia.<br \/>\nCuando trabajas con SMF, puedes esperar calidad y eficacia.   <\/p>\n<h3>Tenemos una mano de obra cualificada<\/h3>\n<p>  Nuestra probada experiencia en proyectos de corte de metales nos permite abordar tareas complejas y ofrecer soluciones innovadoras.<br \/>\nAdem\u00e1s del corte, tambi\u00e9n ofrecemos una amplia gama de servicios complementarios, como soldadura, plegado, mecanizado y mucho m\u00e1s.<br \/>\nEste enfoque integral garantiza que todos los aspectos de tu proyecto se gestionen bajo un mismo techo, ahorr\u00e1ndote tiempo y reduciendo los problemas de coordinaci\u00f3n.    <\/p>\n<h3>Ofrecemos corte por l\u00e1ser, plasma y sierra<\/h3>\n<p>  Cuando tienes que elegir qu\u00e9 tipo de corte es el mejor para tu proyecto, a veces la elecci\u00f3n est\u00e1 clara y otras veces es dif\u00edcil decidirse.<br \/>\nAh\u00ed es donde entra en juego nuestra experiencia.<br \/>\nPodemos ayudarte a decidir qu\u00e9 opci\u00f3n es la mejor para tu proyecto.    <\/p>\n<h3>\u00bfEl corte por l\u00e1ser es adecuado para ti?<\/h3>\n<p><strong><a href=\"https:\/\/smf-inc.com\/laser-cutting-greenville-sc\/\">El corte por l\u00e1ser<\/a> puede ser lo mejor si tienes un proyecto que lo requiera:<\/strong><\/p>\n<ul>\n<li>Precisi\u00f3n excepcional.<br \/>\n\u00bfNecesitas cortes intrincados y detallados con tolerancias estrechas? <\/li>\n<li>Bordes limpios y lisos.<br \/>\n\u00bfQuieres reducir la necesidad de un acabado secundario? <\/li>\n<\/ul>\n<h3>\u00bfEs el corte por plasma tu mejor opci\u00f3n?<\/h3>\n<p><strong><a href=\"https:\/\/smf-inc.com\/plasma-cutting-greenville-sc\/\">El corte por plasma<\/a> es una opci\u00f3n excelente si tu proyecto lo requiere:<\/strong><\/p>\n<ul>\n<li>Cortes m\u00e1s r\u00e1pidos, especialmente en metales gruesos.<br \/>\nEl corte por plasma puede cortar eficazmente tanto metales finos como gruesos. <\/li>\n<li>Una opci\u00f3n rentable y menos costosa que las cortadoras l\u00e1ser.<\/li>\n<li>Menores costes operativos.<\/li>\n<\/ul>\n<h3>El corte tradicional con sierra tambi\u00e9n puede ser la mejor opci\u00f3n<\/h3>\n<p><strong><a href=\"https:\/\/smf-inc.com\/metal-cutting-greenville-sc\/\">El corte con sierra<\/a> sigue siendo una opci\u00f3n excelente si lo necesitas:<\/strong><\/p>\n<ul>\n<li>La capacidad de manipular distintos materiales y formas, desde tubos a chapas o barras.<\/li>\n<li>Un proceso m\u00e1s asequible.<\/li>\n<li>Un m\u00e9todo con menos distorsi\u00f3n del metal.<\/li>\n<\/ul>\n<div class=\"left-img\"><img loading=\"lazy\" decoding=\"async\" class=\"alignnone\" src=\"https:\/\/smf-inc.com\/wp-content\/uploads\/2024\/07\/close-up-view-on-cnc-plasma-cutting-machine-cnc-gas-cutting-metal-sheet-laser-or-plasma.jpg\" alt=\"El corte de metal se ve. SMF proporciona Corte de Metal en Greenville SC.  \" width=\"500\" height=\"350\" title=\"\"><\/div>\n<h3>Empecemos<\/h3>\n<p>  Somos un taller integral de metal y estamos preparados para ser tu punto de referencia, capaces de ofrecer resultados para cada proyecto de metal.<br \/>\nEstamos aqu\u00ed para ayudarte.<br \/>\nSi necesitas corte de metal en Greenville SC, ll\u00e1manos al <a href=\"\">864-226-0470<\/a>.  <\/p>\n","protected":false},"excerpt":{"rendered":"<p>Somos tus socios en el corte de metales \u00bfBuscas un taller metal\u00fargico con el que asociarte, una empresa cuyo servicio al cliente sea tan eficaz como su corte de metal? En SMF tenemos el equipo y la experiencia necesarios para realizar cualquier tarea de corte de metal que nos propongas. No s\u00f3lo eso, sino que &hellip; <a href=\"https:\/\/smf-inc.com\/es\/corte-de-metal-greenville-sc\/\" class=\"more-link\">Continue reading <span class=\"screen-reader-text\">Corte de metal Greenville SC<\/span><\/a><\/p>\n","protected":false},"author":2,"featured_media":0,"parent":0,"menu_order":0,"comment_status":"closed","ping_status":"closed","template":"","meta":{"_acf_changed":false,"inline_featured_image":false,"footnotes":""},"class_list":["post-2452","page","type-page","status-publish","hentry"],"acf":[],"_links":{"self":[{"href":"https:\/\/smf-inc.com\/es\/wp-json\/wp\/v2\/pages\/2452","targetHints":{"allow":["GET"]}}],"collection":[{"href":"https:\/\/smf-inc.com\/es\/wp-json\/wp\/v2\/pages"}],"about":[{"href":"https:\/\/smf-inc.com\/es\/wp-json\/wp\/v2\/types\/page"}],"author":[{"embeddable":true,"href":"https:\/\/smf-inc.com\/es\/wp-json\/wp\/v2\/users\/2"}],"replies":[{"embeddable":true,"href":"https:\/\/smf-inc.com\/es\/wp-json\/wp\/v2\/comments?post=2452"}],"version-history":[{"count":1,"href":"https:\/\/smf-inc.com\/es\/wp-json\/wp\/v2\/pages\/2452\/revisions"}],"predecessor-version":[{"id":2702,"href":"https:\/\/smf-inc.com\/es\/wp-json\/wp\/v2\/pages\/2452\/revisions\/2702"}],"wp:attachment":[{"href":"https:\/\/smf-inc.com\/es\/wp-json\/wp\/v2\/media?parent=2452"}],"curies":[{"name":"wp","href":"https:\/\/api.w.org\/{rel}","templated":true}]}}