{"id":2451,"date":"2024-07-31T08:48:05","date_gmt":"2024-07-31T08:48:05","guid":{"rendered":"https:\/\/smf-inc.com\/corte-de-metales-columbia-sc\/"},"modified":"2024-11-20T04:25:15","modified_gmt":"2024-11-20T04:25:15","slug":"corte-de-metales-columbia-sc","status":"publish","type":"page","link":"https:\/\/smf-inc.com\/es\/corte-de-metales-columbia-sc\/","title":{"rendered":"Corte de metales Columbia SC"},"content":{"rendered":"<h3>Elige la empresa con el mejor equipo de corte<\/h3>\n<p>  Si buscas una empresa que pueda proporcionarte un excelente corte de metal en Columbia SC, recurre a SMF.<br \/>\nHemos invertido en equipos de primera categor\u00eda que pueden manejar incluso los proyectos m\u00e1s grandes.<br \/>\nSi buscas un taller de metal fiable y cualificado que garantice siempre que tu proyecto se complete con precisi\u00f3n, calidad y eficacia, ll\u00e1manos al <a href=\"tel:8642260470\">864-226-0470<\/a>.    <\/p>\n<div class=\"right-img\"><img loading=\"lazy\" decoding=\"async\" class=\"alignnone\" src=\"https:\/\/smf-inc.com\/wp-content\/uploads\/2024\/07\/plasma-cutting-metal-plate.webp\" alt=\"Se ve a un trabajador cortando metal. SMF ofrece corte de metal.\" width=\"500\" height=\"350\" title=\"\"><\/div>\n<h3>\u00a1Nuestros servicios de corte de metales son insuperables!<\/h3>\n<p>  Diferentes trabajos requieren diferentes enfoques de corte de metal, por eso ofrecemos opciones.<br \/>\nOfrecemos corte por sierra, corte por plasma y corte por l\u00e1ser, y hemos realizado importantes inversiones en equipos de corte especializados.  Nuestro l\u00e1ser m\u00e1s grande tiene una capacidad de corte de 54&#8242; de largo y 12&#8242; de pie. Este tama\u00f1o nos permite cortar piezas m\u00e1s grandes y cantidades mayores con menos preparaciones. Nuestra cortadora de plasma tiene una mesa de 13&#8242; por 23&#8242;. Nuestras sierras tienen hasta 20&#8243; de di\u00e1metro. Con este equipo, podemos ofrecer la m\u00e1xima calidad, a tiempo y dentro del presupuesto.  <\/p>\n<h3>Podemos ayudarte a hacer la elecci\u00f3n correcta de corte de metal<\/h3>\n<p>  Con nuestro avanzado equipo, podemos darte buenos resultados para cualquier proyecto que requiera corte de metal.<br \/>\nLa \u00fanica cuesti\u00f3n es qu\u00e9 tipo de corte es el adecuado para tu trabajo concreto.<br \/>\nAqu\u00ed tienes algunas orientaciones:    <\/p>\n<ul>\n<li>Si necesitas una precisi\u00f3n excepcional, como cortes intrincados y detallados con tolerancias estrechas, y prefieres bordes limpios y lisos con una necesidad m\u00ednima de acabado secundario, <a href=\"https:\/\/smf-inc.com\/laser-cutting-columbia-sc\/\">el corte por l\u00e1ser<\/a> puede ser adecuado para ti.<\/li>\n<li>Si necesitas cortes m\u00e1s r\u00e1pidos, sobre todo en metales m\u00e1s gruesos, y lo necesitas a un precio rentable, <a href=\"https:\/\/smf-inc.com\/plasma-cutting-columbia-sc\/\">el corte por plasma<\/a> puede ser la mejor opci\u00f3n.<\/li>\n<li>Si necesitas cortar metal a un precio m\u00e1s asequible, y necesitas evitar la deformaci\u00f3n del metal, merece la pena considerar <a href=\"https:\/\/smf-inc.com\/metal-cutting-columbia-sc\/\">el corte con sierra<\/a>.<\/li>\n<\/ul>\n<div class=\"left-img\"><img loading=\"lazy\" decoding=\"async\" class=\"alignnone\" src=\"https:\/\/smf-inc.com\/wp-content\/uploads\/2024\/07\/cnc-laser-machinery.webp\" alt=\"Se ve un proceso de corte de metal. SMF ofrece corte de metal en Columbia SC.  \" width=\"500\" height=\"350\" title=\"\"><\/div>\n<h3>\u00bfQu\u00e9 otros servicios necesitas?<\/h3>\n<p>  Es muy probable que, si necesitas corte, necesites otros servicios met\u00e1licos.<br \/>\nComo taller integral de metal, podemos ofrecerte casi cualquier tipo de fabricaci\u00f3n met\u00e1lica que puedas necesitar, ahorr\u00e1ndote tiempo y reduciendo los problemas de coordinaci\u00f3n.   <\/p>\n<h3>Estamos aqu\u00ed para ti<\/h3>\n<p>  \u00a1Consid\u00e9ranos tu proveedor integral de metal!<br \/>\nEstamos preparados para ser tu punto de referencia, capaces de ofrecer resultados de calidad para cada proyecto de metal.<br \/>\nEstamos aqu\u00ed para ayudarte.<br \/>\nSi necesitas corte de metal en Columbia SC, ll\u00e1manos al <a href=\"tel:8642260470\">864-226-0470<\/a>.   <\/p>\n","protected":false},"excerpt":{"rendered":"<p>Elige la empresa con el mejor equipo de corte Si buscas una empresa que pueda proporcionarte un excelente corte de metal en Columbia SC, recurre a SMF. Hemos invertido en equipos de primera categor\u00eda que pueden manejar incluso los proyectos m\u00e1s grandes. Si buscas un taller de metal fiable y cualificado que garantice siempre que &hellip; <a href=\"https:\/\/smf-inc.com\/es\/corte-de-metales-columbia-sc\/\" class=\"more-link\">Continue reading <span class=\"screen-reader-text\">Corte de metales Columbia SC<\/span><\/a><\/p>\n","protected":false},"author":2,"featured_media":0,"parent":0,"menu_order":0,"comment_status":"closed","ping_status":"closed","template":"","meta":{"_acf_changed":false,"inline_featured_image":false,"footnotes":""},"class_list":["post-2451","page","type-page","status-publish","hentry"],"acf":[],"_links":{"self":[{"href":"https:\/\/smf-inc.com\/es\/wp-json\/wp\/v2\/pages\/2451","targetHints":{"allow":["GET"]}}],"collection":[{"href":"https:\/\/smf-inc.com\/es\/wp-json\/wp\/v2\/pages"}],"about":[{"href":"https:\/\/smf-inc.com\/es\/wp-json\/wp\/v2\/types\/page"}],"author":[{"embeddable":true,"href":"https:\/\/smf-inc.com\/es\/wp-json\/wp\/v2\/users\/2"}],"replies":[{"embeddable":true,"href":"https:\/\/smf-inc.com\/es\/wp-json\/wp\/v2\/comments?post=2451"}],"version-history":[{"count":1,"href":"https:\/\/smf-inc.com\/es\/wp-json\/wp\/v2\/pages\/2451\/revisions"}],"predecessor-version":[{"id":2700,"href":"https:\/\/smf-inc.com\/es\/wp-json\/wp\/v2\/pages\/2451\/revisions\/2700"}],"wp:attachment":[{"href":"https:\/\/smf-inc.com\/es\/wp-json\/wp\/v2\/media?parent=2451"}],"curies":[{"name":"wp","href":"https:\/\/api.w.org\/{rel}","templated":true}]}}