{"id":2388,"date":"2024-07-01T11:51:30","date_gmt":"2024-07-01T11:51:30","guid":{"rendered":"https:\/\/smf-inc.com\/corte-de-metales-chicago-il\/"},"modified":"2024-07-31T08:48:04","modified_gmt":"2024-07-31T08:48:04","slug":"corte-de-metales-chicago-il","status":"publish","type":"page","link":"https:\/\/smf-inc.com\/es\/corte-de-metales-chicago-il\/","title":{"rendered":"Corte de metales Chicago IL"},"content":{"rendered":"<h3>Nos encargamos de todo tipo de corte de metales<\/h3>\n<p>\u00bfBuscas un taller metal\u00fargico \u00fanico que se encargue de todos tus cortes de metal en Chicago IL? Como ning\u00fan m\u00e9todo de corte de metal es adecuado para todos los trabajos, SMF ofrece distintas opciones que incluyen el <a href=\"https:\/\/smf-inc.com\/plasma-cutting-chicago-il\/\">corte por plasma<\/a>, el<a href=\"https:\/\/smf-inc.com\/laser-cutting-chicago-il\/\"> corte por l\u00e1ser<\/a> y <a href=\"https:\/\/smf-inc.com\/capabilities\/saw-cutting\/\">el corte por sierra<\/a>. Cada opci\u00f3n ofrece pros y contras, as\u00ed que para hablar de las opciones, ll\u00e1manos al 309-432-2586.<\/p>\n<h3>Corte con Sierra: La opci\u00f3n m\u00e1s r\u00e1pida para cortar metal<\/h3>\n<p>Nuestra capacidad de corte con sierra de 20&#8243; de di\u00e1metro nos permite cortar grandes piezas de metal; de hecho, incluso puede acomodar fardos. Cortar haces de barras de metal no supone ning\u00fan problema. Considera estas ventajas del corte con sierra:<\/p>\n<ul>\n<li>Rapidez: De todos nuestros procesos de corte, el corte con sierra es el m\u00e1s r\u00e1pido, por lo que ofrece un plazo de entrega m\u00e1s r\u00e1pido que cualquier otro m\u00e9todo de corte.<\/li>\n<li>Corte de paquetes: Nuestras sierras pueden acomodar un haz entero a la vez, lo que nos permite completar un trabajo, como pilas de barras de metal o haces de tubos, a\u00fan m\u00e1s r\u00e1pido.<\/li>\n<li>Automatizaci\u00f3n: Mediante la automatizaci\u00f3n inform\u00e1tica, una vez que hemos configurado un trabajo, nuestra sierra lo completa con precisi\u00f3n.<\/li>\n<li>Precisi\u00f3n: Aunque el corte por sierra no puede alcanzar la incre\u00edble precisi\u00f3n del corte por l\u00e1ser, sigue siendo bastante exacto, lo que lo convierte en la mejor y m\u00e1s adecuada opci\u00f3n para muchos trabajos.<\/li>\n<\/ul>\n<h3>Corte por l\u00e1ser: El m\u00e1s preciso de todos los m\u00e9todos de corte<\/h3>\n<p>Disponemos de algunas de las m\u00e1quinas de corte por l\u00e1ser m\u00e1s grandes del pa\u00eds. Esta mayor capacidad nos permite abordar los trabajos m\u00e1s grandes. Tenemos una capacidad de corte por l\u00e1ser de 54&#8242; de largo y 12&#8242; de ancho. Esto nos permite alojar piezas m\u00e1s grandes de metal a la vez, lo que significa un menor tiempo de preparaci\u00f3n, mayor eficacia y terminaciones m\u00e1s r\u00e1pidas. Una de las mayores ventajas del corte por l\u00e1ser es su incre\u00edble precisi\u00f3n. Utilizamos c\u00e1lculos exactos y tecnolog\u00eda de medici\u00f3n informatizada para proporcionarte los cortes m\u00e1s precisos del sector de la fabricaci\u00f3n de metal. Considera estas ventajas del corte por l\u00e1ser:<\/p>\n<ul>\n<li>Precisi\u00f3n: Nuestra configuraci\u00f3n asistida por ordenador te asegura los cortes m\u00e1s precisos y exactos disponibles con cualquier tecnolog\u00eda existente hoy en d\u00eda. Independientemente del n\u00famero de piezas de metal incluidas, cada una cumplir\u00e1 tus especificaciones precisas.<\/li>\n<li>Complejidad: El corte por l\u00e1ser puede producir con precisi\u00f3n incluso formas complicadas, y lo hace mucho mejor que cualquier otra tecnolog\u00eda.<\/li>\n<li>Reducci\u00f3n del desperdicio de metal y energ\u00eda: Nuestros l\u00e1seres m\u00e1s grandes son muy eficientes y maximizan el uso de material y energ\u00eda.<\/li>\n<li>La automatizaci\u00f3n: Esta tecnolog\u00eda nos permite ejecutar los trabajos m\u00e1s r\u00e1pidamente.<\/li>\n<\/ul>\n<h3>Corte por Plasma: M\u00e1s asequible y maneja metales m\u00e1s gruesos<\/h3>\n<p>Las mesas de corte por plasma de 13&#8242; por 12&#8242; de SMF pueden quemar tus piezas con la m\u00e1xima calidad posible. El corte por arco de plasma corta cualquier metal utilizando temperaturas extremadamente altas. \u00bfSon estas ventajas del corte por plasma adecuadas para tu proyecto?<\/p>\n<ul>\n<li>El corte por plasma es la opci\u00f3n adecuada cuando tienes piezas muy gruesas. Esta tecnolog\u00eda puede manejar piezas met\u00e1licas mucho m\u00e1s gruesas de lo que puede manejar una cortadora l\u00e1ser, y puede cortarlas con facilidad. Como resultado, podemos utilizar esta tecnolog\u00eda para dividir chapas de metal, incluidos acero al carbono, acero inoxidable, aluminio, aleaciones de cobre y m\u00e1s, de hasta 1,5 pulgadas de grosor.<\/li>\n<li>Aunque el corte por plasma no ofrece la incre\u00edble precisi\u00f3n del corte por l\u00e1ser, es mucho m\u00e1s asequible. Para los muchos trabajos que no requieren un grado de precisi\u00f3n tan elevado como el corte por l\u00e1ser, el corte por plasma supone un ahorro.<\/li>\n<li>El corte por plasma es vers\u00e1til y ofrece una opci\u00f3n m\u00e1s segura para cortar metales reflectantes, como el cobre.<\/li>\n<\/ul>\n<div class=\"left-img\"><img loading=\"lazy\" decoding=\"async\" class=\"alignnone\" src=\"https:\/\/smf-inc.com\/wp-content\/uploads\/2024\/07\/laser-cutting-with-sparks-close-up.jpg\" alt=\"Se ve una cortadora l\u00e1ser en uso. SMF realiza corte de metal en Chicago IL.\" width=\"500\" height=\"350\" title=\"\"><\/div>\n<h3>Trabajemos juntos<\/h3>\n<p>En SMF, ofrecemos una <a href=\"https:\/\/smf-inc.com\/what-are-the-types-of-metal-fabrication\/\">gama completa de servicios de fabricaci\u00f3n met\u00e1lica<\/a>. Estamos preparados para convertirnos en tu taller integral de fabricaci\u00f3n de metal. P\u00f3ngase en contacto con nosotros hoy mismo en el <a href=\"tel:3094322586\">309-432-2586<\/a>. Con sede en Illinois y otro campus en Carolina del Sur, realizamos corte de metales en Chicago IL y en todo Estados Unidos.<\/p>\n","protected":false},"excerpt":{"rendered":"<p>Nos encargamos de todo tipo de corte de metales \u00bfBuscas un taller metal\u00fargico \u00fanico que se encargue de todos tus cortes de metal en Chicago IL? Como ning\u00fan m\u00e9todo de corte de metal es adecuado para todos los trabajos, SMF ofrece distintas opciones que incluyen el corte por plasma, el corte por l\u00e1ser y el &hellip; <a href=\"https:\/\/smf-inc.com\/es\/corte-de-metales-chicago-il\/\" class=\"more-link\">Continue reading <span class=\"screen-reader-text\">Corte de metales Chicago IL<\/span><\/a><\/p>\n","protected":false},"author":2,"featured_media":2386,"parent":0,"menu_order":0,"comment_status":"closed","ping_status":"closed","template":"","meta":{"_acf_changed":false,"inline_featured_image":false,"footnotes":""},"class_list":["post-2388","page","type-page","status-publish","has-post-thumbnail","hentry"],"acf":[],"_links":{"self":[{"href":"https:\/\/smf-inc.com\/es\/wp-json\/wp\/v2\/pages\/2388","targetHints":{"allow":["GET"]}}],"collection":[{"href":"https:\/\/smf-inc.com\/es\/wp-json\/wp\/v2\/pages"}],"about":[{"href":"https:\/\/smf-inc.com\/es\/wp-json\/wp\/v2\/types\/page"}],"author":[{"embeddable":true,"href":"https:\/\/smf-inc.com\/es\/wp-json\/wp\/v2\/users\/2"}],"replies":[{"embeddable":true,"href":"https:\/\/smf-inc.com\/es\/wp-json\/wp\/v2\/comments?post=2388"}],"version-history":[{"count":2,"href":"https:\/\/smf-inc.com\/es\/wp-json\/wp\/v2\/pages\/2388\/revisions"}],"predecessor-version":[{"id":2450,"href":"https:\/\/smf-inc.com\/es\/wp-json\/wp\/v2\/pages\/2388\/revisions\/2450"}],"wp:featuredmedia":[{"embeddable":true,"href":"https:\/\/smf-inc.com\/es\/wp-json\/wp\/v2\/media\/2386"}],"wp:attachment":[{"href":"https:\/\/smf-inc.com\/es\/wp-json\/wp\/v2\/media?parent=2388"}],"curies":[{"name":"wp","href":"https:\/\/api.w.org\/{rel}","templated":true}]}}