{"id":2382,"date":"2024-07-01T11:48:24","date_gmt":"2024-07-01T11:48:24","guid":{"rendered":"https:\/\/smf-inc.com\/corte-de-metales-springfield-il\/"},"modified":"2025-07-16T12:45:20","modified_gmt":"2025-07-16T12:45:20","slug":"corte-de-metales-springfield-il","status":"publish","type":"page","link":"https:\/\/smf-inc.com\/es\/corte-de-metales-springfield-il\/","title":{"rendered":"Corte de metales Springfield IL"},"content":{"rendered":"<h3>H\u00e1blanos del corte de metales<\/h3>\n<p>\u00bfEst\u00e1s buscando corte de metal de calidad en Springfield IL? Habla con los expertos en corte de metales de SMF. Ofrecemos opciones en tecnolog\u00edas de corte de metal para que puedas elegir la que mejor se adapte a tu material, presupuesto y plazo. El <a href=\"https:\/\/smf-inc.com\/laser-cutting-springfield-il\/\">corte por l\u00e1ser<\/a>, el <a href=\"https:\/\/smf-inc.com\/plasma-cutting-chicago-il\/\">corte por plasma<\/a> y el <a href=\"https:\/\/smf-inc.com\/capabilities\/saw-cutting\/\">corte por sierra<\/a> tienen cada uno sus ventajas e inconvenientes. \u00bfNo est\u00e1s seguro de cu\u00e1l es la mejor opci\u00f3n en tus circunstancias? Podemos asesorarte al respecto. Ll\u00e1menos al 309-432-2586.<\/p>\n<h3>\u00bfCu\u00e1ndo es el corte con sierra la mejor opci\u00f3n?<\/h3>\n<p>Nuestra capacidad de corte con sierra de 20&#8243; de di\u00e1metro nos permite cortar grandes piezas de metal, incluso gruesos haces de metal. Nuestras mesas de corte de sierra est\u00e1n preparadas para cortar cosas como haces de tubos y tuber\u00edas o barras gruesas de metal. \u00bfSon todas estas ventajas del corte con sierra adecuadas para tu proyecto?<\/p>\n<ul>\n<li>Este m\u00e9todo ofrece un plazo de entrega m\u00e1s r\u00e1pido que otros m\u00e9todos de corte: El corte por sierra es el m\u00e1s r\u00e1pido de todos los procesos de corte ofrecidos en SMF.<\/li>\n<li>El corte con sierra de paquetes nos permite completar un trabajo de corte de varias piezas, como pilas de barras de metal o paquetes de tubos, a\u00fan m\u00e1s r\u00e1pido.<\/li>\n<li>La automatizaci\u00f3n nos permite completar los trabajos con precisi\u00f3n y coherencia.<\/li>\n<li>La precisi\u00f3n es bastante exacta con el corte con sierra, pero no tanto como con l\u00e1ser.<\/li>\n<\/ul>\n<h3>\u00bfCu\u00e1ndo es el corte por l\u00e1ser la mejor opci\u00f3n?<\/h3>\n<p>Hemos invertido en algunas de las m\u00e1quinas de corte por l\u00e1ser m\u00e1s grandes del pa\u00eds. Estas cortadoras l\u00e1ser de mayor tama\u00f1o nos permiten abordar los trabajos m\u00e1s grandes. Con una capacidad de corte de 54&#8242; de largo y 12&#8242; de ancho, tenemos capacidad para acomodar piezas de metal m\u00e1s grandes. Eso significa reducir el tiempo de preparaci\u00f3n y terminar m\u00e1s piezas en menos tiempo, una eficacia que puede ahorrar tiempo y dinero. Otra gran ventaja del corte por l\u00e1ser es su precisi\u00f3n: nada puede igualarlo. Utilizamos c\u00e1lculos exactos y tecnolog\u00eda de medici\u00f3n informatizada para producir los cortes m\u00e1s precisos de toda la industria de fabricaci\u00f3n de metal. \u00bfSon estas ventajas del corte por l\u00e1ser adecuadas para tu proyecto?<\/p>\n<ul>\n<li>Precisi\u00f3n: Gracias a nuestra configuraci\u00f3n asistida por ordenador, tu trabajo se beneficiar\u00e1 de los cortes m\u00e1s precisos y exactos disponibles en cualquier tecnolog\u00eda existente hoy en d\u00eda. No importa cu\u00e1ntas piezas de metal cortemos, cada una se cortar\u00e1 seg\u00fan tus especificaciones exactas.<\/li>\n<li>Complejidad: Incluso las formas m\u00e1s complicadas no son un problema para nuestras cortadoras l\u00e1ser.<\/li>\n<li>Reducci\u00f3n del desperdicio de metal y energ\u00eda: Nuestro l\u00e1ser de mayor tama\u00f1o nos permite maximizar el uso de material de forma que se produzcan menos residuos.<\/li>\n<li>Automatizaci\u00f3n: La automatizaci\u00f3n asistida por ordenador nos permite realizar trabajos en una fracci\u00f3n del tiempo que necesitan otros m\u00e9todos de corte.<\/li>\n<\/ul>\n<h3>\u00bfCu\u00e1ndo es el corte por plasma el mejor m\u00e9todo?<\/h3>\n<p>Nuestras mesas de 13 por 12 pies nos permiten quemar tus piezas con la m\u00e1xima calidad. El corte por arco de plasma utiliza temperaturas extremadamente altas para cortar metales. \u00bfSon estas ventajas del corte por plasma adecuadas para tu proyecto?<\/p>\n<ul>\n<li>El corte por plasma puede cortar tus piezas m\u00e1s gruesas; de hecho, el plasma puede cortar metal incluso m\u00e1s grueso que una cortadora l\u00e1ser. Nuestras cortadoras de plasma pueden dividir chapas de metal, como acero al carbono, acero inoxidable, aluminio, aleaciones de cobre y m\u00e1s, hasta 1,5 pulgadas de grosor.<\/li>\n<li>Aunque el corte por plasma no es tan preciso como el corte por l\u00e1ser, es mucho m\u00e1s asequible. Puede suponer un ahorro para trabajos que no requieren tanta precisi\u00f3n como el corte por l\u00e1ser.<\/li>\n<li>El corte por plasma es preferible para cortar metales reflectantes, como el cobre, ya que es un proceso m\u00e1s seguro.<\/li>\n<\/ul>\n<div class=\"left-img\"><img loading=\"lazy\" decoding=\"async\" class=\"alignnone\" src=\"https:\/\/smf-inc.com\/wp-content\/uploads\/2024\/07\/close-up-view-on-cnc-plasma-cutting-machine-cnc-gas-cutting-metal-sheet-laser-or-plasma.jpg\" alt=\"Se ven saltar chispas de una cortadora de plasma. SMF ofrece corte de metal en Springfield IL.\" width=\"500\" height=\"350\" title=\"\"><\/div>\n<h3>\u00bfEst\u00e1 preparado para trabajar con nosotros?<\/h3>\n<p>Con la <a href=\"https:\/\/smf-inc.com\/what-are-the-types-of-metal-fabrication\/\">gama completa de servicios de fabricaci\u00f3n de metal<\/a> que ofrecemos en SMF, pretendemos ser tu tienda de metal integral. P\u00f3ngase en contacto con nosotros hoy mismo en el <a href=\"tel:3094322586\">309-432-2586<\/a>. Con sede en Illinois y otro campus en Carolina del Sur, realizamos corte de metales en Springfield IL y en todo Estados Unidos.<\/p>\n","protected":false},"excerpt":{"rendered":"<p>H\u00e1blanos del corte de metales \u00bfEst\u00e1s buscando corte de metal de calidad en Springfield IL? Habla con los expertos en corte de metales de SMF. Ofrecemos opciones en tecnolog\u00edas de corte de metal para que puedas elegir la que mejor se adapte a tu material, presupuesto y plazo. El corte por l\u00e1ser, el corte por &hellip; <a href=\"https:\/\/smf-inc.com\/es\/corte-de-metales-springfield-il\/\" class=\"more-link\">Continue reading <span class=\"screen-reader-text\">Corte de metales Springfield IL<\/span><\/a><\/p>\n","protected":false},"author":2,"featured_media":2379,"parent":0,"menu_order":0,"comment_status":"closed","ping_status":"closed","template":"","meta":{"_acf_changed":false,"inline_featured_image":false,"footnotes":""},"class_list":["post-2382","page","type-page","status-publish","has-post-thumbnail","hentry"],"acf":[],"_links":{"self":[{"href":"https:\/\/smf-inc.com\/es\/wp-json\/wp\/v2\/pages\/2382","targetHints":{"allow":["GET"]}}],"collection":[{"href":"https:\/\/smf-inc.com\/es\/wp-json\/wp\/v2\/pages"}],"about":[{"href":"https:\/\/smf-inc.com\/es\/wp-json\/wp\/v2\/types\/page"}],"author":[{"embeddable":true,"href":"https:\/\/smf-inc.com\/es\/wp-json\/wp\/v2\/users\/2"}],"replies":[{"embeddable":true,"href":"https:\/\/smf-inc.com\/es\/wp-json\/wp\/v2\/comments?post=2382"}],"version-history":[{"count":1,"href":"https:\/\/smf-inc.com\/es\/wp-json\/wp\/v2\/pages\/2382\/revisions"}],"predecessor-version":[{"id":2449,"href":"https:\/\/smf-inc.com\/es\/wp-json\/wp\/v2\/pages\/2382\/revisions\/2449"}],"wp:featuredmedia":[{"embeddable":true,"href":"https:\/\/smf-inc.com\/es\/wp-json\/wp\/v2\/media\/2379"}],"wp:attachment":[{"href":"https:\/\/smf-inc.com\/es\/wp-json\/wp\/v2\/media?parent=2382"}],"curies":[{"name":"wp","href":"https:\/\/api.w.org\/{rel}","templated":true}]}}