{"id":2375,"date":"2024-07-01T11:45:23","date_gmt":"2024-07-01T11:45:23","guid":{"rendered":"https:\/\/smf-inc.com\/corte-de-metal-peoria-il\/"},"modified":"2024-07-01T19:33:01","modified_gmt":"2024-07-01T19:33:01","slug":"corte-de-metal-peoria-il","status":"publish","type":"page","link":"https:\/\/smf-inc.com\/es\/corte-de-metal-peoria-il\/","title":{"rendered":"Corte de metal Peoria IL"},"content":{"rendered":"<h3>Somos los expertos en corte de metales<\/h3>\n<p>Si necesitas corte de metal en Peoria IL, SMF te ofrece muchas opciones. Como cada trabajo de corte es diferente, ofrecemos varios tipos distintos de tecnolog\u00edas de corte de calidad. Elige entre <a href=\"https:\/\/smf-inc.com\/laser-cutting-peoria-il\/\">corte por l\u00e1ser<\/a>, <a href=\"https:\/\/smf-inc.com\/capabilities\/saw-cutting\/\">corte por sierra<\/a> y <a href=\"https:\/\/smf-inc.com\/plasma-cutting-peoria-il\/\">corte por<\/a> plasma: todos tienen sus ventajas y desventajas individuales. \u00bfNo est\u00e1s seguro de qu\u00e9 opci\u00f3n de corte funcionar\u00eda mejor para tu proyecto? Llama a SMS al 309-432-2586.<\/p>\n<h3>Lo que hay que saber sobre el corte con sierra<\/h3>\n<p>Nuestra sierra de 20&#8243; de di\u00e1metro puede cortar incluso grandes piezas de metal. Es lo suficientemente resistente como para manejar haces enteros de tubos o tuber\u00edas, o incluso una pila de barras de metal. He aqu\u00ed algunas consideraciones sobre el corte con sierra:<\/p>\n<ul>\n<li>Las sierras ofrecen un plazo de entrega m\u00e1s r\u00e1pido que la mayor\u00eda de los dem\u00e1s m\u00e9todos de corte: De todos nuestros procesos de corte, el corte con sierra es el m\u00e1s r\u00e1pido.<\/li>\n<li>La capacidad de cortar un haz de metales a la vez acelera las cosas considerablemente. Nos permite cortar m\u00e1s r\u00e1pidamente piezas m\u00faltiples, como pilas de barras de metal o haces de tubos.<\/li>\n<li>Con la automatizaci\u00f3n, la tecnolog\u00eda nos ayuda a completar todos los trabajos con precisi\u00f3n y coherencia.<\/li>\n<li>El corte por sierra ofrece un alto grado de precisi\u00f3n, pero no es tan preciso como el corte por l\u00e1ser. Sin embargo, sigue siendo adecuado para la mayor\u00eda de los trabajos.<\/li>\n<\/ul>\n<h3>Qu\u00e9 hay que saber sobre el corte por l\u00e1ser<\/h3>\n<p>En SMF, hemos invertido en algunas de las m\u00e1quinas de corte por l\u00e1ser m\u00e1s grandes del pa\u00eds. Disponer de estas cortadoras l\u00e1ser de gran capacidad nos permite realizar los trabajos m\u00e1s grandes. Nuestros l\u00e1seres m\u00e1s grandes tienen una capacidad de corte de 54&#8242; de largo y 12&#8242; de ancho. Nuestra capacidad para acomodar estas piezas de metal m\u00e1s grandes significa un tiempo de preparaci\u00f3n reducido. Tambi\u00e9n nos permite completar m\u00e1s piezas en menos tiempo. Esta eficacia te ahorra tiempo y dinero. Una ventaja significativa del corte por l\u00e1ser es su precisi\u00f3n: El corte por l\u00e1ser ofrece los cortes m\u00e1s precisos de cualquier tecnolog\u00eda existente. Utilizamos c\u00e1lculos exactos y tecnolog\u00eda de medici\u00f3n informatizada para lograr esta precisi\u00f3n. He aqu\u00ed algunas consideraciones sobre el corte por l\u00e1ser:<\/p>\n<ul>\n<li>Precisi\u00f3n: La configuraci\u00f3n asistida por ordenador permite a nuestras m\u00e1quinas ofrecer los cortes m\u00e1s precisos y exactos disponibles con cualquier tecnolog\u00eda que exista en la actualidad. Todas y cada una de las piezas de metal cumplir\u00e1n exactamente tus especificaciones.<\/li>\n<li>Complejidad: Cortar formas complejas no es un problema para nuestras cortadoras l\u00e1ser.<\/li>\n<li>Reducci\u00f3n del desperdicio de metal y energ\u00eda: El gran tama\u00f1o de nuestros l\u00e1seres nos permite maximizar el uso de material, lo que se traduce en menos material desperdiciado y desechado.<\/li>\n<li>Automatizaci\u00f3n: Nos permite ahorrar tiempo y aumentar la eficacia ejecutando los trabajos en menos tiempo del que requiere cualquier otro m\u00e9todo.<\/li>\n<\/ul>\n<h3>Qu\u00e9 hay que saber sobre el corte por plasma<\/h3>\n<p>Hemos invertido en mesas de corte por plasma de 13&#8242; por 12&#8242; para poder quemar tus piezas con la m\u00e1xima calidad posible. El corte por arco de plasma -nombre oficial del corte por plasma- utiliza temperaturas extremadamente altas para cortar metales. Aqu\u00ed tienes algunas cosas que debes saber sobre el corte por plasma:<\/p>\n<ul>\n<li>Incluso las piezas m\u00e1s gruesas no son rivales para nuestras cortadoras de plasma. Pueden manipular metales incluso m\u00e1s gruesos de lo que puede hacerlo una cortadora l\u00e1ser. Adem\u00e1s, nuestra cortadora de plasma puede dividir chapas de metal, como acero al carbono, acero inoxidable, aluminio, aleaciones de cobre y m\u00e1s. Nuestra cortadora de plasma puede atravesar metales de hasta 2,5 cm de grosor.<\/li>\n<li>El corte por plasma es mucho m\u00e1s asequible que el corte por l\u00e1ser, aunque no tan preciso. Esto lo hace ideal para trabajos que no requieren tanta precisi\u00f3n como el corte por l\u00e1ser. El corte por plasma ofrece un ahorro real en este tipo de proyectos.<\/li>\n<li>En algunos casos, como el corte de metal reflectante, el corte por plasma es m\u00e1s seguro y preferible.<\/li>\n<\/ul>\n<div class=\"left-img\"><img loading=\"lazy\" decoding=\"async\" class=\"alignnone\" src=\"https:\/\/smf-inc.com\/wp-content\/uploads\/2024\/07\/cnc-laser-cutting-machine-making-holes-in-sheet-metal-with-sparks.jpg\" alt=\"Se ve cortar metal en un entorno industrial. SMF ofrece corte de metal en Peoria IL.\" width=\"500\" height=\"350\" title=\"\"><\/div>\n<h3>\u00bfEst\u00e1 preparado para trabajar con nosotros?<\/h3>\n<p>En SMF, ofrecemos una<a href=\"https:\/\/smf-inc.com\/what-are-the-types-of-metal-fabrication\/\"> gama completa de servicios de fabricaci\u00f3n de metal<\/a> y queremos ser tu tienda de metal integral. Ll\u00e1manos hoy al <a href=\"tel:3094322586\">309-432-2586<\/a>. Con sede en Illinois y otro campus en Carolina del Sur, realizamos corte de metal en Peoria IL y en todo Estados Unidos.<\/p>\n","protected":false},"excerpt":{"rendered":"<p>Somos los expertos en corte de metales Si necesitas corte de metal en Peoria IL, SMF te ofrece muchas opciones. Como cada trabajo de corte es diferente, ofrecemos varios tipos distintos de tecnolog\u00edas de corte de calidad. Elige entre corte por l\u00e1ser, corte por sierra y corte por plasma: todos tienen sus ventajas y desventajas &hellip; <a href=\"https:\/\/smf-inc.com\/es\/corte-de-metal-peoria-il\/\" class=\"more-link\">Continue reading <span class=\"screen-reader-text\">Corte de metal Peoria IL<\/span><\/a><\/p>\n","protected":false},"author":2,"featured_media":2372,"parent":0,"menu_order":0,"comment_status":"closed","ping_status":"closed","template":"","meta":{"_acf_changed":false,"inline_featured_image":false,"footnotes":""},"class_list":["post-2375","page","type-page","status-publish","has-post-thumbnail","hentry"],"acf":[],"_links":{"self":[{"href":"https:\/\/smf-inc.com\/es\/wp-json\/wp\/v2\/pages\/2375","targetHints":{"allow":["GET"]}}],"collection":[{"href":"https:\/\/smf-inc.com\/es\/wp-json\/wp\/v2\/pages"}],"about":[{"href":"https:\/\/smf-inc.com\/es\/wp-json\/wp\/v2\/types\/page"}],"author":[{"embeddable":true,"href":"https:\/\/smf-inc.com\/es\/wp-json\/wp\/v2\/users\/2"}],"replies":[{"embeddable":true,"href":"https:\/\/smf-inc.com\/es\/wp-json\/wp\/v2\/comments?post=2375"}],"version-history":[{"count":1,"href":"https:\/\/smf-inc.com\/es\/wp-json\/wp\/v2\/pages\/2375\/revisions"}],"predecessor-version":[{"id":2402,"href":"https:\/\/smf-inc.com\/es\/wp-json\/wp\/v2\/pages\/2375\/revisions\/2402"}],"wp:featuredmedia":[{"embeddable":true,"href":"https:\/\/smf-inc.com\/es\/wp-json\/wp\/v2\/media\/2372"}],"wp:attachment":[{"href":"https:\/\/smf-inc.com\/es\/wp-json\/wp\/v2\/media?parent=2375"}],"curies":[{"name":"wp","href":"https:\/\/api.w.org\/{rel}","templated":true}]}}