{"id":2368,"date":"2024-07-01T11:42:17","date_gmt":"2024-07-01T11:42:17","guid":{"rendered":"https:\/\/smf-inc.com\/corte-de-metales-carolina-del-sur\/"},"modified":"2024-07-01T19:28:56","modified_gmt":"2024-07-01T19:28:56","slug":"corte-de-metales-carolina-del-sur","status":"publish","type":"page","link":"https:\/\/smf-inc.com\/es\/corte-de-metales-carolina-del-sur\/","title":{"rendered":"Corte de metales Carolina del Sur"},"content":{"rendered":"<h3>Somos los profesionales del corte de metales<\/h3>\n<p>\u00bfBuscas corte de metal en Carolina del Sur? Ofrecemos muchas opciones. Cada trabajo es \u00fanico. Por eso, en SMF ofrecemos muchas opciones diferentes para un corte de metal de calidad. El corte por l\u00e1ser, el corte por plasma y el corte por sierra ofrecen pros y contras. \u00bfNo est\u00e1s seguro de cu\u00e1l es la mejor opci\u00f3n en tus circunstancias? Ll\u00e1manos al <span style=\"font-weight: 400;\">864-226-0470<\/span>.<\/p>\n<h3>Considera las ventajas del corte con sierra<\/h3>\n<p>Nuestra capacidad de corte con sierra de 20&#8243; de di\u00e1metro nos permite cortar grandes piezas de metal. Incluso puede acomodar paquetes. Nuestras mesas de corte con sierra pueden cortar incluso haces de barras de metal. Considera estas ventajas:<\/p>\n<ul>\n<li>Velocidad: El <a href=\"https:\/\/smf-inc.com\/capabilities\/saw-cutting\/\">corte con sierra<\/a> es el m\u00e1s r\u00e1pido de todos nuestros procesos de corte, por lo que ofrece un plazo de entrega m\u00e1s r\u00e1pido que otros m\u00e9todos de corte.<\/li>\n<li>Corte de paquetes: Cuando podemos cortar un haz entero de una vez, nos permite completar un trabajo, como pilas de barras de metal o haces de tubos, con mayor rapidez.<\/li>\n<li>Automatizaci\u00f3n: Una vez que hemos configurado un trabajo, podemos completarlo con precisi\u00f3n y coherencia.<\/li>\n<li>Precisi\u00f3n: El corte por sierra no puede presumir de la incre\u00edble precisi\u00f3n del corte por l\u00e1ser, pero sigue siendo incre\u00edblemente preciso y la opci\u00f3n m\u00e1s adecuada en muchas situaciones.<\/li>\n<\/ul>\n<h3>Considera las ventajas del corte por l\u00e1ser<\/h3>\n<p>En SMF, hemos invertido en algunas de las m\u00e1quinas <a href=\"https:\/\/smf-inc.com\/laser-cutting-south-carolina\/\">de corte por<\/a> l\u00e1ser m\u00e1s grandes del pa\u00eds. Nuestra capacidad de corte por l\u00e1ser nos permite abordar trabajos de mayor envergadura. De hecho, tenemos una capacidad de corte por l\u00e1ser de 54&#8242; de largo y 12&#8242; de ancho. Esta capacidad de alojar piezas de metal tan grandes significa reducir el tiempo de preparaci\u00f3n y acelerar las terminaciones. Esta eficacia ahorra tiempo y dinero. Una gran ventaja del corte por l\u00e1ser es su incre\u00edble precisi\u00f3n. Como utilizamos c\u00e1lculos exactos y tecnolog\u00eda de medici\u00f3n informatizada, podemos ofrecer los cortes m\u00e1s precisos del sector de la fabricaci\u00f3n de metal. Comprueba si estas ventajas del corte por l\u00e1ser son adecuadas para ti:<\/p>\n<ul>\n<li>Precisi\u00f3n: Utilizamos la configuraci\u00f3n asistida por ordenador para garantizar los cortes m\u00e1s precisos y exactos disponibles con cualquier tecnolog\u00eda existente. No importa cu\u00e1ntas piezas de metal cortemos para ti, cada una cumplir\u00e1 exactamente tus especificaciones.<\/li>\n<li>Complejidad: Con el corte por l\u00e1ser, podemos producir con precisi\u00f3n incluso formas complicadas.<\/li>\n<li>Reducci\u00f3n del desperdicio de metal y energ\u00eda: Al utilizar un l\u00e1ser m\u00e1s grande, podemos maximizar el uso de material.<\/li>\n<li>Automatizaci\u00f3n: Esto nos permite ejecutar trabajos en una fracci\u00f3n del tiempo que requieren otros m\u00e9todos.<\/li>\n<\/ul>\n<h3>Considera las ventajas del corte por plasma<\/h3>\n<p>Disponemos de una mesa de <a href=\"https:\/\/smf-inc.com\/plasma-cutting-south-carolina\/\">corte por plasma<\/a> de 13&#8242; por 12&#8242; que nos permite quemar tus piezas con la m\u00e1xima calidad posible. El corte por arco de plasma utiliza temperaturas extremadamente altas para cortar cualquier metal. \u00bfSon estas ventajas del corte por plasma adecuadas para ti?<\/p>\n<ul>\n<li>El corte por plasma puede cortar incluso tus piezas m\u00e1s gruesas -m\u00e1s gruesas de lo que puede hacerlo una cortadora l\u00e1ser- con facilidad. Como resultado, podemos cortar chapas de metal, incluidos acero al carbono, acero inoxidable, aluminio, aleaciones de cobre y m\u00e1s, de hasta 1,5 pulgadas de grosor.<\/li>\n<li>El corte por plasma no es tan preciso como el corte por l\u00e1ser, pero es mucho m\u00e1s asequible. Para los trabajos que no requieren tanta precisi\u00f3n como el corte por l\u00e1ser, el corte por plasma supone un ahorro.<\/li>\n<li>El corte por plasma es vers\u00e1til. Es m\u00e1s seguro y preferible para cortar metales reflectantes, incluido el cobre.<\/li>\n<\/ul>\n<div class=\"left-img\"><img loading=\"lazy\" decoding=\"async\" class=\"alignnone\" src=\"https:\/\/smf-inc.com\/wp-content\/uploads\/2024\/07\/manual-plasma-cutting.jpg\" alt=\"Se ve el corte por plasma. SMF realiza corte de metales en Carolina del Sur.\" width=\"500\" height=\"350\" title=\"\"><\/div>\n<h3>\u00bfEst\u00e1s preparado para cortar metal?<\/h3>\n<p>En SMF, ofrecemos una <a href=\"https:\/\/smf-inc.com\/what-techniques-are-used-for-metal-fabrication\/\">gama completa de servicios<\/a> de fabricaci\u00f3n met\u00e1lica y estamos preparados para ser tu taller integral de fabricaci\u00f3n met\u00e1lica. P\u00f3ngase en contacto con nosotros hoy mismo en <span style=\"font-weight: 400;\">el 864-226-0470<\/span>. Con sede en Illinois y otro campus en Carolina del Sur, realizamos corte de metales en Carolina del Sur y en todo Estados Unidos.<\/p>\n","protected":false},"excerpt":{"rendered":"<p>Somos los profesionales del corte de metales \u00bfBuscas corte de metal en Carolina del Sur? Ofrecemos muchas opciones. Cada trabajo es \u00fanico. Por eso, en SMF ofrecemos muchas opciones diferentes para un corte de metal de calidad. El corte por l\u00e1ser, el corte por plasma y el corte por sierra ofrecen pros y contras. \u00bfNo &hellip; <a href=\"https:\/\/smf-inc.com\/es\/corte-de-metales-carolina-del-sur\/\" class=\"more-link\">Continue reading <span class=\"screen-reader-text\">Corte de metales Carolina del Sur<\/span><\/a><\/p>\n","protected":false},"author":2,"featured_media":2365,"parent":0,"menu_order":0,"comment_status":"closed","ping_status":"closed","template":"","meta":{"_acf_changed":false,"inline_featured_image":false,"footnotes":""},"class_list":["post-2368","page","type-page","status-publish","has-post-thumbnail","hentry"],"acf":[],"_links":{"self":[{"href":"https:\/\/smf-inc.com\/es\/wp-json\/wp\/v2\/pages\/2368","targetHints":{"allow":["GET"]}}],"collection":[{"href":"https:\/\/smf-inc.com\/es\/wp-json\/wp\/v2\/pages"}],"about":[{"href":"https:\/\/smf-inc.com\/es\/wp-json\/wp\/v2\/types\/page"}],"author":[{"embeddable":true,"href":"https:\/\/smf-inc.com\/es\/wp-json\/wp\/v2\/users\/2"}],"replies":[{"embeddable":true,"href":"https:\/\/smf-inc.com\/es\/wp-json\/wp\/v2\/comments?post=2368"}],"version-history":[{"count":3,"href":"https:\/\/smf-inc.com\/es\/wp-json\/wp\/v2\/pages\/2368\/revisions"}],"predecessor-version":[{"id":2399,"href":"https:\/\/smf-inc.com\/es\/wp-json\/wp\/v2\/pages\/2368\/revisions\/2399"}],"wp:featuredmedia":[{"embeddable":true,"href":"https:\/\/smf-inc.com\/es\/wp-json\/wp\/v2\/media\/2365"}],"wp:attachment":[{"href":"https:\/\/smf-inc.com\/es\/wp-json\/wp\/v2\/media?parent=2368"}],"curies":[{"name":"wp","href":"https:\/\/api.w.org\/{rel}","templated":true}]}}