{"id":2360,"date":"2024-07-01T11:38:25","date_gmt":"2024-07-01T11:38:25","guid":{"rendered":"https:\/\/smf-inc.com\/corte-de-metales-illinois\/"},"modified":"2025-01-31T05:24:34","modified_gmt":"2025-01-31T05:24:34","slug":"corte-de-metales-illinois","status":"publish","type":"page","link":"https:\/\/smf-inc.com\/es\/corte-de-metales-illinois\/","title":{"rendered":"Corte de metales Illinois"},"content":{"rendered":"<h3>Nos encargamos de todo tipo de corte de metales<\/h3>\n<p>Si necesitas cortar metal en Illinois, tienes muchas opciones. No hay una sola forma mejor de hacerlo, por eso en SMF ofrecemos varios tipos diferentes de <a href=\"https:\/\/smf-inc.com\/metal-cutting-chicago-il\/\">tecnolog\u00edas de corte de calidad<\/a>. El corte por l\u00e1ser, el corte por plasma y el corte por sierra tienen todos sus ventajas y desventajas individuales. Si no est\u00e1s seguro de cu\u00e1l es la mejor opci\u00f3n en tus circunstancias, ll\u00e1manos al 309-432-2586.<\/p>\n<h3>\u00bfCu\u00e1les son las ventajas del corte con sierra?<\/h3>\n<p>Nuestra capacidad de corte con sierra de 20&#8243; de di\u00e1metro nos permite cortar grandes piezas de metal, incluso en paquetes. Nuestras mesas de <a href=\"https:\/\/smf-inc.com\/metal-cutting-springfield-il\/\">corte de sierra<\/a> est\u00e1n preparadas para cortar grandes paquetes, incluso barras de metal. \u00bfSon estas ventajas del corte con sierra adecuadas para ti?<\/p>\n<ul>\n<li>M\u00e1s r\u00e1pido que otros m\u00e9todos de corte: El corte con sierra es el m\u00e1s r\u00e1pido de todos nuestros procesos de corte.<\/li>\n<li>Corte de paquetes: Esto nos permite completar m\u00e1s r\u00e1pidamente un trabajo de corte de varias piezas, como pilas de barras de metal o haces de tubos.<\/li>\n<li>Automatizaci\u00f3n: Podemos completar los trabajos con precisi\u00f3n y coherencia.<\/li>\n<li>Precisi\u00f3n: Aunque el corte con sierra no es tan preciso como el corte por l\u00e1ser, sigue siendo incre\u00edblemente exacto.<\/li>\n<\/ul>\n<h3>\u00bfCu\u00e1les son las ventajas del corte por l\u00e1ser?<\/h3>\n<p>Disponemos de algunas de las m\u00e1quinas <a href=\"https:\/\/smf-inc.com\/laser-cutting-peoria-il\/\">de corte por<\/a> l\u00e1ser m\u00e1s grandes del pa\u00eds. Esto nos permite abordar grandes trabajos. Tenemos una capacidad de corte de 54 &#8216;de largo y 12&#8217; de ancho. Nuestra capacidad para alojar piezas de metal m\u00e1s grandes significa reducir el tiempo de preparaci\u00f3n y terminar m\u00e1s piezas en menos tiempo. Esta eficacia te ahorra tiempo y dinero. Una gran ventaja del corte por l\u00e1ser es su precisi\u00f3n. Utilizamos c\u00e1lculos exactos y tecnolog\u00eda de medici\u00f3n informatizada para proporcionar los cortes m\u00e1s precisos del sector de la fabricaci\u00f3n de metal. \u00bfSon estas ventajas del corte por l\u00e1ser adecuadas para usted?<\/p>\n<ul>\n<li>Precisi\u00f3n: La configuraci\u00f3n asistida por ordenador garantiza los cortes m\u00e1s precisos y exactos disponibles en cualquier tecnolog\u00eda actual. Independientemente del n\u00famero de piezas de metal que cortemos, cada una cumplir\u00e1 exactamente tus especificaciones.<\/li>\n<li>Complejidad: Nuestras cortadoras l\u00e1ser pueden producir con precisi\u00f3n incluso formas complicadas.<\/li>\n<li>Menos desperdicio de metal y energ\u00eda: Nuestro l\u00e1ser de mayor tama\u00f1o nos permite maximizar el uso de material.<\/li>\n<li>Automatizaci\u00f3n: La naturaleza de esta tecnolog\u00eda nos permite ejecutar trabajos en una fracci\u00f3n del tiempo que necesitan otros m\u00e9todos.<\/li>\n<\/ul>\n<h3>\u00bfCu\u00e1les son las ventajas del corte por plasma?<\/h3>\n<p>Nuestras mesas de 13 por 12 pies nos permiten quemar tus piezas con la m\u00e1xima calidad posible.  <a href=\"https:\/\/smf-inc.com\/plasma-cutting-chicago-il\/\">El corte por arco de plasma<\/a> utiliza temperaturas muy elevadas para cortar metales. \u00bfSon estas ventajas del corte por plasma adecuadas para ti?<\/p>\n<ul>\n<li>El corte por plasma puede cortar tus piezas m\u00e1s gruesas: m\u00e1s gruesas de lo que puede cortar una cortadora l\u00e1ser. Podemos cortar chapas de metal, como acero al carbono, acero inoxidable, aluminio, aleaciones de cobre y m\u00e1s, de hasta 1,5 pulgadas de grosor.<\/li>\n<li>El corte por plasma, aunque no es tan preciso como el corte por l\u00e1ser, es mucho m\u00e1s asequible. Para trabajos que no requieren tanta precisi\u00f3n como el corte por l\u00e1ser, el corte por plasma ofrece un ahorro.<\/li>\n<li>El corte por plasma es m\u00e1s seguro y preferible para cortar metales reflectantes, como el cobre.<\/li>\n<\/ul>\n<div class=\"left-img\"><img loading=\"lazy\" decoding=\"async\" class=\"alignnone\" src=\"https:\/\/smf-inc.com\/wp-content\/uploads\/2024\/07\/male-blacksmith-using-plasma-cutter-to-cut-shape-from-sheet-metal-in-forge.jpg\" alt=\"Se ve una cortadora de plasma en uso. SMF ofrece corte de metales en Illinois.\" width=\"500\" height=\"350\" title=\"\"><\/div>\n<h3>\u00a1Manos a la obra!<\/h3>\n<p>Con toda la gama de servicios que ofrecemos en SMF, queremos ser tu tienda integral de fabricaci\u00f3n met\u00e1lica. P\u00f3ngase en contacto con nosotros hoy mismo en el <a href=\"tel:3094322586\">309-432-2586<\/a>. Con sede en Illinois y otro campus en Carolina del Sur, realizamos corte de metales en Illinois y en todo Estados Unidos.<\/p>\n","protected":false},"excerpt":{"rendered":"<p>Nos encargamos de todo tipo de corte de metales Si necesitas cortar metal en Illinois, tienes muchas opciones. No hay una sola forma mejor de hacerlo, por eso en SMF ofrecemos varios tipos diferentes de tecnolog\u00edas de corte de calidad. El corte por l\u00e1ser, el corte por plasma y el corte por sierra tienen todos &hellip; <a href=\"https:\/\/smf-inc.com\/es\/corte-de-metales-illinois\/\" class=\"more-link\">Continue reading <span class=\"screen-reader-text\">Corte de metales Illinois<\/span><\/a><\/p>\n","protected":false},"author":2,"featured_media":2357,"parent":0,"menu_order":0,"comment_status":"closed","ping_status":"closed","template":"","meta":{"_acf_changed":false,"inline_featured_image":false,"footnotes":""},"class_list":["post-2360","page","type-page","status-publish","has-post-thumbnail","hentry"],"acf":[],"_links":{"self":[{"href":"https:\/\/smf-inc.com\/es\/wp-json\/wp\/v2\/pages\/2360","targetHints":{"allow":["GET"]}}],"collection":[{"href":"https:\/\/smf-inc.com\/es\/wp-json\/wp\/v2\/pages"}],"about":[{"href":"https:\/\/smf-inc.com\/es\/wp-json\/wp\/v2\/types\/page"}],"author":[{"embeddable":true,"href":"https:\/\/smf-inc.com\/es\/wp-json\/wp\/v2\/users\/2"}],"replies":[{"embeddable":true,"href":"https:\/\/smf-inc.com\/es\/wp-json\/wp\/v2\/comments?post=2360"}],"version-history":[{"count":2,"href":"https:\/\/smf-inc.com\/es\/wp-json\/wp\/v2\/pages\/2360\/revisions"}],"predecessor-version":[{"id":2823,"href":"https:\/\/smf-inc.com\/es\/wp-json\/wp\/v2\/pages\/2360\/revisions\/2823"}],"wp:featuredmedia":[{"embeddable":true,"href":"https:\/\/smf-inc.com\/es\/wp-json\/wp\/v2\/media\/2357"}],"wp:attachment":[{"href":"https:\/\/smf-inc.com\/es\/wp-json\/wp\/v2\/media?parent=2360"}],"curies":[{"name":"wp","href":"https:\/\/api.w.org\/{rel}","templated":true}]}}