{"id":2350,"date":"2025-11-04T04:58:04","date_gmt":"2025-11-04T04:58:04","guid":{"rendered":"https:\/\/smf-inc.com\/corte-por-plasma-greenville-sc\/"},"modified":"2025-11-04T04:58:04","modified_gmt":"2025-11-04T04:58:04","slug":"corte-por-plasma-greenville-sc","status":"publish","type":"page","link":"https:\/\/smf-inc.com\/es\/corte-por-plasma-greenville-sc\/","title":{"rendered":"Corte por plasma Greenville SC"},"content":{"rendered":"<h3>Conf\u00ede en SMF para el corte por plasma experto en Greenville SC<\/h3>\n<p>Si su negocio requiere de corte por plasma experimentado y profesional en Greenville SC, lo ha encontrado en SMF. Nuestros ingenieros y operadores de plasma han manejado trabajos para numerosas industrias y tienen la experiencia para manejar cualquier trabajo de cualquier tama\u00f1o. Si necesita servicios relacionados, como <a href=\"https:\/\/smf-inc.com\/laser-cutting-south-carolina\/\">corte por l\u00e1ser<\/a>, <a href=\"https:\/\/smf-inc.com\/welding-service-south-carolina\/\">soldadura<\/a> y mecanizado, tambi\u00e9n podemos ocuparnos de ello. Nuestro objetivo es satisfacer todas sus necesidades de fabricaci\u00f3n de metal.<\/p>\n<h3>\u00bfSon lo mismo el corte por plasma y el corte por arco de plasma?<\/h3>\n<p>S\u00ed. El corte por plasma -tambi\u00e9n conocido como corte por arco de plasma- funciona enviando un arco el\u00e9ctrico a trav\u00e9s de una abertura constre\u00f1ida para formar plasma. Este plasma sobrecalentado proporciona un m\u00e9todo eficaz y rentable de realizar cortes precisos en la mayor\u00eda de los metales.<\/p>\n<h3>\u00bfEl corte por plasma es siempre la mejor opci\u00f3n?<\/h3>\n<p>Otras opciones de corte, como el corte por l\u00e1ser y el corte por sierra, funcionan bien para algunos trabajos. El corte por plasma ofrece ciertas ventajas frente a otros. El corte por plasma permite realizar cortes r\u00e1pidos y precisos. En algunos casos, los bordes cortados no requieren ning\u00fan trabajo de acabado adicional, lo que le ahorra tiempo y dinero. Otras ventajas del corte por plasma son<\/p>\n<ul>\n<li>La maquinaria de corte por plasma puede trabajar con metales m\u00e1s gruesos que las cortadoras l\u00e1ser. De hecho, el plasma es capaz de cortar l\u00e1minas de metal de hasta 2,5 cm de grosor.<\/li>\n<li>Muchos metales -aluminio, acero al carbono, acero inoxidable, aleaciones de cobre y otros- funcionan bien con las cortadoras de plasma. Funcionan con cualquier metal conductor.<\/li>\n<li>El corte por plasma suele ser m\u00e1s rentable.<\/li>\n<\/ul>\n<h3>\u00bfCu\u00e1les son las desventajas del corte por plasma?<\/h3>\n<p>El corte por plasma no es tan preciso como el corte por l\u00e1ser. Adem\u00e1s, produce m\u00e1s humos que muchos otros m\u00e9todos de corte. El corte por plasma puede ser peligroso y requiere precauciones de seguridad m\u00e1s estrictas que la mayor\u00eda de los dem\u00e1s m\u00e9todos.<\/p>\n<h3>\u00bfEn qu\u00e9 sectores tiene experiencia SMF?<\/h3>\n<p>Algunas de las industrias con las que hemos trabajado son:<\/p>\n<ul class=\"col-3\">\n<li>Aeroespacial<\/li>\n<li>M\u00e9dico<\/li>\n<li>Industrial<\/li>\n<li>Generaci\u00f3n de energ\u00eda<\/li>\n<li>Energ\u00edas renovables<\/li>\n<li>Construcci\u00f3n<\/li>\n<li>Carril<\/li>\n<li>Miner\u00eda<\/li>\n<li>Bomba y compresor<\/li>\n<li>Automatizaci\u00f3n y rob\u00f3tica<\/li>\n<li>Petr\u00f3leo y gas<\/li>\n<li>Agricultura<\/li>\n<\/ul>\n<h3>\u00bfQu\u00e9 servicios complementarios del metal ofrece SMF?<\/h3>\n<p>Estamos orgullosos de poder satisfacer pr\u00e1cticamente cualquier necesidad de fabricaci\u00f3n de metal que puedan tener nuestros clientes. Nuestros servicios incluyen:<\/p>\n<ul class=\"col-3\">\n<li>Corte por l\u00e1ser<\/li>\n<li>Formando<\/li>\n<li>Recubrimiento en polvo<\/li>\n<li>Montaje<\/li>\n<li>Corte con sierra<\/li>\n<li>Voladura<\/li>\n<li>Mecanizado<\/li>\n<li>Soldadura<\/li>\n<\/ul>\n<div class=\"left-img\"><img decoding=\"async\" src=\"https:\/\/smf-inc.com\/wp-content\/uploads\/2023\/08\/cutter-on-steel.jpg\" alt=\"Corte por plasma Greenville SC\" title=\"\"><\/div>\n<h3>\u00bfEst\u00e1s preparado para trabajar con SMF?<\/h3>\n<p>En SMF, nos enorgullecemos de ofrecer un servicio que genera confianza. Ll\u00e1menos y hablemos de lo que podemos hacer por usted. Si los servicios de corte por plasma en Greenville SC o cualquiera de nuestros servicios relacionados con el mecanizado y fabricaci\u00f3n, ll\u00e1menos al <a href=\"tel:8642260470\">864-226-0470<\/a>. Nuestra sede central est\u00e1 en Illinois, pero contamos con un campus adicional en Anderson (Carolina del Sur), lo que nos permite atender a clientes de todo Estados Unidos.<\/p>\n","protected":false},"excerpt":{"rendered":"<p>Conf\u00ede en SMF para el corte por plasma experto en Greenville SC Si su negocio requiere de corte por plasma experimentado y profesional en Greenville SC, lo ha encontrado en SMF. Nuestros ingenieros y operadores de plasma han manejado trabajos para numerosas industrias y tienen la experiencia para manejar cualquier trabajo de cualquier tama\u00f1o. Si &hellip; <a href=\"https:\/\/smf-inc.com\/es\/corte-por-plasma-greenville-sc\/\" class=\"more-link\">Continue reading <span class=\"screen-reader-text\">Corte por plasma Greenville SC<\/span><\/a><\/p>\n","protected":false},"author":2,"featured_media":1645,"parent":0,"menu_order":0,"comment_status":"closed","ping_status":"closed","template":"","meta":{"_acf_changed":false,"inline_featured_image":false,"footnotes":""},"class_list":["post-2350","page","type-page","status-publish","has-post-thumbnail","hentry"],"acf":[],"_links":{"self":[{"href":"https:\/\/smf-inc.com\/es\/wp-json\/wp\/v2\/pages\/2350","targetHints":{"allow":["GET"]}}],"collection":[{"href":"https:\/\/smf-inc.com\/es\/wp-json\/wp\/v2\/pages"}],"about":[{"href":"https:\/\/smf-inc.com\/es\/wp-json\/wp\/v2\/types\/page"}],"author":[{"embeddable":true,"href":"https:\/\/smf-inc.com\/es\/wp-json\/wp\/v2\/users\/2"}],"replies":[{"embeddable":true,"href":"https:\/\/smf-inc.com\/es\/wp-json\/wp\/v2\/comments?post=2350"}],"version-history":[{"count":2,"href":"https:\/\/smf-inc.com\/es\/wp-json\/wp\/v2\/pages\/2350\/revisions"}],"predecessor-version":[{"id":2997,"href":"https:\/\/smf-inc.com\/es\/wp-json\/wp\/v2\/pages\/2350\/revisions\/2997"}],"wp:featuredmedia":[{"embeddable":true,"href":"https:\/\/smf-inc.com\/es\/wp-json\/wp\/v2\/media\/1645"}],"wp:attachment":[{"href":"https:\/\/smf-inc.com\/es\/wp-json\/wp\/v2\/media?parent=2350"}],"curies":[{"name":"wp","href":"https:\/\/api.w.org\/{rel}","templated":true}]}}