{"id":2349,"date":"2025-11-04T04:58:01","date_gmt":"2025-11-04T04:58:01","guid":{"rendered":"https:\/\/smf-inc.com\/corte-por-plasma-columbia-sc\/"},"modified":"2025-11-04T04:58:01","modified_gmt":"2025-11-04T04:58:01","slug":"corte-por-plasma-columbia-sc","status":"publish","type":"page","link":"https:\/\/smf-inc.com\/es\/corte-por-plasma-columbia-sc\/","title":{"rendered":"Corte por plasma Columbia SC"},"content":{"rendered":"<h3>Conf\u00ede en SMF para el corte por plasma de expertos en Columbia SC<\/h3>\n<p>Para el corte por plasma experimentado y profesional en Columbia SC, mira a SMF. Nuestros ingenieros y operadores de plasma realizan habitualmente trabajos para numerosas industrias. Adem\u00e1s, ofrecemos servicios relacionados, como <a href=\"https:\/\/smf-inc.com\/laser-cutting-south-carolina\/\">corte por l\u00e1ser<\/a>, <a href=\"https:\/\/smf-inc.com\/welding-service-south-carolina\/\">soldadura<\/a> y mecanizado. Acuda a nosotros como taller integral de fabricaci\u00f3n de metal.<\/p>\n<h3>\u00bfEs lo mismo el corte por plasma que el corte por arco de plasma?<\/h3>\n<p>El corte por plasma -lo mismo que el corte por arco de plasma- funciona enviando un arco el\u00e9ctrico a trav\u00e9s de una abertura constre\u00f1ida para formar plasma. En manos de un operador experimentado, este plasma sobrecalentado proporciona una tecnolog\u00eda eficaz y rentable capaz de realizar cortes precisos en la mayor\u00eda de los metales.<\/p>\n<h3>\u00bfPor qu\u00e9 elegir el corte por plasma frente a otras opciones?<\/h3>\n<p>Existen otras opciones de corte, adem\u00e1s del corte por plasma, como el corte por l\u00e1ser y el corte por sierra, que son adecuadas para algunos trabajos. El corte por plasma ofrece ciertas ventajas. El plasma proporciona cortes precisos, r\u00e1pidos y detallados. Es posible que los bordes cortados no requieran ning\u00fan trabajo de acabado adicional. Esto ahorra tiempo y dinero, por lo que es la mejor opci\u00f3n para muchos trabajos. Otras ventajas del corte por plasma son<\/p>\n<ul>\n<li>El corte por plasma puede manipular metal m\u00e1s grueso que las cortadoras l\u00e1ser. El plasma puede cortar l\u00e1minas de metal de hasta 2,5 cm de grosor.<\/li>\n<li>El aluminio, el acero al carbono, el acero inoxidable, las aleaciones de cobre y otros metales son aptos para las cortadoras de plasma.<\/li>\n<li>El corte por plasma es m\u00e1s rentable que la mayor\u00eda de las dem\u00e1s opciones de corte y puede cortar cualquier metal conductor.<\/li>\n<\/ul>\n<h3>\u00bfTiene alguna desventaja el corte por plasma?<\/h3>\n<p>El corte por plasma no es tan preciso como el corte por l\u00e1ser y produce m\u00e1s humos que muchos otros m\u00e9todos de corte. Tambi\u00e9n requiere precauciones de seguridad m\u00e1s estrictas que la mayor\u00eda de los dem\u00e1s m\u00e9todos.<\/p>\n<h3>\u00bfCon qu\u00e9 tipo de industrias ha trabajado SMF?<\/h3>\n<p>Tenemos experiencia al servicio de distintos sectores, entre ellos:<\/p>\n<ul class=\"col-3\">\n<li>Energ\u00edas renovables<\/li>\n<li>Construcci\u00f3n<\/li>\n<li>Carril<\/li>\n<li>Miner\u00eda<\/li>\n<li>Bomba y compresor<\/li>\n<li>Automatizaci\u00f3n y rob\u00f3tica<\/li>\n<li>Petr\u00f3leo y gas<\/li>\n<li>Agricultura<\/li>\n<li>Aeroespacial<\/li>\n<li>M\u00e9dico<\/li>\n<li>Industrial<\/li>\n<li>Generaci\u00f3n de energ\u00eda<\/li>\n<\/ul>\n<h3>\u00bfOfrece SMF servicios complementarios del metal?<\/h3>\n<p>Es importante para nosotros ser capaces de satisfacer pr\u00e1cticamente cualquier necesidad de fabricaci\u00f3n de metal que nuestros clientes puedan tener, por lo que ofrecemos una gama completa de servicios, incluyendo:<\/p>\n<ul class=\"col-3\">\n<li>Voladura<\/li>\n<li>Mecanizado<\/li>\n<li>Soldadura<\/li>\n<li>Corte por l\u00e1ser<\/li>\n<li>Formando<\/li>\n<li>Recubrimiento en polvo<\/li>\n<li>Montaje<\/li>\n<li>Corte con sierra<\/li>\n<\/ul>\n<div class=\"left-img\"><img loading=\"lazy\" decoding=\"async\" class=\"alignnone\" src=\"https:\/\/smf-inc.com\/wp-content\/uploads\/2023\/07\/plasma-cutting.jpg\" alt=\"Una cortadora de plasma se ve en acci\u00f3n. SMF ofrece corte por plasma en Columbia SC.\" width=\"500\" height=\"350\" title=\"\"><\/div>\n<h3>\u00bfEst\u00e1s listo para descubrir lo que SMF puede hacer por ti?<\/h3>\n<p>Nos enorgullece ofrecer el tipo de servicio que genera confianza y relaciones con nuestros clientes. Hablemos de lo que el SMF puede hacer por ti. Si usted est\u00e1 interesado en nuestro corte por plasma en Columbia SC, as\u00ed como nuestros servicios de mecanizado y fabricaci\u00f3n relacionados, ll\u00e1menos al <a href=\"tel:8642260470\">864-226-0470<\/a>. Nuestra sede central est\u00e1 en Illinois, pero contamos con un campus adicional en Anderson (Carolina del Sur), lo que nos permite atender a clientes de todo Estados Unidos.<\/p>\n","protected":false},"excerpt":{"rendered":"<p>Conf\u00ede en SMF para el corte por plasma de expertos en Columbia SC Para el corte por plasma experimentado y profesional en Columbia SC, mira a SMF. Nuestros ingenieros y operadores de plasma realizan habitualmente trabajos para numerosas industrias. Adem\u00e1s, ofrecemos servicios relacionados, como corte por l\u00e1ser, soldadura y mecanizado. Acuda a nosotros como taller &hellip; <a href=\"https:\/\/smf-inc.com\/es\/corte-por-plasma-columbia-sc\/\" class=\"more-link\">Continue reading <span class=\"screen-reader-text\">Corte por plasma Columbia SC<\/span><\/a><\/p>\n","protected":false},"author":2,"featured_media":1639,"parent":0,"menu_order":0,"comment_status":"closed","ping_status":"closed","template":"","meta":{"_acf_changed":false,"inline_featured_image":false,"footnotes":""},"class_list":["post-2349","page","type-page","status-publish","has-post-thumbnail","hentry"],"acf":[],"_links":{"self":[{"href":"https:\/\/smf-inc.com\/es\/wp-json\/wp\/v2\/pages\/2349","targetHints":{"allow":["GET"]}}],"collection":[{"href":"https:\/\/smf-inc.com\/es\/wp-json\/wp\/v2\/pages"}],"about":[{"href":"https:\/\/smf-inc.com\/es\/wp-json\/wp\/v2\/types\/page"}],"author":[{"embeddable":true,"href":"https:\/\/smf-inc.com\/es\/wp-json\/wp\/v2\/users\/2"}],"replies":[{"embeddable":true,"href":"https:\/\/smf-inc.com\/es\/wp-json\/wp\/v2\/comments?post=2349"}],"version-history":[{"count":2,"href":"https:\/\/smf-inc.com\/es\/wp-json\/wp\/v2\/pages\/2349\/revisions"}],"predecessor-version":[{"id":3005,"href":"https:\/\/smf-inc.com\/es\/wp-json\/wp\/v2\/pages\/2349\/revisions\/3005"}],"wp:featuredmedia":[{"embeddable":true,"href":"https:\/\/smf-inc.com\/es\/wp-json\/wp\/v2\/media\/1639"}],"wp:attachment":[{"href":"https:\/\/smf-inc.com\/es\/wp-json\/wp\/v2\/media?parent=2349"}],"curies":[{"name":"wp","href":"https:\/\/api.w.org\/{rel}","templated":true}]}}