{"id":2299,"date":"2024-05-31T09:47:42","date_gmt":"2024-05-31T09:47:42","guid":{"rendered":"https:\/\/smf-inc.com\/para-que-sirve-el-recubrimiento-en-polvo\/"},"modified":"2024-06-01T00:20:44","modified_gmt":"2024-06-01T00:20:44","slug":"para-que-sirve-el-recubrimiento-en-polvo","status":"publish","type":"page","link":"https:\/\/smf-inc.com\/es\/para-que-sirve-el-recubrimiento-en-polvo\/","title":{"rendered":"\u00bfPara qu\u00e9 sirve el recubrimiento en polvo?"},"content":{"rendered":"<h3>S\u00ed, ofrecemos recubrimiento en polvo<\/h3>\n<p>\u00bfPara qu\u00e9 sirve el <a href=\"https:\/\/smf-inc.com\/capabilities\/powder-coating\/\">recubrimiento en polvo<\/a>? Aunque puede hacer que una pieza met\u00e1lica sea m\u00e1s agradable est\u00e9ticamente, no es ni mucho menos la \u00fanica raz\u00f3n de este proceso. Tambi\u00e9n proporciona protecci\u00f3n y lo hace de una forma muy superior a la pintura.<\/p>\n<div class=\"right-img\"><img loading=\"lazy\" decoding=\"async\" class=\"alignnone\" src=\"https:\/\/smf-inc.com\/wp-content\/uploads\/2024\/05\/worker-performing-powder-coating-of-metal-details-at-metallurgical-factory.webp\" alt=\"\u00bfPara qu\u00e9 sirve el recubrimiento en polvo? Se ve a un operario trabajando en una cabina de pintura en polvo. SMF ofrece servicios de pintura en polvo.\" width=\"500\" height=\"350\" title=\"\"><\/div>\n<h3>\u00bfQu\u00e9 es el recubrimiento en polvo?<\/h3>\n<p>El recubrimiento en polvo es un proceso de acabado muy utilizado para recubrir metal con una capa protectora. Altamente resistente al desportillado, al rayado y al desgaste, aumenta la longevidad de los art\u00edculos.<\/p>\n<h3>\u00bfCu\u00e1les son las ventajas del recubrimiento en polvo?<\/h3>\n<p>Los metales tratados son resistentes a la corrosi\u00f3n. El <a href=\"https:\/\/smf-inc.com\/capabilities\/powder-coating\/\">revestimiento proporciona una s\u00f3lida barrera contra la humedad<\/a> u otras condiciones que puedan causar corrosi\u00f3n u \u00f3xido. El proceso tambi\u00e9n puede mejorar la est\u00e9tica de una pieza. Est\u00e1 disponible en varios colores y acabados, lo que lo convierte en un toque final apropiado para los productos de consumo.<\/p>\n<h3>\u00bfLa pintura en polvo es respetuosa con el medio ambiente?<\/h3>\n<p>El recubrimiento en polvo es un proceso libre de t\u00f3xicos que no utiliza disolventes ni productos qu\u00edmicos nocivos. La energ\u00eda electromagn\u00e9tica utilizada para aplicar el polvo a las piezas hace que se desperdicie muy poco polvo. Esto ayuda a conservar energ\u00eda y materiales.<\/p>\n<h3>\u00bfC\u00f3mo se hace el recubrimiento en polvo?<\/h3>\n<p>Primero preparamos la superficie a recubrir. Es importante eliminar los aceites, la suciedad y cualquier otro contaminante. Se puede realizar un chorro de arena o una limpieza qu\u00edmica. A continuaci\u00f3n, pulverizamos part\u00edculas de polvo cargadas electrost\u00e1ticamente sobre la superficie deseada utilizando un pulverizador. Por \u00faltimo, calentamos los art\u00edculos recubiertos en un horno industrial. Esto funde el polvo y proporciona un acabado liso y duro.<\/p>\n<h3>El SMF puede recubrir trabajos m\u00e1s grandes<\/h3>\n<p>Nuestra l\u00ednea de pintura flow-through-wash de 300&#8242; y las cabinas de lotes nos permiten pintar cualquier pieza que necesiten nuestros clientes. Para nuestros proyectos m\u00e1s grandes, utilizamos nuestra cabina de 30&#8242; de largo, 12&#8242; de ancho y 10&#8242; de alto.<\/p>\n<h3>\u00bfPor qu\u00e9 elegir SMF para todas tus necesidades de fabricaci\u00f3n de metal?<\/h3>\n<p>En SMF, estamos orgullosos de nuestros est\u00e1ndares, nuestra mano de obra y nuestra atenci\u00f3n al cliente. Como proveedores de confianza de primer nivel para fabricantes de equipos originales y como empresa con muchos clientes de la lista Fortune 500, creemos que nuestro trabajo de alta calidad habla por s\u00ed mismo. Creemos que todos nuestros clientes merecen que nos esforcemos al m\u00e1ximo. Tanto si representas a una peque\u00f1a empresa como a una multinacional, te ofrecemos la misma calidad y atenci\u00f3n.<\/p>\n<h3>Nos importa la calidad<\/h3>\n<div class=\"right-img\"><img loading=\"lazy\" decoding=\"async\" class=\"alignnone\" src=\"https:\/\/smf-inc.com\/wp-content\/uploads\/2024\/05\/line-for-painting-metal-products-in-white-color-coating-square-metal-products-with-a-round.webp\" alt=\"\u00bfPara qu\u00e9 sirve el recubrimiento en polvo? Los art\u00edculos se ven con el recubrimiento en polvo reci\u00e9n aplicado. SMF ofrece servicios de recubrimiento en polvo.\" width=\"500\" height=\"350\" title=\"\"><\/div>\n<p>Hemos realizado importantes inversiones en equipos altamente especializados que nos permiten realizar trabajos en metal de todo tipo y tama\u00f1o. Tambi\u00e9n empleamos a una plantilla de profesionales altamente motivados y cualificados que se enorgullecen de la calidad de su trabajo. Es esta combinaci\u00f3n de equipos de calidad y personal cualificado lo que nos permite ofrecer siempre <a href=\"https:\/\/smf-inc.com\/about-us\/\">un trabajo de primera a cada cliente<\/a>.<\/p>\n<h3>\u00bfEst\u00e1s preparado para trabajar con SMF?<\/h3>\n<p>\u00bfPara qu\u00e9 sirve el recubrimiento en polvo? SMF es un taller metal\u00fargico integral y puede satisfacer todas tus necesidades de recubrimiento en polvo, as\u00ed como de mecanizado completo. Ll\u00e1manos al <a href=\"tel:3094322586\">309-432-2586<\/a> (Illinois) o al <a href=\"tel:8642260470\">864-226-0470<\/a> (Carolina del Sur).<\/p>\n","protected":false},"excerpt":{"rendered":"<p>S\u00ed, ofrecemos recubrimiento en polvo \u00bfPara qu\u00e9 sirve el recubrimiento en polvo? Aunque puede hacer que una pieza met\u00e1lica sea m\u00e1s agradable est\u00e9ticamente, no es ni mucho menos la \u00fanica raz\u00f3n de este proceso. Tambi\u00e9n proporciona protecci\u00f3n y lo hace de una forma muy superior a la pintura. \u00bfQu\u00e9 es el recubrimiento en polvo? El &hellip; <a href=\"https:\/\/smf-inc.com\/es\/para-que-sirve-el-recubrimiento-en-polvo\/\" class=\"more-link\">Continue reading <span class=\"screen-reader-text\">\u00bfPara qu\u00e9 sirve el recubrimiento en polvo?<\/span><\/a><\/p>\n","protected":false},"author":2,"featured_media":0,"parent":0,"menu_order":0,"comment_status":"closed","ping_status":"closed","template":"","meta":{"_acf_changed":false,"inline_featured_image":false,"footnotes":""},"class_list":["post-2299","page","type-page","status-publish","hentry"],"acf":[],"_links":{"self":[{"href":"https:\/\/smf-inc.com\/es\/wp-json\/wp\/v2\/pages\/2299","targetHints":{"allow":["GET"]}}],"collection":[{"href":"https:\/\/smf-inc.com\/es\/wp-json\/wp\/v2\/pages"}],"about":[{"href":"https:\/\/smf-inc.com\/es\/wp-json\/wp\/v2\/types\/page"}],"author":[{"embeddable":true,"href":"https:\/\/smf-inc.com\/es\/wp-json\/wp\/v2\/users\/2"}],"replies":[{"embeddable":true,"href":"https:\/\/smf-inc.com\/es\/wp-json\/wp\/v2\/comments?post=2299"}],"version-history":[{"count":5,"href":"https:\/\/smf-inc.com\/es\/wp-json\/wp\/v2\/pages\/2299\/revisions"}],"predecessor-version":[{"id":2347,"href":"https:\/\/smf-inc.com\/es\/wp-json\/wp\/v2\/pages\/2299\/revisions\/2347"}],"wp:attachment":[{"href":"https:\/\/smf-inc.com\/es\/wp-json\/wp\/v2\/media?parent=2299"}],"curies":[{"name":"wp","href":"https:\/\/api.w.org\/{rel}","templated":true}]}}