{"id":2289,"date":"2024-05-31T09:36:26","date_gmt":"2024-05-31T09:36:26","guid":{"rendered":"https:\/\/smf-inc.com\/que-es-el-mecanizado\/"},"modified":"2024-06-01T00:10:48","modified_gmt":"2024-06-01T00:10:48","slug":"que-es-el-mecanizado","status":"publish","type":"page","link":"https:\/\/smf-inc.com\/es\/que-es-el-mecanizado\/","title":{"rendered":"\u00bfQu\u00e9 es el mecanizado?"},"content":{"rendered":"<h3>Mecanizamos metales seg\u00fan tus especificaciones<\/h3>\n<p>\u00bfQu\u00e9 es el mecanizado? Es un proceso de fabricaci\u00f3n que consiste en extraer metal de una pieza para darle la forma final deseada. Algunas de las <a href=\"https:\/\/smf-inc.com\/precision-machining-greenville-sc\/\">t\u00e9cnicas de mecanizado<\/a> pueden implicar el uso de herramientas para cortar, esmerilar, taladrar o perforar. SMF es un proveedor l\u00edder de mecanizado de metales y atiende a clientes de todo el pa\u00eds desde sus dos sedes. Llama al <a href=\"tel:3094322586\">309-432-2586<\/a> (Illinois) o <a href=\"tel:8642260470\">al 864-226-0470<\/a> (Carolina del Sur).<\/p>\n<div class=\"right-img\"><img loading=\"lazy\" decoding=\"async\" class=\"alignnone\" src=\"https:\/\/smf-inc.com\/wp-content\/uploads\/2024\/05\/drilling.webp\" alt=\"Se ve un equipo especializado de fabricaci\u00f3n de metal. SMF es un taller integral de metal.\" width=\"500\" height=\"350\" title=\"\"><\/div>\n<h3>\u00bfQu\u00e9 tipo de mecanizado ofrece SMF?<\/h3>\n<p>Damos nueva forma al metal utilizando equipos avanzados que pueden realizar trabajos muy grandes. Nuestra capacidad para fresar piezas de m\u00e1s de 30&#8242; de largo y 9&#8242; de ancho nos diferencia de la competencia.<\/p>\n<h3>\u00bfQu\u00e9 operaciones de mecanizado CNC utiliza SMF?<\/h3>\n<p>Gracias a estas <a href=\"https:\/\/smf-inc.com\/what-is-machining\/\">operaciones CNC<\/a>, podemos fabricar piezas con tolerancias precisas:<\/p>\n<ul class=\"overflow\">\n<li>Fresado: Utilizamos cortes giratorios mediante fresas verticales y horizontales para dar forma a la pieza.<\/li>\n<li>Torneado: Mientras giramos la pieza, le damos forma contra el filo de una herramienta de corte. De este modo, eliminamos material mientras mantenemos el metal en su sitio.<\/li>\n<li>Taladrado: Utilizamos una fresa giratoria para crear nuevos orificios o perfeccionar los existentes en una pieza.<\/li>\n<li>Mandrinar: En una operaci\u00f3n similar al taladrado, perforamos agujeros para agrandar o acabar agujeros preexistentes en una pieza.<\/li>\n<\/ul>\n<h3>\u00bfQu\u00e9 metales mecaniza SMS?<\/h3>\n<p>Cada <a href=\"https:\/\/smf-inc.com\/what-are-common-materials-used-in-metal-fabrication\/\">metal tiene propiedades distintas<\/a> que lo hacen ideal para diversos usos y menos apropiado para otros, por lo que trabajamos con un gran n\u00famero de metales diferentes. A veces, tambi\u00e9n mecanizamos piezas no met\u00e1licas, como el pl\u00e1stico. Algunos de los metales con los que trabajamos son<\/p>\n<ul>\n<li>Aluminio, que tiene la ventaja de ser ligero y barato.<\/li>\n<li>Lat\u00f3n, que es un material asequible, resistente a la corrosi\u00f3n y buen conductor del calor.<\/li>\n<li>Acero inoxidable, que es resistente y duradero.<\/li>\n<li>Titanio, que es fuerte, ligero y resistente a la corrosi\u00f3n.<\/li>\n<li>Cobre, que es lo mejor para crear conexiones el\u00e9ctricas.<\/li>\n<\/ul>\n<h3>\u00bfPor qu\u00e9 elegir SMF para la fabricaci\u00f3n de metales?<\/h3>\n<p>En SMF, estamos muy orgullosos de nuestros altos niveles de calidad. La calidad de nuestro trabajo nos convierte en un proveedor de primer nivel de confianza para los fabricantes de equipos originales. Aunque nuestros clientes de Fortune 500 nos exigen un alto nivel de calidad, no es necesario que seas una empresa de Fortune 500 para recibir el tratamiento de Fortune 500, porque creemos que todos nuestros clientes se merecen productos de primera categor\u00eda. Tanto si representas a una peque\u00f1a empresa como a una multinacional, te ofrecemos calidad.<\/p>\n<h3>La atenci\u00f3n al cliente es importante para nosotros<\/h3>\n<div class=\"right-img\"><img loading=\"lazy\" decoding=\"async\" class=\"alignnone\" src=\"https:\/\/smf-inc.com\/wp-content\/uploads\/2024\/05\/mid-adult-man-machining-parts-in-a-metal-fabrication-workshop.webp\" alt=\"\u00bfQu\u00e9 es el mecanizado? Se ve a un trabajador del metal realizando un mecanizado en una f\u00e1brica. SMF es un taller integral del metal.\" width=\"500\" height=\"350\" title=\"\"><\/div>\n<p>Valoramos nuestras relaciones con todos nuestros clientes, grandes o peque\u00f1os. Hemos invertido en equipos especializados de alta calidad que nos permiten atender todas tus necesidades de mecanizado. Pero ah\u00ed no acaba la historia. Tambi\u00e9n empleamos a una plantilla de profesionales altamente cualificados y motivados. Esta combinaci\u00f3n de equipos de calidad y personal de calidad es lo que nos permite ofrecer siempre un trabajo de calidad a cada cliente. Queremos ser tu mejor elecci\u00f3n para la fabricaci\u00f3n de metales y la fabricaci\u00f3n relacionada.<\/p>\n<h3>\u00a1Ll\u00e1manos y empecemos!<\/h3>\n<p>\u00bfQu\u00e9 es el mecanizado? SMF puede satisfacer todas tus necesidades de fabricaci\u00f3n de metales y se esforzar\u00e1 por satisfacer todas tus necesidades de mecanizado. Ll\u00e1manos al <a href=\"tel:3094322586\">309-432-2586<\/a> (Illinois) o al<br \/>\n<a href=\"tel:8642260470\">864-226-0470<\/a> (Carolina del Sur).<\/p>\n","protected":false},"excerpt":{"rendered":"<p>Mecanizamos metales seg\u00fan tus especificaciones \u00bfQu\u00e9 es el mecanizado? Es un proceso de fabricaci\u00f3n que consiste en extraer metal de una pieza para darle la forma final deseada. Algunas de las t\u00e9cnicas de mecanizado pueden implicar el uso de herramientas para cortar, esmerilar, taladrar o perforar. SMF es un proveedor l\u00edder de mecanizado de metales &hellip; <a href=\"https:\/\/smf-inc.com\/es\/que-es-el-mecanizado\/\" class=\"more-link\">Continue reading <span class=\"screen-reader-text\">\u00bfQu\u00e9 es el mecanizado?<\/span><\/a><\/p>\n","protected":false},"author":2,"featured_media":0,"parent":0,"menu_order":0,"comment_status":"closed","ping_status":"closed","template":"","meta":{"_acf_changed":false,"inline_featured_image":false,"footnotes":""},"class_list":["post-2289","page","type-page","status-publish","hentry"],"acf":[],"_links":{"self":[{"href":"https:\/\/smf-inc.com\/es\/wp-json\/wp\/v2\/pages\/2289","targetHints":{"allow":["GET"]}}],"collection":[{"href":"https:\/\/smf-inc.com\/es\/wp-json\/wp\/v2\/pages"}],"about":[{"href":"https:\/\/smf-inc.com\/es\/wp-json\/wp\/v2\/types\/page"}],"author":[{"embeddable":true,"href":"https:\/\/smf-inc.com\/es\/wp-json\/wp\/v2\/users\/2"}],"replies":[{"embeddable":true,"href":"https:\/\/smf-inc.com\/es\/wp-json\/wp\/v2\/comments?post=2289"}],"version-history":[{"count":5,"href":"https:\/\/smf-inc.com\/es\/wp-json\/wp\/v2\/pages\/2289\/revisions"}],"predecessor-version":[{"id":2338,"href":"https:\/\/smf-inc.com\/es\/wp-json\/wp\/v2\/pages\/2289\/revisions\/2338"}],"wp:attachment":[{"href":"https:\/\/smf-inc.com\/es\/wp-json\/wp\/v2\/media?parent=2289"}],"curies":[{"name":"wp","href":"https:\/\/api.w.org\/{rel}","templated":true}]}}