{"id":2280,"date":"2024-05-31T09:25:58","date_gmt":"2024-05-31T09:25:58","guid":{"rendered":"https:\/\/smf-inc.com\/cuales-son-los-tipos-de-fabricacion-de-metales\/"},"modified":"2025-07-16T12:47:03","modified_gmt":"2025-07-16T12:47:03","slug":"cuales-son-los-tipos-de-fabricacion-de-metales","status":"publish","type":"page","link":"https:\/\/smf-inc.com\/es\/cuales-son-los-tipos-de-fabricacion-de-metales\/","title":{"rendered":"\u00bfCu\u00e1les son los tipos de fabricaci\u00f3n de metales?"},"content":{"rendered":"<h3>C\u00f3mo dependen las industrias de la fabricaci\u00f3n de metales<\/h3>\n<p>Puede que no te hayas parado a pensarlo, pero \u00bfsabes que la vida moderna depende de la fabricaci\u00f3n de metales? Tus actividades diarias, tu trabajo, la casa en la que vives y el coche que conduces son posibles gracias a la fabricaci\u00f3n de metal.<\/p>\n<div class=\"right-img\"><img loading=\"lazy\" decoding=\"async\" class=\"alignnone\" src=\"https:\/\/smf-inc.com\/wp-content\/uploads\/2024\/05\/woman-african-worker-with-red-gloves-cutting-with-a-torch.webp\" alt=\"Se ve a un trabajador de fabricaci\u00f3n de metal. SMF es un taller integral de metal.  \" width=\"500\" height=\"350\" title=\"\"><\/div>\n<h3>\u00bfQu\u00e9 es la fabricaci\u00f3n de metales?<\/h3>\n<p>Los seres humanos empezaron a fabricar metal a peque\u00f1a escala hace miles de a\u00f1os, cuando aprendieron a crear herramientas, armas y objetos decorativos utilizando bronce fundido en lo que hoy llamamos la Edad de Bronce. Le sigui\u00f3 la Edad de Hierro. De la fundici\u00f3n de metal en arena, pasamos a la forja y la herrer\u00eda. Debemos gran parte de nuestra tecnolog\u00eda actual a los descubrimientos iniciales de la artesan\u00eda del metal desarrollada por nuestros antiguos antepasados. Puede que nuestros m\u00e9todos hayan avanzado mucho m\u00e1s de lo que nuestros antepasados de la Edad de Bronce podr\u00edan haber imaginado, pero los principios b\u00e1sicos no han cambiado.<\/p>\n<h3>\u00bfPara qu\u00e9 industrias realiza SMF la fabricaci\u00f3n de metales?<\/h3>\n<p>En SMF, estamos orgullosos de trabajar con una gran variedad de industrias para proporcionarles los componentes met\u00e1licos que necesitan, entre ellos:<\/p>\n<ul>\n<li><strong>Generaci\u00f3n de energ\u00eda<\/strong>: Construimos muchos componentes de grupos electr\u00f3genos, como bases, bastidores y patines.<\/li>\n<li><strong>Energ\u00edas renovables<\/strong>: Suministramos aerogeneradores con anillos de empotramiento, anillos de plantilla, placas de apoyo y encofrados de hormig\u00f3n.<\/li>\n<li><strong>Construcci\u00f3n<\/strong>: Art\u00edculos como c\u00e1rteres de aceite fabricados, esteras de gr\u00faa, bastidores de orugas y trenes de rodaje son algunas de las piezas que producimos.<\/li>\n<li><strong>Ferrocarril<\/strong>: Fabricamos bastidores y piezas mecanizadas para la construcci\u00f3n y el mantenimiento de v\u00edas f\u00e9rreas.<\/li>\n<li><strong>Miner\u00eda:<\/strong> Hemos invertido en equipos especializados que pueden manejar las enormes bases de generadores necesarias para los camiones de transporte de tracci\u00f3n el\u00e9ctrica.<\/li>\n<li>Bomba y <strong>Compresor<\/strong>: SMF se enorgullece de ser uno de los principales fabricantes de metal del pa\u00eds para la industria de bombas y compresores.<\/li>\n<li><strong>Automatizaci\u00f3n y Rob\u00f3tica<\/strong>: Prestamos servicio a algunas de las mayores empresas de automoci\u00f3n, log\u00edstica y fabricaci\u00f3n del mundo. Gran parte de lo que producimos son dise\u00f1os personalizados.<\/li>\n<li><strong>Petr\u00f3leo y<\/strong> gas: Suministramos fabricaciones met\u00e1licas a algunas de las mayores organizaciones de petr\u00f3leo y gas del mundo.<\/li>\n<li><strong>Agricultura<\/strong>: Suministramos a los principales fabricantes del sector agr\u00edcola art\u00edculos como bastidores, bases, soportes y soldaduras, Muchos m\u00e1s<\/li>\n<\/ul>\n<h3>\u00bfQu\u00e9 tipos de fabricaci\u00f3n met\u00e1lica ofrece SMF?<\/h3>\n<p>Creamos piezas y productos met\u00e1licos utilizando una amplia variedad de procesos de fabricaci\u00f3n de metales. Algunos de los tipos m\u00e1s comunes que realizamos son:<\/p>\n<div class=\"right-img\"><img loading=\"lazy\" decoding=\"async\" class=\"alignnone\" src=\"https:\/\/smf-inc.com\/wp-content\/uploads\/2024\/05\/diy-computer-numeric-control-laser-engraving-machine.webp\" alt=\"La fabricaci\u00f3n de metal de alta tecnolog\u00eda se ve. SMF es una tienda integral de metal.\" width=\"500\" height=\"350\" title=\"\"><\/div>\n<ul class=\"overflow\">\n<li><strong>Soldadura:<\/strong> Nuestra l\u00ednea de <a href=\"https:\/\/smf-inc.com\/capabilities\/welding\/\">soldadoras robotizadas<\/a> es ideal para trabajos rutinarios. Tambi\u00e9n empleamos a una plantilla de soldadores altamente cualificados que realizan tareas de soldadura, como TIG, MIG, soldadura por arco, soldadura por puntos, soldadura l\u00e1ser y otros tipos de soldadura.<\/li>\n<li><strong>Mecanizado: <\/strong>Realizamos fresado, torneado, mandrinado y taladrado.<\/li>\n<li><strong>Corte: <\/strong>Ofrecemos una gran variedad de maquinaria de corte especializada, como <a href=\"https:\/\/smf-inc.com\/capabilities\/saw-cutting\/\">corte<\/a> <a href=\"https:\/\/smf-inc.com\/plasma-cutting-greenville-sc\/\">por plasma<\/a>, <a href=\"https:\/\/smf-inc.com\/laser-cutting-greenville-sc\/\">l\u00e1ser<\/a> y <a href=\"https:\/\/smf-inc.com\/capabilities\/saw-cutting\/\">sierra<\/a>.<\/li>\n<li><strong>Conformado:<\/strong> Utilizamos el plegado y el perfilado para conformar y doblar metales.<\/li>\n<li><strong>Recubrimiento en polvo<\/strong>: Protege las superficies de tus piezas y componentes met\u00e1licos de forma duradera, respetuosa con el medio ambiente y asequible.<\/li>\n<li><strong>Montaje<\/strong>: Ofrecemos m\u00faltiples opciones de montaje, como soldadura, soldadura y montaje mec\u00e1nico.<\/li>\n<li><strong>Granallado<\/strong>: Produce un acabado limpio, sin corrosi\u00f3n ni contaminaci\u00f3n.<\/li>\n<\/ul>\n<h3>\u00bfEst\u00e1s preparado para empezar a trabajar con SMF?<\/h3>\n<p>\u00bfCu\u00e1les son los tipos de fabricaci\u00f3n de metales? SMF puede satisfacer todas tus necesidades de fabricaci\u00f3n met\u00e1lica. Ll\u00e1manos al <a href=\"tel:3094322586\">309-432-2586<\/a> (Illinois) o al <a href=\"tel:8642260470\">864-226-0470<\/a> (Carolina del Sur).<\/p>\n","protected":false},"excerpt":{"rendered":"<p>C\u00f3mo dependen las industrias de la fabricaci\u00f3n de metales Puede que no te hayas parado a pensarlo, pero \u00bfsabes que la vida moderna depende de la fabricaci\u00f3n de metales? Tus actividades diarias, tu trabajo, la casa en la que vives y el coche que conduces son posibles gracias a la fabricaci\u00f3n de metal. \u00bfQu\u00e9 es &hellip; <a href=\"https:\/\/smf-inc.com\/es\/cuales-son-los-tipos-de-fabricacion-de-metales\/\" class=\"more-link\">Continue reading <span class=\"screen-reader-text\">\u00bfCu\u00e1les son los tipos de fabricaci\u00f3n de metales?<\/span><\/a><\/p>\n","protected":false},"author":2,"featured_media":0,"parent":0,"menu_order":0,"comment_status":"closed","ping_status":"closed","template":"","meta":{"_acf_changed":false,"inline_featured_image":false,"footnotes":""},"class_list":["post-2280","page","type-page","status-publish","hentry"],"acf":[],"_links":{"self":[{"href":"https:\/\/smf-inc.com\/es\/wp-json\/wp\/v2\/pages\/2280","targetHints":{"allow":["GET"]}}],"collection":[{"href":"https:\/\/smf-inc.com\/es\/wp-json\/wp\/v2\/pages"}],"about":[{"href":"https:\/\/smf-inc.com\/es\/wp-json\/wp\/v2\/types\/page"}],"author":[{"embeddable":true,"href":"https:\/\/smf-inc.com\/es\/wp-json\/wp\/v2\/users\/2"}],"replies":[{"embeddable":true,"href":"https:\/\/smf-inc.com\/es\/wp-json\/wp\/v2\/comments?post=2280"}],"version-history":[{"count":4,"href":"https:\/\/smf-inc.com\/es\/wp-json\/wp\/v2\/pages\/2280\/revisions"}],"predecessor-version":[{"id":2329,"href":"https:\/\/smf-inc.com\/es\/wp-json\/wp\/v2\/pages\/2280\/revisions\/2329"}],"wp:attachment":[{"href":"https:\/\/smf-inc.com\/es\/wp-json\/wp\/v2\/media?parent=2280"}],"curies":[{"name":"wp","href":"https:\/\/api.w.org\/{rel}","templated":true}]}}