{"id":2271,"date":"2024-05-31T09:13:17","date_gmt":"2024-05-31T09:13:17","guid":{"rendered":"https:\/\/smf-inc.com\/la-fabricacion-de-metales-es-lo-mismo-que-la-soldadura\/"},"modified":"2024-05-31T23:58:19","modified_gmt":"2024-05-31T23:58:19","slug":"la-fabricacion-de-metales-es-lo-mismo-que-la-soldadura","status":"publish","type":"page","link":"https:\/\/smf-inc.com\/es\/la-fabricacion-de-metales-es-lo-mismo-que-la-soldadura\/","title":{"rendered":"\u00bfLa fabricaci\u00f3n de metales es lo mismo que la soldadura?"},"content":{"rendered":"<h3>Diferencia entre fabricaci\u00f3n de metales y soldadura<\/h3>\n<p>\u00bfLa <a href=\"https:\/\/smf-inc.com\/what-are-the-types-of-metal-fabrication\/\">fabricaci\u00f3n de metales<\/a> es lo mismo que <a href=\"https:\/\/smf-inc.com\/welding-service-illinois\/\">la soldadura<\/a>? Existe cierta confusi\u00f3n porque, aunque la soldadura suele formar parte del proceso de fabricaci\u00f3n de metales, no toda fabricaci\u00f3n de metales incluye soldadura. En SMF, ofrecemos toda la gama de servicios de fabricaci\u00f3n de metales, incluida la soldadura, as\u00ed como muchos otros procesos. Para m\u00e1s informaci\u00f3n, ll\u00e1manos al <a href=\"tel:3094322586\">309-432-2586<\/a> (Illinois) o al <a href=\"tel:8642260470\">864-226-0470<\/a> (Carolina del Sur).<\/p>\n<div class=\"right-img\"><img loading=\"lazy\" decoding=\"async\" class=\"alignnone\" src=\"https:\/\/smf-inc.com\/wp-content\/uploads\/2024\/05\/industrial-steel-welder-in-factory.webp\" alt=\"\u00bfLa fabricaci\u00f3n de metales es lo mismo que la soldadura?\" width=\"500\" height=\"350\" title=\"\"><\/div>\n<h3>Fabricamos piezas y productos<\/h3>\n<p>El t\u00e9rmino \u00abfabricaci\u00f3n de metales\u00bb es muy amplio. Incluye todo el proceso de creaci\u00f3n de piezas y productos met\u00e1licos. Los procesos de fabricaci\u00f3n de metales que realiza SMF incluyen:<\/p>\n<ul class=\"overflow\">\n<li><strong>Soldadura:<\/strong> Ofrecemos soldadura robotizada para trabajos rutinarios, as\u00ed como soldadura convencional realizada por nuestra plantilla de soldadores altamente cualificados que realizan soldaduras TIG, MIG, por puntos y otras formas de soldadura seg\u00fan tus especificaciones exactas.<\/li>\n<li><strong>Mecanizado<\/strong>: Algunos de nuestros servicios de fabricaci\u00f3n met\u00e1lica m\u00e1s habituales son el fresado, el torneado, el mandrinado y el taladrado.<\/li>\n<li><strong>Corte<\/strong>: Utilizaremos el tipo de m\u00e1quina de corte que mejor se adapte a tu proyecto. Ofrecemos corte por l\u00e1ser, plasma y sierra.<\/li>\n<li><strong>Conformado<\/strong>: Nuestros servicios de conformado y plegado utilizan procesos que incluyen el plegado en prensa y el perfilado.<\/li>\n<li><strong>Recubrimiento en polvo<\/strong>: Podemos proteger las superficies de tus piezas y componentes met\u00e1licos con esta es una opci\u00f3n duradera, ecol\u00f3gica y asequible.<\/li>\n<li><strong>Montaje<\/strong>: Soldadura, soldadura y montaje mec\u00e1nico son algunas de nuestras opciones de montaje.<\/li>\n<li><strong>Granallado: <\/strong>Nuestro pedido puede llegar con un acabado limpio, libre de corrosi\u00f3n u otra contaminaci\u00f3n superficial no deseada.<\/li>\n<\/ul>\n<h3>\u00bfQu\u00e9 es la soldadura?<\/h3>\n<p>La soldadura es una t\u00e9cnica para unir dos o m\u00e1s piezas met\u00e1licas. Existen muchas t\u00e9cnicas diferentes. Dos de los m\u00e1s comunes son el TIG (gas inerte de tungsteno) y el MIG (gas de inserci\u00f3n met\u00e1lica), pero hay otros, como la soldadura por arco, la soldadura por puntos y la soldadura l\u00e1ser.<\/p>\n<h3>\u00bfC\u00f3mo funcionan juntos nuestros procesos?<\/h3>\n<p>La soldadura suele ser parte integrante de la fabricaci\u00f3n de metales, porque permite unir piezas met\u00e1licas para crear una pieza estable. Sin embargo, no es la \u00fanica t\u00e9cnica que utilizamos. Otros procesos incluyen <a href=\"https:\/\/smf-inc.com\/what-techniques-are-used-for-metal-fabrication\/\">dar forma<\/a>, cortar y ensamblar por medios mec\u00e1nicos.<\/p>\n<h3>\u00bfPor qu\u00e9 elegir SMF para tus necesidades de fabricaci\u00f3n?<\/h3>\n<div class=\"right-img\"><img loading=\"lazy\" decoding=\"async\" class=\"alignnone\" src=\"https:\/\/smf-inc.com\/wp-content\/uploads\/2023\/06\/abstract-blurred-photo-of-industrial-steel-welder.jpg\" alt=\"\u00bfLa fabricaci\u00f3n de metales es lo mismo que la soldadura?\" width=\"500\" height=\"350\" title=\"\"><\/div>\n<p>Estamos orgullosos de ser un proveedor de primer nivel para los fabricantes de equipos originales. Nuestros numerosos clientes de la lista Fortune 500 nos exigen unos niveles de calidad muy elevados, \u00a1pero no hace falta que seas una empresa de la lista Fortune 500 para que te tratemos como tal! Independientemente de que representes a una peque\u00f1a empresa o a una corporaci\u00f3n multinacional, siempre te ofreceremos estos mismos est\u00e1ndares de calidad. En SMF, valoramos las relaciones con todos nuestros clientes. Hemos invertido en equipos de primera categor\u00eda y en personal altamente cualificado y motivado que nos permite completar tus proyectos a tiempo, dentro del presupuesto y con el alto nivel de calidad que mereces. Nuestro objetivo es ser tu primera opci\u00f3n para la fabricaci\u00f3n de metal de alta calidad y la fabricaci\u00f3n relacionada. Para nosotros es importante ofrecer una excelente atenci\u00f3n al cliente, y trabajamos duro para construir relaciones de calidad.<\/p>\n<h3>Para lo mejor en fabricaci\u00f3n y soldadura de metales, \u00a1llama hoy a SMF!<\/h3>\n<p>\u00bfLa fabricaci\u00f3n de metales es lo mismo que la soldadura? Como <a href=\"https:\/\/smf-inc.com\/home_slider\/your-one-stop-shop\/\">taller integral de fabricaci\u00f3n de metal<\/a>, SMF ofrece ambas cosas. As\u00ed que para soldadura a medida, fabricaci\u00f3n de metal o cualquier otra necesidad de fabricaci\u00f3n de metal, ll\u00e1manos al <a href=\"tel:3094322586\">309-432-2586<\/a> (Illinois) o al <a href=\"tel:8642260470\">864-226-0470<\/a> (Carolina del Sur).<\/p>\n","protected":false},"excerpt":{"rendered":"<p>Diferencia entre fabricaci\u00f3n de metales y soldadura \u00bfLa fabricaci\u00f3n de metales es lo mismo que la soldadura? Existe cierta confusi\u00f3n porque, aunque la soldadura suele formar parte del proceso de fabricaci\u00f3n de metales, no toda fabricaci\u00f3n de metales incluye soldadura. En SMF, ofrecemos toda la gama de servicios de fabricaci\u00f3n de metales, incluida la soldadura, &hellip; <a href=\"https:\/\/smf-inc.com\/es\/la-fabricacion-de-metales-es-lo-mismo-que-la-soldadura\/\" class=\"more-link\">Continue reading <span class=\"screen-reader-text\">\u00bfLa fabricaci\u00f3n de metales es lo mismo que la soldadura?<\/span><\/a><\/p>\n","protected":false},"author":2,"featured_media":0,"parent":0,"menu_order":0,"comment_status":"closed","ping_status":"closed","template":"","meta":{"_acf_changed":false,"inline_featured_image":false,"footnotes":""},"class_list":["post-2271","page","type-page","status-publish","hentry"],"acf":[],"_links":{"self":[{"href":"https:\/\/smf-inc.com\/es\/wp-json\/wp\/v2\/pages\/2271","targetHints":{"allow":["GET"]}}],"collection":[{"href":"https:\/\/smf-inc.com\/es\/wp-json\/wp\/v2\/pages"}],"about":[{"href":"https:\/\/smf-inc.com\/es\/wp-json\/wp\/v2\/types\/page"}],"author":[{"embeddable":true,"href":"https:\/\/smf-inc.com\/es\/wp-json\/wp\/v2\/users\/2"}],"replies":[{"embeddable":true,"href":"https:\/\/smf-inc.com\/es\/wp-json\/wp\/v2\/comments?post=2271"}],"version-history":[{"count":6,"href":"https:\/\/smf-inc.com\/es\/wp-json\/wp\/v2\/pages\/2271\/revisions"}],"predecessor-version":[{"id":2322,"href":"https:\/\/smf-inc.com\/es\/wp-json\/wp\/v2\/pages\/2271\/revisions\/2322"}],"wp:attachment":[{"href":"https:\/\/smf-inc.com\/es\/wp-json\/wp\/v2\/media?parent=2271"}],"curies":[{"name":"wp","href":"https:\/\/api.w.org\/{rel}","templated":true}]}}