{"id":2262,"date":"2024-05-31T08:59:10","date_gmt":"2024-05-31T08:59:10","guid":{"rendered":"https:\/\/smf-inc.com\/cuales-son-las-aplicaciones-de-la-fabricacion-de-metales\/"},"modified":"2025-07-16T12:46:42","modified_gmt":"2025-07-16T12:46:42","slug":"cuales-son-las-aplicaciones-de-la-fabricacion-de-metales","status":"publish","type":"page","link":"https:\/\/smf-inc.com\/es\/cuales-son-las-aplicaciones-de-la-fabricacion-de-metales\/","title":{"rendered":"\u00bfCu\u00e1les son las aplicaciones de la fabricaci\u00f3n de metales?"},"content":{"rendered":"<h3>La importancia de la fabricaci\u00f3n de metales en la vida moderna<\/h3>\n<p>Cuando se trata de tus necesidades de <a href=\"https:\/\/smf-inc.com\/what-are-the-types-of-metal-fabrication\/\">fabricaci\u00f3n de metal de calidad<\/a>, SMF te tiene cubierto. Pero, \u00bfcu\u00e1les son las aplicaciones de la fabricaci\u00f3n de metales? Es el proceso de crear estructuras met\u00e1licas utilizando diversas t\u00e9cnicas para cortar, doblar y ensamblar. Sean cuales sean tus necesidades de fabricaci\u00f3n met\u00e1lica, puedes confiar en SMF para que te las proporcione. Nuestra tripulaci\u00f3n bien formada y nuestros equipos de primera categor\u00eda en dos campus nos permiten ofrecer la fabricaci\u00f3n met\u00e1lica de alta calidad que buscas en cualquier lugar de EE.UU. Ll\u00e1manos al <a href=\"tel:3094322586\">309-432-2586<\/a> (Illinois) o al <a href=\"tel:8642260470\">864-226-0470<\/a> (Carolina del Sur).<\/p>\n<div class=\"right-img\"><img loading=\"lazy\" decoding=\"async\" class=\"alignnone\" src=\"https:\/\/smf-inc.com\/wp-content\/uploads\/2024\/05\/vertical-photo-of-industrial-wet-milling-process-in-5-axis-cnc-machine-with-coolant-flow.webp\" alt=\"Se muestra un proceso industrial de falta h\u00fameda. \u00bfCu\u00e1les son las aplicaciones de la fabricaci\u00f3n de metales? SMF se dedica a la fabricaci\u00f3n de metales.\" width=\"500\" height=\"350\" title=\"\"><\/div>\n<h3>\u00bfQu\u00e9 industrias dependen de la fabricaci\u00f3n de metales?<\/h3>\n<p>Trabajamos con diversas industrias para proporcionarles los componentes met\u00e1licos que necesitan, entre ellas<\/p>\n<ul class=\"overflow\">\n<li><strong>Generaci\u00f3n de energ\u00eda:<\/strong> Uno de los sectores en los que SMF lleva m\u00e1s tiempo trabajando, actualmente construimos multitud de componentes de grupos electr\u00f3genos comerciales, incluidas bases, patines y bastidores.<\/li>\n<li><strong>Energ\u00edas renovables:<\/strong> Construimos cientos de anillos de empotramiento, anillos de plantilla, placas de apoyo y encofrados de hormig\u00f3n, cada uno al servicio de los aerogeneradores.<\/li>\n<li><strong>Construcci\u00f3n:<\/strong> Llevamos d\u00e9cadas suministrando a la industria de la construcci\u00f3n, con art\u00edculos como c\u00e1rteres de aceite fabricados, esteras de gr\u00faa, bastidores de orugas y trenes de rodaje, entre los m\u00e1s habituales.<\/li>\n<li><strong>Ferrocarril: <\/strong>Fabricamos bastidores y soldaduras mecanizadas para equipos que realizan la construcci\u00f3n y el mantenimiento de v\u00edas f\u00e9rreas.<\/li>\n<li><strong>Miner\u00eda:<\/strong> Podemos encargarnos de las enormes bases generadoras de los camiones de transporte de tracci\u00f3n el\u00e9ctrica, que no s\u00f3lo son capaces de levantar miles de kilos, sino que cumplen unas tolerancias incre\u00edblemente precisas.<\/li>\n<li>Bomba y <strong>compresor<\/strong>: SMF es uno de los principales fabricantes de metal del pa\u00eds para la industria de bombas y compresores. Nuestras piezas se encuentran en obras de construcci\u00f3n, f\u00e1bricas qu\u00edmicas, canteras y mucho m\u00e1s.<\/li>\n<li><strong>Automatizaci\u00f3n y Rob\u00f3tica<\/strong>: Satisfacemos las necesidades de las mayores empresas de automoci\u00f3n, log\u00edstica y fabricaci\u00f3n del mundo. La mayor\u00eda de ellos implican dise\u00f1os personalizados y la colaboraci\u00f3n de nuestros equipos de ingenier\u00eda y operaciones.<\/li>\n<li><strong>Petr\u00f3leo y<\/strong> gas: Suministramos fabricaciones a las mayores organizaciones de petr\u00f3leo y gas del mundo.<\/li>\n<li><strong>Agricultura<\/strong>: Suministramos a los fabricantes agr\u00edcolas bastidores, bases, soportes y soldaduras, Muchos m\u00e1s<\/li>\n<\/ul>\n<h3>\u00bfQu\u00e9 procesos de fabricaci\u00f3n de metales realiza SMF?<\/h3>\n<p>Hemos invertido en algunos de los <a href=\"https:\/\/smf-inc.com\/our-equipment\/\">equipos de fabricaci\u00f3n de metal<\/a> m\u00e1s <a href=\"https:\/\/smf-inc.com\/our-equipment\/\">avanzados<\/a>, lo que nos permite realizar los trabajos m\u00e1s grandes y cumplir las tolerancias m\u00e1s estrictas. Algunos de los procesos de fabricaci\u00f3n que gestionamos con m\u00e1s frecuencia son:<\/p>\n<div class=\"right-img\"><img loading=\"lazy\" decoding=\"async\" class=\"alignnone\" src=\"https:\/\/smf-inc.com\/wp-content\/uploads\/2023\/04\/a-welder-welding-in-factory.jpg\" alt=\"Se ve a un soldador trabajando. \u00bfCu\u00e1les son las aplicaciones de la fabricaci\u00f3n de metales? SMF es una tienda integral de metal.\" width=\"500\" height=\"350\" title=\"\"><\/div>\n<ul class=\"overflow\">\n<li><strong>Soldadura:<\/strong> Ofrecemos <a href=\"https:\/\/smf-inc.com\/welding-service-peoria-il\/\">soldadura robotizada y convencional<\/a> realizada por soldadores altamente cualificados que dominan la soldadura TIG, MIG, por puntos y m\u00e1s.<\/li>\n<li><strong>Mecanizado<\/strong>:Contamos con el fresado, el torneado, el taladrado y el mandrinado entre nuestros servicios de fabricaci\u00f3n de metal m\u00e1s habituales.<\/li>\n<li><strong>Corte<\/strong>: Utilizamos corte por l\u00e1ser, plasma y sierra, cualquiera que sea la mejor opci\u00f3n para tu proyecto.<\/li>\n<li><strong>Conformado<\/strong>: Damos forma al metal con nuestros servicios de conformado y plegado, utilizando procesos que incluyen el plegado en prensa y el perfilado.<\/li>\n<li><strong>Recubrimiento en polvo<\/strong>: Es una forma duradera, ecol\u00f3gica y asequible de proteger los productos met\u00e1licos.<\/li>\n<li><strong>Montaje<\/strong>: Nuestros procesos incluyen la soldadura y el montaje mec\u00e1nico.<\/li>\n<li><strong>Granallado<\/strong>: Enviamos los productos con un acabado limpio, sin corrosi\u00f3n ni otra contaminaci\u00f3n superficial no deseada.<\/li>\n<\/ul>\n<h3>Para una fabricaci\u00f3n met\u00e1lica de calidad, \u00a1llama hoy mismo a SMF!<\/h3>\n<p>\u00bfCu\u00e1les son las aplicaciones de la fabricaci\u00f3n de metales? Como taller integral de fabricaci\u00f3n met\u00e1lica, SMF los tiene cubiertos. As\u00ed que para la fabricaci\u00f3n de metal a medida o cualquier otra necesidad de fabricaci\u00f3n de metal, ll\u00e1manos al <a href=\"tel:3094322586\">309-432-2586<\/a> (Illinois) o al <a href=\"tel:8642260470\">864-226-0470<\/a> (Carolina del Sur).<\/p>\n","protected":false},"excerpt":{"rendered":"<p>La importancia de la fabricaci\u00f3n de metales en la vida moderna Cuando se trata de tus necesidades de fabricaci\u00f3n de metal de calidad, SMF te tiene cubierto. Pero, \u00bfcu\u00e1les son las aplicaciones de la fabricaci\u00f3n de metales? Es el proceso de crear estructuras met\u00e1licas utilizando diversas t\u00e9cnicas para cortar, doblar y ensamblar. Sean cuales sean &hellip; <a href=\"https:\/\/smf-inc.com\/es\/cuales-son-las-aplicaciones-de-la-fabricacion-de-metales\/\" class=\"more-link\">Continue reading <span class=\"screen-reader-text\">\u00bfCu\u00e1les son las aplicaciones de la fabricaci\u00f3n de metales?<\/span><\/a><\/p>\n","protected":false},"author":2,"featured_media":0,"parent":0,"menu_order":0,"comment_status":"closed","ping_status":"closed","template":"","meta":{"_acf_changed":false,"inline_featured_image":false,"footnotes":""},"class_list":["post-2262","page","type-page","status-publish","hentry"],"acf":[],"_links":{"self":[{"href":"https:\/\/smf-inc.com\/es\/wp-json\/wp\/v2\/pages\/2262","targetHints":{"allow":["GET"]}}],"collection":[{"href":"https:\/\/smf-inc.com\/es\/wp-json\/wp\/v2\/pages"}],"about":[{"href":"https:\/\/smf-inc.com\/es\/wp-json\/wp\/v2\/types\/page"}],"author":[{"embeddable":true,"href":"https:\/\/smf-inc.com\/es\/wp-json\/wp\/v2\/users\/2"}],"replies":[{"embeddable":true,"href":"https:\/\/smf-inc.com\/es\/wp-json\/wp\/v2\/comments?post=2262"}],"version-history":[{"count":6,"href":"https:\/\/smf-inc.com\/es\/wp-json\/wp\/v2\/pages\/2262\/revisions"}],"predecessor-version":[{"id":2311,"href":"https:\/\/smf-inc.com\/es\/wp-json\/wp\/v2\/pages\/2262\/revisions\/2311"}],"wp:attachment":[{"href":"https:\/\/smf-inc.com\/es\/wp-json\/wp\/v2\/media?parent=2262"}],"curies":[{"name":"wp","href":"https:\/\/api.w.org\/{rel}","templated":true}]}}