{"id":2254,"date":"2024-05-16T06:11:44","date_gmt":"2024-05-16T06:11:44","guid":{"rendered":"https:\/\/smf-inc.com\/cuales-son-los-materiales-mas-utilizados-en-la-fabricacion-de-metales\/"},"modified":"2024-05-31T08:43:06","modified_gmt":"2024-05-31T08:43:06","slug":"cuales-son-los-materiales-mas-utilizados-en-la-fabricacion-de-metales","status":"publish","type":"page","link":"https:\/\/smf-inc.com\/es\/cuales-son-los-materiales-mas-utilizados-en-la-fabricacion-de-metales\/","title":{"rendered":"\u00bfCu\u00e1les son los materiales m\u00e1s utilizados en la fabricaci\u00f3n de metales?"},"content":{"rendered":"<h3>Trabajamos con la mayor\u00eda de los metales<\/h3>\n<p>En SMF conocemos las propiedades de los distintos metales m\u00e1s utilizados en la industria. \u00bfCu\u00e1les son los materiales m\u00e1s utilizados en la fabricaci\u00f3n de metales? La respuesta incluye tanto metales como aleaciones, y en SMF tenemos la experiencia necesaria para trabajar con todos ellos.<\/p>\n<div class=\"right-img\"><img decoding=\"async\" class=\"alignnone\" src=\"https:\/\/smf-inc.com\/wp-content\/uploads\/2024\/04\/steel-on-material-rack.webp\" alt=\"\" title=\"\"><\/div>\n<h3>\u00bfCu\u00e1les son las ventajas de los distintos metales?<\/h3>\n<p>Cada material tiene propiedades mec\u00e1nicas diferentes. Se diferencian por su resistencia a la corrosi\u00f3n, coste y disponibilidad. No todos los metales sirven para todas las aplicaciones. Dicho esto, algunos de los materiales m\u00e1s comunes utilizados en la fabricaci\u00f3n de metales son:<\/p>\n<ul class=\"overflow\">\n<li><strong>Acero<\/strong> &#8211; Uno de los metales m\u00e1s utilizados en la fabricaci\u00f3n de metales, gracias a su resistencia, versatilidad y relativa asequibilidad, el acero da buenos resultados en usos que incluyen componentes estructurales, piezas de maquinaria, componentes de automoci\u00f3n y electrodom\u00e9sticos.<\/li>\n<li><strong>Acero inoxidable<\/strong> &#8211; Esta variante del acero ofrece ventajas espec\u00edficas sobre otras formas por su resistencia a la corrosi\u00f3n y otras propiedades muy valoradas. Es una aleaci\u00f3n de hierro y normalmente cromo, n\u00edquel y manganeso, pero existen varias formas.<\/li>\n<li><strong>Aluminio<\/strong> &#8211; Este metal es apreciado por su ligereza. Es resistente a la corrosi\u00f3n y tiene una elevada relaci\u00f3n resistencia-peso. Las aleaciones de aluminio se eligen a menudo para las industrias aeroespacial, automovil\u00edstica, naval, de la construcci\u00f3n y electr\u00f3nica.<\/li>\n<li><strong>Cobre<\/strong> &#8211; Por su conductividad el\u00e9ctrica, conductividad t\u00e9rmica y resistencia a la corrosi\u00f3n, el cobre es esencial para las aplicaciones el\u00e9ctricas y electr\u00f3nicas. Las aleaciones de cobre incluyen el lat\u00f3n y el bronce. Estas aleaciones suelen aparecer en elementos como los accesorios de fontaner\u00eda y el cableado el\u00e9ctrico.<\/li>\n<li><strong>Lat\u00f3n<\/strong> &#8211; Aleaci\u00f3n de cobre y zinc, el lat\u00f3n funciona bien para instrumentos musicales, herrajes, art\u00edculos decorativos y accesorios de fontaner\u00eda.<\/li>\n<li><strong>Bronce<\/strong> &#8211; Desde la antig\u00fcedad, la gente ha apreciado el bronce por su fuerza, dureza, resistencia a la corrosi\u00f3n y gran resistencia al desgaste. Lo encontrar\u00e1s en muchos elementos arquitect\u00f3nicos, herrajes marinos, esculturas, engranajes y cojinetes.<\/li>\n<li><strong>Titanio<\/strong> &#8211; Es un metal ligero, fuerte y resistente a la corrosi\u00f3n. Su resistencia a las altas temperaturas y su solidez lo convierten en un material natural para componentes aeron\u00e1uticos, implantes m\u00e9dicos y aplicaciones militares.<\/li>\n<li><strong>N\u00edquel<\/strong> &#8211; El n\u00edquel es duro y resistente a la corrosi\u00f3n y a las altas temperaturas, por lo que es ideal para fabricar cosas como \u00e1labes de turbinas, componentes de reactores nucleares y otras necesidades de las industrias aeroespacial, de generaci\u00f3n de energ\u00eda y naval.<\/li>\n<\/ul>\n<h3>Ofrecemos m\u00faltiples procesos de fabricaci\u00f3n de metales<\/h3>\n<p>Hemos invertido en <a href=\"https:\/\/smf-inc.com\/our-capabilities\/\">equipos de fabricaci\u00f3n de alta calidad<\/a> para poder servir a los fabricantes que convierten las materias primas met\u00e1licas en productos. SMF puede satisfacer tus necesidades de eficacia, coste, calidad y entrega a tiempo. Algunos de los servicios que ofrecemos son<\/p>\n<div class=\"right-img\"><img decoding=\"async\" class=\"alignnone\" src=\"https:\/\/smf-inc.com\/wp-content\/uploads\/2024\/04\/mechanical-industry.webp\" alt=\"\" title=\"\"><\/div>\n<ul>\n<li>Corte mediante <a href=\"https:\/\/smf-inc.com\/laser-cutting-greenville-sc\/\">cortadoras l\u00e1ser<\/a>, <a href=\"https:\/\/smf-inc.com\/capabilities\/saw-cutting\/\">sierras<\/a> y <a href=\"https:\/\/smf-inc.com\/plasma-cutting-springfield-il\/\">cortadoras de plasma<\/a>.<\/li>\n<li>Moldeado y conformado utilizando nuestra amplia gama de prensas plegadoras y otros equipos de moldeado.<\/li>\n<li><a href=\"https:\/\/smf-inc.com\/welding-service-peoria-il\/\">Soldadura<\/a>, mediante soldadores cualificados y equipos de soldadura robotizados.<\/li>\n<li>Las opciones de mecanizado incluyen fresado, torneado, taladrado y mandrinado.<\/li>\n<li>Montaje in situ y producci\u00f3n en serie mediante procesos que incluyen fijaci\u00f3n, remachado, atornillado, soldadura y soldadura.<\/li>\n<li>Los servicios de acabado con <a href=\"https:\/\/smf-inc.com\/capabilities\/powder-coating\/\">pintura en polvo<\/a> mejoran el aspecto y la durabilidad reduciendo el \u00f3xido y la corrosi\u00f3n.<\/li>\n<\/ul>\n<h3>\u00bfEst\u00e1s Listo Para Trabajar Con Los Expertos En Fabricaci\u00f3n Met\u00e1lica?<\/h3>\n<p>\u00bfCu\u00e1les son los materiales m\u00e1s utilizados en la fabricaci\u00f3n de metales? En SMF, nuestra experiencia nos permite orientarte a la hora de elegir qu\u00e9 metal o aleaci\u00f3n funcionar\u00e1 mejor para tu producto. Ponte en contacto con nosotros hoy mismo para hablar de c\u00f3mo podemos satisfacer tus necesidades con nuestra l\u00ednea completa de t\u00e9cnicas de fabricaci\u00f3n de metal. No importa en qu\u00e9 parte de EE.UU. continental te encuentres, estamos aqu\u00ed para atender todas tus necesidades de fabricaci\u00f3n de metal, y ning\u00fan trabajo es demasiado grande ni demasiado peque\u00f1o. Para localizarnos en Illinois, llama al <a href=\"tel:3094322586.\">309-432-2586.<\/a> Para localizarnos en Carolina del Sur, llama <a href=\"tel:8642260470\">al 864-226-0470<\/a>.<\/p>\n","protected":false},"excerpt":{"rendered":"<p>Trabajamos con la mayor\u00eda de los metales En SMF conocemos las propiedades de los distintos metales m\u00e1s utilizados en la industria. \u00bfCu\u00e1les son los materiales m\u00e1s utilizados en la fabricaci\u00f3n de metales? La respuesta incluye tanto metales como aleaciones, y en SMF tenemos la experiencia necesaria para trabajar con todos ellos. \u00bfCu\u00e1les son las ventajas &hellip; <a href=\"https:\/\/smf-inc.com\/es\/cuales-son-los-materiales-mas-utilizados-en-la-fabricacion-de-metales\/\" class=\"more-link\">Continue reading <span class=\"screen-reader-text\">\u00bfCu\u00e1les son los materiales m\u00e1s utilizados en la fabricaci\u00f3n de metales?<\/span><\/a><\/p>\n","protected":false},"author":2,"featured_media":0,"parent":0,"menu_order":0,"comment_status":"closed","ping_status":"closed","template":"","meta":{"_acf_changed":false,"inline_featured_image":false,"footnotes":""},"class_list":["post-2254","page","type-page","status-publish","hentry"],"acf":[],"_links":{"self":[{"href":"https:\/\/smf-inc.com\/es\/wp-json\/wp\/v2\/pages\/2254","targetHints":{"allow":["GET"]}}],"collection":[{"href":"https:\/\/smf-inc.com\/es\/wp-json\/wp\/v2\/pages"}],"about":[{"href":"https:\/\/smf-inc.com\/es\/wp-json\/wp\/v2\/types\/page"}],"author":[{"embeddable":true,"href":"https:\/\/smf-inc.com\/es\/wp-json\/wp\/v2\/users\/2"}],"replies":[{"embeddable":true,"href":"https:\/\/smf-inc.com\/es\/wp-json\/wp\/v2\/comments?post=2254"}],"version-history":[{"count":1,"href":"https:\/\/smf-inc.com\/es\/wp-json\/wp\/v2\/pages\/2254\/revisions"}],"predecessor-version":[{"id":2257,"href":"https:\/\/smf-inc.com\/es\/wp-json\/wp\/v2\/pages\/2254\/revisions\/2257"}],"wp:attachment":[{"href":"https:\/\/smf-inc.com\/es\/wp-json\/wp\/v2\/media?parent=2254"}],"curies":[{"name":"wp","href":"https:\/\/api.w.org\/{rel}","templated":true}]}}