{"id":2253,"date":"2025-11-04T04:58:08","date_gmt":"2025-11-04T04:58:08","guid":{"rendered":"https:\/\/smf-inc.com\/fabricacion-de-metal-a-medida-columbia-sc\/"},"modified":"2025-11-04T04:58:08","modified_gmt":"2025-11-04T04:58:08","slug":"fabricacion-de-metal-a-medida-columbia-sc","status":"publish","type":"page","link":"https:\/\/smf-inc.com\/es\/fabricacion-de-metal-a-medida-columbia-sc\/","title":{"rendered":"Fabricaci\u00f3n de metal a medida Columbia SC"},"content":{"rendered":"<div class=\"right-img\"><img loading=\"lazy\" decoding=\"async\" class=\"alignnone\" src=\"https:\/\/smf-inc.com\/wp-content\/uploads\/2024\/01\/gloved-masked-welder-doing-detail-work-in-steel-factory.webp\" alt=\"Se ve a un profesional de la metalurgia trabajando. SMF ofrece fabricaci\u00f3n met\u00e1lica a medida.\" width=\"500\" height=\"350\" title=\"\"><\/div>\n<h3>SMF: Tu fuente de fabricaci\u00f3n de metal a medida en Columbia SC<\/h3>\n<p>Si buscas fabricaci\u00f3n met\u00e1lica a medida en Columbia SC -corte, plegado, conformado, soldadura o cualquier otro tipo de fabricaci\u00f3n met\u00e1lica a medida especializada- puedes contar con el trabajo de calidad de SMF.<\/p>\n<h3>\u00bfPor qu\u00e9 elegir SMF para la fabricaci\u00f3n de metal a medida?<\/h3>\n<p>Nuestra experiencia en acero inoxidable, acero al carbono, aluminio y otros metales es insuperable. Ll\u00e1manos y hablemos de lo que podemos hacer por ti.<\/p>\n<h3>\u00bfQu\u00e9 opciones de corte de metal ofrece SMF?<\/h3>\n<p>Hemos invertido en las \u00faltimas tecnolog\u00edas para poder ofrecerte la opci\u00f3n de corte de metal de precisi\u00f3n para obtener los resultados de calidad que necesitas. Nuestra mayor cortadora l\u00e1ser tiene una capacidad de corte de 54&#8242; de largo y 12&#8242; de pie, lo que nos permite cortar piezas m\u00e1s grandes y cantidades m\u00e1s elevadas con menos configuraciones para lograr la mayor eficacia posible. Ofrecemos una cortadora de plasma con una mesa de 13&#8242; por 23&#8242;. Nuestra sierra m\u00e1s grande tiene 20&#8243; de di\u00e1metro.<\/p>\n<h3>\u00bfPuede el SMF cumplir las m\u00e9tricas m\u00e1s exigentes?<\/h3>\n<p>Cumplimos tolerancias estrictas y m\u00e9tricas de alta calidad relacionadas, gracias a nuestros estrictos controles de calidad y a nuestra cultura de excelencia. Nuestro equipo profesional y avanzado nos permite doblar, soldar, conformar y ensamblar componentes y productos met\u00e1licos seg\u00fan tus especificaciones.<\/p>\n<h3>\u00bfExisten todos los tipos de soldadura?<\/h3>\n<p>Podemos prestarte cualquier servicio de soldadura que necesites. Desde soldadoras robotizadas rentables hasta soldadores profesionales expertos en MIG y TIG, te tenemos cubierto. Si tu proyecto requiere soldadura fuerte o blanda, d\u00ednoslo.<\/p>\n<h3>\u00bfCu\u00e1nta experiencia tiene SMF al servicio de mi sector?<\/h3>\n<p>Trabajamos con una <a href=\"https:\/\/smf-inc.com\/industries\/\">gran variedad de sectores<\/a>. Es muy probable que tengamos una amplia experiencia trabajando con la tuya. S\u00f3lo tienes que pedirlo. He aqu\u00ed algunos ejemplos:<\/p>\n<ul class=\"col-3\">\n<li>Construcci\u00f3n<\/li>\n<li>Carril<\/li>\n<li>Miner\u00eda<\/li>\n<li>Bomba y compresor<\/li>\n<li>Automatizaci\u00f3n y rob\u00f3tica<\/li>\n<li>Industrial<\/li>\n<li>Generaci\u00f3n de energ\u00eda<\/li>\n<li>M\u00e9dico<\/li>\n<li>Petr\u00f3leo y gas<\/li>\n<li>Agricultura<\/li>\n<li>Aeroespacial<\/li>\n<li>Energ\u00edas renovables<\/li>\n<\/ul>\n<h3>\u00bfQu\u00e9 servicios de fabricaci\u00f3n de metales suele realizar SMF?<\/h3>\n<p>Estamos orgullosos de ser un taller integral de metal, y nuestra experiencia abarca casi cualquier tipo de fabricaci\u00f3n de metal y servicio relacionado que puedas imaginar:<\/p>\n<ul class=\"col-3\">\n<li>Corte por l\u00e1ser<\/li>\n<li><a href=\"https:\/\/smf-inc.com\/welding-service-south-carolina\/\">Soldadura<\/a><\/li>\n<li>Formando<\/li>\n<li>Recubrimiento en polvo<\/li>\n<li>Montaje<\/li>\n<li>Corte con sierra<\/li>\n<li>Voladura<\/li>\n<li>Corte por plasma<\/li>\n<li>Mecanizado<\/li>\n<li>Doblar<\/li>\n<\/ul>\n<h3>\u00bfCu\u00e1nto tiempo lleva SMF en el negocio?<\/h3>\n<p>Empezamos como f\u00e1brica de metal en 1972. Desde entonces, nuestro \u00e9xito nos ha llevado a una expansi\u00f3n espectacular. Ahora, SMF es un taller metal\u00fargico integral que ofrece servicios completos de fabricaci\u00f3n y mecanizado. Gracias a nuestras instalaciones combinadas de 240.000 pies cuadrados, podemos atender todas tus necesidades de fabricaci\u00f3n met\u00e1lica a medida.<\/p>\n<h3>\u00bfConf\u00edan en SMF los clientes de Fortune 500?<\/h3>\n<p>Nuestro orgullo por la mano de obra y nuestra capacidad constante para cumplir las normas de nuestros clientes de la lista Fortune 500 nos permiten haber desarrollado la capacidad de ofrecer altos niveles de calidad en cada trabajo que aceptamos, por grande o peque\u00f1o que sea. Adem\u00e1s, estamos orgullosos de ser un proveedor de primer nivel para los fabricantes de equipos originales.<\/p>\n<div class=\"left-img\"><img loading=\"lazy\" decoding=\"async\" class=\"alignnone\" src=\"https:\/\/smf-inc.com\/wp-content\/uploads\/2024\/01\/senior-man-grinding-metal-construction.webp\" alt=\"Se ve a un profesional de la metalurgia trabajando. SMF ofrece Fabricaci\u00f3n de Metal a Medida en Columbia SC.\" width=\"500\" height=\"350\" title=\"\"><\/div>\n<p>&nbsp;<\/p>\n<h3>\u00a1Ll\u00e1manos si est\u00e1s listo para experimentar lo mejor en fabricaci\u00f3n de metal a medida!<\/h3>\n<p>\u00bfEst\u00e1s preparado para la fabricaci\u00f3n de metal a medida de alta calidad en Columbia SC? Estamos listos para servir. Llama a SMF al <a href=\"tel:8642260470\">864-226-0470<\/a>.<\/p>\n","protected":false},"excerpt":{"rendered":"<p>SMF: Tu fuente de fabricaci\u00f3n de metal a medida en Columbia SC Si buscas fabricaci\u00f3n met\u00e1lica a medida en Columbia SC -corte, plegado, conformado, soldadura o cualquier otro tipo de fabricaci\u00f3n met\u00e1lica a medida especializada- puedes contar con el trabajo de calidad de SMF. \u00bfPor qu\u00e9 elegir SMF para la fabricaci\u00f3n de metal a medida? &hellip; <a href=\"https:\/\/smf-inc.com\/es\/fabricacion-de-metal-a-medida-columbia-sc\/\" class=\"more-link\">Continue reading <span class=\"screen-reader-text\">Fabricaci\u00f3n de metal a medida Columbia SC<\/span><\/a><\/p>\n","protected":false},"author":2,"featured_media":0,"parent":0,"menu_order":0,"comment_status":"closed","ping_status":"closed","template":"","meta":{"_acf_changed":false,"inline_featured_image":false,"footnotes":""},"class_list":["post-2253","page","type-page","status-publish","hentry"],"acf":[],"_links":{"self":[{"href":"https:\/\/smf-inc.com\/es\/wp-json\/wp\/v2\/pages\/2253","targetHints":{"allow":["GET"]}}],"collection":[{"href":"https:\/\/smf-inc.com\/es\/wp-json\/wp\/v2\/pages"}],"about":[{"href":"https:\/\/smf-inc.com\/es\/wp-json\/wp\/v2\/types\/page"}],"author":[{"embeddable":true,"href":"https:\/\/smf-inc.com\/es\/wp-json\/wp\/v2\/users\/2"}],"replies":[{"embeddable":true,"href":"https:\/\/smf-inc.com\/es\/wp-json\/wp\/v2\/comments?post=2253"}],"version-history":[{"count":2,"href":"https:\/\/smf-inc.com\/es\/wp-json\/wp\/v2\/pages\/2253\/revisions"}],"predecessor-version":[{"id":2988,"href":"https:\/\/smf-inc.com\/es\/wp-json\/wp\/v2\/pages\/2253\/revisions\/2988"}],"wp:attachment":[{"href":"https:\/\/smf-inc.com\/es\/wp-json\/wp\/v2\/media?parent=2253"}],"curies":[{"name":"wp","href":"https:\/\/api.w.org\/{rel}","templated":true}]}}