{"id":2252,"date":"2024-05-16T06:11:44","date_gmt":"2024-05-16T06:11:44","guid":{"rendered":"https:\/\/smf-inc.com\/la-soldadura-laser-es-mas-fuerte-que-la-soldadura-mig-o-tig\/"},"modified":"2024-05-16T06:11:44","modified_gmt":"2024-05-16T06:11:44","slug":"la-soldadura-laser-es-mas-fuerte-que-la-soldadura-mig-o-tig","status":"publish","type":"page","link":"https:\/\/smf-inc.com\/es\/la-soldadura-laser-es-mas-fuerte-que-la-soldadura-mig-o-tig\/","title":{"rendered":"\u00bfLa soldadura l\u00e1ser es m\u00e1s fuerte que la soldadura MIG o TIG?"},"content":{"rendered":"<h3>\u00bfCu\u00e1l es la mejor soldadura para tu trabajo?<\/h3>\n<p>Si buscas la <a href=\"https:\/\/smf-inc.com\/what-is-laser-welding\/\">soldadura m\u00e1s fuerte disponible<\/a>, puede que tengas una duda. \u00bfLa soldadura l\u00e1ser es m\u00e1s fuerte que la soldadura MIG o TIG? La respuesta es un s\u00ed con reservas. Los resultados de la soldadura l\u00e1ser, como cualquier otra forma de soldadura, dependen de la habilidad del soldador y de la calidad de los materiales. En SMF, ofrecemos muchos tipos diferentes de soldadura como parte de nuestros servicios integrales de fabricaci\u00f3n de metales. Para localizarnos en Illinois, llama al <a href=\"tel:3094322586\">309-432-2586<\/a>. Para localizarnos en Carolina del Sur, llama <a href=\"tel:8642260470\">al 864-226-0470<\/a>.<\/p>\n<div class=\"right-img\"><img loading=\"lazy\" decoding=\"async\" class=\"alignnone\" src=\"https:\/\/smf-inc.com\/wp-content\/uploads\/2024\/04\/welder-hands-using-handheld-laser-welding-machine-close-up.webp\" alt=\"Se ve a un soldador utilizando una soldadura l\u00e1ser. \u00bfEs la soldadura l\u00e1ser m\u00e1s potente que la MIG o la TIG? Llama a SMF.\" width=\"500\" height=\"350\" title=\"\"><\/div>\n<h3>\u00bfQu\u00e9 determina la resistencia de una soldadura?<\/h3>\n<p>Los materiales que se sueldan, el proceso de soldadura elegido y la habilidad del soldador determinan la resistencia de la soldadura. SMF ofrece soldadura MIG, TIG y l\u00e1ser, todas ellas tecnolog\u00edas \u00fatiles.<\/p>\n<h3>\u00bfCu\u00e1les son las ventajas de la soldadura l\u00e1ser?<\/h3>\n<p>La soldadura l\u00e1ser utiliza un rayo l\u00e1ser enfocado para fundir y fusionar metales.<\/p>\n<p>Entre las cosas que hay que tener en cuenta sobre la soldadura l\u00e1ser se incluyen<\/p>\n<ul class=\"overflow\">\n<li>La soldadura l\u00e1ser puede producir soldaduras muy precisas y de alta calidad con un aporte m\u00ednimo de calor. El resultado es una menor distorsi\u00f3n y deformaci\u00f3n de la pieza.<\/li>\n<li>La soldadura l\u00e1ser requiere una separaci\u00f3n entre materiales menor que la aceptable para otros tipos de soldadura, como MIG y TIG. Los materiales que se van a soldar requieren tolerancias estrechas y un buen ajuste para obtener los mejores resultados. A veces, un material de relleno puede ayudar a rellenar el hueco.<\/li>\n<li>La estrecha zona afectada por el calor y el r\u00e1pido enfriamiento de este tipo de soldadura dan como resultado soldaduras de gran resistencia y resistencia a la fatiga.<\/li>\n<li>Para materiales finos, materiales distintos y formas complejas, la soldadura l\u00e1ser es ideal.<\/li>\n<li>En resumen, la soldadura l\u00e1ser produce soldaduras fuertes y fiables, ideales en situaciones que requieren precisi\u00f3n y control.<\/li>\n<\/ul>\n<h3>\u00bfCu\u00e1les son las ventajas de la soldadura MIG?<\/h3>\n<p>La soldadura MIG utiliza un electrodo de hilo continuo y un gas de protecci\u00f3n para crear un arco el\u00e9ctrico que fusiona el metal base con un hilo de aportaci\u00f3n. Las consideraciones para la soldadura MIG incluyen<\/p>\n<ul>\n<li>La <a href=\"https:\/\/smf-inc.com\/capabilities\/welding\/\">soldadura MIG es vers\u00e1til<\/a> y relativamente f\u00e1cil de aprender, lo que hace que funcione bien para una serie de aplicaciones y materiales.<\/li>\n<li>La soldadura MIG puede proporcionar soldaduras fuertes y duraderas, pero entran en juego muchos factores, como la t\u00e9cnica de soldadura, la selecci\u00f3n del electrodo y otros.<\/li>\n<li>La velocidad, eficacia y versatilidad de la soldadura MIG la convierten en una buena elecci\u00f3n para los sectores de la automoci\u00f3n, la construcci\u00f3n y la fabricaci\u00f3n.<\/li>\n<\/ul>\n<h3>\u00bfCu\u00e1les son las ventajas de la soldadura TIG?<\/h3>\n<div class=\"right-img\"><img loading=\"lazy\" decoding=\"async\" class=\"alignnone\" src=\"https:\/\/smf-inc.com\/wp-content\/uploads\/2024\/04\/worker-welding-metal-piping-using-tig-welder.webp\" alt=\"Se ve a un soldador realizando una soldadura TIG. \u00bfEs la soldadura l\u00e1ser m\u00e1s fuerte que la soldadura MIG o TIG? Llama a SMF.\" width=\"500\" height=\"350\" title=\"\"><\/div>\n<p>El TIG crea una soldadura creando un arco entre un electrodo de tungsteno no consumible y la pieza. Generalmente se considera la forma de soldadura m\u00e1s dif\u00edcil de realizar y requiere tiempo para dominarla. Entre las cosas que hay que saber sobre la soldadura TIG se incluyen:<\/p>\n<ul>\n<li>La soldadura TIG permite un control preciso del proceso de soldadura, por lo que es adecuada para soldar materiales finos, metales ex\u00f3ticos y componentes cr\u00edticos.<\/li>\n<li>La soldadura TIG produce soldaduras de muy alta calidad, con buen aspecto, limpieza y penetraci\u00f3n. Pero el proceso es m\u00e1s lento y laborioso.<\/li>\n<li>Industrias como la aeroespacial, la nuclear y otras en las que la calidad es clave dependen a menudo de la soldadura TIG.<\/li>\n<\/ul>\n<h3>\u00bfEst\u00e1s preparado para trabajar con los expertos en soldadura?<\/h3>\n<p>\u00bfLa soldadura l\u00e1ser es m\u00e1s fuerte que la soldadura MIG o TIG? En SMF, nuestra experiencia nos permite orientarte en la elecci\u00f3n de la forma de soldadura m\u00e1s adecuada para tu proyecto. Ll\u00e1manos hoy mismo para hablar de c\u00f3mo <a href=\"https:\/\/smf-inc.com\/welding-service-peoria-il\/\">podemos satisfacer tus necesidades de soldadura<\/a>. No importa en qu\u00e9 parte de EE.UU. continental te encuentres, estamos aqu\u00ed para atender todas tus necesidades de fabricaci\u00f3n de metal. Recuerda, \u00a1ning\u00fan trabajo de soldadura es demasiado grande o demasiado peque\u00f1o para SMF! Para localizarnos en Illinois, llama al <a href=\"tel:3094322586\">309-432-2586<\/a>. Para localizarnos en Carolina del Sur, llama <a href=\"tel:8642260470\">al 864-226-0470<\/a>.<\/p>\n","protected":false},"excerpt":{"rendered":"<p>\u00bfCu\u00e1l es la mejor soldadura para tu trabajo? Si buscas la soldadura m\u00e1s fuerte disponible, puede que tengas una duda. \u00bfLa soldadura l\u00e1ser es m\u00e1s fuerte que la soldadura MIG o TIG? La respuesta es un s\u00ed con reservas. Los resultados de la soldadura l\u00e1ser, como cualquier otra forma de soldadura, dependen de la habilidad &hellip; <a href=\"https:\/\/smf-inc.com\/es\/la-soldadura-laser-es-mas-fuerte-que-la-soldadura-mig-o-tig\/\" class=\"more-link\">Continue reading <span class=\"screen-reader-text\">\u00bfLa soldadura l\u00e1ser es m\u00e1s fuerte que la soldadura MIG o TIG?<\/span><\/a><\/p>\n","protected":false},"author":2,"featured_media":0,"parent":0,"menu_order":0,"comment_status":"closed","ping_status":"closed","template":"","meta":{"_acf_changed":false,"inline_featured_image":false,"footnotes":""},"class_list":["post-2252","page","type-page","status-publish","hentry"],"acf":[],"_links":{"self":[{"href":"https:\/\/smf-inc.com\/es\/wp-json\/wp\/v2\/pages\/2252","targetHints":{"allow":["GET"]}}],"collection":[{"href":"https:\/\/smf-inc.com\/es\/wp-json\/wp\/v2\/pages"}],"about":[{"href":"https:\/\/smf-inc.com\/es\/wp-json\/wp\/v2\/types\/page"}],"author":[{"embeddable":true,"href":"https:\/\/smf-inc.com\/es\/wp-json\/wp\/v2\/users\/2"}],"replies":[{"embeddable":true,"href":"https:\/\/smf-inc.com\/es\/wp-json\/wp\/v2\/comments?post=2252"}],"version-history":[{"count":0,"href":"https:\/\/smf-inc.com\/es\/wp-json\/wp\/v2\/pages\/2252\/revisions"}],"wp:attachment":[{"href":"https:\/\/smf-inc.com\/es\/wp-json\/wp\/v2\/media?parent=2252"}],"curies":[{"name":"wp","href":"https:\/\/api.w.org\/{rel}","templated":true}]}}